

{"id":93495,"date":"2025-07-23T15:39:48","date_gmt":"2025-07-23T18:39:48","guid":{"rendered":"https:\/\/goias.gov.br\/governo\/?page_id=93495"},"modified":"2025-10-30T10:09:35","modified_gmt":"2025-10-30T13:09:35","slug":"1-workshop-de-energia","status":"publish","type":"page","link":"https:\/\/goias.gov.br\/governo\/energia\/1-workshop-de-energia\/","title":{"rendered":"1\u00ba Workshop de Energia \u2013 Desafios e Oportunidades para o Setor Energ\u00e9tico em Goi\u00e1s"},"content":{"rendered":"\n<p>Realizado em dezembro de 2023, no HUB Goi\u00e1s, o 1\u00ba Workshop sobre Energia promovido pela SGG teve como tema \u201cDesafios e Oportunidades para o Setor Energ\u00e9tico em Goi\u00e1s\u201d. O evento reuniu importantes representantes do mercado e da \u00e1rea de pesquisa especializada, que participaram de pain\u00e9is tem\u00e1ticos voltados \u00e0 discuss\u00e3o dos principais caminhos para o desenvolvimento do setor no estado.<\/p>\n\n\n\n<h4><span style=\"color: #008000\">Programa\u00e7\u00e3o<\/span><\/h4>\n\n\n\n<p>8h30 \u2013 Credenciamento<br>9h00 \u2013 Abertura da solenidade e fala das autoridades<br>9h45 \u2013 Palestra \u201cCen\u00e1rio atual do setor energ\u00e9tico em Goi\u00e1s e Diretrizes para o Planejamento Energ\u00e9tico do Estado de Goi\u00e1s\u201d, com o subsecret\u00e1rio de Energia, Telecomunica\u00e7\u00f5es e Cidades Inteligentes da SGG, Renato Rodrigues de Lyra<br>10h30 \u2013 Painel 1: Como Impulsionar o Biog\u00e1s e Biocombust\u00edveis em Goi\u00e1s, com Bruna Jardim (Abiog\u00e1s), Nicolas Berhorst (CIBIOG\u00c1S), Yuri Schmitke A. B. Tisi (ABREN), La\u00eds A. Soares (Albioma), Marcelo Sodr\u00e9 (G\u00e1s Verde) e Josias A. S. Neto (Celgpar)<br>12h15 \u00e0s 14h \u2013 Intervalo para almo\u00e7o<br>14h00 \u2013 Painel 2: Evolu\u00e7\u00e3o da Energia Solar Fotovoltaica, com Francisco Maiello (ABSOLAR), Francisco Habib (Casa dos Ventos), Thawane Larissa Silva (OAB Goi\u00e1s) e Dan\u00fasia A. Ferreira (Unicamp)<br>15h15 \u2013 Painel 3 \u2013 Potencial Hidrel\u00e9trico em Goi\u00e1s, com Alessandra Torres (ABRAPCH) e Sevan Naves (APCH)<br>16h30 \u2013 Painel 4: Desafios e Perspectivas para o Hidrog\u00eanio Verde, com Paulo Surur (ABHAV), Diego Rebou\u00e7as (EDP Brasil), Renato M. Cabral (Eletrobras) e Christian G. Alonso (CEHTES)<br>17h45 \u2013 Painel 5: Desafios do Setor El\u00e9trico, com Gustavo C. Ata\u00edde (EPE), Wagner de Oliveira (AGR), Roberto S. Vieira (Equatorial Energia Goi\u00e1s) e Jos\u00e9 A. Sorge (\u00c1gora Energia)<br>19h \u2013 Encerramento<\/p>\n","protected":false},"excerpt":{"rendered":"<p>Realizado em dezembro de 2023, no HUB Goi\u00e1s, o 1\u00ba Workshop sobre Energia promovido pela SGG teve como tema \u201cDesafios e Oportunidades para o Setor Energ\u00e9tico em Goi\u00e1s\u201d. O evento reuniu importantes representantes do mercado e da \u00e1rea de pesquisa especializada, que participaram de pain\u00e9is tem\u00e1ticos voltados \u00e0 discuss\u00e3o dos principais caminhos para o desenvolvimento [&hellip;]<\/p>\n","protected":false},"author":245,"featured_media":0,"parent":60288,"menu_order":0,"comment_status":"closed","ping_status":"closed","template":"","meta":{"footnotes":"","_links_to":"","_links_to_target":""},"class_list":["post-93495","page","type-page","status-publish","hentry"],"rttpg_featured_image_url":null,"rttpg_author":{"display_name":"gabriellabeltrao","author_link":"https:\/\/goias.gov.br\/governo\/author\/gabriellabeltrao\/"},"rttpg_comment":0,"rttpg_category":null,"rttpg_excerpt":"Realizado em dezembro de 2023, no HUB Goi\u00e1s, o 1\u00ba Workshop sobre Energia promovido pela SGG teve como tema \u201cDesafios e Oportunidades para o Setor Energ\u00e9tico em Goi\u00e1s\u201d. O evento reuniu importantes representantes do mercado e da \u00e1rea de pesquisa especializada, que participaram de pain\u00e9is tem\u00e1ticos voltados \u00e0 discuss\u00e3o dos principais caminhos para o desenvolvimento&hellip;","_links":{"self":[{"href":"https:\/\/goias.gov.br\/governo\/wp-json\/wp\/v2\/pages\/93495","targetHints":{"allow":["GET"]}}],"collection":[{"href":"https:\/\/goias.gov.br\/governo\/wp-json\/wp\/v2\/pages"}],"about":[{"href":"https:\/\/goias.gov.br\/governo\/wp-json\/wp\/v2\/types\/page"}],"author":[{"embeddable":true,"href":"https:\/\/goias.gov.br\/governo\/wp-json\/wp\/v2\/users\/245"}],"replies":[{"embeddable":true,"href":"https:\/\/goias.gov.br\/governo\/wp-json\/wp\/v2\/comments?post=93495"}],"version-history":[{"count":3,"href":"https:\/\/goias.gov.br\/governo\/wp-json\/wp\/v2\/pages\/93495\/revisions"}],"predecessor-version":[{"id":108564,"href":"https:\/\/goias.gov.br\/governo\/wp-json\/wp\/v2\/pages\/93495\/revisions\/108564"}],"up":[{"embeddable":true,"href":"https:\/\/goias.gov.br\/governo\/wp-json\/wp\/v2\/pages\/60288"}],"wp:attachment":[{"href":"https:\/\/goias.gov.br\/governo\/wp-json\/wp\/v2\/media?parent=93495"}],"curies":[{"name":"wp","href":"https:\/\/api.w.org\/{rel}","templated":true}]}}