

{"id":92143,"date":"2025-07-21T16:56:48","date_gmt":"2025-07-21T19:56:48","guid":{"rendered":"https:\/\/goias.gov.br\/governo\/?page_id=92143"},"modified":"2025-07-24T10:50:49","modified_gmt":"2025-07-24T13:50:49","slug":"chamamento-publico","status":"publish","type":"page","link":"https:\/\/goias.gov.br\/governo\/go-ia\/nei-ia\/chamamento-publico\/","title":{"rendered":"Chamamento P\u00fablico do NEI-IA"},"content":{"rendered":"<h4><span style=\"color: #008000\">AVISO DE CHAMADA P\u00daBLICA | EDITAL DE SELE\u00c7\u00c3O N\u00ba 1\/2025 &#8211; SGG<br \/><\/span><\/h4>\n<p><strong>PROCESSO N\u00ba 202518037007150<\/strong><\/p>\n<p>O Secret\u00e1rio-Chefe da Secretaria-Geral de Governo do Estado de Goi\u00e1s (SGG), no uso de suas atribui\u00e7\u00f5es legais, torna p\u00fablico o Edital de Sele\u00e7\u00e3o n\u00ba 01\/2025-SGG para sele\u00e7\u00e3o de representantes de organiza\u00e7\u00f5es da sociedade civil para ocuparem vagas no N\u00facleo de \u00c9tica e Inova\u00e7\u00e3o em Intelig\u00eancia Artificial (NEI-IA), para o bi\u00eanio 2025-2027.<br \/>Os representantes interessados dever\u00e3o comprovar experi\u00eancia em projetos de pesquisa, a\u00e7\u00f5es ou atividades relacionadas a direitos digitais ou desenvolvimento sustent\u00e1vel, nos termos da Lei Complementar n\u00ba 205, de 2025. Poder\u00e3o se inscrever organiza\u00e7\u00f5es que comprovem ter, no m\u00ednimo, 3 (tr\u00eas) anos de funcionamento.<br \/>As inscri\u00e7\u00f5es ser\u00e3o gratuitas e realizadas exclusivamente por meio eletr\u00f4nico, atrav\u00e9s do e-mail <a href=\"mailto:selecao.neia@goias.gov.br\">selecao.neia@goias.gov.b<\/a>r como prev\u00ea o edital, at\u00e9 \u00e0s 18:00 horas do dia 07 de agosto de 2025 (hor\u00e1rio de Bras\u00edlia\/DF).<br \/>O edital completo e seus anexos, contendo todas as condi\u00e7\u00f5es, requisitos e procedimento de participa\u00e7\u00e3o, bem como todas as informa\u00e7\u00f5es e publica\u00e7\u00f5es relativas ao processo seletivo, est\u00e3o dispon\u00edveis no site da Secretaria-Geral de Governo, no endere\u00e7o eletr\u00f4nico <a href=\"https:\/\/goias.gov.br\/governo\/go-ia\/ne-ia\/\">https:\/\/goias.gov.br\/governo\/go-ia\/ne-ia\/<\/a>.<\/p>\n<p>Esclarecimentos adicionais podem ser obtidos pelo e-mail de inscri\u00e7\u00e3o.<\/p>\n<p>Goi\u00e2nia, 23 de julho de 2025.<\/p>\n<p><strong>ADRIANO DA ROCHA LIMA<\/strong><br \/>Secret\u00e1rio-Chefe da Secretaria-Geral de Governo<\/p>\n<p><em>Extrato de Publica\u00e7\u00e3o no Di\u00e1rio Oficial do Estado de Goi\u00e1s<\/em><\/p>\n\n\n<div data-wp-interactive=\"core\/file\" class=\"wp-block-file\"><object data-wp-bind--hidden=\"!state.hasPdfPreview\" hidden class=\"wp-block-file__embed\" data=\"https:\/\/goias.gov.br\/governo\/wp-content\/uploads\/sites\/11\/2025\/07\/diario_oficial_2025-07-23_suplemento_completo.pdf\" type=\"application\/pdf\" style=\"width:100%;height:600px\" aria-label=\"Incorporado de diario_oficial_2025-07-23_suplemento_completo.\"><\/object><a id=\"wp-block-file--media-bd4b08a6-1d68-4ab7-9f1f-91aae400f7c6\" href=\"https:\/\/goias.gov.br\/governo\/wp-content\/uploads\/sites\/11\/2025\/07\/diario_oficial_2025-07-23_suplemento_completo.pdf\">diario_oficial_2025-07-23_suplemento_completo<\/a><a href=\"https:\/\/goias.gov.br\/governo\/wp-content\/uploads\/sites\/11\/2025\/07\/diario_oficial_2025-07-23_suplemento_completo.pdf\" class=\"wp-block-file__button wp-element-button\" download aria-describedby=\"wp-block-file--media-bd4b08a6-1d68-4ab7-9f1f-91aae400f7c6\">Baixar<\/a><\/div>\n","protected":false},"excerpt":{"rendered":"<p>AVISO DE CHAMADA P\u00daBLICA | EDITAL DE SELE\u00c7\u00c3O N\u00ba 1\/2025 &#8211; SGG PROCESSO N\u00ba 202518037007150 O Secret\u00e1rio-Chefe da Secretaria-Geral de Governo do Estado de Goi\u00e1s (SGG), no uso de suas atribui\u00e7\u00f5es legais, torna p\u00fablico o Edital de Sele\u00e7\u00e3o n\u00ba 01\/2025-SGG para sele\u00e7\u00e3o de representantes de organiza\u00e7\u00f5es da sociedade civil para ocuparem vagas no N\u00facleo de [&hellip;]<\/p>\n","protected":false},"author":245,"featured_media":0,"parent":84490,"menu_order":0,"comment_status":"closed","ping_status":"closed","template":"","meta":{"footnotes":"","_links_to":"","_links_to_target":""},"class_list":["post-92143","page","type-page","status-publish","hentry"],"rttpg_featured_image_url":null,"rttpg_author":{"display_name":"gabriellabeltrao","author_link":"https:\/\/goias.gov.br\/governo\/author\/gabriellabeltrao\/"},"rttpg_comment":0,"rttpg_category":null,"rttpg_excerpt":"AVISO DE CHAMADA P\u00daBLICA | EDITAL DE SELE\u00c7\u00c3O N\u00ba 1\/2025 &#8211; SGG PROCESSO N\u00ba 202518037007150 O Secret\u00e1rio-Chefe da Secretaria-Geral de Governo do Estado de Goi\u00e1s (SGG), no uso de suas atribui\u00e7\u00f5es legais, torna p\u00fablico o Edital de Sele\u00e7\u00e3o n\u00ba 01\/2025-SGG para sele\u00e7\u00e3o de representantes de organiza\u00e7\u00f5es da sociedade civil para ocuparem vagas no N\u00facleo de&hellip;","_links":{"self":[{"href":"https:\/\/goias.gov.br\/governo\/wp-json\/wp\/v2\/pages\/92143","targetHints":{"allow":["GET"]}}],"collection":[{"href":"https:\/\/goias.gov.br\/governo\/wp-json\/wp\/v2\/pages"}],"about":[{"href":"https:\/\/goias.gov.br\/governo\/wp-json\/wp\/v2\/types\/page"}],"author":[{"embeddable":true,"href":"https:\/\/goias.gov.br\/governo\/wp-json\/wp\/v2\/users\/245"}],"replies":[{"embeddable":true,"href":"https:\/\/goias.gov.br\/governo\/wp-json\/wp\/v2\/comments?post=92143"}],"version-history":[{"count":2,"href":"https:\/\/goias.gov.br\/governo\/wp-json\/wp\/v2\/pages\/92143\/revisions"}],"predecessor-version":[{"id":95102,"href":"https:\/\/goias.gov.br\/governo\/wp-json\/wp\/v2\/pages\/92143\/revisions\/95102"}],"up":[{"embeddable":true,"href":"https:\/\/goias.gov.br\/governo\/wp-json\/wp\/v2\/pages\/84490"}],"wp:attachment":[{"href":"https:\/\/goias.gov.br\/governo\/wp-json\/wp\/v2\/media?parent=92143"}],"curies":[{"name":"wp","href":"https:\/\/api.w.org\/{rel}","templated":true}]}}