

{"id":89898,"date":"2025-07-17T17:38:47","date_gmt":"2025-07-17T20:38:47","guid":{"rendered":"https:\/\/goias.gov.br\/governo\/?page_id=89898"},"modified":"2025-07-17T17:45:20","modified_gmt":"2025-07-17T20:45:20","slug":"consulta-publica-do-programa-goias-de-fibra","status":"publish","type":"page","link":"https:\/\/goias.gov.br\/governo\/goias-de-fibra\/consulta-publica-do-programa-goias-de-fibra\/","title":{"rendered":"Consulta P\u00fablica N\u00ba 01\/2024-SGG"},"content":{"rendered":"\n<p>O\u00a0<strong>GOVERNO DO ESTADO DE GOI\u00c1S<\/strong>, por meio da\u00a0<strong>SECRETARIA-GERAL DE GOVERNO (SGG)<\/strong>, convida a todos os interessados para a Consulta e Audi\u00eancia P\u00fablica e de apresenta\u00e7\u00e3o e discuss\u00e3o da proposta de Licita\u00e7\u00e3o para fornecimento de rede de telecomunica\u00e7\u00f5es e presta\u00e7\u00e3o dos servi\u00e7os de transporte de dados, voz e WiFi6 mediante constru\u00e7\u00e3o, implanta\u00e7\u00e3o, opera\u00e7\u00e3o e manuten\u00e7\u00e3o de rede de alta capacidade e WiFi6, seguran\u00e7a, treinamentos e servi\u00e7os de voz para o Estado de Goi\u00e1s, inclusos todos os materiais, equipamentos, softwares, licen\u00e7as e m\u00e3o de obra para execu\u00e7\u00e3o dos servi\u00e7os.<\/p>\n<p>A realiza\u00e7\u00e3o da Consulta P\u00fablica permitir\u00e1 \u00e0 sociedade civil fornecer contribui\u00e7\u00f5es para o aprimoramento desta iniciativa, assim como dos documentos que informam e comp\u00f5em a mencionada Concorr\u00eancia P\u00fablica.<\/p>\n<p>Os interessados poder\u00e3o consultar as minutas de Edital, do Contrato, Termo de Refer\u00eancia e demais anexos, disponibilizados neste endere\u00e7o eletr\u00f4nico. Para fins de Consulta P\u00fablica, os interessados em oferecer sugest\u00f5es, opini\u00f5es ou cr\u00edticas dever\u00e3o encaminhar sua manifesta\u00e7\u00e3o \u00e0 Secretaria Geral de Governo \u2013 SGG, at\u00e9 \u00e0s 23h59min do dia 01\/11\/2024. \u00c9 imprescind\u00edvel que os remetentes se identifiquem e enviem os coment\u00e1rios exclusivamente por formul\u00e1rio dispon\u00edvel.\u00a0<\/p>\n<p><a href=\"https:\/\/docs.google.com\/forms\/d\/e\/1FAIpQLScS9pjZG-qnPNst5xYMnmJigWX9DLDTvGmny6ya7ID_T2Vw7g\/viewform?usp=sf_link\">FORMUL\u00c1RIO N\u00ba 1 | CONSULTA P\u00daBLICA \u2013 REGISTRE AQUI SUA CONTRIBUI\u00c7\u00c3O<\/a><\/p>\n<p>O participante dever\u00e1 apresentar suas manifesta\u00e7\u00f5es com as sugest\u00f5es e\/ou d\u00favidas formuladas, apontando o(s) item(ns) do Edital, do Contrato e de seus Anexos das quais se refere. Tais contribui\u00e7\u00f5es ser\u00e3o divulgadas juntamente com o resultado de sua an\u00e1lise no Relat\u00f3rio Final da Consulta e Audi\u00eancia P\u00fablica. Informamos que ser\u00e3o descartadas as manifesta\u00e7\u00f5es que n\u00e3o guardarem rela\u00e7\u00e3o com o presente certame ou que tenham sido elaboradas de maneira distinta \u00e0 estabelecida neste Comunicado.<\/p>\n<h3><span style=\"color: #008000;\">Cronograma<\/span><\/h3>\n<p><b>Per\u00edodo da Consulta P\u00fablica<br \/><\/b>Das 10h do dia 10\/10\/2024 at\u00e9 \u00e0s 23h59 do dia 01\/11\/2024<\/p>\n<p><b>Reuni\u00e3o de Audi\u00eancia P\u00fablica<\/b><\/p>\n<p>Formato: on-line<br \/>Data: 30\/10\/2024<br \/>Hora: 10h<br \/>Acesso:\u00a0<a href=\"https:\/\/abre.go.gov.br\/3d2f33c\">ASSISTA AQUI<\/a><\/p>\n<p>Conforme previsto no regulamento, o interessado em participar na Audi\u00eancia P\u00fablica dever\u00e1, previamente, credenciar-se e registrar sua manifesta\u00e7\u00e3o, questionamento, cr\u00edtica ou sugest\u00e3o at\u00e9 \u00e0s 10h30* do dia 30\/10\/2024, por meio do formul\u00e1rio abaixo.<\/p>\n<p><a href=\"https:\/\/docs.google.com\/forms\/d\/e\/1FAIpQLSdYXqZgO4e2NC6ugprdDf2ffAHda73YDaPFi0zjLWDyxxs9xQ\/viewform?usp=sf_link\">FORMUL\u00c1RIO N\u00ba 2 | CONSULTA P\u00daBLICA \u2013 CREDENCIAMENTO PARA AUDI\u00caNCIA P\u00daBLICA<\/a><\/p>\n<p><em>*ser\u00e1 admitido registro de manifesta\u00e7\u00f5es para a Audi\u00eancia P\u00fablica at\u00e9 30min ap\u00f3s o in\u00edcio da sess\u00e3o.<\/em><\/p>\n<p><strong>Reuni\u00e3o de Sondagem de Mercado (<em>market sounding<\/em>)<\/strong><\/p>\n<p>Formato: on-line<br \/>Data: 31\/10\/2024<br \/>Hora: 10h<br \/>Acesso:\u00a0<a href=\"https:\/\/abre.go.gov.br\/cb30325\">ASSISTA AQUI<\/a><\/p>\n<p>Outras instru\u00e7\u00f5es atualizadas relativas aos procedimentos para acesso \u00e0 audi\u00eancia p\u00fablica, o Manual de Regulamento da Audi\u00eancia P\u00fablica e os anexos pertinentes ao processo ser\u00e3o divulgados nesta p\u00e1gina.\u00a0D\u00favidas sobre o processo podem ser esclarecidas por meio do e-mail:\u00a0<a href=\"mailto:goiasdefibra.sgg@goias.gov.br\">goiasdefibra.sgg@goias.gov.br<\/a>\u00a0ou no telefone (62) 3270-8645.<\/p>\n<h3><span style=\"color: #008000;\">Arquivos<\/span><\/h3>\n<p><a href=\"https:\/\/goias.gov.br\/governo\/wp-content\/uploads\/sites\/11\/2024\/10\/Minuta-do-Edital-GF.pdf\">MINUTA DE EDITAL<\/a><br \/><a href=\"https:\/\/goias.gov.br\/governo\/wp-content\/uploads\/sites\/11\/2024\/10\/Anexo-I-do-Edital-Modelo-de-Cartas-e-Declaracoes-GF.pdf\">ANEXO I \u2013 MODELO DE CARTAS E DECLARA\u00c7\u00d5ES<\/a><br \/><a href=\"https:\/\/goias.gov.br\/governo\/wp-content\/uploads\/sites\/11\/2024\/10\/ETP-GF.pdf\">ETP \u2013 ESTUDO T\u00c9CNICO PRELIMINAR<\/a><br \/><a href=\"https:\/\/goias.gov.br\/governo\/wp-content\/uploads\/sites\/11\/2024\/10\/Anexo-II-DOCUMENTOS-DE-HABILITACAO-GF.pdf\">ANEXO II \u2013 DOCUMENTOS DE HABILITA\u00c7\u00c3O<\/a><br \/><a href=\"https:\/\/goias.gov.br\/governo\/wp-content\/uploads\/sites\/11\/2024\/10\/TR-TERMO-DE-REFERENCIA-GF.pdf\">ANEXO V \u2013 TERMO DE REFER\u00caNCIA<\/a><br \/><a href=\"https:\/\/goias.gov.br\/governo\/wp-content\/uploads\/sites\/11\/2024\/10\/ANEXO-V.A-CADERNO-ENCARGOS-DE-CONSTRUCAO-DA-REDE-GF.pdf\">ANEXO V.A \u2013 CADERNO ENCARGOS DE CONSTRU\u00c7\u00c3O DA REDE<\/a><br \/><a href=\"https:\/\/goias.gov.br\/governo\/wp-content\/uploads\/sites\/11\/2024\/10\/ANEXO-V.B-CADERNO-ENCARGOS-DE-INFRAESTRUTURA-GF.pdf\">ANEXO V.B \u2013 CADERNO ENCARGOS DE INFRAESTRUTURA<\/a><br \/><a href=\"https:\/\/goias.gov.br\/governo\/wp-content\/uploads\/sites\/11\/2024\/10\/ANEXO-V.C-ESPECIFICACOES-DOS-EQUIPAMENTOS-GF.pdf\">ANEXO V.C \u2013 ESPECIFICA\u00c7\u00d5ES DOS EQUIPAMENTOS<\/a><br \/><a href=\"https:\/\/goias.gov.br\/governo\/wp-content\/uploads\/sites\/11\/2024\/10\/ANEXO-V.D-ESPECIFICACAO-DO-CORE-SEGURANCA-GF.pdf\">ANEXO V.D \u2013 ESPECIFICA\u00c7\u00c3O DO CORE SEGURAN\u00c7A<\/a><br \/><a href=\"https:\/\/goias.gov.br\/governo\/wp-content\/uploads\/sites\/11\/2024\/10\/ANEXO-V.E-INDICADORES-DE-IMPLANTACAO-GF.pdf\">ANEXO V.E \u2013 INDICADORES DE IMPLANTA\u00c7\u00c3O<\/a><br \/><a href=\"https:\/\/goias.gov.br\/governo\/wp-content\/uploads\/sites\/11\/2024\/10\/ANEXO-V.F-CRONOGRAMA-E-EVENTOS-IMPLANTACAO-GF.pdf\">ANEXO V.F \u2013 CRONOGRAMA E EVENTOS DE IMPLANTA\u00c7\u00c3O<\/a><br \/><a href=\"https:\/\/goias.gov.br\/governo\/wp-content\/uploads\/sites\/11\/2024\/10\/ANEXO-V.G-PLANILHA-DE-PRECOS-E-ITENS-GF.pdf\">ANEXO V.G \u2013 PLANILHA DE PRE\u00c7OS E ITENS<\/a><br \/><a href=\"https:\/\/goias.gov.br\/governo\/wp-content\/uploads\/sites\/11\/2024\/10\/ANEXO-V.H-PONTOS-PSG-e-CLUSTERS-GF-CONSULTA-PUBLICA.xlsx\">ANEXO V.H \u2013 PONTOS PSG E CLUSTERS<\/a><br \/><a href=\"https:\/\/goias.gov.br\/governo\/wp-content\/uploads\/sites\/11\/2024\/10\/ANEXO-V.I-INDICADORES-DE-OPERACAO-GF.pdf\">ANEXO V.I \u2013 INDICADORES DE OPERA\u00c7\u00c3O<\/a><br \/><a href=\"https:\/\/goias.gov.br\/governo\/wp-content\/uploads\/sites\/11\/2024\/10\/ANEXO-V.J-PLANILHA-DE-INDICADORES-IMPLANTACAO-GF.pdf\">ANEXO V.J \u2013 PLANILHA DE INDICADORES IMPLANTA\u00c7\u00c3O<\/a><br \/><a href=\"https:\/\/goias.gov.br\/governo\/wp-content\/uploads\/sites\/11\/2024\/10\/ANEXO-V.L-CADERNO-INDICADORES-DE-OPERACAO-GF.pdf\">ANEXO V.L \u2013 CADERNO DE INDICADORES DE OPERA\u00c7\u00c3O<\/a><br \/><a href=\"https:\/\/drive.google.com\/file\/d\/19hlGtjenVi_Si6-OJ7BaGfg6SZgGqRiJ\/view?usp=drive_link\">ANEXO V.M \u2013 MAPA DOS PSG<\/a><br \/><a href=\"https:\/\/goias.gov.br\/governo\/wp-content\/uploads\/sites\/11\/2024\/10\/ANEXO-V.N-DIAGRAMA-DWDM-GOIAS-DE-FIBRA.pdf\">ANEXO V.N \u2013 DIAGRAMA DWDM GOIAS DE FIBRA<\/a><br \/><a href=\"https:\/\/drive.google.com\/file\/d\/1tm8UzokMhJ4VX5ROKaPcSogmGuZ3oJ0b\/view?usp=drive_link\">ANEXO V.O \u2013 MAPA GOIAS DE FIBRA<\/a><br \/><a href=\"https:\/\/goias.gov.br\/governo\/wp-content\/uploads\/sites\/11\/2024\/10\/ANEXO-V.Q.-CADERNO-ENCARGOS-DOS-EVENTOS-GF-1.pdf\">ANEXO V.Q \u2013 CADERNO ENCARGOS DOS EVENTOS<\/a><br \/><a href=\"https:\/\/goias.gov.br\/governo\/wp-content\/uploads\/sites\/11\/2024\/10\/ANEXO-VI-MINUTA-DE-CONTRATO-GF.pdf\">ANEXO VI \u2013 MINUTA DE CONTRATO<\/a><br \/><a href=\"https:\/\/goias.gov.br\/governo\/wp-content\/uploads\/sites\/11\/2024\/10\/ANEXO-V.R-MATRIZ-DE-RISCO-GF.pdf\">ANEXO V.R \u2013 MATRIZ DE RISCO<\/a><br \/><a href=\"https:\/\/goias.gov.br\/governo\/wp-content\/uploads\/sites\/11\/2024\/10\/ANEXO-VI.D-Cronograma-da-Licitacao-GF.pdf\">ANEXO VI.D \u2013 CRONOGRAMA DA LICITA\u00c7\u00c3O<\/a><br \/><a href=\"https:\/\/goias.gov.br\/governo\/wp-content\/uploads\/sites\/11\/2024\/10\/Regulamento-da-Audiencia-Publica-SGG-Out-24.pdf\">REGULAMENTO DA AUDI\u00caNCIA P\u00daBLICA<\/a><br \/><a href=\"https:\/\/goias.gov.br\/governo\/wp-content\/uploads\/sites\/11\/2024\/10\/Regulamento-da-Sondagem-de-Mercado-SGG-Out-24-v2.pdf\">REGULAMENTO DA REUNI\u00c3O DE SONDAGEM DE MERCADO (Atualizado em 28\/10\/2024)<\/a><br \/><a href=\"https:\/\/goias.gov.br\/governo\/wp-content\/uploads\/sites\/11\/2024\/10\/diario_oficial_2024-10-10_p2.pdf\">DIVULGA\u00c7\u00c3O DI\u00c1RIO OFICIAL DO ESTADO DE GOI\u00c1S<\/a><br \/><a href=\"https:\/\/goias.gov.br\/governo\/wp-content\/uploads\/sites\/11\/2025\/01\/Ata_Audiencia_Publica_Versao-Final.pdf\">ATA DA AUDI\u00caNCIA P\u00daBLICA<\/a><br \/><a href=\"https:\/\/goias.gov.br\/governo\/wp-content\/uploads\/sites\/11\/2025\/01\/Relatorio-Final-Consulta-Publica-Goias-de-Fibra.pdf\">RELAT\u00d3RIO FINAL DA CONSULTA P\u00daBLICA<\/a><br \/><a href=\"https:\/\/goias.gov.br\/governo\/wp-content\/uploads\/sites\/11\/2025\/02\/Adendo-ao-Relatorio-Final-da-Consulta-Publica.pdf\">ADENDO AO RELAT\u00d3RIO FINAL DA CONSULTA P\u00daBLICA<\/a><\/p>\n<h2><span style=\"color: #ff0000;\">ATEN\u00c7\u00c3O!<\/span><\/h2>\n<p><strong>Os documentos acima referem-se a Consulta P\u00fablica. Os interessados na LICITA\u00c7\u00c3O poder\u00e3o consultar o Edital, a Minuta do Contrato, Termo de Refer\u00eancia e demais anexos atualizados, no endere\u00e7o eletr\u00f4nico:\u00a0<\/strong><a href=\"https:\/\/www.b3.com.br\/pt_br\/produtos-e-servicos\/negociacao\/leiloes\/licitacoes-publicas\/\">https:\/\/www.b3.com.br\/pt_br\/produtos-e-servicos\/negociacao\/leiloes\/licitacoes-publicas\/<\/a><\/p>\n<h3><span style=\"color: #008000;\">FAQ \u2013 Perguntas Frequentes<\/span><\/h3>\n<h5>O que \u00e9 Consulta P\u00fablica?<\/h5>\n<p>A Consulta P\u00fablica \u00e9 um mecanismo de participa\u00e7\u00e3o social, de car\u00e1ter consultivo e aberto a qualquer interessado, com o objetivo de receber contribui\u00e7\u00f5es sobre o assunto divulgado e promover o di\u00e1logo entre o governo, o cidad\u00e3o e interessados, em cumprimento aos Princ\u00edpios da Legalidade, Moralidade, Efici\u00eancia, Publicidade, Transpar\u00eancia e Motiva\u00e7\u00e3o.<\/p>\n<h5>O que \u00e9 Audi\u00eancia P\u00fablica?<\/h5>\n<p>A Audi\u00eancia P\u00fablica \u00e9 uma reuni\u00e3o formal, aberta ao p\u00fablico, para apresentar e discutir aspectos relevantes sobre o assunto divulgado com a sociedade. Ela promove a participa\u00e7\u00e3o ativa de diferentes setores, como organiza\u00e7\u00f5es civis, associa\u00e7\u00f5es, empresas, especialistas e cidad\u00e3os, permitindo um espa\u00e7o para perguntas, esclarecimentos e sugest\u00f5es. Seu objetivo \u00e9 garantir a transpar\u00eancia e incentivar a participa\u00e7\u00e3o da sociedade no processo decis\u00f3rio.<\/p>\n<h5>O que \u00e9 Sondagem de Mercado?<\/h5>\n<p>A Sondagem de Mercado \u00e9 uma reuni\u00e3o formal onde o governo interage com empresas e investidores do setor para avaliar o interesse e a viabilidade do projeto antes de lan\u00e7ar a licita\u00e7\u00e3o. O prop\u00f3sito \u00e9 obter informa\u00e7\u00f5es sobre a capacidade do mercado de fornecer os bens ou servi\u00e7os demandados, bem como avaliar o alinhamento do projeto \u00e0s realidades e tend\u00eancias do mercado, aumentando sua atratividade.<\/p>\n<h5>O que \u00e9 uma contribui\u00e7\u00e3o?<\/h5>\n<p>A contribui\u00e7\u00e3o \u00e9 o coment\u00e1rio, com cr\u00edtica, esclarecimento ou sugest\u00e3o, que o interessado faz sobre os documentos e seus conte\u00fados submetidos \u00e0 consulta p\u00fablica.<\/p>\n<h5>Qual \u00e9 a diferen\u00e7a entre Consulta P\u00fablica, Audi\u00eancia P\u00fablica e Sondagem de Mercado?<\/h5>\n<p>A Consulta P\u00fablica \u00e9 um procedimento que, durante o prazo de publicidade nele informado, os interessados registram, por meio de formul\u00e1rio eletr\u00f4nico, suas contribui\u00e7\u00f5es sobre os documentos submetidos \u00e0 consulta p\u00fablica.<\/p>\n<p>J\u00e1 a Audi\u00eancia P\u00fablica e a Sondagem de Mercado s\u00e3o reuni\u00f5es nas quais o Governo apresenta o projeto e pretende estabelecer di\u00e1logo com os interessados envolvidos, com a diferen\u00e7a principal entre estes dois tipos sendo: (i) a Audi\u00eancia P\u00fablica tem foco na participa\u00e7\u00e3o popular para discuss\u00e3o com atores da sociedade civil em geral; e (ii) a Sondagem de Mercado tem foco na apresenta\u00e7\u00e3o e esclarecimento do projeto junto a potenciais investidores e empresas do setor, proporcionando ambiente de maior atratividade do mercado.<\/p>\n<h5>Como posso participar na Consulta P\u00fablica?<\/h5>\n<p>Preenchendo o formul\u00e1rio n\u00ba 1, identificando-se e registrando sua contribui\u00e7\u00e3o.<\/p>\n<h5>Como posso participar na Audi\u00eancia P\u00fablica e na Sondagem de Mercado?<\/h5>\n<p>A participa\u00e7\u00e3o na Audi\u00eancia P\u00fablica e na Sondagem de Mercado est\u00e3o detalhadas nos regulamentos destas reuni\u00f5es, ambos divulgados neste site. Para a Audi\u00eancia P\u00fablica, o link para acesso \u00e0 sess\u00e3o virtual ser\u00e1 divulgado neste site na v\u00e9spera, antes do hor\u00e1rio de in\u00edcio divulgado para as reuni\u00f5es. J\u00e1 para a Sondagem de Mercado, a participa\u00e7\u00e3o dever\u00e1 se dar atrav\u00e9s da TV B3, conforme o regulamento.<\/p>\n<h5>Preciso participar na Audi\u00eancia P\u00fablica para que minha contribui\u00e7\u00e3o na Consulta P\u00fablica seja analisada?<\/h5>\n<p>N\u00e3o. As contribui\u00e7\u00f5es apresentadas na Consulta P\u00fablica ser\u00e3o respondidas independentemente da participa\u00e7\u00e3o do interessado na reuni\u00e3o de Audi\u00eancia P\u00fablica.<\/p>\n<h5>Posso apresentar minha contribui\u00e7\u00e3o em viva voz na Audi\u00eancia P\u00fablica?<\/h5>\n<p>Sim, desde que o interessado tenha feito seu credenciamento (identificando-se) e registrado sua contribui\u00e7\u00e3o para a audi\u00eancia p\u00fablica no formul\u00e1rio espec\u00edfico da audi\u00eancia p\u00fablica.<\/p>\n<h5>Porque existem 2 (dois) formul\u00e1rios eletr\u00f4nicos? Devo preencher os dois?<\/h5>\n<p>O formul\u00e1rio n\u00ba 1 destina-se colher contribui\u00e7\u00f5es da Consulta P\u00fablica e ser\u00e3o respondidas ao final do procedimento. J\u00e1 o formul\u00e1rio n\u00ba 2 \u00e9 espec\u00edfico para credenciamento e registro das contribui\u00e7\u00f5es a serem discutidas na Audi\u00eancia P\u00fablica. Este \u00faltimo s\u00f3 precisa ser preenchido caso haja interesse em apresentar uma contribui\u00e7\u00e3o na Audi\u00eancia P\u00fablica.<\/p>\n<h5>A Audi\u00eancia P\u00fablica discutir\u00e1 contribui\u00e7\u00f5es registradas no formul\u00e1rio da Consulta P\u00fablica?<\/h5>\n<p>N\u00e3o. As contribui\u00e7\u00f5es apresentadas no formul\u00e1rio da Consulta P\u00fablica ser\u00e3o respondidas em relat\u00f3rio consolidado, ap\u00f3s o t\u00e9rmino do prazo de publicidade informado no aviso. Na reuni\u00e3o de Audi\u00eancia P\u00fablica somente ser\u00e3o lidas e respondidas as contribui\u00e7\u00f5es apresentadas no formul\u00e1rio n\u00ba 2, espec\u00edfico da Audi\u00eancia P\u00fablica.<\/p>\n<h5>Posso registrar mais de uma contribui\u00e7\u00e3o?<\/h5>\n<p>Sim, podem ser registradas tantas contribui\u00e7\u00f5es quantas forem necess\u00e1rias.<\/p>\n<h5>Como acompanho as respostas a minha contribui\u00e7\u00e3o?<\/h5>\n<p>Todas as contribui\u00e7\u00f5es ser\u00e3o respondidas ap\u00f3s o prazo de publicidade da Consulta P\u00fablica, por meio de documento no formato de relat\u00f3rio, a ser divulgado neste site.<\/p>\n\n\n\n<p><\/p>\n","protected":false},"excerpt":{"rendered":"<p>O\u00a0GOVERNO DO ESTADO DE GOI\u00c1S, por meio da\u00a0SECRETARIA-GERAL DE GOVERNO (SGG), convida a todos os interessados para a Consulta e Audi\u00eancia P\u00fablica e de apresenta\u00e7\u00e3o e discuss\u00e3o da proposta de Licita\u00e7\u00e3o para fornecimento de rede de telecomunica\u00e7\u00f5es e presta\u00e7\u00e3o dos servi\u00e7os de transporte de dados, voz e WiFi6 mediante constru\u00e7\u00e3o, implanta\u00e7\u00e3o, opera\u00e7\u00e3o e manuten\u00e7\u00e3o de [&hellip;]<\/p>\n","protected":false},"author":62,"featured_media":0,"parent":35083,"menu_order":0,"comment_status":"closed","ping_status":"closed","template":"","meta":{"footnotes":"","_links_to":"","_links_to_target":""},"class_list":["post-89898","page","type-page","status-publish","hentry"],"rttpg_featured_image_url":null,"rttpg_author":{"display_name":"italoreis","author_link":"https:\/\/goias.gov.br\/governo\/author\/italoreis\/"},"rttpg_comment":0,"rttpg_category":null,"rttpg_excerpt":"O\u00a0GOVERNO DO ESTADO DE GOI\u00c1S, por meio da\u00a0SECRETARIA-GERAL DE GOVERNO (SGG), convida a todos os interessados para a Consulta e Audi\u00eancia P\u00fablica e de apresenta\u00e7\u00e3o e discuss\u00e3o da proposta de Licita\u00e7\u00e3o para fornecimento de rede de telecomunica\u00e7\u00f5es e presta\u00e7\u00e3o dos servi\u00e7os de transporte de dados, voz e WiFi6 mediante constru\u00e7\u00e3o, implanta\u00e7\u00e3o, opera\u00e7\u00e3o e manuten\u00e7\u00e3o de&hellip;","_links":{"self":[{"href":"https:\/\/goias.gov.br\/governo\/wp-json\/wp\/v2\/pages\/89898","targetHints":{"allow":["GET"]}}],"collection":[{"href":"https:\/\/goias.gov.br\/governo\/wp-json\/wp\/v2\/pages"}],"about":[{"href":"https:\/\/goias.gov.br\/governo\/wp-json\/wp\/v2\/types\/page"}],"author":[{"embeddable":true,"href":"https:\/\/goias.gov.br\/governo\/wp-json\/wp\/v2\/users\/62"}],"replies":[{"embeddable":true,"href":"https:\/\/goias.gov.br\/governo\/wp-json\/wp\/v2\/comments?post=89898"}],"version-history":[{"count":2,"href":"https:\/\/goias.gov.br\/governo\/wp-json\/wp\/v2\/pages\/89898\/revisions"}],"predecessor-version":[{"id":89933,"href":"https:\/\/goias.gov.br\/governo\/wp-json\/wp\/v2\/pages\/89898\/revisions\/89933"}],"up":[{"embeddable":true,"href":"https:\/\/goias.gov.br\/governo\/wp-json\/wp\/v2\/pages\/35083"}],"wp:attachment":[{"href":"https:\/\/goias.gov.br\/governo\/wp-json\/wp\/v2\/media?parent=89898"}],"curies":[{"name":"wp","href":"https:\/\/api.w.org\/{rel}","templated":true}]}}