

{"id":88973,"date":"2025-07-18T08:02:16","date_gmt":"2025-07-18T11:02:16","guid":{"rendered":"https:\/\/goias.gov.br\/governo\/?page_id=88973"},"modified":"2026-01-21T15:15:57","modified_gmt":"2026-01-21T18:15:57","slug":"mapeamento-estadual-de-demanda-de-energia","status":"publish","type":"page","link":"https:\/\/goias.gov.br\/governo\/energia\/mapeamento-estadual-de-demanda-de-energia\/","title":{"rendered":"Mapeamento Estadual de Demanda de Energia"},"content":{"rendered":"\t\t<div data-elementor-type=\"wp-page\" data-elementor-id=\"88973\" class=\"elementor elementor-88973\">\n\t\t\t\t<div class=\"elementor-element elementor-element-317649b e-flex e-con-boxed e-con e-parent\" data-id=\"317649b\" data-element_type=\"container\" data-e-type=\"container\">\n\t\t\t\t\t<div class=\"e-con-inner\">\n\t\t\t\t<div class=\"elementor-element elementor-element-54531e7 elementor-widget elementor-widget-image\" data-id=\"54531e7\" data-element_type=\"widget\" data-e-type=\"widget\" data-widget_type=\"image.default\">\n\t\t\t\t<div class=\"elementor-widget-container\">\n\t\t\t\t\t\t\t\t\t\t\t\t\t\t\t<img decoding=\"async\" src=\"https:\/\/goias.gov.br\/governo\/wp-content\/uploads\/sites\/11\/2025\/08\/BANNER-Mapeamento-Estadual-de-Demanda-de-Energia-2.jpg\" title=\"\" alt=\"\" loading=\"lazy\" \/>\t\t\t\t\t\t\t\t\t\t\t\t\t\t\t<\/div>\n\t\t\t\t<\/div>\n\t\t\t\t<div class=\"elementor-element elementor-element-5bbfda7 elementor-widget elementor-widget-text-editor\" data-id=\"5bbfda7\" data-element_type=\"widget\" data-e-type=\"widget\" data-widget_type=\"text-editor.default\">\n\t\t\t\t<div class=\"elementor-widget-container\">\n\t\t\t\t\t\t\t\t\t<p>O Governo de Goi\u00e1s, por meio da Subsecretaria de Energia, Telecomunica\u00e7\u00e3o e Cidades Inteligentes da Secretaria-Geral de Governo (SGG), est\u00e1 realizando um levantamento estrat\u00e9gico para mapear demandas de energia el\u00e9trica ainda n\u00e3o atendidas pelas concession\u00e1rias locais. O objetivo \u00e9 identificar as necessidades espec\u00edficas de consumidores de m\u00e9dio e grande porte, como ind\u00fastrias, com\u00e9rcios, produtores rurais e geradores de energia, que enfrentam limita\u00e7\u00f5es de fornecimento ou que desejam ampliar sua capacidade el\u00e9trica para atender \u00e0 expans\u00e3o de suas atividades.<\/p><p>A iniciativa \u00e9 fundamental para subsidiar o planejamento energ\u00e9tico estadual e setorial, permitindo que o Estado direcione a\u00e7\u00f5es concretas para expandir a infraestrutura el\u00e9trica em regi\u00f5es com grande potencial de crescimento econ\u00f4mico. O levantamento tamb\u00e9m busca identificar oportunidades para projetos de gera\u00e7\u00e3o distribu\u00edda, energias renov\u00e1veis e melhorias na qualidade do fornecimento, beneficiando toda a cadeia produtiva.<\/p><p>A participa\u00e7\u00e3o ativa do setor produtivo \u00e9 decisiva para apontar as demandas reais e propor solu\u00e7\u00f5es que garantam mais seguran\u00e7a e confiabilidade no fornecimento de energia, fortalecendo a competitividade empresarial, atraindo novos investimentos e impulsionando o desenvolvimento regional.<\/p><p>Se voc\u00ea \u00e9 empres\u00e1rio, produtor rural, representante de ind\u00fastria, com\u00e9rcio ou atua no setor de gera\u00e7\u00e3o de energia, contribua com o levantamento preenchendo o formul\u00e1rio dispon\u00edvel abaixo.<\/p>\t\t\t\t\t\t\t\t<\/div>\n\t\t\t\t<\/div>\n\t\t\t\t<div class=\"elementor-element elementor-element-8ffa430 elementor-align-center elementor-widget elementor-widget-button\" data-id=\"8ffa430\" data-element_type=\"widget\" data-e-type=\"widget\" data-widget_type=\"button.default\">\n\t\t\t\t<div class=\"elementor-widget-container\">\n\t\t\t\t\t\t\t\t\t<div class=\"elementor-button-wrapper\">\n\t\t\t\t\t<a class=\"elementor-button elementor-button-link elementor-size-sm\" href=\"https:\/\/docs.google.com\/forms\/d\/e\/1FAIpQLScPdne-S2ZU_B5iM2HNIqyLNuMtek4c83liQX4XkpUhwiRTIw\/viewform?usp=dialog\" target=\"_blank\">\n\t\t\t\t\t\t<span class=\"elementor-button-content-wrapper\">\n\t\t\t\t\t\t<span class=\"elementor-button-icon\">\n\t\t\t\t<svg aria-hidden=\"true\" class=\"e-font-icon-svg e-fas-link\" viewBox=\"0 0 512 512\" xmlns=\"http:\/\/www.w3.org\/2000\/svg\"><path d=\"M326.612 185.391c59.747 59.809 58.927 155.698.36 214.59-.11.12-.24.25-.36.37l-67.2 67.2c-59.27 59.27-155.699 59.262-214.96 0-59.27-59.26-59.27-155.7 0-214.96l37.106-37.106c9.84-9.84 26.786-3.3 27.294 10.606.648 17.722 3.826 35.527 9.69 52.721 1.986 5.822.567 12.262-3.783 16.612l-13.087 13.087c-28.026 28.026-28.905 73.66-1.155 101.96 28.024 28.579 74.086 28.749 102.325.51l67.2-67.19c28.191-28.191 28.073-73.757 0-101.83-3.701-3.694-7.429-6.564-10.341-8.569a16.037 16.037 0 0 1-6.947-12.606c-.396-10.567 3.348-21.456 11.698-29.806l21.054-21.055c5.521-5.521 14.182-6.199 20.584-1.731a152.482 152.482 0 0 1 20.522 17.197zM467.547 44.449c-59.261-59.262-155.69-59.27-214.96 0l-67.2 67.2c-.12.12-.25.25-.36.37-58.566 58.892-59.387 154.781.36 214.59a152.454 152.454 0 0 0 20.521 17.196c6.402 4.468 15.064 3.789 20.584-1.731l21.054-21.055c8.35-8.35 12.094-19.239 11.698-29.806a16.037 16.037 0 0 0-6.947-12.606c-2.912-2.005-6.64-4.875-10.341-8.569-28.073-28.073-28.191-73.639 0-101.83l67.2-67.19c28.239-28.239 74.3-28.069 102.325.51 27.75 28.3 26.872 73.934-1.155 101.96l-13.087 13.087c-4.35 4.35-5.769 10.79-3.783 16.612 5.864 17.194 9.042 34.999 9.69 52.721.509 13.906 17.454 20.446 27.294 10.606l37.106-37.106c59.271-59.259 59.271-155.699.001-214.959z\"><\/path><\/svg>\t\t\t<\/span>\n\t\t\t\t\t\t\t\t\t<span class=\"elementor-button-text\">ACESSE O FORMUL\u00c1RIO<\/span>\n\t\t\t\t\t<\/span>\n\t\t\t\t\t<\/a>\n\t\t\t\t<\/div>\n\t\t\t\t\t\t\t\t<\/div>\n\t\t\t\t<\/div>\n\t\t\t\t<div class=\"elementor-element elementor-element-307ddbc elementor-widget elementor-widget-heading\" data-id=\"307ddbc\" data-element_type=\"widget\" data-e-type=\"widget\" data-widget_type=\"heading.default\">\n\t\t\t\t<div class=\"elementor-widget-container\">\n\t\t\t\t\t<h4 class=\"elementor-heading-title elementor-size-default\">Painel de Intelig\u00eancia do MEDE<\/h4>\t\t\t\t<\/div>\n\t\t\t\t<\/div>\n\t\t\t\t<div class=\"elementor-element elementor-element-5d33d5c elementor-widget elementor-widget-text-editor\" data-id=\"5d33d5c\" data-element_type=\"widget\" data-e-type=\"widget\" data-widget_type=\"text-editor.default\">\n\t\t\t\t<div class=\"elementor-widget-container\">\n\t\t\t\t\t\t\t\t\t<p>A SGG disponibiliza abaixo um painel com os principais resultados da primeira fase do Mapeamento de Demanda de Energia. O painel apresenta dados sobre o n\u00famero de demandas recebidas, sua classifica\u00e7\u00e3o, tipos de solicita\u00e7\u00e3o de carga, demanda (kW) por setor, distribui\u00e7\u00e3o geogr\u00e1fica, situa\u00e7\u00e3o dos pedidos e status da previs\u00e3o de demanda.<\/p>\t\t\t\t\t\t\t\t<\/div>\n\t\t\t\t<\/div>\n\t\t\t\t<div class=\"elementor-element elementor-element-fdf4572 elementor-align-center elementor-widget elementor-widget-button\" data-id=\"fdf4572\" data-element_type=\"widget\" data-e-type=\"widget\" data-widget_type=\"button.default\">\n\t\t\t\t<div class=\"elementor-widget-container\">\n\t\t\t\t\t\t\t\t\t<div class=\"elementor-button-wrapper\">\n\t\t\t\t\t<a class=\"elementor-button elementor-button-link elementor-size-sm\" href=\"https:\/\/app.powerbi.com\/view?r=eyJrIjoiNmE0YjgzMzgtNzdkNi00NWZmLTg3ZmMtMjRlYjBkNjg1MDkzIiwidCI6IjY3ZmQ0MzFjLWIyYWQtNDg2Ny04MWJjLWQ3NTYyMjBiNTZkNCJ9\" target=\"_blank\">\n\t\t\t\t\t\t<span class=\"elementor-button-content-wrapper\">\n\t\t\t\t\t\t<span class=\"elementor-button-icon\">\n\t\t\t\t<svg aria-hidden=\"true\" class=\"e-font-icon-svg e-fas-link\" viewBox=\"0 0 512 512\" xmlns=\"http:\/\/www.w3.org\/2000\/svg\"><path d=\"M326.612 185.391c59.747 59.809 58.927 155.698.36 214.59-.11.12-.24.25-.36.37l-67.2 67.2c-59.27 59.27-155.699 59.262-214.96 0-59.27-59.26-59.27-155.7 0-214.96l37.106-37.106c9.84-9.84 26.786-3.3 27.294 10.606.648 17.722 3.826 35.527 9.69 52.721 1.986 5.822.567 12.262-3.783 16.612l-13.087 13.087c-28.026 28.026-28.905 73.66-1.155 101.96 28.024 28.579 74.086 28.749 102.325.51l67.2-67.19c28.191-28.191 28.073-73.757 0-101.83-3.701-3.694-7.429-6.564-10.341-8.569a16.037 16.037 0 0 1-6.947-12.606c-.396-10.567 3.348-21.456 11.698-29.806l21.054-21.055c5.521-5.521 14.182-6.199 20.584-1.731a152.482 152.482 0 0 1 20.522 17.197zM467.547 44.449c-59.261-59.262-155.69-59.27-214.96 0l-67.2 67.2c-.12.12-.25.25-.36.37-58.566 58.892-59.387 154.781.36 214.59a152.454 152.454 0 0 0 20.521 17.196c6.402 4.468 15.064 3.789 20.584-1.731l21.054-21.055c8.35-8.35 12.094-19.239 11.698-29.806a16.037 16.037 0 0 0-6.947-12.606c-2.912-2.005-6.64-4.875-10.341-8.569-28.073-28.073-28.191-73.639 0-101.83l67.2-67.19c28.239-28.239 74.3-28.069 102.325.51 27.75 28.3 26.872 73.934-1.155 101.96l-13.087 13.087c-4.35 4.35-5.769 10.79-3.783 16.612 5.864 17.194 9.042 34.999 9.69 52.721.509 13.906 17.454 20.446 27.294 10.606l37.106-37.106c59.271-59.259 59.271-155.699.001-214.959z\"><\/path><\/svg>\t\t\t<\/span>\n\t\t\t\t\t\t\t\t\t<span class=\"elementor-button-text\">ACESSE O PAINEL<\/span>\n\t\t\t\t\t<\/span>\n\t\t\t\t\t<\/a>\n\t\t\t\t<\/div>\n\t\t\t\t\t\t\t\t<\/div>\n\t\t\t\t<\/div>\n\t\t\t\t\t<\/div>\n\t\t\t\t<\/div>\n\t\t\t\t<\/div>\n\t\t","protected":false},"excerpt":{"rendered":"<p>O Governo de Goi\u00e1s, por meio da Subsecretaria de Energia, Telecomunica\u00e7\u00e3o e Cidades Inteligentes da Secretaria-Geral de Governo (SGG), est\u00e1 realizando um levantamento estrat\u00e9gico para mapear demandas de energia el\u00e9trica ainda n\u00e3o atendidas pelas concession\u00e1rias locais. O objetivo \u00e9 identificar as necessidades espec\u00edficas de consumidores de m\u00e9dio e grande porte, como ind\u00fastrias, com\u00e9rcios, produtores rurais [&hellip;]<\/p>\n","protected":false},"author":245,"featured_media":0,"parent":60288,"menu_order":0,"comment_status":"closed","ping_status":"closed","template":"","meta":{"footnotes":"","_links_to":"","_links_to_target":""},"class_list":["post-88973","page","type-page","status-publish","hentry"],"rttpg_featured_image_url":null,"rttpg_author":{"display_name":"gabriellabeltrao","author_link":"https:\/\/goias.gov.br\/governo\/author\/gabriellabeltrao\/"},"rttpg_comment":0,"rttpg_category":null,"rttpg_excerpt":"O Governo de Goi\u00e1s, por meio da Subsecretaria de Energia, Telecomunica\u00e7\u00e3o e Cidades Inteligentes da Secretaria-Geral de Governo (SGG), est\u00e1 realizando um levantamento estrat\u00e9gico para mapear demandas de energia el\u00e9trica ainda n\u00e3o atendidas pelas concession\u00e1rias locais. O objetivo \u00e9 identificar as necessidades espec\u00edficas de consumidores de m\u00e9dio e grande porte, como ind\u00fastrias, com\u00e9rcios, produtores rurais&hellip;","_links":{"self":[{"href":"https:\/\/goias.gov.br\/governo\/wp-json\/wp\/v2\/pages\/88973","targetHints":{"allow":["GET"]}}],"collection":[{"href":"https:\/\/goias.gov.br\/governo\/wp-json\/wp\/v2\/pages"}],"about":[{"href":"https:\/\/goias.gov.br\/governo\/wp-json\/wp\/v2\/types\/page"}],"author":[{"embeddable":true,"href":"https:\/\/goias.gov.br\/governo\/wp-json\/wp\/v2\/users\/245"}],"replies":[{"embeddable":true,"href":"https:\/\/goias.gov.br\/governo\/wp-json\/wp\/v2\/comments?post=88973"}],"version-history":[{"count":2,"href":"https:\/\/goias.gov.br\/governo\/wp-json\/wp\/v2\/pages\/88973\/revisions"}],"predecessor-version":[{"id":123123,"href":"https:\/\/goias.gov.br\/governo\/wp-json\/wp\/v2\/pages\/88973\/revisions\/123123"}],"up":[{"embeddable":true,"href":"https:\/\/goias.gov.br\/governo\/wp-json\/wp\/v2\/pages\/60288"}],"wp:attachment":[{"href":"https:\/\/goias.gov.br\/governo\/wp-json\/wp\/v2\/media?parent=88973"}],"curies":[{"name":"wp","href":"https:\/\/api.w.org\/{rel}","templated":true}]}}