

{"id":86004,"date":"2025-07-16T12:09:19","date_gmt":"2025-07-16T15:09:19","guid":{"rendered":"https:\/\/goias.gov.br\/governo\/?page_id=86004"},"modified":"2025-07-16T13:30:32","modified_gmt":"2025-07-16T16:30:32","slug":"centro-estadual-de-computacao-aberta-e-inteligencia-artificial","status":"publish","type":"page","link":"https:\/\/goias.gov.br\/governo\/go-ia\/centro-estadual-de-computacao-aberta-e-inteligencia-artificial\/","title":{"rendered":"Centro Estadual de Computa\u00e7\u00e3o Aberta e Intelig\u00eancia Artificial"},"content":{"rendered":"\n<p>O Centro Estadual de Computa\u00e7\u00e3o Aberta e Intelig\u00eancia Artificial foi criado pela <a href=\"https:\/\/legisla.casacivil.go.gov.br\/pesquisa_legislacao\/110694\/lei-complementar-205\">Lei Complementar n\u00ba 205, de 19 de maio de 2025<\/a>, conforme disposto no artigo 49. Trata-se de uma infraestrutura digital estrat\u00e9gica voltada ao treinamento, desenvolvimento e pesquisa em intelig\u00eancia artificial aberta, em parceria com o Centro de Excel\u00eancia em Intelig\u00eancia Artificial (CEIA), da Universidade Federal de Goi\u00e1s (UFG).<\/p>\n\n\n\n<p>Com a miss\u00e3o de democratizar o acesso ao poder computacional avan\u00e7ado, o Centro busca impulsionar pesquisas inovadoras, fomentar o desenvolvimento econ\u00f4mico e tecnol\u00f3gico regional e consolidar Goi\u00e1s como um polo internacional em IA aberta.<\/p>\n\n\n\n<p>Cabe ao N\u00facleo de \u00c9tica e Inova\u00e7\u00e3o em Intelig\u00eancia Artificial (NEI-IA) deliberar sobre as diretrizes, prioridades de utiliza\u00e7\u00e3o e o compartilhamento da estrutura administrativa do Centro, assegurando que seus recursos sejam utilizados de forma estrat\u00e9gica, \u00e9tica e alinhada ao interesse p\u00fablico.<\/p>\n\n\n\n<h4><span style=\"color: #008000;\">Objetivos<\/span><\/h4>\n<ul>\n<li>Disponibilizar, gratuitamente ou por meio de parcerias estrat\u00e9gicas, capacidade computacional avan\u00e7ada para pesquisadores, estudantes, startups e pequenas e m\u00e9dias empresas;<\/li>\n<li>Promover o desenvolvimento e o uso de modelos e algoritmos da IA baseados em c\u00f3digo aberto e licen\u00e7as permissivas;<\/li>\n<li>Facilitar a colabora\u00e7\u00e3o entre as institui\u00e7\u00f5es acad\u00eamicas, o setor privado, a sociedade civil e o poder p\u00fablico para o desenvolvimento conjunto de solu\u00e7\u00f5es tecnol\u00f3gicas sustent\u00e1veis e inclusivas;<\/li>\n<li>Oferecer uma plataforma aberta para a experimenta\u00e7\u00e3o tecnol\u00f3gica segura, \u00e9tica e respons\u00e1vel;<\/li>\n<li>Estimular a forma\u00e7\u00e3o e a reten\u00e7\u00e3o de talentos locais, al\u00e9m de atrair especialistas nacionais e internacionais na IA; e<\/li>\n<li>Posicionar o Estado de Goi\u00e1s como refer\u00eancia global na computa\u00e7\u00e3o aberta e na IA clim\u00e1tica positiva.<\/li>\n<\/ul>\n","protected":false},"excerpt":{"rendered":"<p>O Centro Estadual de Computa\u00e7\u00e3o Aberta e Intelig\u00eancia Artificial foi criado pela Lei Complementar n\u00ba 205, de 19 de maio de 2025, conforme disposto no artigo 49. Trata-se de uma infraestrutura digital estrat\u00e9gica voltada ao treinamento, desenvolvimento e pesquisa em intelig\u00eancia artificial aberta, em parceria com o Centro de Excel\u00eancia em Intelig\u00eancia Artificial (CEIA), da [&hellip;]<\/p>\n","protected":false},"author":62,"featured_media":0,"parent":84536,"menu_order":0,"comment_status":"closed","ping_status":"closed","template":"","meta":{"footnotes":"","_links_to":"","_links_to_target":""},"class_list":["post-86004","page","type-page","status-publish","hentry"],"rttpg_featured_image_url":null,"rttpg_author":{"display_name":"italoreis","author_link":"https:\/\/goias.gov.br\/governo\/author\/italoreis\/"},"rttpg_comment":0,"rttpg_category":null,"rttpg_excerpt":"O Centro Estadual de Computa\u00e7\u00e3o Aberta e Intelig\u00eancia Artificial foi criado pela Lei Complementar n\u00ba 205, de 19 de maio de 2025, conforme disposto no artigo 49. Trata-se de uma infraestrutura digital estrat\u00e9gica voltada ao treinamento, desenvolvimento e pesquisa em intelig\u00eancia artificial aberta, em parceria com o Centro de Excel\u00eancia em Intelig\u00eancia Artificial (CEIA), da&hellip;","_links":{"self":[{"href":"https:\/\/goias.gov.br\/governo\/wp-json\/wp\/v2\/pages\/86004","targetHints":{"allow":["GET"]}}],"collection":[{"href":"https:\/\/goias.gov.br\/governo\/wp-json\/wp\/v2\/pages"}],"about":[{"href":"https:\/\/goias.gov.br\/governo\/wp-json\/wp\/v2\/types\/page"}],"author":[{"embeddable":true,"href":"https:\/\/goias.gov.br\/governo\/wp-json\/wp\/v2\/users\/62"}],"replies":[{"embeddable":true,"href":"https:\/\/goias.gov.br\/governo\/wp-json\/wp\/v2\/comments?post=86004"}],"version-history":[{"count":2,"href":"https:\/\/goias.gov.br\/governo\/wp-json\/wp\/v2\/pages\/86004\/revisions"}],"predecessor-version":[{"id":86283,"href":"https:\/\/goias.gov.br\/governo\/wp-json\/wp\/v2\/pages\/86004\/revisions\/86283"}],"up":[{"embeddable":true,"href":"https:\/\/goias.gov.br\/governo\/wp-json\/wp\/v2\/pages\/84536"}],"wp:attachment":[{"href":"https:\/\/goias.gov.br\/governo\/wp-json\/wp\/v2\/media?parent=86004"}],"curies":[{"name":"wp","href":"https:\/\/api.w.org\/{rel}","templated":true}]}}