

{"id":84536,"date":"2025-07-15T16:40:05","date_gmt":"2025-07-15T19:40:05","guid":{"rendered":"https:\/\/goias.gov.br\/governo\/?page_id=84536"},"modified":"2025-07-17T12:02:13","modified_gmt":"2025-07-17T15:02:13","slug":"go-ia","status":"publish","type":"page","link":"https:\/\/goias.gov.br\/governo\/go-ia\/","title":{"rendered":"GO.IA"},"content":{"rendered":"\n<h3><span style=\"color: #008000\">Pol\u00edtica Estadual de Fomento \u00e0 Inova\u00e7\u00e3o em Intelig\u00eancia Artificial<\/span><\/h3>\n\n\n\n<p><a href=\"https:\/\/legisla.casacivil.go.gov.br\/pesquisa_legislacao\/110694\/lei-complementar-205\" target=\"_blank\" rel=\"noopener\">LEI COMPLEMENTAR N\u00ba 205, DE 19 DE MAIO DE 2025<\/a><br \/><em>Institui a Pol\u00edtica Estadual de Fomento \u00e0 Inova\u00e7\u00e3o em Intelig\u00eancia Artificial no Estado de Goi\u00e1s.<\/em><\/p>\n<ol>\n<li><strong><span style=\"color: #0000ff;\">N\u00daCLEO DE \u00c9TICA E INOVA\u00c7\u00c3O EM INTELIG\u00caNCIA ARTIFICIAL<\/span><\/strong><br \/>Fica criado, na estrutura administrativa da SGG, o N\u00facleo de \u00c9tica e Inova\u00e7\u00e3o em Intelig\u00eancia Artificial &#8211; NEI-IA, com natureza consultiva, multissetorial e permanente, para promover o uso respons\u00e1vel, transparente e sustent\u00e1vel da IA no Estado de Goi\u00e1s, nos termos desta Lei Complementar. <br \/><a href=\"https:\/\/goias.gov.br\/governo\/go-ia\/nei-ia\/\" target=\"_blank\" rel=\"noopener\">Saiba mais<\/a><br \/><br \/><\/li>\n<li><strong><span style=\"color: #0000ff;\">SANDBOX\u00a0ESTADUAL PERMANENTE DE INTELIG\u00caNCIA ARTIFICIAL<\/span><\/strong><br \/>Fica institu\u00eddo no Estado de Goi\u00e1s o\u00a0<em>Sandbox<\/em> Estadual Permanente de Intelig\u00eancia Artificial, um ambiente regulat\u00f3rio experimental permanente destinado ao desenvolvimento, \u00e0 testagem e \u00e0 implementa\u00e7\u00e3o respons\u00e1vel de solu\u00e7\u00f5es inovadoras baseadas na IA.<br \/><a href=\"https:\/\/goias.gov.br\/governo\/go-ia\/sandbox-estadual-permanente-de-inteligencia-artificial\/\" target=\"_blank\" rel=\"noopener\">Saiba mais<\/a><br \/><br \/><\/li>\n<li><strong><span style=\"color: #0000ff;\">CENTRO ESTADUAL DE COMPUTA\u00c7\u00c3O ABERTA E INTELIG\u00caNCIA ARTIFICIAL<\/span><\/strong><br \/>Fica institu\u00eddo, no Estado de Goi\u00e1s, o Centro Estadual de Computa\u00e7\u00e3o Aberta e Intelig\u00eancia Artificial, infraestrutura digital estrat\u00e9gica dedicada ao treinamento, ao desenvolvimento e \u00e0 pesquisa na IA aberta, em colabora\u00e7\u00e3o com o Centro de Excel\u00eancia em Intelig\u00eancia Artificial \u2013 CEIA, da UFG. <br \/><a href=\"https:\/\/goias.gov.br\/governo\/go-ia\/centro-estadual-de-computacao-aberta-e-inteligencia-artificial\/\" target=\"_blank\" rel=\"noopener\">Saiba mais<\/a><\/li>\n<\/ol>\n","protected":false},"excerpt":{"rendered":"<p>Pol\u00edtica Estadual de Fomento \u00e0 Inova\u00e7\u00e3o em Intelig\u00eancia Artificial LEI COMPLEMENTAR N\u00ba 205, DE 19 DE MAIO DE 2025Institui a Pol\u00edtica Estadual de Fomento \u00e0 Inova\u00e7\u00e3o em Intelig\u00eancia Artificial no Estado de Goi\u00e1s. N\u00daCLEO DE \u00c9TICA E INOVA\u00c7\u00c3O EM INTELIG\u00caNCIA ARTIFICIALFica criado, na estrutura administrativa da SGG, o N\u00facleo de \u00c9tica e Inova\u00e7\u00e3o em Intelig\u00eancia [&hellip;]<\/p>\n","protected":false},"author":245,"featured_media":0,"parent":0,"menu_order":0,"comment_status":"closed","ping_status":"closed","template":"","meta":{"footnotes":"","_links_to":"","_links_to_target":""},"class_list":["post-84536","page","type-page","status-publish","hentry"],"rttpg_featured_image_url":null,"rttpg_author":{"display_name":"gabriellabeltrao","author_link":"https:\/\/goias.gov.br\/governo\/author\/gabriellabeltrao\/"},"rttpg_comment":0,"rttpg_category":null,"rttpg_excerpt":"Pol\u00edtica Estadual de Fomento \u00e0 Inova\u00e7\u00e3o em Intelig\u00eancia Artificial LEI COMPLEMENTAR N\u00ba 205, DE 19 DE MAIO DE 2025Institui a Pol\u00edtica Estadual de Fomento \u00e0 Inova\u00e7\u00e3o em Intelig\u00eancia Artificial no Estado de Goi\u00e1s. N\u00daCLEO DE \u00c9TICA E INOVA\u00c7\u00c3O EM INTELIG\u00caNCIA ARTIFICIALFica criado, na estrutura administrativa da SGG, o N\u00facleo de \u00c9tica e Inova\u00e7\u00e3o em Intelig\u00eancia&hellip;","_links":{"self":[{"href":"https:\/\/goias.gov.br\/governo\/wp-json\/wp\/v2\/pages\/84536","targetHints":{"allow":["GET"]}}],"collection":[{"href":"https:\/\/goias.gov.br\/governo\/wp-json\/wp\/v2\/pages"}],"about":[{"href":"https:\/\/goias.gov.br\/governo\/wp-json\/wp\/v2\/types\/page"}],"author":[{"embeddable":true,"href":"https:\/\/goias.gov.br\/governo\/wp-json\/wp\/v2\/users\/245"}],"replies":[{"embeddable":true,"href":"https:\/\/goias.gov.br\/governo\/wp-json\/wp\/v2\/comments?post=84536"}],"version-history":[{"count":2,"href":"https:\/\/goias.gov.br\/governo\/wp-json\/wp\/v2\/pages\/84536\/revisions"}],"predecessor-version":[{"id":87851,"href":"https:\/\/goias.gov.br\/governo\/wp-json\/wp\/v2\/pages\/84536\/revisions\/87851"}],"wp:attachment":[{"href":"https:\/\/goias.gov.br\/governo\/wp-json\/wp\/v2\/media?parent=84536"}],"curies":[{"name":"wp","href":"https:\/\/api.w.org\/{rel}","templated":true}]}}