

{"id":84490,"date":"2025-07-15T15:54:32","date_gmt":"2025-07-15T18:54:32","guid":{"rendered":"https:\/\/goias.gov.br\/governo\/?page_id=84490"},"modified":"2026-01-21T15:59:55","modified_gmt":"2026-01-21T18:59:55","slug":"nei-ia","status":"publish","type":"page","link":"https:\/\/goias.gov.br\/governo\/go-ia\/nei-ia\/","title":{"rendered":"N\u00facleo de \u00c9tica e Inova\u00e7\u00e3o em Intelig\u00eancia Artificial (NEI-IA)"},"content":{"rendered":"\t\t<div data-elementor-type=\"wp-page\" data-elementor-id=\"84490\" class=\"elementor elementor-84490\">\n\t\t\t\t<div class=\"elementor-element elementor-element-78b147a e-flex e-con-boxed e-con e-parent\" data-id=\"78b147a\" data-element_type=\"container\" data-e-type=\"container\">\n\t\t\t\t\t<div class=\"e-con-inner\">\n\t\t\t\t<div class=\"elementor-element elementor-element-4f6c889 elementor-widget elementor-widget-text-editor\" data-id=\"4f6c889\" data-element_type=\"widget\" data-e-type=\"widget\" data-widget_type=\"text-editor.default\">\n\t\t\t\t<div class=\"elementor-widget-container\">\n\t\t\t\t\t\t\t\t\t<p>O N\u00facleo de \u00c9tica e Inova\u00e7\u00e3o em Intelig\u00eancia Artificial (NEI-IA) foi institu\u00eddo pela\u00a0<a href=\"https:\/\/legisla.casacivil.go.gov.br\/pesquisa_legislacao\/110694\/lei-complementar-205\">Lei Complementar n\u00ba 205, de 19 de maio de 2025<\/a>, conforme disposto no artigo 27. Vinculado \u00e0 estrutura administrativa da Secretaria-Geral de Governo (SGG), o NEI-IA tem natureza consultiva, multissetorial e permanente, com o objetivo de promover o uso respons\u00e1vel, transparente e sustent\u00e1vel da intelig\u00eancia artificial no Estado de Goi\u00e1s.<\/p>\t\t\t\t\t\t\t\t<\/div>\n\t\t\t\t<\/div>\n\t\t\t\t<div class=\"elementor-element elementor-element-7f65649 elementor-widget elementor-widget-n-accordion\" data-id=\"7f65649\" data-element_type=\"widget\" data-e-type=\"widget\" data-settings=\"{&quot;default_state&quot;:&quot;expanded&quot;,&quot;max_items_expended&quot;:&quot;one&quot;,&quot;n_accordion_animation_duration&quot;:{&quot;unit&quot;:&quot;ms&quot;,&quot;size&quot;:400,&quot;sizes&quot;:[]}}\" data-widget_type=\"nested-accordion.default\">\n\t\t\t\t<div class=\"elementor-widget-container\">\n\t\t\t\t\t\t\t<div class=\"e-n-accordion\" aria-label=\"Accordion. Open links with Enter or Space, close with Escape, and navigate with Arrow Keys\">\n\t\t\t\t\t\t<details id=\"e-n-accordion-item-1330\" class=\"e-n-accordion-item\" open>\n\t\t\t\t<summary class=\"e-n-accordion-item-title\" data-accordion-index=\"1\" tabindex=\"0\" aria-expanded=\"true\" aria-controls=\"e-n-accordion-item-1330\" >\n\t\t\t\t\t<span class='e-n-accordion-item-title-header'><div class=\"e-n-accordion-item-title-text\"> 1. COMPET\u00caNCIAS <\/div><\/span>\n\t\t\t\t\t\t\t<span class='e-n-accordion-item-title-icon'>\n\t\t\t<span class='e-opened' ><svg aria-hidden=\"true\" class=\"e-font-icon-svg e-fas-chevron-down\" viewBox=\"0 0 448 512\" xmlns=\"http:\/\/www.w3.org\/2000\/svg\"><path d=\"M207.029 381.476L12.686 187.132c-9.373-9.373-9.373-24.569 0-33.941l22.667-22.667c9.357-9.357 24.522-9.375 33.901-.04L224 284.505l154.745-154.021c9.379-9.335 24.544-9.317 33.901.04l22.667 22.667c9.373 9.373 9.373 24.569 0 33.941L240.971 381.476c-9.373 9.372-24.569 9.372-33.942 0z\"><\/path><\/svg><\/span>\n\t\t\t<span class='e-closed'><svg aria-hidden=\"true\" class=\"e-font-icon-svg e-fas-chevron-right\" viewBox=\"0 0 320 512\" xmlns=\"http:\/\/www.w3.org\/2000\/svg\"><path d=\"M285.476 272.971L91.132 467.314c-9.373 9.373-24.569 9.373-33.941 0l-22.667-22.667c-9.357-9.357-9.375-24.522-.04-33.901L188.505 256 34.484 101.255c-9.335-9.379-9.317-24.544.04-33.901l22.667-22.667c9.373-9.373 24.569-9.373 33.941 0L285.475 239.03c9.373 9.372 9.373 24.568.001 33.941z\"><\/path><\/svg><\/span>\n\t\t<\/span>\n\n\t\t\t\t\t\t<\/summary>\n\t\t\t\t<div role=\"region\" aria-labelledby=\"e-n-accordion-item-1330\" class=\"elementor-element elementor-element-27de7c2 e-con-full e-flex e-con e-child\" data-id=\"27de7c2\" data-element_type=\"container\" data-e-type=\"container\">\n\t\t\t\t<div class=\"elementor-element elementor-element-8dc279a elementor-widget elementor-widget-text-editor\" data-id=\"8dc279a\" data-element_type=\"widget\" data-e-type=\"widget\" data-widget_type=\"text-editor.default\">\n\t\t\t\t<div class=\"elementor-widget-container\">\n\t\t\t\t\t\t\t\t\t<ul class=\"wp-block-list\"><li>Propor e acompanhar ambientes experimentais (<em>sandboxes<\/em>) de inova\u00e7\u00e3o em IA, com base nos princ\u00edpios da IA aberta, inova\u00e7\u00e3o tecnol\u00f3gica respons\u00e1vel e sustentabilidade ambiental, em articula\u00e7\u00e3o com os \u00f3rg\u00e3os p\u00fablicos competentes;<\/li><li>Elaborar e divulgar diretrizes \u00e9ticas e boas pr\u00e1ticas para o desenvolvimento, o uso e a contrata\u00e7\u00e3o de sistemas de intelig\u00eancia artificial pelo poder p\u00fablico estadual;<\/li><li>Atuar como espa\u00e7o de escuta p\u00fablica e participa\u00e7\u00e3o multissetorial, com di\u00e1logos, consultas e oficinas sobre os impactos sociais, econ\u00f4micos e ambientais da IA no Estado;<\/li><li>Apoiar, t\u00e9cnica e institucionalmente, a formula\u00e7\u00e3o de pol\u00edticas p\u00fablicas e programas estaduais que envolvam o uso da IA, em especial em \u00e1reas como educa\u00e7\u00e3o, pesquisa, infraestrutura digital e sustentabilidade, nos termos desta Lei Complementar;<\/li><li>Articular\u2013se com redes nacionais e internacionais de pesquisa, governan\u00e7a e inova\u00e7\u00e3o na IA, para a inser\u00e7\u00e3o de Goi\u00e1s nos f\u00f3runs globais da \u00e1rea;<\/li><li>Produzir e divulgar relat\u00f3rios, pareceres e estudos t\u00e9cnicos sobre o desenvolvimento da IA no Estado, inclusive sobre seus impactos clim\u00e1ticos, com foco no mapeamento e no fomento de oportunidades oferecidas pela tecnologia;<\/li><li>Propor recomenda\u00e7\u00f5es aos \u00f3rg\u00e3os p\u00fablicos estaduais sobre investimentos, forma\u00e7\u00e3o de parcerias, editais e contrata\u00e7\u00f5es relacionados \u00e0 IA;<\/li><li>Apoiar os \u00f3rg\u00e3os e as entidades da administra\u00e7\u00e3o estadual na estrutura\u00e7\u00e3o e na execu\u00e7\u00e3o das pol\u00edticas p\u00fablicas setoriais referenciadas no art. 19, inciso IV, desta Lei Complementar;<\/li><li>Monitorar a implementa\u00e7\u00e3o das pol\u00edticas de prefer\u00eancia por software aberto e modelos open source nos projetos p\u00fablicos estaduais da IA, com a elabora\u00e7\u00e3o de relat\u00f3rios espec\u00edficos sobre a ado\u00e7\u00e3o delas;<\/li><li>Produzir relat\u00f3rios peri\u00f3dicos sobre os impactos ambientais, econ\u00f4micos e tecnol\u00f3gicos da utiliza\u00e7\u00e3o do biometano na infraestrutura digital estrat\u00e9gica do Estado de Goi\u00e1s; e<\/li><li>Coordenar e supervisionar o funcionamento do Sandbox Estadual Permanente de Intelig\u00eancia Artificial, nos termos do Cap\u00edtulo VIII desta Lei Complementar.<\/li><\/ul>\t\t\t\t\t\t\t\t<\/div>\n\t\t\t\t<\/div>\n\t\t\t\t<\/div>\n\t\t\t\t\t<\/details>\n\t\t\t\t\t\t<details id=\"e-n-accordion-item-1331\" class=\"e-n-accordion-item\" >\n\t\t\t\t<summary class=\"e-n-accordion-item-title\" data-accordion-index=\"2\" tabindex=\"-1\" aria-expanded=\"false\" aria-controls=\"e-n-accordion-item-1331\" >\n\t\t\t\t\t<span class='e-n-accordion-item-title-header'><div class=\"e-n-accordion-item-title-text\"> 2. EIXOS DE ATUA\u00c7\u00c3O <\/div><\/span>\n\t\t\t\t\t\t\t<span class='e-n-accordion-item-title-icon'>\n\t\t\t<span class='e-opened' ><svg aria-hidden=\"true\" class=\"e-font-icon-svg e-fas-chevron-down\" viewBox=\"0 0 448 512\" xmlns=\"http:\/\/www.w3.org\/2000\/svg\"><path d=\"M207.029 381.476L12.686 187.132c-9.373-9.373-9.373-24.569 0-33.941l22.667-22.667c9.357-9.357 24.522-9.375 33.901-.04L224 284.505l154.745-154.021c9.379-9.335 24.544-9.317 33.901.04l22.667 22.667c9.373 9.373 9.373 24.569 0 33.941L240.971 381.476c-9.373 9.372-24.569 9.372-33.942 0z\"><\/path><\/svg><\/span>\n\t\t\t<span class='e-closed'><svg aria-hidden=\"true\" class=\"e-font-icon-svg e-fas-chevron-right\" viewBox=\"0 0 320 512\" xmlns=\"http:\/\/www.w3.org\/2000\/svg\"><path d=\"M285.476 272.971L91.132 467.314c-9.373 9.373-24.569 9.373-33.941 0l-22.667-22.667c-9.357-9.357-9.375-24.522-.04-33.901L188.505 256 34.484 101.255c-9.335-9.379-9.317-24.544.04-33.901l22.667-22.667c9.373-9.373 24.569-9.373 33.941 0L285.475 239.03c9.373 9.372 9.373 24.568.001 33.941z\"><\/path><\/svg><\/span>\n\t\t<\/span>\n\n\t\t\t\t\t\t<\/summary>\n\t\t\t\t<div role=\"region\" aria-labelledby=\"e-n-accordion-item-1331\" class=\"elementor-element elementor-element-dfc9f0e e-con-full e-flex e-con e-child\" data-id=\"dfc9f0e\" data-element_type=\"container\" data-e-type=\"container\">\n\t\t\t\t<div class=\"elementor-element elementor-element-8b88afb elementor-widget elementor-widget-text-editor\" data-id=\"8b88afb\" data-element_type=\"widget\" data-e-type=\"widget\" data-widget_type=\"text-editor.default\">\n\t\t\t\t<div class=\"elementor-widget-container\">\n\t\t\t\t\t\t\t\t\t<p>O NEI-IA dever\u00e1 ser consultado previamente sobre temas estrat\u00e9gicos ligados \u00e0 IA, como:<\/p><ul><li>Diretrizes e instrumentos de fomento \u00e0 pesquisa e inova\u00e7\u00e3o;<\/li><li>Crit\u00e9rios para infraestruturas digitais estrat\u00e9gicas;<\/li><li>Iniciativas de capacita\u00e7\u00e3o e educa\u00e7\u00e3o t\u00e9cnica;<\/li><li>Par\u00e2metros de sustentabilidade e governan\u00e7a ambiental;<\/li><li>Propostas de ambientes experimentais (<em>sandboxes<\/em>); e<\/li><li>Pol\u00edticas setoriais em \u00e1reas como agropecu\u00e1ria, ind\u00fastria e com\u00e9rcio.<\/li><\/ul>\t\t\t\t\t\t\t\t<\/div>\n\t\t\t\t<\/div>\n\t\t\t\t<\/div>\n\t\t\t\t\t<\/details>\n\t\t\t\t\t\t<details id=\"e-n-accordion-item-1332\" class=\"e-n-accordion-item\" >\n\t\t\t\t<summary class=\"e-n-accordion-item-title\" data-accordion-index=\"3\" tabindex=\"-1\" aria-expanded=\"false\" aria-controls=\"e-n-accordion-item-1332\" >\n\t\t\t\t\t<span class='e-n-accordion-item-title-header'><div class=\"e-n-accordion-item-title-text\"> 3. COMPOSI\u00c7\u00c3O DO NEI-IA <\/div><\/span>\n\t\t\t\t\t\t\t<span class='e-n-accordion-item-title-icon'>\n\t\t\t<span class='e-opened' ><svg aria-hidden=\"true\" class=\"e-font-icon-svg e-fas-chevron-down\" viewBox=\"0 0 448 512\" xmlns=\"http:\/\/www.w3.org\/2000\/svg\"><path d=\"M207.029 381.476L12.686 187.132c-9.373-9.373-9.373-24.569 0-33.941l22.667-22.667c9.357-9.357 24.522-9.375 33.901-.04L224 284.505l154.745-154.021c9.379-9.335 24.544-9.317 33.901.04l22.667 22.667c9.373 9.373 9.373 24.569 0 33.941L240.971 381.476c-9.373 9.372-24.569 9.372-33.942 0z\"><\/path><\/svg><\/span>\n\t\t\t<span class='e-closed'><svg aria-hidden=\"true\" class=\"e-font-icon-svg e-fas-chevron-right\" viewBox=\"0 0 320 512\" xmlns=\"http:\/\/www.w3.org\/2000\/svg\"><path d=\"M285.476 272.971L91.132 467.314c-9.373 9.373-24.569 9.373-33.941 0l-22.667-22.667c-9.357-9.357-9.375-24.522-.04-33.901L188.505 256 34.484 101.255c-9.335-9.379-9.317-24.544.04-33.901l22.667-22.667c9.373-9.373 24.569-9.373 33.941 0L285.475 239.03c9.373 9.372 9.373 24.568.001 33.941z\"><\/path><\/svg><\/span>\n\t\t<\/span>\n\n\t\t\t\t\t\t<\/summary>\n\t\t\t\t<div role=\"region\" aria-labelledby=\"e-n-accordion-item-1332\" class=\"elementor-element elementor-element-b54c74d e-con-full e-flex e-con e-child\" data-id=\"b54c74d\" data-element_type=\"container\" data-e-type=\"container\">\n\t\t\t\t<div class=\"elementor-element elementor-element-95afb91 elementor-widget elementor-widget-text-editor\" data-id=\"95afb91\" data-element_type=\"widget\" data-e-type=\"widget\" data-widget_type=\"text-editor.default\">\n\t\t\t\t<div class=\"elementor-widget-container\">\n\t\t\t\t\t\t\t\t\t<p>O NEI-IA, observadas a paridade entre os setores p\u00fablico e n\u00e3o estatal e a representatividade t\u00e9cnica e de g\u00eanero, \u00e9 composto por, no m\u00ednimo, um representante, com seu respectivo suplente:<\/p><h5><span style=\"color: #008000;\">I \u2013 da Secretaria-Geral de Governo, que presidir\u00e1 o n\u00facleo;<\/span><\/h5><p>Titular: Adriano da Rocha Lima<br \/>Suplente: Daniel Garcia de Oliveira<\/p><h5><span style=\"color: #008000;\">II \u2013 da Subsecretaria de Tecnologia da Informa\u00e7\u00e3o \u2013 STI, da SGG;<\/span><\/h5><p>Titular: M\u00e1rcio C\u00e9sar Pereira<br \/>Suplente: Alaor Jos\u00e9 da Silva J\u00fanior<\/p><h5><span style=\"color: #008000;\">III \u2013 do Centro de Excel\u00eancia em Intelig\u00eancia Artificial CEIA-UFG;<\/span><\/h5><p>Titular: Telma Woerle de Lima Soares<br \/>Suplente: Nadia Felix Felipe da Silva<\/p><h5><span style=\"color: #008000;\">IV \u2013 da Secretaria de Estado de Ci\u00eancia, Tecnologia e Inova\u00e7\u00e3o \u2013 SECTI;<\/span><\/h5><p>Titular: Jos\u00e9 Frederico Lyra Netto<br \/>Suplente: Raphael dos Santos Veloso Martins<\/p><h5><span style=\"color: #008000;\">V \u2013 da Secretaria de Estado de Meio Ambiente e Desenvolvimento Sustent\u00e1vel \u2013 SEMAD;<\/span><\/h5><p>Titular: Robson Disarz\u00a0<br \/>Suplente: Natalia Cristina Lino<\/p><h5><span style=\"color: #008000;\">VI \u2013 do setor empresarial ligado \u00e0 tecnologia ou inova\u00e7\u00e3o;<br \/><\/span><\/h5><p>Titular: Rubens Jos\u00e9 Fileti\u00a0<br \/>Suplente: Juliano Rescalla Sabbag Guimar\u00e3es<\/p><h5><span style=\"color: #008000;\">VII \u2013 de organiza\u00e7\u00e3o da sociedade civil com atua\u00e7\u00e3o em direitos digitais ou desenvolvimento sustent\u00e1vel;<\/span><\/h5><p>Titular: Andr\u00e9 Luiz Sucupira Ant\u00f4nio<br \/>Suplente: Brenna de Oliveira Nobre<\/p><h5><span style=\"color: #008000;\">VIII \u2013 da \u00e1rea da IA na condi\u00e7\u00e3o de pesquisador ou especialista independente com comprovada atua\u00e7\u00e3o.<\/span><\/h5><p>Titular: Fabro Boaz Steibel<br \/>Suplente: Celina Beatriz Mendes de Almeida Bottino<\/p><p>Titular: Diego Siqueira Santos<br \/>Suplente:Bruno Cavalcante<\/p><p>Titular: Robson Domingos Vieira<br \/>Suplente: Geovany Ara\u00fajo Borges<\/p>\t\t\t\t\t\t\t\t<\/div>\n\t\t\t\t<\/div>\n\t\t\t\t<\/div>\n\t\t\t\t\t<\/details>\n\t\t\t\t\t\t<details id=\"e-n-accordion-item-1333\" class=\"e-n-accordion-item\" >\n\t\t\t\t<summary class=\"e-n-accordion-item-title\" data-accordion-index=\"4\" tabindex=\"-1\" aria-expanded=\"false\" aria-controls=\"e-n-accordion-item-1333\" >\n\t\t\t\t\t<span class='e-n-accordion-item-title-header'><div class=\"e-n-accordion-item-title-text\"> 4. DOCUMENTOS OFICIAIS <\/div><\/span>\n\t\t\t\t\t\t\t<span class='e-n-accordion-item-title-icon'>\n\t\t\t<span class='e-opened' ><svg aria-hidden=\"true\" class=\"e-font-icon-svg e-fas-chevron-down\" viewBox=\"0 0 448 512\" xmlns=\"http:\/\/www.w3.org\/2000\/svg\"><path d=\"M207.029 381.476L12.686 187.132c-9.373-9.373-9.373-24.569 0-33.941l22.667-22.667c9.357-9.357 24.522-9.375 33.901-.04L224 284.505l154.745-154.021c9.379-9.335 24.544-9.317 33.901.04l22.667 22.667c9.373 9.373 9.373 24.569 0 33.941L240.971 381.476c-9.373 9.372-24.569 9.372-33.942 0z\"><\/path><\/svg><\/span>\n\t\t\t<span class='e-closed'><svg aria-hidden=\"true\" class=\"e-font-icon-svg e-fas-chevron-right\" viewBox=\"0 0 320 512\" xmlns=\"http:\/\/www.w3.org\/2000\/svg\"><path d=\"M285.476 272.971L91.132 467.314c-9.373 9.373-24.569 9.373-33.941 0l-22.667-22.667c-9.357-9.357-9.375-24.522-.04-33.901L188.505 256 34.484 101.255c-9.335-9.379-9.317-24.544.04-33.901l22.667-22.667c9.373-9.373 24.569-9.373 33.941 0L285.475 239.03c9.373 9.372 9.373 24.568.001 33.941z\"><\/path><\/svg><\/span>\n\t\t<\/span>\n\n\t\t\t\t\t\t<\/summary>\n\t\t\t\t<div role=\"region\" aria-labelledby=\"e-n-accordion-item-1333\" class=\"elementor-element elementor-element-8b76bb5 e-flex e-con-boxed e-con e-child\" data-id=\"8b76bb5\" data-element_type=\"container\" data-e-type=\"container\">\n\t\t\t\t\t<div class=\"e-con-inner\">\n\t\t\t\t<div class=\"elementor-element elementor-element-7ba58ac elementor-widget elementor-widget-text-editor\" data-id=\"7ba58ac\" data-element_type=\"widget\" data-e-type=\"widget\" data-widget_type=\"text-editor.default\">\n\t\t\t\t<div class=\"elementor-widget-container\">\n\t\t\t\t\t\t\t\t\t<ul><li><a href=\"https:\/\/goias.gov.br\/governo\/go-ia\/nei-ia\/resolucoes\/\">Resolu\u00e7\u00f5es do NEI-IA<\/a> (Publica\u00e7\u00e3o em andamento)<\/li><li><a href=\"https:\/\/goias.gov.br\/governo\/go-ia\/nei-ia\/atas-das-reunioes-ordinarias\/\">Atas das Reuni\u00f5es Ordin\u00e1rias<\/a> (Publica\u00e7\u00e3o em andamento)<\/li><li><a href=\"https:\/\/goias.gov.br\/governo\/go-ia\/nei-ia\/atas-das-reunioes-extraordinarias\/\">Atas das Reuni\u00f5es Extraordin\u00e1rias<\/a> (Publica\u00e7\u00e3o em andamento)<\/li><li><a href=\"https:\/\/goias.gov.br\/governo\/go-ia\/nei-ia\/chamamento-publico\/\">Chamamento P\u00fablico<\/a>\u00a0<\/li><li><a href=\"https:\/\/goias.gov.br\/governo\/go-ia\/nei-ia\/edital-para-selecao-do-nei-ia\/\">Edital para sele\u00e7\u00e3o de organiza\u00e7\u00f5es da sociedade civil para composi\u00e7\u00e3o do NEI-IA<\/a><\/li><li><a href=\"https:\/\/goias.gov.br\/governo\/wp-content\/uploads\/sites\/11\/2025\/10\/SEI-202518037009426-Publicacao-Decreto-NEI-IA-15.10.2025.pdf\" target=\"_blank\" rel=\"noopener\">Decreto de nomea\u00e7\u00e3o de membros titulares e suplentes do NEI-IA<\/a><\/li><\/ul>\t\t\t\t\t\t\t\t<\/div>\n\t\t\t\t<\/div>\n\t\t\t\t\t<\/div>\n\t\t\t\t<\/div>\n\t\t\t\t\t<\/details>\n\t\t\t\t\t\t<details id=\"e-n-accordion-item-1334\" class=\"e-n-accordion-item\" >\n\t\t\t\t<summary class=\"e-n-accordion-item-title\" data-accordion-index=\"5\" tabindex=\"-1\" aria-expanded=\"false\" aria-controls=\"e-n-accordion-item-1334\" >\n\t\t\t\t\t<span class='e-n-accordion-item-title-header'><div class=\"e-n-accordion-item-title-text\"> 5. CANAIS DE ATENDIMENTO <\/div><\/span>\n\t\t\t\t\t\t\t<span class='e-n-accordion-item-title-icon'>\n\t\t\t<span class='e-opened' ><svg aria-hidden=\"true\" class=\"e-font-icon-svg e-fas-chevron-down\" viewBox=\"0 0 448 512\" xmlns=\"http:\/\/www.w3.org\/2000\/svg\"><path d=\"M207.029 381.476L12.686 187.132c-9.373-9.373-9.373-24.569 0-33.941l22.667-22.667c9.357-9.357 24.522-9.375 33.901-.04L224 284.505l154.745-154.021c9.379-9.335 24.544-9.317 33.901.04l22.667 22.667c9.373 9.373 9.373 24.569 0 33.941L240.971 381.476c-9.373 9.372-24.569 9.372-33.942 0z\"><\/path><\/svg><\/span>\n\t\t\t<span class='e-closed'><svg aria-hidden=\"true\" class=\"e-font-icon-svg e-fas-chevron-right\" viewBox=\"0 0 320 512\" xmlns=\"http:\/\/www.w3.org\/2000\/svg\"><path d=\"M285.476 272.971L91.132 467.314c-9.373 9.373-24.569 9.373-33.941 0l-22.667-22.667c-9.357-9.357-9.375-24.522-.04-33.901L188.505 256 34.484 101.255c-9.335-9.379-9.317-24.544.04-33.901l22.667-22.667c9.373-9.373 24.569-9.373 33.941 0L285.475 239.03c9.373 9.372 9.373 24.568.001 33.941z\"><\/path><\/svg><\/span>\n\t\t<\/span>\n\n\t\t\t\t\t\t<\/summary>\n\t\t\t\t<div role=\"region\" aria-labelledby=\"e-n-accordion-item-1334\" class=\"elementor-element elementor-element-7d00631 e-flex e-con-boxed e-con e-child\" data-id=\"7d00631\" data-element_type=\"container\" data-e-type=\"container\">\n\t\t\t\t\t<div class=\"e-con-inner\">\n\t\t\t\t<div class=\"elementor-element elementor-element-7f9b2cf elementor-widget elementor-widget-text-editor\" data-id=\"7f9b2cf\" data-element_type=\"widget\" data-e-type=\"widget\" data-widget_type=\"text-editor.default\">\n\t\t\t\t<div class=\"elementor-widget-container\">\n\t\t\t\t\t\t\t\t\t<ul><li><strong>E-mail:<\/strong>\u00a0[a ser informado]<\/li><li><strong>Telefone:<\/strong>\u00a0[a ser informado]<\/li><li><strong>Unidade SEI:<\/strong>\u00a0[n\u00famero da unidade]<\/li><\/ul>\t\t\t\t\t\t\t\t<\/div>\n\t\t\t\t<\/div>\n\t\t\t\t\t<\/div>\n\t\t\t\t<\/div>\n\t\t\t\t\t<\/details>\n\t\t\t\t\t<\/div>\n\t\t\t\t\t\t<\/div>\n\t\t\t\t<\/div>\n\t\t\t\t\t<\/div>\n\t\t\t\t<\/div>\n\t\t\t\t<\/div>\n\t\t","protected":false},"excerpt":{"rendered":"<p>O N\u00facleo de \u00c9tica e Inova\u00e7\u00e3o em Intelig\u00eancia Artificial (NEI-IA) foi institu\u00eddo pela\u00a0Lei Complementar n\u00ba 205, de 19 de maio de 2025, conforme disposto no artigo 27. Vinculado \u00e0 estrutura administrativa da Secretaria-Geral de Governo (SGG), o NEI-IA tem natureza consultiva, multissetorial e permanente, com o objetivo de promover o uso respons\u00e1vel, transparente e sustent\u00e1vel [&hellip;]<\/p>\n","protected":false},"author":1,"featured_media":0,"parent":84536,"menu_order":0,"comment_status":"closed","ping_status":"closed","template":"","meta":{"footnotes":"","_links_to":"","_links_to_target":""},"class_list":["post-84490","page","type-page","status-publish","hentry"],"rttpg_featured_image_url":null,"rttpg_author":{"display_name":"wagner.viana","author_link":"https:\/\/goias.gov.br\/governo\/author\/wagner-viana\/"},"rttpg_comment":0,"rttpg_category":null,"rttpg_excerpt":"O N\u00facleo de \u00c9tica e Inova\u00e7\u00e3o em Intelig\u00eancia Artificial (NEI-IA) foi institu\u00eddo pela\u00a0Lei Complementar n\u00ba 205, de 19 de maio de 2025, conforme disposto no artigo 27. Vinculado \u00e0 estrutura administrativa da Secretaria-Geral de Governo (SGG), o NEI-IA tem natureza consultiva, multissetorial e permanente, com o objetivo de promover o uso respons\u00e1vel, transparente e sustent\u00e1vel&hellip;","_links":{"self":[{"href":"https:\/\/goias.gov.br\/governo\/wp-json\/wp\/v2\/pages\/84490","targetHints":{"allow":["GET"]}}],"collection":[{"href":"https:\/\/goias.gov.br\/governo\/wp-json\/wp\/v2\/pages"}],"about":[{"href":"https:\/\/goias.gov.br\/governo\/wp-json\/wp\/v2\/types\/page"}],"author":[{"embeddable":true,"href":"https:\/\/goias.gov.br\/governo\/wp-json\/wp\/v2\/users\/1"}],"replies":[{"embeddable":true,"href":"https:\/\/goias.gov.br\/governo\/wp-json\/wp\/v2\/comments?post=84490"}],"version-history":[{"count":2,"href":"https:\/\/goias.gov.br\/governo\/wp-json\/wp\/v2\/pages\/84490\/revisions"}],"predecessor-version":[{"id":123356,"href":"https:\/\/goias.gov.br\/governo\/wp-json\/wp\/v2\/pages\/84490\/revisions\/123356"}],"up":[{"embeddable":true,"href":"https:\/\/goias.gov.br\/governo\/wp-json\/wp\/v2\/pages\/84536"}],"wp:attachment":[{"href":"https:\/\/goias.gov.br\/governo\/wp-json\/wp\/v2\/media?parent=84490"}],"curies":[{"name":"wp","href":"https:\/\/api.w.org\/{rel}","templated":true}]}}