

{"id":67465,"date":"2025-05-22T12:16:16","date_gmt":"2025-05-22T15:16:16","guid":{"rendered":"https:\/\/goias.gov.br\/governo\/?page_id=67465"},"modified":"2026-03-12T16:37:03","modified_gmt":"2026-03-12T19:37:03","slug":"cidades-inteligentes","status":"publish","type":"page","link":"https:\/\/goias.gov.br\/governo\/cidades-inteligentes\/","title":{"rendered":"Cidades Inteligentes"},"content":{"rendered":"\n<p>Os estudos e projetos sobre a \u00e1rea de Cidades Inteligentes s\u00e3o de responsabilidade da&nbsp;<em>Ger\u00eancia de Cidades Inteligentes<\/em>, unidade administrativa da&nbsp;<strong>Superintend\u00eancia de Telecomunica\u00e7\u00f5es e Cidades Inteligentes,<\/strong>&nbsp;que faz parte da&nbsp;<strong>Subsecretaria de Energia, Telecomunica\u00e7\u00f5es e Cidades Inteligentes.<\/strong>&nbsp;&nbsp;<\/p>\n\n\n\n<h4 class=\"wp-block-heading\"><span style=\"color: #008000\">Compet\u00eancias<\/span><\/h4>\n\n\n\n<ul class=\"wp-block-list\">\n<li>Acompanhar as pol\u00edticas p\u00fablicas nacionais de cidades inteligentes; &nbsp;<\/li>\n\n\n\n<li>Planejar, coordenar, propor e acompanhar a elabora\u00e7\u00e3o e a execu\u00e7\u00e3o das pol\u00edticas p\u00fablicas estaduais de cidades inteligentes; &nbsp;<\/li>\n\n\n\n<li>Desenvolver programas, projetos, a\u00e7\u00f5es, estudos e pesquisas de inova\u00e7\u00f5es cient\u00edficas ou tecnol\u00f3gicas na \u00e1rea de cidades inteligentes; &nbsp;<\/li>\n\n\n\n<li>Avaliar a efici\u00eancia, a efic\u00e1cia e a efetividade da execu\u00e7\u00e3o das pol\u00edticas p\u00fablicas estaduais de cidades inteligentes; &nbsp;<\/li>\n\n\n\n<li>Promover e divulgar dados estat\u00edsticos de cidades inteligentes; &nbsp;<\/li>\n\n\n\n<li>Incentivar e apoiar o desenvolvimento de cidades inteligentes no Estado; &nbsp;<\/li>\n\n\n\n<li>Incentivar e apoiar, em outros \u00f3rg\u00e3os e entidades p\u00fablicos, o desenvolvimento de programas, projetos e a\u00e7\u00f5es relacionados a cidades inteligentes; &nbsp;<\/li>\n\n\n\n<li>Manter a interlocu\u00e7\u00e3o entre as esferas federal, estadual e municipal, tamb\u00e9m com agentes p\u00fablicos e privados, para o aprimoramento das pol\u00edticas p\u00fablicas estaduais de cidades inteligentes, inclusive com a proposi\u00e7\u00e3o e o acompanhamento de acordos, conv\u00eanios e outros ajustes; &nbsp;<\/li>\n\n\n\n<li>Identificar oportunidades de investimento e viabilizar projetos para a capta\u00e7\u00e3o de recursos na \u00e1rea de cidades inteligentes; &nbsp;<\/li>\n\n\n\n<li>Encarregar-se de compet\u00eancias correlatas na \u00e1rea de pol\u00edticas p\u00fablicas de cidades inteligentes.&nbsp;<\/li>\n<\/ul>\n\n\n\n<h4 class=\"wp-block-heading\"><span style=\"color: #008000\">O que s\u00e3o cidades inteligentes?&nbsp;&nbsp;<\/span><\/h4>\n\n\n\n<p>S\u00e3o cidades comprometidas com o desenvolvimento urbano e a transforma\u00e7\u00e3o digital sustent\u00e1veis, em seus aspectos econ\u00f4mico, ambiental e sociocultural, que atuam de forma planejada, inovadora, inclusiva e em rede, promovem o letramento digital, a governan\u00e7a e a gest\u00e3o colaborativas e utilizam tecnologias para solucionar problemas concretos, criar oportunidades, oferecer servi\u00e7os com efici\u00eancia, reduzir desigualdades, aumentar a resili\u00eancia e melhorar a qualidade de vida de todas as pessoas, garantindo o uso seguro e respons\u00e1vel de dados e das tecnologias da informa\u00e7\u00e3o e comunica\u00e7\u00e3o. <em>(Fonte: Carta Brasileira para Cidades Inteligentes, 2021)&nbsp;<\/em><\/p>\n\n\n\n<p>Caracterizam-se pela associa\u00e7\u00e3o de projetos tecnol\u00f3gicos a pol\u00edticas p\u00fablicas, visando enfrentar desafios e implantar solu\u00e7\u00f5es que almejam ampliar a quantidade e qualidade dos servi\u00e7os.&nbsp;<\/p>\n\n\n\n<h4 class=\"wp-block-heading\"><span style=\"color: #008000;\">Principais projetos<\/span><\/h4>\n\n\n\n<ul class=\"wp-block-list\">\n<li><strong>Videomonitoramento com Intelig\u00eancia Artificial<\/strong><br>Implanta\u00e7\u00e3o de um sistema de videomonitoramento com Intelig\u00eancia Artificial, por meio da instala\u00e7\u00e3o de c\u00e2meras em vias e espa\u00e7os p\u00fablicos. A iniciativa integra o programa IA contra o Crime e amplia as a\u00e7\u00f5es de seguran\u00e7a p\u00fablica em nove munic\u00edpios goianos. <a href=\"https:\/\/goias.gov.br\/governo\/videomonitoramento-com-inteligencia-artificial\/\">Saiba mais<\/a>.<br><\/li>\n\n\n\n<li><strong>Goi\u00e1s Inteligente<\/strong><br>Iniciativa pioneira no Brasil, estabelece diretrizes e estrat\u00e9gias para apoiar os munic\u00edpios goianos na moderniza\u00e7\u00e3o da gest\u00e3o p\u00fablica e no uso estrat\u00e9gico de tecnologia, promovendo cidades mais eficientes, inovadoras e sustent\u00e1veis. <a href=\"https:\/\/goias.gov.br\/governo\/cidades-inteligentes\/goias-inteligente\/\">Saiba mais<\/a>.<br><\/li>\n\n\n\n<li><strong><strong>Observat\u00f3rio Estadual de Cidades Inteligentes<\/strong><\/strong><br>Re\u00fane e organiza indicadores estrat\u00e9gicos sobre os munic\u00edpios goianos, permitindo diagn\u00f3sticos e acompanhamento do desempenho das cidades em diferentes \u00e1reas, apoiando a formula\u00e7\u00e3o de pol\u00edticas p\u00fablicas baseadas em dados. <a href=\"https:\/\/goias.gov.br\/governo\/cidades-inteligentes\/observatorio-estadual-de-cidades-inteligentes\/\">Saiba mais<\/a>.<\/li>\n<\/ul>\n\n\n\n<h4 class=\"wp-block-heading\"><span style=\"color: #008000;\">Leitura regulament\u00e1ria<\/span><\/h4>\n\n\n\n<ul class=\"wp-block-list\">\n<li><a href=\"https:\/\/abnt.org.br\/certificacao\/smartcities\/#:~:text=ABNT%20NBR%20ISO%2037120_%20INDICADORES%20PARA%20CIDADES%20RESILIENTES&amp;text=Esse%20processo%20permite%20medir%20o,vida%20ao%20longo%20do%20tempo\">ABNT ISO 37120<\/a>\u00a0<\/li>\n\n\n\n<li><a href=\"https:\/\/transparencia.caubr.gov.br\/arquivos\/P_ABNTNBRISO37122_2020CN-final.pdf\">ABNT ISO 37122<\/a>\u00a0<\/li>\n\n\n\n<li><a href=\"https:\/\/www.normas.com.br\/visualizar\/abnt-nbr-nm\/12994\/nbriso37123-cidades-e-comunidades-sustentaveis-indicadores-para-cidades-resilientes\">ABNT ISO 37123<\/a><\/li>\n\n\n\n<li><a href=\"https:\/\/www.camara.leg.br\/proposicoesWeb\/fichadetramitacao?idProposicao=2274449&amp;fichaAmigavel=nao\">Projeto de Lei 976\/21 | Pol\u00edtica Nacional de Cidades Inteligentes<\/a>\u00a0\u00a0<\/li>\n\n\n\n<li><a href=\"https:\/\/saba.al.go.leg.br\/v1\/merged\/view\/sgpd\/public\/5HgjTXs3496GGXeBJmdzoihl9GwYC3z_ile0ab2BJ67Tv-yn_2MRsy7omgG7E_YS\/pdf\/2019004635\">Projeto de Lei\u202fn\u00ba 4635\/19 | Regras Estaduais para Cidades Inteligentes<\/a><\/li>\n\n\n\n<li><a href=\"https:\/\/legisla.casacivil.go.gov.br\/api\/v2\/pesquisa\/legislacoes\/111135\/pdf\">Decreto n\u00ba 10.750 | Programa Estadual de Cidades Inteligentes<\/a><\/li>\n\n\n\n<li><a href=\"https:\/\/www.gov.br\/cidades\/pt-br\/acesso-a-informacao\/acoes-e-programas\/desenvolvimento-urbano-e-metropolitano\/projeto-andus\/carta-brasileira-para-cidades-inteligentes\">Carta Brasileira de Cidades Inteligentes<\/a><\/li>\n<\/ul>\n\n\n\n<h4><span style=\"color: #008000;\">Contatos<\/span><\/h4>\n<ul>\n<li><strong>E-mail:<\/strong> <a href=\"mailto:gci.sgg@goias.gov.br\" target=\"_blank\" rel=\"noopener\">gci.sgg@goias.gov.br<\/a><\/li>\n<li><strong>Telefone:<\/strong> (62) 3270-8668<\/li>\n<\/ul>\n\n\n\n<p><\/p>\n","protected":false},"excerpt":{"rendered":"<p>Os estudos e projetos sobre a \u00e1rea de Cidades Inteligentes s\u00e3o de responsabilidade da&nbsp;Ger\u00eancia de Cidades Inteligentes, unidade administrativa da&nbsp;Superintend\u00eancia de Telecomunica\u00e7\u00f5es e Cidades Inteligentes,&nbsp;que faz parte da&nbsp;Subsecretaria de Energia, Telecomunica\u00e7\u00f5es e Cidades Inteligentes.&nbsp;&nbsp; Compet\u00eancias O que s\u00e3o cidades inteligentes?&nbsp;&nbsp; S\u00e3o cidades comprometidas com o desenvolvimento urbano e a transforma\u00e7\u00e3o digital sustent\u00e1veis, em seus aspectos [&hellip;]<\/p>\n","protected":false},"author":245,"featured_media":0,"parent":0,"menu_order":0,"comment_status":"closed","ping_status":"closed","template":"","meta":{"footnotes":"","_links_to":"","_links_to_target":""},"class_list":["post-67465","page","type-page","status-publish","hentry"],"rttpg_featured_image_url":null,"rttpg_author":{"display_name":"gabriellabeltrao","author_link":"https:\/\/goias.gov.br\/governo\/author\/gabriellabeltrao\/"},"rttpg_comment":0,"rttpg_category":null,"rttpg_excerpt":"Os estudos e projetos sobre a \u00e1rea de Cidades Inteligentes s\u00e3o de responsabilidade da&nbsp;Ger\u00eancia de Cidades Inteligentes, unidade administrativa da&nbsp;Superintend\u00eancia de Telecomunica\u00e7\u00f5es e Cidades Inteligentes,&nbsp;que faz parte da&nbsp;Subsecretaria de Energia, Telecomunica\u00e7\u00f5es e Cidades Inteligentes.&nbsp;&nbsp; Compet\u00eancias O que s\u00e3o cidades inteligentes?&nbsp;&nbsp; S\u00e3o cidades comprometidas com o desenvolvimento urbano e a transforma\u00e7\u00e3o digital sustent\u00e1veis, em seus aspectos&hellip;","_links":{"self":[{"href":"https:\/\/goias.gov.br\/governo\/wp-json\/wp\/v2\/pages\/67465","targetHints":{"allow":["GET"]}}],"collection":[{"href":"https:\/\/goias.gov.br\/governo\/wp-json\/wp\/v2\/pages"}],"about":[{"href":"https:\/\/goias.gov.br\/governo\/wp-json\/wp\/v2\/types\/page"}],"author":[{"embeddable":true,"href":"https:\/\/goias.gov.br\/governo\/wp-json\/wp\/v2\/users\/245"}],"replies":[{"embeddable":true,"href":"https:\/\/goias.gov.br\/governo\/wp-json\/wp\/v2\/comments?post=67465"}],"version-history":[{"count":2,"href":"https:\/\/goias.gov.br\/governo\/wp-json\/wp\/v2\/pages\/67465\/revisions"}],"predecessor-version":[{"id":135301,"href":"https:\/\/goias.gov.br\/governo\/wp-json\/wp\/v2\/pages\/67465\/revisions\/135301"}],"wp:attachment":[{"href":"https:\/\/goias.gov.br\/governo\/wp-json\/wp\/v2\/media?parent=67465"}],"curies":[{"name":"wp","href":"https:\/\/api.w.org\/{rel}","templated":true}]}}