

{"id":67388,"date":"2025-05-21T17:40:35","date_gmt":"2025-05-21T20:40:35","guid":{"rendered":"https:\/\/goias.gov.br\/governo\/?page_id=67388"},"modified":"2025-07-15T16:55:44","modified_gmt":"2025-07-15T19:55:44","slug":"politicas-tic","status":"publish","type":"page","link":"https:\/\/goias.gov.br\/governo\/politicas-tic\/","title":{"rendered":"Pol\u00edticas de TIC"},"content":{"rendered":"\n<blockquote class=\"wp-block-quote is-layout-flow wp-block-quote-is-layout-flow\"><\/blockquote>\n\n\n\n<h3><span style=\"color: #008000\">Pol\u00edtica de Governan\u00e7a de Tecnologia da Informa\u00e7\u00e3o e da Comunica\u00e7\u00e3o \u2013 PGTIC<\/span><\/h3>\n<p><a href=\"https:\/\/legisla.casacivil.go.gov.br\/pesquisa_legislacao\/110589\/decreto-10678\">DECRETO N\u00ba 10.678, DE 16 DE ABRIL DE 2025<\/a><br \/><span style=\"color: #000000\">Institui a Pol\u00edtica de Governan\u00e7a de Tecnologia da Informa\u00e7\u00e3o e da Comunica\u00e7\u00e3o \u2013 PGTIC e revoga o Decreto n\u00ba 8.800, de 10 de novembro de 2016, e o Decreto n\u00ba 9.461, de 9 de julho de 2019.<\/span><\/p>\n\n\n\n<blockquote class=\"wp-block-quote is-layout-flow wp-block-quote-is-layout-flow\"><\/blockquote>\n\n\n\n<h3><span style=\"color: #008000\">Rede de Tecnologia da Informa\u00e7\u00e3o e Comunica\u00e7\u00e3o \u2013 Rede TIC<\/span><\/h3>\n<p><a href=\"https:\/\/legisla.casacivil.go.gov.br\/pesquisa_legislacao\/111078\/decreto-10730\">DECRETO N\u00ba 10.730, DE 10 DE JULHO DE 2025<\/a><br \/><span style=\"color: #000000\">Regulamenta a Rede de Tecnologia da Informa\u00e7\u00e3o e Comunica\u00e7\u00e3o \u2013 Rede TIC, que integra o Sistema Estruturador das Redes de Gest\u00e3o \u2013 SIGES, institu\u00eddo pela Lei n\u00ba 21.792, de 16 de fevereiro de 2023, e regulamentado pelo Decreto n\u00ba 10.263, de 19 de maio de 2023.<\/span><\/p>\n","protected":false},"excerpt":{"rendered":"<p>Pol\u00edtica de Governan\u00e7a de Tecnologia da Informa\u00e7\u00e3o e da Comunica\u00e7\u00e3o \u2013 PGTIC DECRETO N\u00ba 10.678, DE 16 DE ABRIL DE 2025Institui a Pol\u00edtica de Governan\u00e7a de Tecnologia da Informa\u00e7\u00e3o e da Comunica\u00e7\u00e3o \u2013 PGTIC e revoga o Decreto n\u00ba 8.800, de 10 de novembro de 2016, e o Decreto n\u00ba 9.461, de 9 de julho [&hellip;]<\/p>\n","protected":false},"author":245,"featured_media":0,"parent":0,"menu_order":0,"comment_status":"closed","ping_status":"closed","template":"","meta":{"footnotes":"","_links_to":"","_links_to_target":""},"class_list":["post-67388","page","type-page","status-publish","hentry"],"rttpg_featured_image_url":null,"rttpg_author":{"display_name":"gabriellabeltrao","author_link":"https:\/\/goias.gov.br\/governo\/author\/gabriellabeltrao\/"},"rttpg_comment":0,"rttpg_category":null,"rttpg_excerpt":"Pol\u00edtica de Governan\u00e7a de Tecnologia da Informa\u00e7\u00e3o e da Comunica\u00e7\u00e3o \u2013 PGTIC DECRETO N\u00ba 10.678, DE 16 DE ABRIL DE 2025Institui a Pol\u00edtica de Governan\u00e7a de Tecnologia da Informa\u00e7\u00e3o e da Comunica\u00e7\u00e3o \u2013 PGTIC e revoga o Decreto n\u00ba 8.800, de 10 de novembro de 2016, e o Decreto n\u00ba 9.461, de 9 de julho&hellip;","_links":{"self":[{"href":"https:\/\/goias.gov.br\/governo\/wp-json\/wp\/v2\/pages\/67388","targetHints":{"allow":["GET"]}}],"collection":[{"href":"https:\/\/goias.gov.br\/governo\/wp-json\/wp\/v2\/pages"}],"about":[{"href":"https:\/\/goias.gov.br\/governo\/wp-json\/wp\/v2\/types\/page"}],"author":[{"embeddable":true,"href":"https:\/\/goias.gov.br\/governo\/wp-json\/wp\/v2\/users\/245"}],"replies":[{"embeddable":true,"href":"https:\/\/goias.gov.br\/governo\/wp-json\/wp\/v2\/comments?post=67388"}],"version-history":[{"count":2,"href":"https:\/\/goias.gov.br\/governo\/wp-json\/wp\/v2\/pages\/67388\/revisions"}],"predecessor-version":[{"id":84544,"href":"https:\/\/goias.gov.br\/governo\/wp-json\/wp\/v2\/pages\/67388\/revisions\/84544"}],"wp:attachment":[{"href":"https:\/\/goias.gov.br\/governo\/wp-json\/wp\/v2\/media?parent=67388"}],"curies":[{"name":"wp","href":"https:\/\/api.w.org\/{rel}","templated":true}]}}