

{"id":60689,"date":"2025-05-09T12:21:20","date_gmt":"2025-05-09T15:21:20","guid":{"rendered":"https:\/\/goias.gov.br\/governo\/?page_id=60689"},"modified":"2026-03-12T14:31:58","modified_gmt":"2026-03-12T17:31:58","slug":"telecomunicacoes","status":"publish","type":"page","link":"https:\/\/goias.gov.br\/governo\/telecomunicacoes\/","title":{"rendered":"Telecomunica\u00e7\u00f5es"},"content":{"rendered":"\n<p><span style=\"color: #000000\">Os estudos e projetos sobre a \u00e1rea de Telecomunica\u00e7\u00e3o s\u00e3o de responsabilidade da <em>Ger\u00eancia de Pol\u00edticas de Telecomunica\u00e7\u00f5es<\/em>, unidade administrativa da <strong>Superintend\u00eancia de Telecomunica\u00e7\u00f5es e Cidades Inteligentes,<\/strong> que faz parte da <strong>Subsecretaria de Energia, Telecomunica\u00e7\u00f5es e Cidades Inteligentes.<\/strong>&nbsp;<\/span><\/p>\n\n\n\n<h3><span style=\"color: #008000\">Pol\u00edticas de Telecomunica\u00e7\u00f5es&nbsp;<\/span><\/h3>\n\n\n\n<h4><span style=\"color: #008000;\">Compet\u00eancias<\/span><\/h4>\n<ul>\n<li data-leveltext=\"\uf0b7\" data-font=\"Symbol\" data-listid=\"22\" data-list-defn-props=\"{&quot;335552541&quot;:1,&quot;335559683&quot;:0,&quot;335559684&quot;:-2,&quot;335559685&quot;:720,&quot;335559991&quot;:360,&quot;469769226&quot;:&quot;Symbol&quot;,&quot;469769242&quot;:[8226],&quot;469777803&quot;:&quot;left&quot;,&quot;469777804&quot;:&quot;\uf0b7&quot;,&quot;469777815&quot;:&quot;hybridMultilevel&quot;}\" data-aria-posinset=\"1\" data-aria-level=\"1\"><span style=\"color: #000000;\">Acompanhar as pol\u00edticas p\u00fablicas nacionais de telecomunica\u00e7\u00f5es; &nbsp;<\/span><\/li>\n<li data-leveltext=\"\uf0b7\" data-font=\"Symbol\" data-listid=\"22\" data-list-defn-props=\"{&quot;335552541&quot;:1,&quot;335559683&quot;:0,&quot;335559684&quot;:-2,&quot;335559685&quot;:720,&quot;335559991&quot;:360,&quot;469769226&quot;:&quot;Symbol&quot;,&quot;469769242&quot;:[8226],&quot;469777803&quot;:&quot;left&quot;,&quot;469777804&quot;:&quot;\uf0b7&quot;,&quot;469777815&quot;:&quot;hybridMultilevel&quot;}\" data-aria-posinset=\"1\" data-aria-level=\"1\"><span style=\"color: #000000;\">Planejar, coordenar, propor e acompanhar a elabora\u00e7\u00e3o e a execu\u00e7\u00e3o das pol\u00edticas p\u00fablicas estaduais de telecomunica\u00e7\u00f5es; &nbsp;<\/span><\/li>\n<li data-leveltext=\"\uf0b7\" data-font=\"Symbol\" data-listid=\"22\" data-list-defn-props=\"{&quot;335552541&quot;:1,&quot;335559683&quot;:0,&quot;335559684&quot;:-2,&quot;335559685&quot;:720,&quot;335559991&quot;:360,&quot;469769226&quot;:&quot;Symbol&quot;,&quot;469769242&quot;:[8226],&quot;469777803&quot;:&quot;left&quot;,&quot;469777804&quot;:&quot;\uf0b7&quot;,&quot;469777815&quot;:&quot;hybridMultilevel&quot;}\" data-aria-posinset=\"1\" data-aria-level=\"1\"><span style=\"color: #000000;\">Desenvolver programas, projetos e a\u00e7\u00f5es que contribuam para o aperfei\u00e7oamento das pol\u00edticas p\u00fablicas estaduais de telecomunica\u00e7\u00f5es; &nbsp;<\/span><\/li>\n<li data-leveltext=\"\uf0b7\" data-font=\"Symbol\" data-listid=\"22\" data-list-defn-props=\"{&quot;335552541&quot;:1,&quot;335559683&quot;:0,&quot;335559684&quot;:-2,&quot;335559685&quot;:720,&quot;335559991&quot;:360,&quot;469769226&quot;:&quot;Symbol&quot;,&quot;469769242&quot;:[8226],&quot;469777803&quot;:&quot;left&quot;,&quot;469777804&quot;:&quot;\uf0b7&quot;,&quot;469777815&quot;:&quot;hybridMultilevel&quot;}\" data-aria-posinset=\"1\" data-aria-level=\"1\"><span style=\"color: #000000;\">Avaliar a efici\u00eancia, a efic\u00e1cia e a efetividade da execu\u00e7\u00e3o das pol\u00edticas p\u00fablicas estaduais de telecomunica\u00e7\u00f5es; &nbsp;<\/span><\/li>\n<li data-leveltext=\"\uf0b7\" data-font=\"Symbol\" data-listid=\"22\" data-list-defn-props=\"{&quot;335552541&quot;:1,&quot;335559683&quot;:0,&quot;335559684&quot;:-2,&quot;335559685&quot;:720,&quot;335559991&quot;:360,&quot;469769226&quot;:&quot;Symbol&quot;,&quot;469769242&quot;:[8226],&quot;469777803&quot;:&quot;left&quot;,&quot;469777804&quot;:&quot;\uf0b7&quot;,&quot;469777815&quot;:&quot;hybridMultilevel&quot;}\" data-aria-posinset=\"1\" data-aria-level=\"1\"><span style=\"color: #000000;\">Promover e divulgar dados estat\u00edsticos de telecomunica\u00e7\u00f5es; &nbsp;<\/span><\/li>\n<li data-leveltext=\"\uf0b7\" data-font=\"Symbol\" data-listid=\"22\" data-list-defn-props=\"{&quot;335552541&quot;:1,&quot;335559683&quot;:0,&quot;335559684&quot;:-2,&quot;335559685&quot;:720,&quot;335559991&quot;:360,&quot;469769226&quot;:&quot;Symbol&quot;,&quot;469769242&quot;:[8226],&quot;469777803&quot;:&quot;left&quot;,&quot;469777804&quot;:&quot;\uf0b7&quot;,&quot;469777815&quot;:&quot;hybridMultilevel&quot;}\" data-aria-posinset=\"1\" data-aria-level=\"1\"><span style=\"color: #000000;\">Acompanhar a expans\u00e3o das telecomunica\u00e7\u00f5es no Estado; &nbsp;<\/span><\/li>\n<li data-leveltext=\"\uf0b7\" data-font=\"Symbol\" data-listid=\"22\" data-list-defn-props=\"{&quot;335552541&quot;:1,&quot;335559683&quot;:0,&quot;335559684&quot;:-2,&quot;335559685&quot;:720,&quot;335559991&quot;:360,&quot;469769226&quot;:&quot;Symbol&quot;,&quot;469769242&quot;:[8226],&quot;469777803&quot;:&quot;left&quot;,&quot;469777804&quot;:&quot;\uf0b7&quot;,&quot;469777815&quot;:&quot;hybridMultilevel&quot;}\" data-aria-posinset=\"1\" data-aria-level=\"1\"><span style=\"color: #000000;\">Manter a interlocu\u00e7\u00e3o entre as esferas federal, estadual e municipal, tamb\u00e9m com agentes p\u00fablicos e privados, para o aprimoramento das pol\u00edticas p\u00fablicas estaduais de telecomunica\u00e7\u00f5es, inclusive com a proposi\u00e7\u00e3o e o acompanhamento de acordos, conv\u00eanios e outros ajustes; &nbsp;<\/span><\/li>\n<li data-leveltext=\"\uf0b7\" data-font=\"Symbol\" data-listid=\"22\" data-list-defn-props=\"{&quot;335552541&quot;:1,&quot;335559683&quot;:0,&quot;335559684&quot;:-2,&quot;335559685&quot;:720,&quot;335559991&quot;:360,&quot;469769226&quot;:&quot;Symbol&quot;,&quot;469769242&quot;:[8226],&quot;469777803&quot;:&quot;left&quot;,&quot;469777804&quot;:&quot;\uf0b7&quot;,&quot;469777815&quot;:&quot;hybridMultilevel&quot;}\" data-aria-posinset=\"1\" data-aria-level=\"1\"><span style=\"color: #000000;\">Identificar oportunidades de investimento e viabilizar projetos para a capta\u00e7\u00e3o de recursos na \u00e1rea de telecomunica\u00e7\u00f5es; &nbsp;<\/span><\/li>\n<li data-leveltext=\"\uf0b7\" data-font=\"Symbol\" data-listid=\"22\" data-list-defn-props=\"{&quot;335552541&quot;:1,&quot;335559683&quot;:0,&quot;335559684&quot;:-2,&quot;335559685&quot;:720,&quot;335559991&quot;:360,&quot;469769226&quot;:&quot;Symbol&quot;,&quot;469769242&quot;:[8226],&quot;469777803&quot;:&quot;left&quot;,&quot;469777804&quot;:&quot;\uf0b7&quot;,&quot;469777815&quot;:&quot;hybridMultilevel&quot;}\" data-aria-posinset=\"1\" data-aria-level=\"1\"><span style=\"color: #000000;\">Encarregar-se de compet\u00eancias correlatas na \u00e1rea de pol\u00edticas p\u00fablicas de telecomunica\u00e7\u00f5es.&nbsp;<\/span><\/li>\n<\/ul>\n<h4><span style=\"color: #008000;\">Principais projetos&nbsp;<\/span><\/h4>\n<ul>\n<li data-leveltext=\"\uf0b7\" data-font=\"Symbol\" data-listid=\"19\" data-list-defn-props=\"{&quot;335552541&quot;:1,&quot;335559683&quot;:0,&quot;335559684&quot;:-2,&quot;335559685&quot;:720,&quot;335559991&quot;:360,&quot;469769226&quot;:&quot;Symbol&quot;,&quot;469769242&quot;:[8226],&quot;469777803&quot;:&quot;left&quot;,&quot;469777804&quot;:&quot;\uf0b7&quot;,&quot;469777815&quot;:&quot;hybridMultilevel&quot;}\" data-aria-posinset=\"1\" data-aria-level=\"1\"><span style=\"color: #000000;\"><b>Goi\u00e1s de Fibra<br><\/b>Trata-se de uma elabora\u00e7\u00e3o de <\/span><span style=\"font-size: revert; color: initial;\" data-contrast=\"auto\"><span style=\"color: #000000;\">estudos para a defini\u00e7\u00e3o do modelo e modelagem t\u00e9cnica, socioambiental, jur\u00eddica e econ\u00f4mico-financeira para projeto de implanta\u00e7\u00e3o, opera\u00e7\u00e3o, conserva\u00e7\u00e3o e explora\u00e7\u00e3o de infraestrutura de fibra \u00f3tica no Estado de Goi\u00e1s. Toda a documenta\u00e7\u00e3o ser\u00e1 entregue para editais de constru\u00e7\u00e3o, planejamento e opera\u00e7\u00e3o da rede.<\/span> <a href=\"https:\/\/goias.gov.br\/governo\/goias-de-fibra\/\">Saiba mais<\/a>.<\/span><\/li>\n<\/ul>\n<ul>\n<li data-leveltext=\"\uf0b7\" data-font=\"Symbol\" data-listid=\"20\" data-list-defn-props=\"{&quot;335552541&quot;:1,&quot;335559683&quot;:0,&quot;335559684&quot;:-2,&quot;335559685&quot;:720,&quot;335559991&quot;:360,&quot;469769226&quot;:&quot;Symbol&quot;,&quot;469769242&quot;:[8226],&quot;469777803&quot;:&quot;left&quot;,&quot;469777804&quot;:&quot;\uf0b7&quot;,&quot;469777815&quot;:&quot;hybridMultilevel&quot;}\" data-aria-posinset=\"1\" data-aria-level=\"1\"><span style=\"color: #000000;\"><b>Goi\u00e1s + Digital<\/b><br>Busca promover a expans\u00e3o de acesso ao Servi\u00e7o M\u00f3vel Pessoal (SMP) de telefonia em distritos e localidades de menor densidade populacional que hoje n\u00e3o s\u00e3o atendidos por este servi\u00e7o.<\/span> <span style=\"font-size: revert; color: initial;\" data-ccp-props=\"{&quot;335551550&quot;:6,&quot;335551620&quot;:6,&quot;335559685&quot;:708}\"><a href=\"https:\/\/goias.gov.br\/governo\/goias-mais-digital\/\">Saiba mais<\/a>.<\/span><\/li>\n<\/ul>\n<ul>\n<li data-leveltext=\"\uf0b7\" data-font=\"Symbol\" data-listid=\"21\" data-list-defn-props=\"{&quot;335552541&quot;:1,&quot;335559683&quot;:0,&quot;335559684&quot;:-2,&quot;335559685&quot;:720,&quot;335559991&quot;:360,&quot;469769226&quot;:&quot;Symbol&quot;,&quot;469769242&quot;:[8226],&quot;469777803&quot;:&quot;left&quot;,&quot;469777804&quot;:&quot;\uf0b7&quot;,&quot;469777815&quot;:&quot;hybridMultilevel&quot;}\" data-aria-posinset=\"1\" data-aria-level=\"1\"><span style=\"color: #000000;\"><b>NaveGO<\/b><br>Tem como objetivo democratizar o acesso ao Wi-Fi, disponibilizando o acesso internet em diversos pontos tur\u00edsticos e locais estrat\u00e9gicos do Estado de Goi\u00e1s. <a href=\"https:\/\/goias.gov.br\/governo\/telecomunicacoes\/navego\/\" target=\"_blank\" rel=\"noopener\">Saiba mais<\/a>.<\/span><\/li>\n<\/ul>\n\n\n\n<h4 class=\"wp-block-heading\"><span style=\"color: #008000;\">Expans\u00e3o 5G<\/span><\/h4>\n\n\n\n<p><span style=\"color: #000000;\">A tecnologia 5G, j\u00e1 presente em Goi\u00e2nia e Aparecida de Goi\u00e2nia, chega agora a outros 48 munic\u00edpios do estado. Com isso, o Governo de Goi\u00e1s apresenta a Pol\u00edtica Estadual de Est\u00edmulo \u00e0 Implanta\u00e7\u00e3o de Tecnologias de Conectividade M\u00f3vel &#8211; Lei Estadual n\u00ba 21.774, de 4 de janeiro de 2023, com diretrizes para a correta e padronizada implanta\u00e7\u00e3o da 5\u00aa gera\u00e7\u00e3o da internet.<\/span>\u00a0<a href=\"https:\/\/goias.gov.br\/5g\/\">Saiba mais.<\/a><\/p>\n<h4 class=\"wp-block-heading\"><span style=\"color: #008000;\">Outras Informa\u00e7\u00f5es<\/span><\/h4>\n<ul>\n<li><a href=\"https:\/\/goias.gov.br\/governo\/telecomunicacoes\/workshop-de-conectividade-agroindustrial\/\">Workshop de Conectividade Agroindustrial (2025)<\/a><\/li>\n<\/ul>\n","protected":false},"excerpt":{"rendered":"<p>Os estudos e projetos sobre a \u00e1rea de Telecomunica\u00e7\u00e3o s\u00e3o de responsabilidade da Ger\u00eancia de Pol\u00edticas de Telecomunica\u00e7\u00f5es, unidade administrativa da Superintend\u00eancia de Telecomunica\u00e7\u00f5es e Cidades Inteligentes, que faz parte da Subsecretaria de Energia, Telecomunica\u00e7\u00f5es e Cidades Inteligentes.&nbsp; Pol\u00edticas de Telecomunica\u00e7\u00f5es&nbsp; Compet\u00eancias Acompanhar as pol\u00edticas p\u00fablicas nacionais de telecomunica\u00e7\u00f5es; &nbsp; Planejar, coordenar, propor e acompanhar [&hellip;]<\/p>\n","protected":false},"author":245,"featured_media":0,"parent":0,"menu_order":0,"comment_status":"closed","ping_status":"closed","template":"","meta":{"footnotes":"","_links_to":"","_links_to_target":""},"class_list":["post-60689","page","type-page","status-publish","hentry"],"rttpg_featured_image_url":null,"rttpg_author":{"display_name":"gabriellabeltrao","author_link":"https:\/\/goias.gov.br\/governo\/author\/gabriellabeltrao\/"},"rttpg_comment":0,"rttpg_category":null,"rttpg_excerpt":"Os estudos e projetos sobre a \u00e1rea de Telecomunica\u00e7\u00e3o s\u00e3o de responsabilidade da Ger\u00eancia de Pol\u00edticas de Telecomunica\u00e7\u00f5es, unidade administrativa da Superintend\u00eancia de Telecomunica\u00e7\u00f5es e Cidades Inteligentes, que faz parte da Subsecretaria de Energia, Telecomunica\u00e7\u00f5es e Cidades Inteligentes.&nbsp; Pol\u00edticas de Telecomunica\u00e7\u00f5es&nbsp; Compet\u00eancias Acompanhar as pol\u00edticas p\u00fablicas nacionais de telecomunica\u00e7\u00f5es; &nbsp; Planejar, coordenar, propor e acompanhar&hellip;","_links":{"self":[{"href":"https:\/\/goias.gov.br\/governo\/wp-json\/wp\/v2\/pages\/60689","targetHints":{"allow":["GET"]}}],"collection":[{"href":"https:\/\/goias.gov.br\/governo\/wp-json\/wp\/v2\/pages"}],"about":[{"href":"https:\/\/goias.gov.br\/governo\/wp-json\/wp\/v2\/types\/page"}],"author":[{"embeddable":true,"href":"https:\/\/goias.gov.br\/governo\/wp-json\/wp\/v2\/users\/245"}],"replies":[{"embeddable":true,"href":"https:\/\/goias.gov.br\/governo\/wp-json\/wp\/v2\/comments?post=60689"}],"version-history":[{"count":2,"href":"https:\/\/goias.gov.br\/governo\/wp-json\/wp\/v2\/pages\/60689\/revisions"}],"predecessor-version":[{"id":135090,"href":"https:\/\/goias.gov.br\/governo\/wp-json\/wp\/v2\/pages\/60689\/revisions\/135090"}],"wp:attachment":[{"href":"https:\/\/goias.gov.br\/governo\/wp-json\/wp\/v2\/media?parent=60689"}],"curies":[{"name":"wp","href":"https:\/\/api.w.org\/{rel}","templated":true}]}}