

{"id":60349,"date":"2025-05-08T17:34:34","date_gmt":"2025-05-08T20:34:34","guid":{"rendered":"https:\/\/goias.gov.br\/governo\/?page_id=60349"},"modified":"2025-05-15T12:25:42","modified_gmt":"2025-05-15T15:25:42","slug":"programa-de-eficiencia-energetica","status":"publish","type":"page","link":"https:\/\/goias.gov.br\/governo\/energia\/programa-de-eficiencia-energetica\/","title":{"rendered":"Programa de Efici\u00eancia Energ\u00e9tica\u00a0"},"content":{"rendered":"\n<p>Conforme definido no <a href=\"https:\/\/legisla.casacivil.go.gov.br\/api\/v2\/pesquisa\/legislacoes\/108475\/pdf\" target=\"_blank\" rel=\"noreferrer noopener\">Decreto Estadual N\u00ba 10.417<\/a>, o Programa de Efici\u00eancia Energ\u00e9tica consiste em um conjunto de a\u00e7\u00f5es que visam reduzir os gastos com energia el\u00e9trica nas unidades consumidoras (UCs) do Poder P\u00fablico Estadual, por meio do uso eficiente do insumo da energia el\u00e9trica ou da redu\u00e7\u00e3o do consumo com a manuten\u00e7\u00e3o do mesmo padr\u00e3o de qualidade. O programa abrange \u00f3rg\u00e3os da administra\u00e7\u00e3o direta, indireta e aut\u00f4noma do Estado de Goi\u00e1s, e prioriza o uso de fontes renov\u00e1veis de energia.&nbsp;<\/p>\n\n\n\n<p>Coordenado e supervisionado pela Secretaria-Geral de Governo (SGG), o programa atua a partir de diferentes estrat\u00e9gias, como a migra\u00e7\u00e3o para o mercado livre de energia, o ajuste da demanda contratada e a loca\u00e7\u00e3o de usinas fotovoltaicas para gera\u00e7\u00e3o distribu\u00edda.\u00a0<\/p>\n\n\n\n<h4><span style=\"color: #008000\">Compet\u00eancias da SGG&nbsp;<\/span><\/h4>\n\n\n\n<ul class=\"wp-block-list\">\n<li>Orientar e apoiar os \u00f3rg\u00e3os e entidades do Poder Executivo estadual na implementa\u00e7\u00e3o do programa;&nbsp;<\/li>\n\n\n\n<li>Realizar procedimentos licitat\u00f3rios, firmar parcerias e executar a\u00e7\u00f5es correlatas em nome dos demais \u00f3rg\u00e3os e entidades;&nbsp;<\/li>\n\n\n\n<li>Monitorar as unidades consumidoras envolvidas nas a\u00e7\u00f5es de efici\u00eancia energ\u00e9tica;&nbsp;<\/li>\n\n\n\n<li>Representar os \u00f3rg\u00e3os e entidades na solicita\u00e7\u00e3o de informa\u00e7\u00f5es junto \u00e0s concession\u00e1rias, permission\u00e1rias e autorizadas de energia el\u00e9trica;&nbsp;<\/li>\n\n\n\n<li>Normatizar aspectos espec\u00edficos relacionados \u00e0 aplica\u00e7\u00e3o do programa, no exerc\u00edcio do controle interno institucional;&nbsp;<\/li>\n\n\n\n<li>Orientar as Superintend\u00eancias de Gest\u00e3o Integrada ou as unidades a elas equivalentes dos \u00f3rg\u00e3os e das entidades do Poder Executivo estadual quanto \u00e0 atua\u00e7\u00e3o priorit\u00e1ria delas no apoio \u00e0s atividades voltadas ao programa.&nbsp;<\/li>\n<\/ul>\n\n\n\n<h4><span style=\"color: #008000\">Projetos que integram o Programa de Efici\u00eancia Energ\u00e9tica&nbsp;<\/span><\/h4>\n\n\n\n<ul class=\"wp-block-list\">\n<li>Ajuste de Demanda Contratada para UCs do Grupo A&nbsp;<\/li>\n\n\n\n<li><a href=\"https:\/\/goias.gov.br\/governo\/energia\/migracao-de-ucs-do-grupo-a-para-o-ambiente-de-contratacao-livre\/\">Migra\u00e7\u00e3o de UCs do Grupo A para o ambiente de contrata\u00e7\u00e3o livre<\/a>&nbsp;<\/li>\n\n\n\n<li><a href=\"https:\/\/goias.gov.br\/governo\/energia\/adesao-de-ucs-do-grupo-b-ao-scee\/\">Loca\u00e7\u00e3o de Usinas Fotovoltaicas para Gera\u00e7\u00e3o Distribu\u00edda<\/a><\/li>\n<\/ul>\n","protected":false},"excerpt":{"rendered":"<p>Conforme definido no Decreto Estadual N\u00ba 10.417, o Programa de Efici\u00eancia Energ\u00e9tica consiste em um conjunto de a\u00e7\u00f5es que visam reduzir os gastos com energia el\u00e9trica nas unidades consumidoras (UCs) do Poder P\u00fablico Estadual, por meio do uso eficiente do insumo da energia el\u00e9trica ou da redu\u00e7\u00e3o do consumo com a manuten\u00e7\u00e3o do mesmo padr\u00e3o [&hellip;]<\/p>\n","protected":false},"author":245,"featured_media":0,"parent":60288,"menu_order":0,"comment_status":"closed","ping_status":"closed","template":"","meta":{"footnotes":"","_links_to":"","_links_to_target":""},"class_list":["post-60349","page","type-page","status-publish","hentry"],"rttpg_featured_image_url":null,"rttpg_author":{"display_name":"gabriellabeltrao","author_link":"https:\/\/goias.gov.br\/governo\/author\/gabriellabeltrao\/"},"rttpg_comment":0,"rttpg_category":null,"rttpg_excerpt":"Conforme definido no Decreto Estadual N\u00ba 10.417, o Programa de Efici\u00eancia Energ\u00e9tica consiste em um conjunto de a\u00e7\u00f5es que visam reduzir os gastos com energia el\u00e9trica nas unidades consumidoras (UCs) do Poder P\u00fablico Estadual, por meio do uso eficiente do insumo da energia el\u00e9trica ou da redu\u00e7\u00e3o do consumo com a manuten\u00e7\u00e3o do mesmo padr\u00e3o&hellip;","_links":{"self":[{"href":"https:\/\/goias.gov.br\/governo\/wp-json\/wp\/v2\/pages\/60349","targetHints":{"allow":["GET"]}}],"collection":[{"href":"https:\/\/goias.gov.br\/governo\/wp-json\/wp\/v2\/pages"}],"about":[{"href":"https:\/\/goias.gov.br\/governo\/wp-json\/wp\/v2\/types\/page"}],"author":[{"embeddable":true,"href":"https:\/\/goias.gov.br\/governo\/wp-json\/wp\/v2\/users\/245"}],"replies":[{"embeddable":true,"href":"https:\/\/goias.gov.br\/governo\/wp-json\/wp\/v2\/comments?post=60349"}],"version-history":[{"count":3,"href":"https:\/\/goias.gov.br\/governo\/wp-json\/wp\/v2\/pages\/60349\/revisions"}],"predecessor-version":[{"id":111908,"href":"https:\/\/goias.gov.br\/governo\/wp-json\/wp\/v2\/pages\/60349\/revisions\/111908"}],"up":[{"embeddable":true,"href":"https:\/\/goias.gov.br\/governo\/wp-json\/wp\/v2\/pages\/60288"}],"wp:attachment":[{"href":"https:\/\/goias.gov.br\/governo\/wp-json\/wp\/v2\/media?parent=60349"}],"curies":[{"name":"wp","href":"https:\/\/api.w.org\/{rel}","templated":true}]}}