

{"id":60288,"date":"2025-05-08T16:31:15","date_gmt":"2025-05-08T19:31:15","guid":{"rendered":"https:\/\/goias.gov.br\/governo\/?page_id=60288"},"modified":"2026-04-23T10:45:43","modified_gmt":"2026-04-23T13:45:43","slug":"energia","status":"publish","type":"page","link":"https:\/\/goias.gov.br\/governo\/energia\/","title":{"rendered":"Energia"},"content":{"rendered":"\n<p>Respons\u00e1vel pelos projetos, estudos e estat\u00edsticas relacionadas \u00e0 energia, a <strong>Superintend\u00eancia de Energia, da Subsecretaria de Energia, Telecomunica\u00e7\u00f5es e Cidades Inteligentes<\/strong>, se desdobra em duas ger\u00eancias, sendo a de <em>Energias Renov\u00e1veis<\/em> e a de <em>Efici\u00eancia Energ\u00e9tica<\/em>.<\/p>\n\n\n\n<h3><span style=\"color: #008000\">Energias Renov\u00e1veis<\/span><\/h3>\n\n\n\n<h4><span style=\"color: #008000\">Compet\u00eancias&nbsp;<\/span><\/h4>\n<ul>\n<li data-leveltext=\"\uf0b7\" data-font=\"Symbol\" data-listid=\"14\" data-list-defn-props=\"{&quot;335552541&quot;:1,&quot;335559683&quot;:0,&quot;335559684&quot;:-2,&quot;335559685&quot;:720,&quot;335559991&quot;:360,&quot;469769226&quot;:&quot;Symbol&quot;,&quot;469769242&quot;:[8226],&quot;469777803&quot;:&quot;left&quot;,&quot;469777804&quot;:&quot;\uf0b7&quot;,&quot;469777815&quot;:&quot;hybridMultilevel&quot;}\" data-aria-posinset=\"1\" data-aria-level=\"1\"><span style=\"color: #000000\">Acompanhar as pol\u00edticas p\u00fablicas nacionais de energia; &nbsp;<\/span><\/li>\n<li data-leveltext=\"\uf0b7\" data-font=\"Symbol\" data-listid=\"14\" data-list-defn-props=\"{&quot;335552541&quot;:1,&quot;335559683&quot;:0,&quot;335559684&quot;:-2,&quot;335559685&quot;:720,&quot;335559991&quot;:360,&quot;469769226&quot;:&quot;Symbol&quot;,&quot;469769242&quot;:[8226],&quot;469777803&quot;:&quot;left&quot;,&quot;469777804&quot;:&quot;\uf0b7&quot;,&quot;469777815&quot;:&quot;hybridMultilevel&quot;}\" data-aria-posinset=\"1\" data-aria-level=\"1\"><span style=\"color: #000000\">Planejar, coordenar, propor e acompanhar a elabora\u00e7\u00e3o e a execu\u00e7\u00e3o das pol\u00edticas p\u00fablicas estaduais de energia; &nbsp;<\/span><\/li>\n<li data-leveltext=\"\uf0b7\" data-font=\"Symbol\" data-listid=\"14\" data-list-defn-props=\"{&quot;335552541&quot;:1,&quot;335559683&quot;:0,&quot;335559684&quot;:-2,&quot;335559685&quot;:720,&quot;335559991&quot;:360,&quot;469769226&quot;:&quot;Symbol&quot;,&quot;469769242&quot;:[8226],&quot;469777803&quot;:&quot;left&quot;,&quot;469777804&quot;:&quot;\uf0b7&quot;,&quot;469777815&quot;:&quot;hybridMultilevel&quot;}\" data-aria-posinset=\"1\" data-aria-level=\"1\"><span style=\"color: #000000\">Desenvolver programas, projetos e a\u00e7\u00f5es que contribuam para o aperfei\u00e7oamento das pol\u00edticas p\u00fablicas estaduais de energia; &nbsp;<\/span><\/li>\n<li data-leveltext=\"\uf0b7\" data-font=\"Symbol\" data-listid=\"14\" data-list-defn-props=\"{&quot;335552541&quot;:1,&quot;335559683&quot;:0,&quot;335559684&quot;:-2,&quot;335559685&quot;:720,&quot;335559991&quot;:360,&quot;469769226&quot;:&quot;Symbol&quot;,&quot;469769242&quot;:[8226],&quot;469777803&quot;:&quot;left&quot;,&quot;469777804&quot;:&quot;\uf0b7&quot;,&quot;469777815&quot;:&quot;hybridMultilevel&quot;}\" data-aria-posinset=\"1\" data-aria-level=\"1\"><span style=\"color: #000000\">Avaliar a efici\u00eancia, a efic\u00e1cia e a efetividade da execu\u00e7\u00e3o das pol\u00edticas p\u00fablicas estaduais de energia; &nbsp;<\/span><\/li>\n<li data-leveltext=\"\uf0b7\" data-font=\"Symbol\" data-listid=\"14\" data-list-defn-props=\"{&quot;335552541&quot;:1,&quot;335559683&quot;:0,&quot;335559684&quot;:-2,&quot;335559685&quot;:720,&quot;335559991&quot;:360,&quot;469769226&quot;:&quot;Symbol&quot;,&quot;469769242&quot;:[8226],&quot;469777803&quot;:&quot;left&quot;,&quot;469777804&quot;:&quot;\uf0b7&quot;,&quot;469777815&quot;:&quot;hybridMultilevel&quot;}\" data-aria-posinset=\"1\" data-aria-level=\"1\"><span style=\"color: #000000\">Incentivar a diversifica\u00e7\u00e3o da matriz energ\u00e9tica estadual por meio de fontes renov\u00e1veis, considerada a seguran\u00e7a do setor energ\u00e9tico; &nbsp;<\/span><\/li>\n<li data-leveltext=\"\uf0b7\" data-font=\"Symbol\" data-listid=\"14\" data-list-defn-props=\"{&quot;335552541&quot;:1,&quot;335559683&quot;:0,&quot;335559684&quot;:-2,&quot;335559685&quot;:720,&quot;335559991&quot;:360,&quot;469769226&quot;:&quot;Symbol&quot;,&quot;469769242&quot;:[8226],&quot;469777803&quot;:&quot;left&quot;,&quot;469777804&quot;:&quot;\uf0b7&quot;,&quot;469777815&quot;:&quot;hybridMultilevel&quot;}\" data-aria-posinset=\"1\" data-aria-level=\"1\"><span style=\"color: #000000\">Propor programas, projetos e a\u00e7\u00f5es de efici\u00eancia energ\u00e9tica para a redu\u00e7\u00e3o de custos nas unidades administrativas estaduais; &nbsp;<\/span><\/li>\n<li data-leveltext=\"\uf0b7\" data-font=\"Symbol\" data-listid=\"14\" data-list-defn-props=\"{&quot;335552541&quot;:1,&quot;335559683&quot;:0,&quot;335559684&quot;:-2,&quot;335559685&quot;:720,&quot;335559991&quot;:360,&quot;469769226&quot;:&quot;Symbol&quot;,&quot;469769242&quot;:[8226],&quot;469777803&quot;:&quot;left&quot;,&quot;469777804&quot;:&quot;\uf0b7&quot;,&quot;469777815&quot;:&quot;hybridMultilevel&quot;}\" data-aria-posinset=\"1\" data-aria-level=\"1\"><span style=\"color: #000000\">Manter a interlocu\u00e7\u00e3o entre as esferas federal, estadual e municipal, tamb\u00e9m com agentes p\u00fablicos e privados, para o aprimoramento das pol\u00edticas p\u00fablicas estaduais de energia, inclusive com a proposi\u00e7\u00e3o e o acompanhamento de acordos, conv\u00eanios e outros ajustes; &nbsp;<\/span><\/li>\n<li data-leveltext=\"\uf0b7\" data-font=\"Symbol\" data-listid=\"14\" data-list-defn-props=\"{&quot;335552541&quot;:1,&quot;335559683&quot;:0,&quot;335559684&quot;:-2,&quot;335559685&quot;:720,&quot;335559991&quot;:360,&quot;469769226&quot;:&quot;Symbol&quot;,&quot;469769242&quot;:[8226],&quot;469777803&quot;:&quot;left&quot;,&quot;469777804&quot;:&quot;\uf0b7&quot;,&quot;469777815&quot;:&quot;hybridMultilevel&quot;}\" data-aria-posinset=\"1\" data-aria-level=\"1\"><span style=\"color: #000000\">Identificar oportunidades de investimento e viabilizar projetos para a capta\u00e7\u00e3o de recursos na \u00e1rea de energia; &nbsp;<\/span><\/li>\n<li data-leveltext=\"\uf0b7\" data-font=\"Symbol\" data-listid=\"14\" data-list-defn-props=\"{&quot;335552541&quot;:1,&quot;335559683&quot;:0,&quot;335559684&quot;:-2,&quot;335559685&quot;:720,&quot;335559991&quot;:360,&quot;469769226&quot;:&quot;Symbol&quot;,&quot;469769242&quot;:[8226],&quot;469777803&quot;:&quot;left&quot;,&quot;469777804&quot;:&quot;\uf0b7&quot;,&quot;469777815&quot;:&quot;hybridMultilevel&quot;}\" data-aria-posinset=\"1\" data-aria-level=\"1\"><span style=\"color: #000000\">Encarregar-se de compet\u00eancias correlatas na \u00e1rea de pol\u00edticas p\u00fablicas de energia.<\/span><\/li>\n<\/ul>\n<h3><span style=\"color: #008000\">Efici\u00eancia Energ\u00e9tica&nbsp;&nbsp;<\/span><\/h3>\n<h4><span style=\"color: #008000\">Compet\u00eancias<\/span><\/h4>\n<ul>\n<li data-leveltext=\"\uf0b7\" data-font=\"Symbol\" data-listid=\"15\" data-list-defn-props=\"{&quot;335552541&quot;:1,&quot;335559683&quot;:0,&quot;335559684&quot;:-2,&quot;335559685&quot;:720,&quot;335559991&quot;:360,&quot;469769226&quot;:&quot;Symbol&quot;,&quot;469769242&quot;:[8226],&quot;469777803&quot;:&quot;left&quot;,&quot;469777804&quot;:&quot;\uf0b7&quot;,&quot;469777815&quot;:&quot;hybridMultilevel&quot;}\" data-aria-posinset=\"1\" data-aria-level=\"1\"><span style=\"color: #000000\">Realizar estudos peri\u00f3dicos e acompanhar os dados t\u00e9cnicos que contribuam para o aperfei\u00e7oamento das pol\u00edticas p\u00fablicas estaduais de energia; &nbsp;<\/span><\/li>\n<li data-leveltext=\"\uf0b7\" data-font=\"Symbol\" data-listid=\"15\" data-list-defn-props=\"{&quot;335552541&quot;:1,&quot;335559683&quot;:0,&quot;335559684&quot;:-2,&quot;335559685&quot;:720,&quot;335559991&quot;:360,&quot;469769226&quot;:&quot;Symbol&quot;,&quot;469769242&quot;:[8226],&quot;469777803&quot;:&quot;left&quot;,&quot;469777804&quot;:&quot;\uf0b7&quot;,&quot;469777815&quot;:&quot;hybridMultilevel&quot;}\" data-aria-posinset=\"1\" data-aria-level=\"1\"><span style=\"color: #000000\">Promover e divulgar estudos e dados estat\u00edsticos de energia; &nbsp;<\/span><\/li>\n<li data-leveltext=\"\uf0b7\" data-font=\"Symbol\" data-listid=\"15\" data-list-defn-props=\"{&quot;335552541&quot;:1,&quot;335559683&quot;:0,&quot;335559684&quot;:-2,&quot;335559685&quot;:720,&quot;335559991&quot;:360,&quot;469769226&quot;:&quot;Symbol&quot;,&quot;469769242&quot;:[8226],&quot;469777803&quot;:&quot;left&quot;,&quot;469777804&quot;:&quot;\uf0b7&quot;,&quot;469777815&quot;:&quot;hybridMultilevel&quot;}\" data-aria-posinset=\"1\" data-aria-level=\"1\"><span style=\"color: #000000\">Estudar a matriz energ\u00e9tica do Estado; &nbsp;<\/span><\/li>\n<li data-leveltext=\"\uf0b7\" data-font=\"Symbol\" data-listid=\"15\" data-list-defn-props=\"{&quot;335552541&quot;:1,&quot;335559683&quot;:0,&quot;335559684&quot;:-2,&quot;335559685&quot;:720,&quot;335559991&quot;:360,&quot;469769226&quot;:&quot;Symbol&quot;,&quot;469769242&quot;:[8226],&quot;469777803&quot;:&quot;left&quot;,&quot;469777804&quot;:&quot;\uf0b7&quot;,&quot;469777815&quot;:&quot;hybridMultilevel&quot;}\" data-aria-posinset=\"1\" data-aria-level=\"1\"><span style=\"color: #000000\">Incentivar a diversifica\u00e7\u00e3o da matriz energ\u00e9tica estadual por meio de fontes renov\u00e1veis, considerada a seguran\u00e7a do setor energ\u00e9tico; &nbsp;<\/span><\/li>\n<li data-leveltext=\"\uf0b7\" data-font=\"Symbol\" data-listid=\"15\" data-list-defn-props=\"{&quot;335552541&quot;:1,&quot;335559683&quot;:0,&quot;335559684&quot;:-2,&quot;335559685&quot;:720,&quot;335559991&quot;:360,&quot;469769226&quot;:&quot;Symbol&quot;,&quot;469769242&quot;:[8226],&quot;469777803&quot;:&quot;left&quot;,&quot;469777804&quot;:&quot;\uf0b7&quot;,&quot;469777815&quot;:&quot;hybridMultilevel&quot;}\" data-aria-posinset=\"1\" data-aria-level=\"1\"><span style=\"color: #000000\">Elaborar o Planejamento Energ\u00e9tico do Estado de Goi\u00e1s; &nbsp;<\/span><\/li>\n<li data-leveltext=\"\uf0b7\" data-font=\"Symbol\" data-listid=\"15\" data-list-defn-props=\"{&quot;335552541&quot;:1,&quot;335559683&quot;:0,&quot;335559684&quot;:-2,&quot;335559685&quot;:720,&quot;335559991&quot;:360,&quot;469769226&quot;:&quot;Symbol&quot;,&quot;469769242&quot;:[8226],&quot;469777803&quot;:&quot;left&quot;,&quot;469777804&quot;:&quot;\uf0b7&quot;,&quot;469777815&quot;:&quot;hybridMultilevel&quot;}\" data-aria-posinset=\"1\" data-aria-level=\"1\"><span style=\"color: #000000\">Desenvolver e apoiar estudos e pesquisas de inova\u00e7\u00e3o tecnol\u00f3gica para a melhoria da qualidade e a redu\u00e7\u00e3o dos custos no setor de energia;&nbsp;&nbsp;<\/span><\/li>\n<li data-leveltext=\"\uf0b7\" data-font=\"Symbol\" data-listid=\"15\" data-list-defn-props=\"{&quot;335552541&quot;:1,&quot;335559683&quot;:0,&quot;335559684&quot;:-2,&quot;335559685&quot;:720,&quot;335559991&quot;:360,&quot;469769226&quot;:&quot;Symbol&quot;,&quot;469769242&quot;:[8226],&quot;469777803&quot;:&quot;left&quot;,&quot;469777804&quot;:&quot;\uf0b7&quot;,&quot;469777815&quot;:&quot;hybridMultilevel&quot;}\" data-aria-posinset=\"1\" data-aria-level=\"1\"><span style=\"color: #000000\">Propor projetos para a capta\u00e7\u00e3o de recursos no setor de energia para garantir a infraestrutura adequada ao desenvolvimento do Estado; &nbsp;<\/span><\/li>\n<li data-leveltext=\"\uf0b7\" data-font=\"Symbol\" data-listid=\"15\" data-list-defn-props=\"{&quot;335552541&quot;:1,&quot;335559683&quot;:0,&quot;335559684&quot;:-2,&quot;335559685&quot;:720,&quot;335559991&quot;:360,&quot;469769226&quot;:&quot;Symbol&quot;,&quot;469769242&quot;:[8226],&quot;469777803&quot;:&quot;left&quot;,&quot;469777804&quot;:&quot;\uf0b7&quot;,&quot;469777815&quot;:&quot;hybridMultilevel&quot;}\" data-aria-posinset=\"1\" data-aria-level=\"1\"><span style=\"color: #000000\">Manter a interlocu\u00e7\u00e3o entre as esferas federal, estadual e municipal, tamb\u00e9m com agentes p\u00fablicos e privados, para o desenvolvimento de pesquisas no setor de energia, inclusive com a proposi\u00e7\u00e3o e o acompanhamento de acordos, conv\u00eanios e outros ajustes; &nbsp;<\/span><\/li>\n<li data-leveltext=\"\uf0b7\" data-font=\"Symbol\" data-listid=\"15\" data-list-defn-props=\"{&quot;335552541&quot;:1,&quot;335559683&quot;:0,&quot;335559684&quot;:-2,&quot;335559685&quot;:720,&quot;335559991&quot;:360,&quot;469769226&quot;:&quot;Symbol&quot;,&quot;469769242&quot;:[8226],&quot;469777803&quot;:&quot;left&quot;,&quot;469777804&quot;:&quot;\uf0b7&quot;,&quot;469777815&quot;:&quot;hybridMultilevel&quot;}\" data-aria-posinset=\"1\" data-aria-level=\"1\"><span style=\"color: #000000\">Desenvolver e apoiar estudos e pesquisas para a elaborar a proje\u00e7\u00e3o futura da matriz energ\u00e9tica do Estado, de forma a possibilitar a tomada de a\u00e7\u00f5es e defini\u00e7\u00f5es de pol\u00edticas p\u00fablicas de energia; &nbsp;<\/span><\/li>\n<li data-leveltext=\"\uf0b7\" data-font=\"Symbol\" data-listid=\"15\" data-list-defn-props=\"{&quot;335552541&quot;:1,&quot;335559683&quot;:0,&quot;335559684&quot;:-2,&quot;335559685&quot;:720,&quot;335559991&quot;:360,&quot;469769226&quot;:&quot;Symbol&quot;,&quot;469769242&quot;:[8226],&quot;469777803&quot;:&quot;left&quot;,&quot;469777804&quot;:&quot;\uf0b7&quot;,&quot;469777815&quot;:&quot;hybridMultilevel&quot;}\" data-aria-posinset=\"1\" data-aria-level=\"1\"><span style=\"color: #000000\">Identificar e viabilizar oportunidades de investimento em pesquisa na \u00e1rea de energia;&nbsp;<\/span><\/li>\n<li data-leveltext=\"\uf0b7\" data-font=\"Symbol\" data-listid=\"15\" data-list-defn-props=\"{&quot;335552541&quot;:1,&quot;335559683&quot;:0,&quot;335559684&quot;:-2,&quot;335559685&quot;:720,&quot;335559991&quot;:360,&quot;469769226&quot;:&quot;Symbol&quot;,&quot;469769242&quot;:[8226],&quot;469777803&quot;:&quot;left&quot;,&quot;469777804&quot;:&quot;\uf0b7&quot;,&quot;469777815&quot;:&quot;hybridMultilevel&quot;}\" data-aria-posinset=\"1\" data-aria-level=\"1\"><span style=\"color: #000000\">Encarregar-se de compet\u00eancias correlatas na \u00e1rea de pesquisa e estat\u00edstica de energia.&nbsp;<\/span><\/li>\n<\/ul>\n<h4><span style=\"color: #008000\">Projetos por Eixo de Atua\u00e7\u00e3o<\/span><\/h4>\n<ul>\n<li><a href=\"https:\/\/goias.gov.br\/governo\/energia\/projetos-por-eixo-de-atuacao\/\">Clique aqui e conhe\u00e7a os projetos da Superintend\u00eancia de Energia por eixo de atua\u00e7\u00e3o<\/a><\/li>\n<\/ul>\n\n\n\n<h4><span style=\"color: #008000;\">Eventos<\/span><\/h4>\n<ul>\n<li><a href=\"https:\/\/goias.gov.br\/governo\/energia\/1-workshop-de-energia\/\" target=\"_blank\" rel=\"noopener\">1\u00ba Workshop de Energia \u2013 Desafios e Oportunidades para o Setor Energ\u00e9tico em Goi\u00e1s (2023)<\/a><\/li>\n<li><a href=\"https:\/\/goias.gov.br\/governo\/workshop-estadual-de-eficiencia-energetica\/\">Workshop Estadual de Efici\u00eancia Energ\u00e9tica (2025)<\/a><\/li>\n<li><a href=\"https:\/\/goias.gov.br\/governo\/conferencia-brasileira-de-bioenergia-e-transicao-energetica\/\">Confer\u00eancia Brasileira de Bioenergia e Transi\u00e7\u00e3o Energ\u00e9tica (2025)<\/a><\/li>\n<li><a href=\"https:\/\/goias.gov.br\/governo\/energia\/workshop-demanda-de-energia-e-vale-do-araguaia\/\" target=\"_blank\" rel=\"noopener\">Workshop Demanda de Energia e Vale do Araguaia (2025)<\/a><\/li>\n<li><a href=\"https:\/\/goias.gov.br\/governo\/energia\/workshop-oportunidades-do-biometano-para-a-industria-e-o-setor-de-transporte\/\" target=\"_blank\" rel=\"noopener\">Workshop Oportunidades do Biometano para a Ind\u00fastria e o Setor de Transporte (2026)<\/a><\/li>\n<li><a href=\"https:\/\/goias.gov.br\/governo\/energia\/workshop-caminhos-para-a-transicao-energetica-em-goias\/\" target=\"_blank\" rel=\"noopener\">Workshop Caminhos para a Transi\u00e7\u00e3o Energ\u00e9tica em Goi\u00e1s (2026)<\/a><\/li>\n<\/ul>\n\n\n\n<h4><span style=\"color: #008000;\">Outras Informa\u00e7\u00f5es<\/span><\/h4>\n<ul>\n<li><a href=\"https:\/\/goias.gov.br\/governo\/energia\/publicacoes-e-estudos\/\">Publica\u00e7\u00f5es e Estudos<\/a><\/li>\n<\/ul>\n<p>\u00a0<\/p>\n\n\n\n<p><\/p>\n","protected":false},"excerpt":{"rendered":"<p>Respons\u00e1vel pelos projetos, estudos e estat\u00edsticas relacionadas \u00e0 energia, a Superintend\u00eancia de Energia, da Subsecretaria de Energia, Telecomunica\u00e7\u00f5es e Cidades Inteligentes, se desdobra em duas ger\u00eancias, sendo a de Energias Renov\u00e1veis e a de Efici\u00eancia Energ\u00e9tica. Energias Renov\u00e1veis Compet\u00eancias&nbsp; Acompanhar as pol\u00edticas p\u00fablicas nacionais de energia; &nbsp; Planejar, coordenar, propor e acompanhar a elabora\u00e7\u00e3o e [&hellip;]<\/p>\n","protected":false},"author":245,"featured_media":0,"parent":0,"menu_order":0,"comment_status":"closed","ping_status":"closed","template":"","meta":{"footnotes":"","_links_to":"","_links_to_target":""},"class_list":["post-60288","page","type-page","status-publish","hentry"],"rttpg_featured_image_url":null,"rttpg_author":{"display_name":"gabriellabeltrao","author_link":"https:\/\/goias.gov.br\/governo\/author\/gabriellabeltrao\/"},"rttpg_comment":0,"rttpg_category":null,"rttpg_excerpt":"Respons\u00e1vel pelos projetos, estudos e estat\u00edsticas relacionadas \u00e0 energia, a Superintend\u00eancia de Energia, da Subsecretaria de Energia, Telecomunica\u00e7\u00f5es e Cidades Inteligentes, se desdobra em duas ger\u00eancias, sendo a de Energias Renov\u00e1veis e a de Efici\u00eancia Energ\u00e9tica. Energias Renov\u00e1veis Compet\u00eancias&nbsp; Acompanhar as pol\u00edticas p\u00fablicas nacionais de energia; &nbsp; Planejar, coordenar, propor e acompanhar a elabora\u00e7\u00e3o e&hellip;","_links":{"self":[{"href":"https:\/\/goias.gov.br\/governo\/wp-json\/wp\/v2\/pages\/60288","targetHints":{"allow":["GET"]}}],"collection":[{"href":"https:\/\/goias.gov.br\/governo\/wp-json\/wp\/v2\/pages"}],"about":[{"href":"https:\/\/goias.gov.br\/governo\/wp-json\/wp\/v2\/types\/page"}],"author":[{"embeddable":true,"href":"https:\/\/goias.gov.br\/governo\/wp-json\/wp\/v2\/users\/245"}],"replies":[{"embeddable":true,"href":"https:\/\/goias.gov.br\/governo\/wp-json\/wp\/v2\/comments?post=60288"}],"version-history":[{"count":2,"href":"https:\/\/goias.gov.br\/governo\/wp-json\/wp\/v2\/pages\/60288\/revisions"}],"predecessor-version":[{"id":155206,"href":"https:\/\/goias.gov.br\/governo\/wp-json\/wp\/v2\/pages\/60288\/revisions\/155206"}],"wp:attachment":[{"href":"https:\/\/goias.gov.br\/governo\/wp-json\/wp\/v2\/media?parent=60288"}],"curies":[{"name":"wp","href":"https:\/\/api.w.org\/{rel}","templated":true}]}}