

{"id":59563,"date":"2025-05-07T12:14:24","date_gmt":"2025-05-07T15:14:24","guid":{"rendered":"https:\/\/goias.gov.br\/governo\/?page_id=59563"},"modified":"2025-07-23T18:12:51","modified_gmt":"2025-07-23T21:12:51","slug":"transportes-e-mobilidade","status":"publish","type":"page","link":"https:\/\/goias.gov.br\/governo\/transportes-e-mobilidade\/","title":{"rendered":"Pol\u00edticas para Transportes e Mobilidade"},"content":{"rendered":"\n<p>\u00c0 Superintend\u00eancia de Pol\u00edticas para Transportes e Mobilidade compete a elabora\u00e7\u00e3o, a proposi\u00e7\u00e3o e o acompanhamento da execu\u00e7\u00e3o das pol\u00edticas p\u00fablicas estaduais das cidades, do transporte de passageiros e da mobilidade urbana da Regi\u00e3o Metropolitana de Goi\u00e2nia e da Regi\u00e3o Metropolitana do Entorno do Distrito Federal, al\u00e9m dos terminais rodovi\u00e1rios, bem como a interlocu\u00e7\u00e3o entre as esferas federal, estadual e municipal sobre pol\u00edticas p\u00fablicas, inclusive o acompanhamento, o controle e a fiscaliza\u00e7\u00e3o da qualidade do transporte.<\/p>\n\n\n\n<h4><span style=\"color: #008000\">Outras Informa\u00e7\u00f5es<\/span><\/h4>\n\n\n\n<ul>\n<li><a href=\"https:\/\/goias.gov.br\/governo\/transportes-e-mobilidade\/programas-2\/\">Programas<\/a><\/li>\n<li><a href=\"https:\/\/goias.gov.br\/governo\/transportes-e-mobilidade\/audiencias-publicas-2\/\">Audi\u00eancias P\u00fablicas<\/a><\/li>\n<li><a href=\"https:\/\/goias.gov.br\/governo\/transportes-e-mobilidade\/eventos-2\/\">Eventos<\/a><\/li>\n<\/ul>\n","protected":false},"excerpt":{"rendered":"<p>\u00c0 Superintend\u00eancia de Pol\u00edticas para Transportes e Mobilidade compete a elabora\u00e7\u00e3o, a proposi\u00e7\u00e3o e o acompanhamento da execu\u00e7\u00e3o das pol\u00edticas p\u00fablicas estaduais das cidades, do transporte de passageiros e da mobilidade urbana da Regi\u00e3o Metropolitana de Goi\u00e2nia e da Regi\u00e3o Metropolitana do Entorno do Distrito Federal, al\u00e9m dos terminais rodovi\u00e1rios, bem como a interlocu\u00e7\u00e3o entre [&hellip;]<\/p>\n","protected":false},"author":62,"featured_media":0,"parent":0,"menu_order":0,"comment_status":"closed","ping_status":"closed","template":"","meta":{"footnotes":"","_links_to":"","_links_to_target":""},"class_list":["post-59563","page","type-page","status-publish","hentry"],"rttpg_featured_image_url":null,"rttpg_author":{"display_name":"italoreis","author_link":"https:\/\/goias.gov.br\/governo\/author\/italoreis\/"},"rttpg_comment":0,"rttpg_category":null,"rttpg_excerpt":"\u00c0 Superintend\u00eancia de Pol\u00edticas para Transportes e Mobilidade compete a elabora\u00e7\u00e3o, a proposi\u00e7\u00e3o e o acompanhamento da execu\u00e7\u00e3o das pol\u00edticas p\u00fablicas estaduais das cidades, do transporte de passageiros e da mobilidade urbana da Regi\u00e3o Metropolitana de Goi\u00e2nia e da Regi\u00e3o Metropolitana do Entorno do Distrito Federal, al\u00e9m dos terminais rodovi\u00e1rios, bem como a interlocu\u00e7\u00e3o entre&hellip;","_links":{"self":[{"href":"https:\/\/goias.gov.br\/governo\/wp-json\/wp\/v2\/pages\/59563","targetHints":{"allow":["GET"]}}],"collection":[{"href":"https:\/\/goias.gov.br\/governo\/wp-json\/wp\/v2\/pages"}],"about":[{"href":"https:\/\/goias.gov.br\/governo\/wp-json\/wp\/v2\/types\/page"}],"author":[{"embeddable":true,"href":"https:\/\/goias.gov.br\/governo\/wp-json\/wp\/v2\/users\/62"}],"replies":[{"embeddable":true,"href":"https:\/\/goias.gov.br\/governo\/wp-json\/wp\/v2\/comments?post=59563"}],"version-history":[{"count":2,"href":"https:\/\/goias.gov.br\/governo\/wp-json\/wp\/v2\/pages\/59563\/revisions"}],"predecessor-version":[{"id":94619,"href":"https:\/\/goias.gov.br\/governo\/wp-json\/wp\/v2\/pages\/59563\/revisions\/94619"}],"wp:attachment":[{"href":"https:\/\/goias.gov.br\/governo\/wp-json\/wp\/v2\/media?parent=59563"}],"curies":[{"name":"wp","href":"https:\/\/api.w.org\/{rel}","templated":true}]}}