

{"id":58937,"date":"2025-05-06T18:25:03","date_gmt":"2025-05-06T21:25:03","guid":{"rendered":"https:\/\/goias.gov.br\/governo\/?page_id=58937"},"modified":"2025-08-12T11:33:30","modified_gmt":"2025-08-12T14:33:30","slug":"bi-de-acompanhamento-das-emendas-federais","status":"publish","type":"page","link":"https:\/\/goias.gov.br\/governo\/bi-de-acompanhamento-das-emendas-federais\/","title":{"rendered":"BI de Acompanhamento das Emendas Federais"},"content":{"rendered":"\n<p>Em cumprimento ao Decreto Estadual n\u00ba 10.653, de 6 de mar\u00e7o de 2025, e em atendimento \u00e0 decis\u00e3o do Supremo Tribunal Federal na ADPF n\u00ba 854, a Secretaria-Geral de Governo do Estado de Goi\u00e1s disponibiliza o Painel BI da Plataforma Central de Acompanhamento da Execu\u00e7\u00e3o Or\u00e7ament\u00e1ria das Emendas Federais.<\/p>\n\n\n\n<p>A medida refor\u00e7a o compromisso do Estado com a transpar\u00eancia, o controle e a rastreabilidade dos recursos provenientes do Or\u00e7amento da Uni\u00e3o, destinados a Goi\u00e1s por meio de emendas parlamentares.<\/p>\n\n\n\n<p>A publica\u00e7\u00e3o do painel ocorre dentro do prazo disposto no artigo Art. 7\u00ba, que estabeleceu o limite de 90 dias a partir da publica\u00e7\u00e3o do decreto. No entanto, o Governo de Goi\u00e1s se antecipa ao prazo final de 4 de junho de 2025, atendendo \u00e0s expectativas dos \u00f3rg\u00e3os de controle, especialmente do Tribunal de Contas do Estado de Goi\u00e1s, e da organiza\u00e7\u00e3o Transpar\u00eancia Internacional, que realizar\u00e1 avalia\u00e7\u00e3o do Estado ainda em junho deste ano, conforme informado pela Controladoria-Geral do Estado (CGE).<\/p>\n\n\n\n<p>O conte\u00fado do BI foi previamente apresentado e alinhado com as \u00e1reas t\u00e9cnicas envolvidas.<\/p>\n\n\n\n<p><strong><a href=\"https:\/\/app.powerbi.com\/view?r=eyJrIjoiMWFlODc2MDktMzZmNi00MzU3LTlhNjgtNTMyYjA2M2E4M2ZlIiwidCI6IjY3ZmQ0MzFjLWIyYWQtNDg2Ny04MWJjLWQ3NTYyMjBiNTZkNCJ9\">Clique aqui e acesse o BI da Plataforma Central de Acompanhamento da Execu\u00e7\u00e3o Or\u00e7ament\u00e1ria das Emendas Federais<\/a><\/strong><\/p>\n","protected":false},"excerpt":{"rendered":"<p>Em cumprimento ao Decreto Estadual n\u00ba 10.653, de 6 de mar\u00e7o de 2025, e em atendimento \u00e0 decis\u00e3o do Supremo Tribunal Federal na ADPF n\u00ba 854, a Secretaria-Geral de Governo do Estado de Goi\u00e1s disponibiliza o Painel BI da Plataforma Central de Acompanhamento da Execu\u00e7\u00e3o Or\u00e7ament\u00e1ria das Emendas Federais. A medida refor\u00e7a o compromisso do [&hellip;]<\/p>\n","protected":false},"author":62,"featured_media":0,"parent":0,"menu_order":0,"comment_status":"closed","ping_status":"closed","template":"","meta":{"footnotes":"","_links_to":"","_links_to_target":""},"class_list":["post-58937","page","type-page","status-publish","hentry"],"rttpg_featured_image_url":null,"rttpg_author":{"display_name":"italoreis","author_link":"https:\/\/goias.gov.br\/governo\/author\/italoreis\/"},"rttpg_comment":0,"rttpg_category":null,"rttpg_excerpt":"Em cumprimento ao Decreto Estadual n\u00ba 10.653, de 6 de mar\u00e7o de 2025, e em atendimento \u00e0 decis\u00e3o do Supremo Tribunal Federal na ADPF n\u00ba 854, a Secretaria-Geral de Governo do Estado de Goi\u00e1s disponibiliza o Painel BI da Plataforma Central de Acompanhamento da Execu\u00e7\u00e3o Or\u00e7ament\u00e1ria das Emendas Federais. A medida refor\u00e7a o compromisso do&hellip;","_links":{"self":[{"href":"https:\/\/goias.gov.br\/governo\/wp-json\/wp\/v2\/pages\/58937","targetHints":{"allow":["GET"]}}],"collection":[{"href":"https:\/\/goias.gov.br\/governo\/wp-json\/wp\/v2\/pages"}],"about":[{"href":"https:\/\/goias.gov.br\/governo\/wp-json\/wp\/v2\/types\/page"}],"author":[{"embeddable":true,"href":"https:\/\/goias.gov.br\/governo\/wp-json\/wp\/v2\/users\/62"}],"replies":[{"embeddable":true,"href":"https:\/\/goias.gov.br\/governo\/wp-json\/wp\/v2\/comments?post=58937"}],"version-history":[{"count":2,"href":"https:\/\/goias.gov.br\/governo\/wp-json\/wp\/v2\/pages\/58937\/revisions"}],"predecessor-version":[{"id":97085,"href":"https:\/\/goias.gov.br\/governo\/wp-json\/wp\/v2\/pages\/58937\/revisions\/97085"}],"wp:attachment":[{"href":"https:\/\/goias.gov.br\/governo\/wp-json\/wp\/v2\/media?parent=58937"}],"curies":[{"name":"wp","href":"https:\/\/api.w.org\/{rel}","templated":true}]}}