

{"id":58749,"date":"2025-05-06T13:46:33","date_gmt":"2025-05-06T16:46:33","guid":{"rendered":"https:\/\/goias.gov.br\/governo\/?page_id=58749"},"modified":"2026-03-19T10:39:35","modified_gmt":"2026-03-19T13:39:35","slug":"videomonitoramento-com-inteligencia-artificial","status":"publish","type":"page","link":"https:\/\/goias.gov.br\/governo\/videomonitoramento-com-inteligencia-artificial\/","title":{"rendered":"Videomonitoramento com Intelig\u00eancia Artificial"},"content":{"rendered":"\n<p>O Governo de Goi\u00e1s, por meio da Secretaria-Geral de Governo, em parceria com a Secretaria de Seguran\u00e7a P\u00fablica, implanta um sistema de videomonitoramento com intelig\u00eancia artificial para refor\u00e7ar a seguran\u00e7a p\u00fablica e apoiar a gest\u00e3o urbana em diferentes regi\u00f5es do estado. A iniciativa integra o programa estadual IA Contra o Crime.<\/p>\n\n\n\n<p>O projeto prev\u00ea a <strong>instala\u00e7\u00e3o de 564 c\u00e2meras em vias e espa\u00e7os p\u00fablicos de nove munic\u00edpios goianos<\/strong>, ampliando o monitoramento e a atua\u00e7\u00e3o integrada das for\u00e7as de seguran\u00e7a. Os munic\u00edpios atendidos s\u00e3o:<\/p>\n\n\n\n<ul class=\"wp-block-list\">\n<li>Goi\u00e2nia;<\/li>\n\n\n\n<li>\u00c1guas Lindas de Goi\u00e1s;<\/li>\n\n\n\n<li>Luzi\u00e2nia;<\/li>\n\n\n\n<li>Valpara\u00edso de Goi\u00e1s;<\/li>\n\n\n\n<li>Formosa;<\/li>\n\n\n\n<li>Planaltina;<\/li>\n\n\n\n<li>Santo Ant\u00f4nio do Descoberto;<\/li>\n\n\n\n<li>Cidade Ocidental;<\/li>\n\n\n\n<li>Cidade de Goi\u00e1s.<\/li>\n<\/ul>\n\n\n\n<h4><span style=\"color: #008000;\">Recursos do sistema de videomonitoramento<\/span><\/h4>\n\n\n\n<p>O sistema contar\u00e1 com c\u00e2meras equipadas com intelig\u00eancia artificial, que ser\u00e3o capazes de realizar an\u00e1lises automatizadas de imagens para apoiar a identifica\u00e7\u00e3o de situa\u00e7\u00f5es de risco, contribuir com investiga\u00e7\u00f5es e fortalecer a preven\u00e7\u00e3o de crimes.<\/p>\n\n\n\n<p>Entre as funcionalidades est\u00e3o o reconhecimento facial e ferramentas de an\u00e1lise de pessoas, que permitem pesquisar imagens com base em caracter\u00edsticas como g\u00eanero, faixa et\u00e1ria, cor de roupas e outros atributos f\u00edsicos. A solu\u00e7\u00e3o tamb\u00e9m possibilita identificar aglomera\u00e7\u00f5es, acompanhar a presen\u00e7a de pessoas em determinadas \u00e1reas e analisar padr\u00f5es de movimenta\u00e7\u00e3o em espa\u00e7os p\u00fablicos.<\/p>\n\n\n\n<p>Al\u00e9m disso, o sistema inclui recursos para o monitoramento de ve\u00edculos. As c\u00e2meras conseguem identificar placas, reconhecer caracter\u00edsticas como cor, marca e tipo do ve\u00edculo e contabilizar o fluxo de carros em determinadas vias. Tamb\u00e9m auxiliam na identifica\u00e7\u00e3o de situa\u00e7\u00f5es como estacionamento irregular, contribuindo para melhorar o controle do tr\u00e1fego e apoiar as a\u00e7\u00f5es de seguran\u00e7a p\u00fablica.<\/p>\n\n\n\n<h4><span style=\"color: #008000;\">Centros Integrados de Intelig\u00eancia, Comando e Controle (CIICC)<\/span><\/h4>\n\n\n\n<p>Al\u00e9m da instala\u00e7\u00e3o das c\u00e2meras, o projeto prev\u00ea a implanta\u00e7\u00e3o de quatro Centros Integrados de Intelig\u00eancia, Comando e Controle (CIICC) nos munic\u00edpios de \u00c1guas Lindas de Goi\u00e1s, Luzi\u00e2nia, Formosa e Cidade de Goi\u00e1s.<\/p>\n\n\n\n<p>Esses centros regionais ser\u00e3o integrados \u00e0 central principal em Goi\u00e2nia, permitindo o compartilhamento de informa\u00e7\u00f5es em tempo real e uma atua\u00e7\u00e3o coordenada entre as equipes respons\u00e1veis pelo monitoramento e pelas a\u00e7\u00f5es de seguran\u00e7a.<\/p>\n\n\n\n<h4><span style=\"color: #008000;\">Implanta\u00e7\u00e3o do projeto<\/span><\/h4>\n\n\n\n<p>O sistema de videomonitoramento est\u00e1 em fase de implanta\u00e7\u00e3o, com previs\u00e3o de in\u00edcio da opera\u00e7\u00e3o em mar\u00e7o de 2026.<\/p>\n\n\n\n<p>O investimento total no projeto \u00e9 de <strong>R$ 34.999.980,00<\/strong>, com contrato firmado por um per\u00edodo de 60 meses, contemplando a instala\u00e7\u00e3o dos equipamentos, capacita\u00e7\u00e3o das equipes, suporte t\u00e9cnico, opera\u00e7\u00e3o assistida, manuten\u00e7\u00e3o e conectividade da rede de monitoramento.<\/p>\n\n\n\n<p>A contrata\u00e7\u00e3o foi realizada por meio do <a href=\"https:\/\/sislog.go.gov.br\/PanelAquisicao\/DetalhesLicitacao?idLicitacao=109617\">Preg\u00e3o Eletr\u00f4nico n\u00b0 193\/2024<\/a>. A empresa respons\u00e1vel \u00e9 o Cons\u00f3rcio Goi\u00e1s da Paz, formado pelas empresas Paladium Corp Desenvolvimento de Tecnologia Ltda. e L8 Group S.A.<\/p>\n\n\n\n<h4><span style=\"color: #008000;\">Programa IA Contra o Crime<\/span><\/h4>\n\n\n\n<p>A iniciativa integra o programa IA Contra o Crime, que utiliza intelig\u00eancia artificial e an\u00e1lise de dados para fortalecer as pol\u00edticas de seguran\u00e7a p\u00fablica no estado.<\/p>\n\n\n\n<p>Com a implanta\u00e7\u00e3o do sistema, o governo amplia o uso de tecnologia para apoiar o trabalho das for\u00e7as de seguran\u00e7a, fortalecer a preven\u00e7\u00e3o de crimes e melhorar a resposta a situa\u00e7\u00f5es de risco. O projeto tamb\u00e9m contribui para a gest\u00e3o urbana e para o planejamento das cidades.<\/p>\n\n\n\n<p><\/p>\n","protected":false},"excerpt":{"rendered":"<p>O Governo de Goi\u00e1s, por meio da Secretaria-Geral de Governo, em parceria com a Secretaria de Seguran\u00e7a P\u00fablica, implanta um sistema de videomonitoramento com intelig\u00eancia artificial para refor\u00e7ar a seguran\u00e7a p\u00fablica e apoiar a gest\u00e3o urbana em diferentes regi\u00f5es do estado. A iniciativa integra o programa estadual IA Contra o Crime. O projeto prev\u00ea a [&hellip;]<\/p>\n","protected":false},"author":245,"featured_media":0,"parent":0,"menu_order":0,"comment_status":"closed","ping_status":"closed","template":"","meta":{"footnotes":"","_links_to":"","_links_to_target":""},"class_list":["post-58749","page","type-page","status-publish","hentry"],"rttpg_featured_image_url":null,"rttpg_author":{"display_name":"gabriellabeltrao","author_link":"https:\/\/goias.gov.br\/governo\/author\/gabriellabeltrao\/"},"rttpg_comment":0,"rttpg_category":null,"rttpg_excerpt":"O Governo de Goi\u00e1s, por meio da Secretaria-Geral de Governo, em parceria com a Secretaria de Seguran\u00e7a P\u00fablica, implanta um sistema de videomonitoramento com intelig\u00eancia artificial para refor\u00e7ar a seguran\u00e7a p\u00fablica e apoiar a gest\u00e3o urbana em diferentes regi\u00f5es do estado. A iniciativa integra o programa estadual IA Contra o Crime. O projeto prev\u00ea a&hellip;","_links":{"self":[{"href":"https:\/\/goias.gov.br\/governo\/wp-json\/wp\/v2\/pages\/58749","targetHints":{"allow":["GET"]}}],"collection":[{"href":"https:\/\/goias.gov.br\/governo\/wp-json\/wp\/v2\/pages"}],"about":[{"href":"https:\/\/goias.gov.br\/governo\/wp-json\/wp\/v2\/types\/page"}],"author":[{"embeddable":true,"href":"https:\/\/goias.gov.br\/governo\/wp-json\/wp\/v2\/users\/245"}],"replies":[{"embeddable":true,"href":"https:\/\/goias.gov.br\/governo\/wp-json\/wp\/v2\/comments?post=58749"}],"version-history":[{"count":2,"href":"https:\/\/goias.gov.br\/governo\/wp-json\/wp\/v2\/pages\/58749\/revisions"}],"predecessor-version":[{"id":137161,"href":"https:\/\/goias.gov.br\/governo\/wp-json\/wp\/v2\/pages\/58749\/revisions\/137161"}],"wp:attachment":[{"href":"https:\/\/goias.gov.br\/governo\/wp-json\/wp\/v2\/media?parent=58749"}],"curies":[{"name":"wp","href":"https:\/\/api.w.org\/{rel}","templated":true}]}}