

{"id":47745,"date":"2025-02-19T14:06:26","date_gmt":"2025-02-19T17:06:26","guid":{"rendered":"https:\/\/goias.gov.br\/governo\/?page_id=47745"},"modified":"2026-01-07T10:41:24","modified_gmt":"2026-01-07T13:41:24","slug":"goias-mais-digital","status":"publish","type":"page","link":"https:\/\/goias.gov.br\/governo\/goias-mais-digital\/","title":{"rendered":"Goi\u00e1s +Digital"},"content":{"rendered":"\n<figure class=\"wp-block-image size-large\"><img fetchpriority=\"high\" decoding=\"async\" width=\"1024\" height=\"576\" src=\"https:\/\/goias.gov.br\/governo\/wp-content\/uploads\/sites\/11\/2025\/02\/BANNER-FEV-2025-1-1024x576.jpg\" alt=\"\" class=\"wp-image-48225\" srcset=\"https:\/\/goias.gov.br\/governo\/wp-content\/uploads\/sites\/11\/2025\/02\/BANNER-FEV-2025-1-1024x576.jpg 1024w, https:\/\/goias.gov.br\/governo\/wp-content\/uploads\/sites\/11\/2025\/02\/BANNER-FEV-2025-1-300x169.jpg 300w, https:\/\/goias.gov.br\/governo\/wp-content\/uploads\/sites\/11\/2025\/02\/BANNER-FEV-2025-1-768x432.jpg 768w, https:\/\/goias.gov.br\/governo\/wp-content\/uploads\/sites\/11\/2025\/02\/BANNER-FEV-2025-1-1536x864.jpg 1536w, https:\/\/goias.gov.br\/governo\/wp-content\/uploads\/sites\/11\/2025\/02\/BANNER-FEV-2025-1.jpg 1920w\" sizes=\"(max-width: 1024px) 100vw, 1024px\" \/><\/figure>\n\n\n\n<h4 class=\"wp-block-heading\"><span style=\"color: #008000;\">Objetivo<\/span><\/h4>\n\n\n\n<p>O Governo de Goi\u00e1s, por meio do Programa Goi\u00e1s+Digital, tem o objetivo de incentivar o investimento das operadoras de telefonia na amplia\u00e7\u00e3o da cobertura do Servi\u00e7o M\u00f3vel Pessoal (SMP) em localidades que ainda n\u00e3o possuem sinal, conectando distritos e localidades isolados \u00e0 rede m\u00f3vel. Essa iniciativa impulsiona o desenvolvimento regional, melhora a qualidade de vida da popula\u00e7\u00e3o e promove a inclus\u00e3o digital.<\/p>\n\n\n\n<p>Para viabilizar a instala\u00e7\u00e3o de Esta\u00e7\u00f5es R\u00e1dio Base (ERBs), as operadoras poder\u00e3o recuperar o investimento por meio de cr\u00e9dito outorgado do Imposto sobre Circula\u00e7\u00e3o de Mercadorias e Servi\u00e7os (ICMS). Dessa forma, o programa acelera a transforma\u00e7\u00e3o digital em \u00e1reas remotas, garantindo mais acesso \u00e0 comunica\u00e7\u00e3o e aos servi\u00e7os essenciais.<\/p>\n\n\n\n<p>Atualmente, diversas localidades goianas ainda enfrentam a aus\u00eancia de cobertura de telefonia m\u00f3vel, o que limita oportunidades e dificulta o cotidiano de seus moradores. Com essa iniciativa, o Governo de Goi\u00e1s trabalha para mudar essa realidade e conectar cada vez mais pessoas ao futuro digital.<\/p>\n\n\n\n<h4 class=\"wp-block-heading\"><span style=\"color: #008000;\">Participa\u00e7\u00e3o do munic\u00edpio<\/span><\/h4>\n\n\n\n<p>A participa\u00e7\u00e3o dos munic\u00edpios \u00e9 fundamental para o sucesso do Programa Goi\u00e1s+Digital. Para viabilizar a instala\u00e7\u00e3o da Esta\u00e7\u00e3o R\u00e1dio Base (ERB) pelas operadoras de telefonia, o&nbsp;munic\u00edpio dever\u00e1 disponibilizar ou ajudar com a disponibiliza\u00e7\u00e3o de um terreno adequado para a instala\u00e7\u00e3o da torre de telefonia, com acesso f\u00edsico \u00e0 torre e acesso \u00e0 infraestrutura de energia.<\/p>\n\n\n\n<p>Al\u00e9m disso, \u00e9 essencial que o munic\u00edpio se comprometa a agilizar os processos de autoriza\u00e7\u00e3o, licenciamento e demais permiss\u00f5es necess\u00e1rias, facilitando a implementa\u00e7\u00e3o do projeto e garantindo que os benef\u00edcios cheguem \u00e0 popula\u00e7\u00e3o o mais r\u00e1pido poss\u00edvel.<\/p>\n\n\n\n<p>Para formalizar essa parceria, o munic\u00edpio dever\u00e1 firmar um Termo de Compromisso com o Estado de Goi\u00e1s, assegurando o cumprimento das exig\u00eancias. Tamb\u00e9m ser\u00e1 necess\u00e1rio elaborar um termo espec\u00edfico com a empresa prestadora do Servi\u00e7o M\u00f3vel Pessoal (SMP), estabelecendo a permiss\u00e3o de uso do terreno destinado \u00e0 instala\u00e7\u00e3o da ERB pelo per\u00edodo de 20 anos.<\/p>\n\n\n\n<h4><span style=\"color: #008000;\">Resultados esperados<\/span><\/h4>\n\n\n\n<p>Com essa estrat\u00e9gia, espera-se que, em breve, os distritos goianos deixem de ser pontos isolados e passem a fazer parte de uma rede de comunica\u00e7\u00e3o eficiente e inclusiva, impulsionando o progresso e a qualidade de vida de seus habitantes.<\/p>\n\n\n\n<h4 class=\"wp-block-heading\"><span style=\"color: #008000;\">Documentos<\/span><\/h4>\n\n\n\n<ul class=\"wp-block-list\">\n<li><a href=\"https:\/\/goias.gov.br\/governo\/wp-content\/uploads\/sites\/11\/2025\/01\/Decreto-10.620_2025_Goias_mais_digital.pdf\" target=\"_blank\" rel=\"noreferrer noopener\">DECRETO N\u00ba 10.620<\/a><\/li>\n\n\n\n<li><a href=\"https:\/\/goias.gov.br\/governo\/wp-content\/uploads\/sites\/11\/2025\/02\/Instrucao_Normativa_n__002_2025.pdf\" target=\"_blank\" rel=\"noreferrer noopener\">INSTRU\u00c7\u00c3O NORMATIVA N\u00b0 002\/2025<\/a><\/li>\n\n\n\n<li><a href=\"https:\/\/goias.gov.br\/governo\/wp-content\/uploads\/sites\/11\/2025\/03\/diario_oficial_2025-03-19_completo-1.pdf\" target=\"_blank\" rel=\"noreferrer noopener\">AVISO: CHAMAMENTO PARA SONDAGEM DE MERCADO 19 DE MAR\u00c7O DE 2025<\/a><\/li>\n\n\n\n<li><a href=\"https:\/\/goias.gov.br\/governo\/wp-content\/uploads\/sites\/11\/2025\/03\/EDITAL-DE-CHAMAMENTO-PUBLICO-PARA-SONDAGEM-DE-MERCADO-01-2025.pdf\" target=\"_blank\" rel=\"noreferrer noopener\">EDITAL DE CHAMAMENTO P\u00daBLICO PARA SONDAGEM DE MERCADO N\u00ba 01\/2025<\/a><\/li>\n\n\n\n<li><a href=\"https:\/\/goias.gov.br\/governo\/wp-content\/uploads\/sites\/11\/2025\/03\/Estudo-Tecnico-Preliminar.pdf\" target=\"_blank\" rel=\"noreferrer noopener\">ESTUDO T\u00c9CNICO PRELIMINAR N\u00ba: 1\/2025 &#8211; SGG\/GETECI-20402<\/a><\/li>\n\n\n\n<li><a href=\"https:\/\/goias.gov.br\/governo\/wp-content\/uploads\/sites\/11\/2025\/03\/Especificacoes-Tecnicas.pdf\" target=\"_blank\" rel=\"noreferrer noopener\">ESPECIFICA\u00c7\u00d5ES T\u00c9CNICAS GOI\u00c1S +DIGITAL<\/a><\/li>\n\n\n\n<li><a href=\"https:\/\/goias.gov.br\/governo\/wp-content\/uploads\/sites\/11\/2025\/03\/ANEXO_I___ETP___Programa_Goias___Digital___Vs02___07.03.25_3_.xlsx\" target=\"_blank\" rel=\"noreferrer noopener\">ANEXO I &#8211; ESTUDO T\u00c9CNICO PRELIMINAR N\u00ba: 1\/2025<\/a><\/li>\n\n\n\n<li><a href=\"https:\/\/goias.gov.br\/governo\/wp-content\/uploads\/sites\/11\/2025\/04\/Relatorio-Final-Sondagem-de-Mercado-Programa-Goias-Digital.pdf\">RELAT\u00d3RIO FINAL N\u00ba 1 \/ 2025 SGG\/GETECI-20402<\/a><\/li>\n<\/ul>\n\n\n\n<h3 class=\"wp-block-heading\"><span style=\"color: #008000;\">Fases do Programa<\/span><\/h3>\n\n\n\n<ul class=\"wp-block-list\">\n<li><a href=\"https:\/\/goias.gov.br\/governo\/goias-mais-digital\/primeira-fase\/\" target=\"_blank\" rel=\"noreferrer noopener\">PRIMEIRA FASE<\/a><\/li>\n\n\n\n<li><a href=\"https:\/\/goias.gov.br\/governo\/goias-mais-digital\/segunda-fase\/\" target=\"_blank\" rel=\"noreferrer noopener\">SEGUNDA FASE<\/a><\/li>\n<\/ul>\n\n\n\n<p><\/p>\n","protected":false},"excerpt":{"rendered":"<p>Objetivo O Governo de Goi\u00e1s, por meio do Programa Goi\u00e1s+Digital, tem o objetivo de incentivar o investimento das operadoras de telefonia na amplia\u00e7\u00e3o da cobertura do Servi\u00e7o M\u00f3vel Pessoal (SMP) em localidades que ainda n\u00e3o possuem sinal, conectando distritos e localidades isolados \u00e0 rede m\u00f3vel. Essa iniciativa impulsiona o desenvolvimento regional, melhora a qualidade de [&hellip;]<\/p>\n","protected":false},"author":432,"featured_media":0,"parent":0,"menu_order":0,"comment_status":"closed","ping_status":"closed","template":"","meta":{"footnotes":"","_links_to":"","_links_to_target":""},"class_list":["post-47745","page","type-page","status-publish","hentry"],"rttpg_featured_image_url":null,"rttpg_author":{"display_name":"isabelagomes","author_link":"https:\/\/goias.gov.br\/governo\/author\/isabelagomes\/"},"rttpg_comment":0,"rttpg_category":null,"rttpg_excerpt":"Objetivo O Governo de Goi\u00e1s, por meio do Programa Goi\u00e1s+Digital, tem o objetivo de incentivar o investimento das operadoras de telefonia na amplia\u00e7\u00e3o da cobertura do Servi\u00e7o M\u00f3vel Pessoal (SMP) em localidades que ainda n\u00e3o possuem sinal, conectando distritos e localidades isolados \u00e0 rede m\u00f3vel. Essa iniciativa impulsiona o desenvolvimento regional, melhora a qualidade de&hellip;","_links":{"self":[{"href":"https:\/\/goias.gov.br\/governo\/wp-json\/wp\/v2\/pages\/47745","targetHints":{"allow":["GET"]}}],"collection":[{"href":"https:\/\/goias.gov.br\/governo\/wp-json\/wp\/v2\/pages"}],"about":[{"href":"https:\/\/goias.gov.br\/governo\/wp-json\/wp\/v2\/types\/page"}],"author":[{"embeddable":true,"href":"https:\/\/goias.gov.br\/governo\/wp-json\/wp\/v2\/users\/432"}],"replies":[{"embeddable":true,"href":"https:\/\/goias.gov.br\/governo\/wp-json\/wp\/v2\/comments?post=47745"}],"version-history":[{"count":2,"href":"https:\/\/goias.gov.br\/governo\/wp-json\/wp\/v2\/pages\/47745\/revisions"}],"predecessor-version":[{"id":115499,"href":"https:\/\/goias.gov.br\/governo\/wp-json\/wp\/v2\/pages\/47745\/revisions\/115499"}],"wp:attachment":[{"href":"https:\/\/goias.gov.br\/governo\/wp-json\/wp\/v2\/media?parent=47745"}],"curies":[{"name":"wp","href":"https:\/\/api.w.org\/{rel}","templated":true}]}}