

{"id":44752,"date":"2025-01-22T17:52:01","date_gmt":"2025-01-22T20:52:01","guid":{"rendered":"https:\/\/goias.gov.br\/governo\/?page_id=44752"},"modified":"2025-07-17T17:45:03","modified_gmt":"2025-07-17T20:45:03","slug":"concorrencia-no-01-2025-sgg","status":"publish","type":"page","link":"https:\/\/goias.gov.br\/governo\/goias-de-fibra\/concorrencia-no-01-2025-sgg\/","title":{"rendered":"Concorr\u00eancia N\u00ba 01\/2025-SGG"},"content":{"rendered":"\n<p>O <strong>GOVERNO DO ESTADO DE GOI\u00c1S<\/strong>, por interm\u00e9dio da <strong>SECRETARIA-GERAL DE GOVERNO<\/strong>, comunica que far\u00e1 licita\u00e7\u00e3o, na modalidade concorr\u00eancia, para constru\u00e7\u00e3o e opera\u00e7\u00e3o de rede de telecomunica\u00e7\u00f5es de fibras \u00f3pticas, conforme as informa\u00e7\u00f5es e documentos a seguir.<\/p>\n<p><strong>PROCESSO<\/strong>: 202418037008564<\/p>\n<p><strong>MODALIDADE<\/strong>: Concorr\u00eancia<\/p>\n<p><strong>FORMA<\/strong>: Presencial<\/p>\n<p><strong>TIPO<\/strong>: Menor Pre\u00e7o Global<\/p>\n<p><strong>OBJETO<\/strong>: Fornecimento de rede de telecomunica\u00e7\u00f5es e presta\u00e7\u00e3o dos servi\u00e7os de transporte de dados, voz e wifi mediante constru\u00e7\u00e3o, implanta\u00e7\u00e3o, opera\u00e7\u00e3o e manuten\u00e7\u00e3o de rede de alta capacidade e wifi, seguran\u00e7a, treinamentos e servi\u00e7os de voz para o Estado de Goi\u00e1s, inclusos todos os materiais, equipamentos, softwares, licen\u00e7as e m\u00e3o de obra para execu\u00e7\u00e3o dos servi\u00e7os.\u00a0<\/p>\n<p><strong>REGIME DE EXECU\u00c7\u00c3O<\/strong>: Misto &#8211; Contrata\u00e7\u00e3o Integrada e Fornecimento com Presta\u00e7\u00e3o de Servi\u00e7os Associados<\/p>\n<p><strong>VALOR GLOBAL ESTIMADO<\/strong>: R$ 494.363.562,22 (quatrocentos e noventa e quatro milh\u00f5es e trezentos e sessenta e tr\u00eas mil e quinhentos e sessenta e dois reais e vinte e dois centavos)<\/p>\n<p><strong>DATA\/HORA* DE ENTREGA DOS ENVELOPES<\/strong>: 13\/05\/2025 das 10:00 at\u00e9 \u00e0s 12:00 horas.\u00a0<\/p>\n<p><strong>DATA\/HORA* DA SESS\u00c3O P\u00daBLICA<\/strong>: 19\/05\/2025 a partir das 14:00 horas.<\/p>\n<p><strong>LOCAL DAS SESS\u00d5ES<\/strong>: sede da B3 S.A. &#8211; Brasil, Bolsa, Balc\u00e3o, localizada na Rua XV de Novembro, 275, Centro Hist\u00f3rico de S\u00e3o Paulo, S\u00e3o Paulo &#8211; SP, CEP 01010-90.<\/p>\n<p><strong>INFORMA\u00c7\u00d5ES<\/strong>: (62) 3270-8645 | <a href=\"mailto:gcg.sgg@goias.gov.br\">gcg.sgg@goias.gov.br<\/a><br \/>* hor\u00e1rio de Bras\u00edlia\/DF, UTC -03:00.<\/p>\n<p><a href=\"https:\/\/tvb3.com.br\/video\/roadshow-e-goias-rede-de-fibra-optica-goias-de-fibra\/\">CLIQUE AQUI E ACOMPANHE O ROADSHOW<\/a><\/p>\n<h2><span style=\"color: #008000;\">Resultados<\/span><\/h2>\n<ul>\n<li><a href=\"https:\/\/goias.gov.br\/governo\/wp-content\/uploads\/sites\/11\/2025\/05\/Relatorio-de-Analise-da-B3-Envelope-1-SONDA.pdf\">RELAT\u00d3RIO DE AN\u00c1LISE DA B3 &#8211; ENVELOPE 1 SONDA<\/a><\/li>\n<li><a href=\"https:\/\/goias.gov.br\/governo\/wp-content\/uploads\/sites\/11\/2025\/05\/Relatorio-de-Julgamento-da-Comissao-Envelope-1-SONDA.pdf\">RELAT\u00d3RIO DE JULGAMENTO DA COMISS\u00c3O &#8211; ENVELOPE\u00a01\u00a0SONDA<\/a><\/li>\n<li><a href=\"https:\/\/goias.gov.br\/governo\/wp-content\/uploads\/sites\/11\/2025\/05\/RELATORIO-DE-ANALISE-DA-B3-\u2013-ENVELOPES-2-E-3-SONDA.pdf\">RELAT\u00d3RIO DE AN\u00c1LISE DA B3 \u2013 ENVELOPES 2 E 3 &#8211; SONDA<\/a><\/li>\n<li><a href=\"https:\/\/goias.gov.br\/governo\/wp-content\/uploads\/sites\/11\/2025\/05\/RELATORIO-DE-JULGAMENTO-DA-COMISSAO-\u2013-ENVELOPES-2-E-3-SONDA.pdf\">RELAT\u00d3RIO DE JULGAMENTO DA COMISS\u00c3O \u2013 ENVELOPES 2 E 3 &#8211; SONDA<\/a><\/li>\n<li><a href=\"https:\/\/goias.gov.br\/governo\/wp-content\/uploads\/sites\/11\/2025\/05\/TERMO-DE-ADJUDICACAO-E-HOMOLOGACAO.pdf\">TERMO DE ADJUDICA\u00c7\u00c3O E HOMOLOGA\u00c7\u00c3O<\/a><\/li>\n<\/ul>\n<h2><span style=\"color: #008000;\">Avisos<\/span><\/h2>\n<ul>\n<li><a href=\"https:\/\/goias.gov.br\/governo\/wp-content\/uploads\/sites\/11\/2025\/01\/AVISO-DE-LICITACAO_01_2025.pdf\">AVISO DE LICITA\u00c7\u00c3O<\/a><\/li>\n<li><a href=\"https:\/\/goias.gov.br\/governo\/wp-content\/uploads\/sites\/11\/2025\/04\/03-04Aviso-de-Adiamento-DOE.pdf\" target=\"_blank\" rel=\"noopener\">AVISO DE ADIAMENTO<\/a><\/li>\n<li><a href=\"https:\/\/goias.gov.br\/governo\/wp-content\/uploads\/sites\/11\/2025\/04\/CONVITE-ROADSHOW.pdf\" target=\"_blank\" rel=\"noopener\">CONVITE PARA ROADSHOW NA B3<\/a><\/li>\n<li><a href=\"https:\/\/goias.gov.br\/governo\/wp-content\/uploads\/sites\/11\/2025\/04\/Comunicado-ao-Mercado-no-01.pdf\">COMUNICADO AO MERCADO N\u00ba 01<\/a><\/li>\n<li><a href=\"https:\/\/goias.gov.br\/governo\/wp-content\/uploads\/sites\/11\/2025\/04\/Aviso-de-Adiamento-no-02.pdf\">AVISO DE ADIAMENTO N\u00b0 02<\/a><\/li>\n<\/ul>\n<h2><span style=\"color: #008000;\">Erratas<\/span><\/h2>\n<ul>\n<li><a href=\"https:\/\/goias.gov.br\/governo\/wp-content\/uploads\/sites\/11\/2025\/04\/ERRATA-No-01.pdf\">ERRATA N\u00ba 01<\/a><\/li>\n<li><a href=\"https:\/\/goias.gov.br\/governo\/wp-content\/uploads\/sites\/11\/2025\/04\/ERRATA-No-02.pdf\">ERRATA N\u00ba 02<\/a><\/li>\n<li><a href=\"https:\/\/goias.gov.br\/governo\/wp-content\/uploads\/sites\/11\/2025\/04\/Errata-no-03.pdf\">ERRATA N\u00b0 03<\/a><\/li>\n<li><a href=\"https:\/\/goias.gov.br\/governo\/wp-content\/uploads\/sites\/11\/2025\/05\/ERRATA-No-4.pdf\">ERRATA N\u00ba 04<\/a><\/li>\n<\/ul>\n<h2><span style=\"color: #008000;\">Edital e Anexos<\/span><\/h2>\n<ul>\n<li><a href=\"https:\/\/goias.gov.br\/governo\/wp-content\/uploads\/sites\/11\/2025\/04\/EDITAL-DA-CONCORRENCIA-No-01-DE-2025-SGG.pdf\">EDITAL DA CONCORR\u00caNCIA N\u00ba 01 DE 2025 (vers\u00e3o publicada em 23\/04\/2025)<\/a><\/li>\n<li><a href=\"https:\/\/goias.gov.br\/governo\/wp-content\/uploads\/sites\/11\/2025\/01\/ANEXO_I___Modelo_de_Cartas_e_Declaracoes.pdf\">ANEXO I &#8211; MODELO DE CARTAS E DECLARA\u00c7\u00d5ES<\/a><\/li>\n<li><a href=\"https:\/\/goias.gov.br\/governo\/wp-content\/uploads\/sites\/11\/2025\/04\/ANEXO-II-\u2013-DOCUMENTOS-DE-HABILITACAO-atualizado.pdf\">ANEXO II &#8211; DOCUMENTOS DE HABILITA\u00c7\u00c3O<\/a><\/li>\n<li><a href=\"https:\/\/goias.gov.br\/governo\/wp-content\/uploads\/sites\/11\/2025\/01\/ANEXO_III___Manual_de_Procedimentos_da_B3.pdf\">ANEXO III &#8211; MANUAL DE PROCEDIMENTOS DA B3<\/a><\/li>\n<li><a href=\"https:\/\/goias.gov.br\/governo\/wp-content\/uploads\/sites\/11\/2025\/05\/ANEXO-IV-TERMO-DE-REFERENCIA.pdf\">ANEXO IV &#8211; TERMO DE REFER\u00caNCIA (vers\u00e3o publicada em 08\/05\/2025)<\/a><\/li>\n<li><a href=\"https:\/\/goias.gov.br\/governo\/wp-content\/uploads\/sites\/11\/2025\/01\/ANEXO_IV.A___Caderno_de_Encargos_de_Construcao_de_Rede.pdf\">ANEXO IV.A &#8211; CADERNO DE ENCARGOS DE CONSTRU\u00c7\u00c3O DE REDE<\/a><\/li>\n<li><a href=\"https:\/\/goias.gov.br\/governo\/wp-content\/uploads\/sites\/11\/2025\/05\/ANEXO-IV.B-CADERNO-DE-ENCARGOS-DE-INFRAESTRUTURA.pdf\">ANEXO IV.B &#8211; CARDENOS DE ENCARGOS DE INFRAESTRUTURA (vers\u00e3o publicada em 08\/05\/2025)<\/a><\/li>\n<li><a href=\"https:\/\/goias.gov.br\/governo\/wp-content\/uploads\/sites\/11\/2025\/01\/ANEXO_IV.C___Especificacoes_dos_Equipamentos.pdf\">ANEXO IV.C &#8211; ESPECIFICA\u00c7\u00d5ES DOS EQUIPAMENTOS<\/a><\/li>\n<li><a href=\"https:\/\/goias.gov.br\/governo\/wp-content\/uploads\/sites\/11\/2025\/01\/ANEXO_IV.D___Especificacao_do_Core_de_Seguranca.pdf\">ANEXO IV.D &#8211; ESPECIFICA\u00c7\u00c3O DO CORE DE SEGURAN\u00c7A<\/a><\/li>\n<li><a href=\"https:\/\/goias.gov.br\/governo\/wp-content\/uploads\/sites\/11\/2025\/01\/ANEXO_IV.E___Caderno_de_Indicadores_de_Implantacao.pdf\">ANEXO IV.E &#8211; CADERNO DE INDICADORES DE IMPLANTA\u00c7\u00c3O<\/a><\/li>\n<li><a href=\"https:\/\/goias.gov.br\/governo\/wp-content\/uploads\/sites\/11\/2025\/01\/ANEXO_IV.F___Cronograma_de_Eventos_e_Implantacao.xlsx\">ANEXO IV.F &#8211; CRONOGRAMA DE EVENTOS E IMPLANTA\u00c7\u00c3O<\/a><\/li>\n<li><a href=\"https:\/\/goias.gov.br\/governo\/wp-content\/uploads\/sites\/11\/2025\/02\/Goias-de-Fibra_Anexo-IV.G-Planilha-de-Precos-e-Itens-REV-LICITACAO-1.xlsx\">ANEXO IV.G &#8211; PLANILHA DE PRE\u00c7OS E ITENS (REV. LICITA\u00c7\u00c3O)<\/a><\/li>\n<li><a href=\"https:\/\/goias.gov.br\/governo\/wp-content\/uploads\/sites\/11\/2025\/01\/ANEXO_IV.H___Pontos_PSG_e_Clusters.xlsx\">ANEXO IV.H &#8211; PONTOS PSG E CLUSTERS<\/a><\/li>\n<li><a href=\"https:\/\/goias.gov.br\/governo\/wp-content\/uploads\/sites\/11\/2025\/01\/ANEXO_IV.I___Planilha_de_Indicadores_de_Operacao.xlsx\">ANEXO IV.I &#8211; PLANILHA DE INDICADORES DE OPERA\u00c7\u00c3O<\/a><\/li>\n<li><a href=\"https:\/\/goias.gov.br\/governo\/wp-content\/uploads\/sites\/11\/2025\/01\/ANEXO_IV.J___Planilha_de_Indicadores_de_Implantacao.xlsx\">ANEXO IV.J &#8211; PLANILHA DE INDICADORES DE IMPLANTA\u00c7\u00c3O<\/a><\/li>\n<li><a href=\"https:\/\/goias.gov.br\/governo\/wp-content\/uploads\/sites\/11\/2025\/01\/ANEXO_IV.K____Caderno_de_Indicadores_de_Operacao.pdf\">ANEXO IV.K &#8211; CADERNO DE INDICADORES DE IMPLANTA\u00c7\u00c3O<\/a><\/li>\n<li><a href=\"https:\/\/goias.gov.br\/governo\/wp-content\/uploads\/sites\/11\/2025\/01\/ANEXO_IV.L____Mapa_DOS_PSG.zip\">ANEXO IV.L &#8211; MAPA DOS PSG<\/a><\/li>\n<li><a href=\"https:\/\/goias.gov.br\/governo\/wp-content\/uploads\/sites\/11\/2025\/05\/ANEXO-IV.M-DIAGRAMA-DWDM.pdf\">ANEXO IV.M &#8211; DIAGRAMA DWDM (vers\u00e3o publicada em 08\/05\/2025)<\/a><\/li>\n<li><a href=\"https:\/\/goias.gov.br\/governo\/wp-content\/uploads\/sites\/11\/2025\/01\/ANEXO_IV.N___Mapa_Goias_de_Fibra.zip\">ANEXO IV.N &#8211; MAPA GOI\u00c1S DE FIBRA<\/a><\/li>\n<li><a href=\"https:\/\/goias.gov.br\/governo\/wp-content\/uploads\/sites\/11\/2025\/01\/ANEXO_IV.O___Caderno_de_Encargos_de_Eventos.pdf\">ANEXO IV.O &#8211; CADERNO DE ENCARGOS DE EVENTOS<\/a><\/li>\n<li><a href=\"https:\/\/goias.gov.br\/governo\/wp-content\/uploads\/sites\/11\/2025\/05\/ANEXO-V-MINUTA-DO-CONTRATO.pdf\">ANEXO V &#8211; MINUTA DO CONTRATO (vers\u00e3o publicada em 08\/05\/2025)<\/a><\/li>\n<li><a href=\"https:\/\/goias.gov.br\/governo\/wp-content\/uploads\/sites\/11\/2025\/05\/ANEXO-V.A-MATRIZ-DE-RISCOS.pdf\">ANEXO V.A &#8211; MATRIZ DE RISCO (vers\u00e3o publicada em 08\/05\/2025)<\/a><\/li>\n<li><a href=\"https:\/\/goias.gov.br\/governo\/wp-content\/uploads\/sites\/11\/2025\/05\/ANEXO-V.B-CRONOGRAMA-DA-LICITACAO-1.pdf\">ANEXO V.B &#8211; CRONOGRAMA DA LICITA\u00c7\u00c3O (vers\u00e3o publicada em 08\/05\/2025)<\/a><br \/>\n<h4><span style=\"color: #008000;\">Documentos Desatualizados (Modificados)\u00a0<\/span><\/h4>\n<\/li>\n<li><a href=\"https:\/\/goias.gov.br\/governo\/wp-content\/uploads\/sites\/11\/2025\/01\/Edital_da_Concorrencia_no_01-2025-SGG.pdf\">EDITAL DA CONCORR\u00caNCIA N\u00ba 01 DE 2025<\/a><\/li>\n<li><a href=\"https:\/\/goias.gov.br\/governo\/wp-content\/uploads\/sites\/11\/2025\/01\/ANEXO_II___Documentos_de_Habilitacao.pdf\">ANEXO II &#8211; DOCUMENTOS DE HABILITA\u00c7\u00c3O<\/a><\/li>\n<li><a href=\"https:\/\/goias.gov.br\/governo\/wp-content\/uploads\/sites\/11\/2025\/01\/ANEXO_IV.G___Planilha_de_Precos_e_Itens.xlsx\">ANEXO IV.G &#8211; PLANILHA DE PRE\u00c7OS E ITENS<\/a><\/li>\n<li><a href=\"https:\/\/goias.gov.br\/governo\/wp-content\/uploads\/sites\/11\/2025\/01\/ANEXO_V___Minuta_do_Contrato.pdf\">ANEXO V &#8211; MINUTA DO CONTRATO<\/a><\/li>\n<li style=\"text-align: left;\"><a href=\"https:\/\/goias.gov.br\/governo\/wp-content\/uploads\/sites\/11\/2025\/04\/EDITAL-DA-CONCORRENCIA-No-01-DE-2025-atualizado.pdf\">EDITAL DA CONCORR\u00caNCIA N\u00b0 01 DE 2025 (vers\u00e3o publicada em 02\/04\/2025)<\/a><\/li>\n<li><a href=\"https:\/\/goias.gov.br\/governo\/wp-content\/uploads\/sites\/11\/2025\/04\/ANEXO-V.B-Cronograma-da-Licitacao.pdf\">ANEXO V.B &#8211; CRONOGRAMA DA LICITA\u00c7\u00c3O<\/a><\/li>\n<li><a href=\"https:\/\/goias.gov.br\/governo\/wp-content\/uploads\/sites\/11\/2025\/01\/ANEXO_IV_TERMO_DE_REFERENCIA.pdf\">ANEXO IV &#8211; TERMO DE REFER\u00caNCIA<\/a><\/li>\n<li><a href=\"https:\/\/goias.gov.br\/governo\/wp-content\/uploads\/sites\/11\/2025\/01\/ANEXO_IV.B___Caderno_de_Encargos_de_Infraestrutura-2.pdf\">ANEXO IV.B &#8211; CARDENOS DE ENCARGOS DE INFRAESTRUTURA<\/a><\/li>\n<li><a href=\"https:\/\/goias.gov.br\/governo\/wp-content\/uploads\/sites\/11\/2025\/01\/ANEXO_IV.M___DiagramaDWDM.pdf\">ANEXO IV.M &#8211; DIAGRAMA DWDM<\/a><\/li>\n<li><a href=\"https:\/\/goias.gov.br\/governo\/wp-content\/uploads\/sites\/11\/2025\/04\/ANEXO-V-\u2013-MINUTA-DO-CONTRATO-atualizada.pdf\">ANEXO V &#8211; MINUTA DO CONTRATO<\/a><\/li>\n<li><a href=\"https:\/\/goias.gov.br\/governo\/wp-content\/uploads\/sites\/11\/2025\/01\/ANEXO_V.A___Matriz_de_Riscos.pdf\">ANEXO V.A &#8211; MATRIZ DE RISCO<\/a><\/li>\n<li><a href=\"https:\/\/goias.gov.br\/governo\/wp-content\/uploads\/sites\/11\/2025\/04\/ANEXO-V.B-Cronograma-da-Licitacao-1.pdf\">ANEXO V.B &#8211; CRONOGRAMA DA LICITA\u00c7\u00c3O (vers\u00e3o publicada em 23\/04\/2025)<\/a><\/li>\n<\/ul>\n<h2><span style=\"color: #008000;\">Notas<\/span><\/h2>\n<ul>\n<li><a href=\"https:\/\/goias.gov.br\/governo\/wp-content\/uploads\/sites\/11\/2025\/03\/Nota-de-Esclarecimento-No-01.pdf\">NOTA DE ESCLARECIMENTO N\u00ba 01<\/a><\/li>\n<li><a href=\"https:\/\/goias.gov.br\/governo\/wp-content\/uploads\/sites\/11\/2025\/03\/Nota-de-Esclarecimento-02.pdf\">NOTA DE ESCLARECIMENTO N\u00ba 02<\/a><\/li>\n<li><a href=\"https:\/\/goias.gov.br\/governo\/wp-content\/uploads\/sites\/11\/2025\/03\/Nota-de-Esclarecimento-no-03.pdf\">NOTA DE ESCLARECIMENTO N\u00ba 03<\/a><\/li>\n<li><a href=\"https:\/\/goias.gov.br\/governo\/wp-content\/uploads\/sites\/11\/2025\/03\/Nota-de-Esclarecimento-no-04.pdf\">NOTA DE ESCLARECIMENTO N\u00ba 04<\/a><\/li>\n<li><a href=\"https:\/\/goias.gov.br\/governo\/wp-content\/uploads\/sites\/11\/2025\/04\/Nota-de-Esclarecimento-no-05.pdf\" target=\"_blank\" rel=\"noopener\">NOTA DE ESCLARECIMENTO N\u00ba 05<\/a><\/li>\n<li><a href=\"https:\/\/goias.gov.br\/governo\/wp-content\/uploads\/sites\/11\/2025\/04\/Nota-de-Esclarecimento-no-06.pdf\">NOTA DE ESCLARECIMENTO N\u00ba 06<\/a><\/li>\n<li><a href=\"https:\/\/goias.gov.br\/governo\/wp-content\/uploads\/sites\/11\/2025\/04\/Nota-de-Esclarecimento-no-07.pdf\">NOTA DE ESCLARECIMENTO N\u00b0 07<\/a><\/li>\n<li><a href=\"https:\/\/goias.gov.br\/governo\/wp-content\/uploads\/sites\/11\/2025\/04\/Nota-de-Esclarecimento-no-08.pdf\">NOTA DE ESCLARECIMENTO N\u00b0 08<\/a><\/li>\n<li><a href=\"https:\/\/goias.gov.br\/governo\/wp-content\/uploads\/sites\/11\/2025\/04\/Nota-de-Esclarecimento-no-09.pdf\">NOTA DE ESCLARECIMENTO N\u00b0 09<\/a><\/li>\n<li><a href=\"https:\/\/goias.gov.br\/governo\/wp-content\/uploads\/sites\/11\/2025\/05\/Nota-de-Esclarecimento-10.pdf\">NOTA DE ESCLARECIMENTO N\u00b0 10<\/a><\/li>\n<li><a href=\"https:\/\/goias.gov.br\/governo\/wp-content\/uploads\/sites\/11\/2025\/05\/Nota-de-Esclarecimento-no-11.pdf\">NOTA DE ESCLARECIMENTO N\u00b0 11<\/a><\/li>\n<\/ul>\n\n\n\n<h2><span style=\"color: #008000;\">Impugna\u00e7\u00f5es<\/span><\/h2>\n<ul>\n<li><a href=\"https:\/\/goias.gov.br\/governo\/wp-content\/uploads\/sites\/11\/2025\/05\/IMPUGNACAO-TELEMONT.pdf\">IMPUGNA\u00c7\u00c3O TELEMONT<\/a><\/li>\n<li><a href=\"https:\/\/goias.gov.br\/governo\/wp-content\/uploads\/sites\/11\/2025\/05\/DECISAO-A-IMPUGNACAO-TELEMONT.pdf\">RESPOSTA A IMPUGNA\u00c7\u00c3O &#8211; TELEMONT<\/a><\/li>\n<\/ul>\n\n\n\n<p><\/p>\n","protected":false},"excerpt":{"rendered":"<p>O GOVERNO DO ESTADO DE GOI\u00c1S, por interm\u00e9dio da SECRETARIA-GERAL DE GOVERNO, comunica que far\u00e1 licita\u00e7\u00e3o, na modalidade concorr\u00eancia, para constru\u00e7\u00e3o e opera\u00e7\u00e3o de rede de telecomunica\u00e7\u00f5es de fibras \u00f3pticas, conforme as informa\u00e7\u00f5es e documentos a seguir. PROCESSO: 202418037008564 MODALIDADE: Concorr\u00eancia FORMA: Presencial TIPO: Menor Pre\u00e7o Global OBJETO: Fornecimento de rede de telecomunica\u00e7\u00f5es e presta\u00e7\u00e3o [&hellip;]<\/p>\n","protected":false},"author":62,"featured_media":0,"parent":35083,"menu_order":0,"comment_status":"closed","ping_status":"closed","template":"","meta":{"footnotes":"","_links_to":"","_links_to_target":""},"class_list":["post-44752","page","type-page","status-publish","hentry"],"rttpg_featured_image_url":null,"rttpg_author":{"display_name":"italoreis","author_link":"https:\/\/goias.gov.br\/governo\/author\/italoreis\/"},"rttpg_comment":0,"rttpg_category":null,"rttpg_excerpt":"O GOVERNO DO ESTADO DE GOI\u00c1S, por interm\u00e9dio da SECRETARIA-GERAL DE GOVERNO, comunica que far\u00e1 licita\u00e7\u00e3o, na modalidade concorr\u00eancia, para constru\u00e7\u00e3o e opera\u00e7\u00e3o de rede de telecomunica\u00e7\u00f5es de fibras \u00f3pticas, conforme as informa\u00e7\u00f5es e documentos a seguir. PROCESSO: 202418037008564 MODALIDADE: Concorr\u00eancia FORMA: Presencial TIPO: Menor Pre\u00e7o Global OBJETO: Fornecimento de rede de telecomunica\u00e7\u00f5es e presta\u00e7\u00e3o&hellip;","_links":{"self":[{"href":"https:\/\/goias.gov.br\/governo\/wp-json\/wp\/v2\/pages\/44752","targetHints":{"allow":["GET"]}}],"collection":[{"href":"https:\/\/goias.gov.br\/governo\/wp-json\/wp\/v2\/pages"}],"about":[{"href":"https:\/\/goias.gov.br\/governo\/wp-json\/wp\/v2\/types\/page"}],"author":[{"embeddable":true,"href":"https:\/\/goias.gov.br\/governo\/wp-json\/wp\/v2\/users\/62"}],"replies":[{"embeddable":true,"href":"https:\/\/goias.gov.br\/governo\/wp-json\/wp\/v2\/comments?post=44752"}],"version-history":[{"count":2,"href":"https:\/\/goias.gov.br\/governo\/wp-json\/wp\/v2\/pages\/44752\/revisions"}],"predecessor-version":[{"id":89892,"href":"https:\/\/goias.gov.br\/governo\/wp-json\/wp\/v2\/pages\/44752\/revisions\/89892"}],"up":[{"embeddable":true,"href":"https:\/\/goias.gov.br\/governo\/wp-json\/wp\/v2\/pages\/35083"}],"wp:attachment":[{"href":"https:\/\/goias.gov.br\/governo\/wp-json\/wp\/v2\/media?parent=44752"}],"curies":[{"name":"wp","href":"https:\/\/api.w.org\/{rel}","templated":true}]}}