

{"id":34687,"date":"2024-10-04T10:22:53","date_gmt":"2024-10-04T13:22:53","guid":{"rendered":"https:\/\/goias.gov.br\/governo\/?page_id=34687"},"modified":"2024-10-04T13:53:59","modified_gmt":"2024-10-04T16:53:59","slug":"ouvidoria-setorial","status":"publish","type":"page","link":"https:\/\/goias.gov.br\/governo\/ouvidoria-setorial\/","title":{"rendered":"Ouvidoria Setorial"},"content":{"rendered":"<h4><span style=\"color: #008000;\">Atendimento Presencial<\/span><\/h4>\n<p>Ouvidora Setorial: <b>DI\u00caSSA PONTES CRUZ<\/b><br \/>\nOuvidora-Adjunta: <b>LILIA GENI MIGUEL<\/b><\/p>\n<p>Rua 82, n\u00ba 400, Pal\u00e1cio Pedro Ludovico Teixeira, 5\u00ba andar, Ala Leste<br \/>\nSetor Central \u2013 Goi\u00e2nia\/GO \u2013 CEP: 74015-908<br \/>\nHor\u00e1rio de Atendimento: 08h \u00e0s 12h e das 14h \u00e0s 18h<br \/>\nE-mail:\u00a0<a href=\"mailto:ouvidoria.sgg@goias.gov.br\">ouvidoria.sgg@goias.gov.br<\/a><br \/>\nTelefone: (62) 3270-8681<br \/>\nUnidade SEI: 20442<\/p>\n","protected":false},"excerpt":{"rendered":"<p>Atendimento Presencial Ouvidora Setorial: DI\u00caSSA PONTES CRUZ Ouvidora-Adjunta: LILIA GENI MIGUEL Rua 82, n\u00ba 400, Pal\u00e1cio Pedro Ludovico Teixeira, 5\u00ba andar, Ala Leste Setor Central \u2013 Goi\u00e2nia\/GO \u2013 CEP: 74015-908 Hor\u00e1rio de Atendimento: 08h \u00e0s 12h e das 14h \u00e0s 18h E-mail:\u00a0ouvidoria.sgg@goias.gov.br Telefone: (62) 3270-8681 Unidade SEI: 20442<\/p>\n","protected":false},"author":62,"featured_media":0,"parent":0,"menu_order":0,"comment_status":"closed","ping_status":"closed","template":"","meta":{"footnotes":"","_links_to":"","_links_to_target":""},"class_list":["post-34687","page","type-page","status-publish","hentry"],"rttpg_featured_image_url":null,"rttpg_author":{"display_name":"italoreis","author_link":"https:\/\/goias.gov.br\/governo\/author\/italoreis\/"},"rttpg_comment":0,"rttpg_category":null,"rttpg_excerpt":"Atendimento Presencial Ouvidora Setorial: DI\u00caSSA PONTES CRUZ Ouvidora-Adjunta: LILIA GENI MIGUEL Rua 82, n\u00ba 400, Pal\u00e1cio Pedro Ludovico Teixeira, 5\u00ba andar, Ala Leste Setor Central \u2013 Goi\u00e2nia\/GO \u2013 CEP: 74015-908 Hor\u00e1rio de Atendimento: 08h \u00e0s 12h e das 14h \u00e0s 18h E-mail:\u00a0ouvidoria.sgg@goias.gov.br Telefone: (62) 3270-8681 Unidade SEI: 20442","_links":{"self":[{"href":"https:\/\/goias.gov.br\/governo\/wp-json\/wp\/v2\/pages\/34687","targetHints":{"allow":["GET"]}}],"collection":[{"href":"https:\/\/goias.gov.br\/governo\/wp-json\/wp\/v2\/pages"}],"about":[{"href":"https:\/\/goias.gov.br\/governo\/wp-json\/wp\/v2\/types\/page"}],"author":[{"embeddable":true,"href":"https:\/\/goias.gov.br\/governo\/wp-json\/wp\/v2\/users\/62"}],"replies":[{"embeddable":true,"href":"https:\/\/goias.gov.br\/governo\/wp-json\/wp\/v2\/comments?post=34687"}],"version-history":[{"count":2,"href":"https:\/\/goias.gov.br\/governo\/wp-json\/wp\/v2\/pages\/34687\/revisions"}],"predecessor-version":[{"id":34910,"href":"https:\/\/goias.gov.br\/governo\/wp-json\/wp\/v2\/pages\/34687\/revisions\/34910"}],"wp:attachment":[{"href":"https:\/\/goias.gov.br\/governo\/wp-json\/wp\/v2\/media?parent=34687"}],"curies":[{"name":"wp","href":"https:\/\/api.w.org\/{rel}","templated":true}]}}