

{"id":31898,"date":"2024-09-05T16:39:13","date_gmt":"2024-09-05T19:39:13","guid":{"rendered":"https:\/\/goias.gov.br\/governo\/?page_id=31898"},"modified":"2024-09-05T16:39:15","modified_gmt":"2024-09-05T19:39:15","slug":"in-n-5-2024","status":"publish","type":"page","link":"https:\/\/goias.gov.br\/governo\/instrucoes-normativas\/in-n-5-2024\/","title":{"rendered":"IN n\u00b0 5\/2024"},"content":{"rendered":"<p>Instru\u00e7\u00e3o Normativa n\u00b0 5\/2024 institui a Pol\u00edtica de Uso Aceit\u00e1vel de Recursos Computacionais no \u00e2mbito da Administra\u00e7\u00e3o P\u00fablica direta, aut\u00e1rquica e fundacional do Poder Executivo do Estado de Goi\u00e1s.<\/p>\n<h4><span style=\"color: #008000;\">Confira a \u00edntegra publicado no Di\u00e1rio Oficial do Di\u00e1rio de Goi\u00e1s n\u00b0 24.362 de 30 de Agosto de 2024<\/span><\/h4>\n\n\n<div data-wp-interactive=\"core\/file\" class=\"wp-block-file\"><object data-wp-bind--hidden=\"!state.hasPdfPreview\" hidden class=\"wp-block-file__embed\" data=\"https:\/\/goias.gov.br\/governo\/wp-content\/uploads\/sites\/11\/2024\/09\/IN_n5_2024.pdf\" type=\"application\/pdf\" style=\"width:100%;height:600px\" aria-label=\"Incorporado de IN_n5_2024.\"><\/object><a id=\"wp-block-file--media-037cb274-df67-4aa4-8017-e866d697e833\" href=\"https:\/\/goias.gov.br\/governo\/wp-content\/uploads\/sites\/11\/2024\/09\/IN_n5_2024.pdf\">IN_n5_2024<\/a><a href=\"https:\/\/goias.gov.br\/governo\/wp-content\/uploads\/sites\/11\/2024\/09\/IN_n5_2024.pdf\" class=\"wp-block-file__button wp-element-button\" download aria-describedby=\"wp-block-file--media-037cb274-df67-4aa4-8017-e866d697e833\">Baixar<\/a><\/div>\n","protected":false},"excerpt":{"rendered":"<p>Instru\u00e7\u00e3o Normativa n\u00b0 5\/2024 institui a Pol\u00edtica de Uso Aceit\u00e1vel de Recursos Computacionais no \u00e2mbito da Administra\u00e7\u00e3o P\u00fablica direta, aut\u00e1rquica e fundacional do Poder Executivo do Estado de Goi\u00e1s. Confira a \u00edntegra publicado no Di\u00e1rio Oficial do Di\u00e1rio de Goi\u00e1s n\u00b0 24.362 de 30 de Agosto de 2024<\/p>\n","protected":false},"author":62,"featured_media":0,"parent":31872,"menu_order":0,"comment_status":"closed","ping_status":"closed","template":"","meta":{"footnotes":"","_links_to":"","_links_to_target":""},"class_list":["post-31898","page","type-page","status-publish","hentry"],"rttpg_featured_image_url":null,"rttpg_author":{"display_name":"italoreis","author_link":"https:\/\/goias.gov.br\/governo\/author\/italoreis\/"},"rttpg_comment":0,"rttpg_category":null,"rttpg_excerpt":"Instru\u00e7\u00e3o Normativa n\u00b0 5\/2024 institui a Pol\u00edtica de Uso Aceit\u00e1vel de Recursos Computacionais no \u00e2mbito da Administra\u00e7\u00e3o P\u00fablica direta, aut\u00e1rquica e fundacional do Poder Executivo do Estado de Goi\u00e1s. Confira a \u00edntegra publicado no Di\u00e1rio Oficial do Di\u00e1rio de Goi\u00e1s n\u00b0 24.362 de 30 de Agosto de 2024","_links":{"self":[{"href":"https:\/\/goias.gov.br\/governo\/wp-json\/wp\/v2\/pages\/31898","targetHints":{"allow":["GET"]}}],"collection":[{"href":"https:\/\/goias.gov.br\/governo\/wp-json\/wp\/v2\/pages"}],"about":[{"href":"https:\/\/goias.gov.br\/governo\/wp-json\/wp\/v2\/types\/page"}],"author":[{"embeddable":true,"href":"https:\/\/goias.gov.br\/governo\/wp-json\/wp\/v2\/users\/62"}],"replies":[{"embeddable":true,"href":"https:\/\/goias.gov.br\/governo\/wp-json\/wp\/v2\/comments?post=31898"}],"version-history":[{"count":1,"href":"https:\/\/goias.gov.br\/governo\/wp-json\/wp\/v2\/pages\/31898\/revisions"}],"predecessor-version":[{"id":31957,"href":"https:\/\/goias.gov.br\/governo\/wp-json\/wp\/v2\/pages\/31898\/revisions\/31957"}],"up":[{"embeddable":true,"href":"https:\/\/goias.gov.br\/governo\/wp-json\/wp\/v2\/pages\/31872"}],"wp:attachment":[{"href":"https:\/\/goias.gov.br\/governo\/wp-json\/wp\/v2\/media?parent=31898"}],"curies":[{"name":"wp","href":"https:\/\/api.w.org\/{rel}","templated":true}]}}