

{"id":15941,"date":"2024-07-12T12:07:49","date_gmt":"2024-07-12T15:07:49","guid":{"rendered":"https:\/\/goias.gov.br\/governo\/?page_id=15941"},"modified":"2024-07-29T14:45:55","modified_gmt":"2024-07-29T17:45:55","slug":"workshop-conectando-o-futuro-cidades-inteligentes-em-goias","status":"publish","type":"page","link":"https:\/\/goias.gov.br\/governo\/workshop-conectando-o-futuro-cidades-inteligentes-em-goias\/","title":{"rendered":"Workshop Conectando o Futuro: Cidades Inteligentes em Goi\u00e1s"},"content":{"rendered":"\n<p>A Secretaria-Geral de Governo do Estado de Goi\u00e1s, por meio da Subsecretaria de Energia, Telecomunica\u00e7\u00f5es e Cidades Inteligentes convida gestores p\u00fablicos, especialistas e empresas do ramo da tecnologia, formuladores de pol\u00edticas, pesquisadores e acad\u00eamicos, bem como cidad\u00e3os interessados no desenvolvimento econ\u00f4mico sustent\u00e1vel das cidades, para o workshop \u201cConectando o Futuro: Cidades Inteligentes em Goi\u00e1s\u201d.<\/p>\n\n\n\n<p>O evento acontecer\u00e1 nos dias 08 e 09 de agosto. No primeiro dia, representantes do Governo de Goi\u00e1s, empres\u00e1rios e especialistas em cidades inteligentes se re\u00fanem no Audit\u00f3rio Mauro Borges, no Pal\u00e1cio Pedro Ludovico Teixeira, para uma tarde de palestras sobre as tem\u00e1ticas: seguran\u00e7a, mobilidade urbana e sustentabilidade.&nbsp;<\/p>\n\n\n\n<p>No segundo dia, 09 de agosto, o workshop acontece no Hub Goi\u00e1s, no Setor Leste Universit\u00e1rio. Com uma estrutura din\u00e2mica e pr\u00e1tica, os participantes do workshop ter\u00e3o que identificar desafios de seguran\u00e7a, mobilidade e sustentabilidade em Goi\u00e1s e desenvolver propostas de solu\u00e7\u00e3o.&nbsp;<\/p>\n\n\n\n<h4><span style=\"color: #008000\">Confira a programa\u00e7\u00e3o completa abaixo:&nbsp;<\/span><\/h4>\n\n\n\n<p><strong>1\u00ba dia \u2013 08\/08 (quinta-feira)&nbsp;<\/strong><\/p>\n\n\n\n<p><strong>Local: <\/strong>Audit\u00f3rio Mauro Borges &#8211; Pal\u00e1cio Pedro Ludovico Teixeira, Rua 82, 400 &#8211; St. Central, Goi\u00e2nia&nbsp;<\/p>\n\n\n\n<p>13h \u2013 Recep\u00e7\u00e3o e Credenciamento<br>13h45 \u2013 Hino + Abertura Oficial<br>14h40 \u2013 Mesa Redonda com especialistas em Cidades Inteligentes<br>15h40 \u2013 Casos de Sucesso de Cidades Brasileiras<br>16h25 \u2013 Apresenta\u00e7\u00e3o de Empresas de Tecnologia<br>17h25 \u2013 Encerramento + Coquetel&nbsp;<\/p>\n\n\n\n<p><strong>2\u00ba dia \u2013 09\/08 (sexta-feira)&nbsp;<\/strong><\/p>\n\n\n\n<p><strong>Local:<\/strong> Hub Goi\u00e1s &#8211; Rua 261, 384 &#8211; Setor Leste Universit\u00e1rio, Goi\u00e2nia<\/p>\n\n\n\n<p>8h30 \u2013 Recep\u00e7\u00e3o e Credenciamento<br \/>9h \u2013 Coffee Break<br \/>9h30 \u2013 Estrutura\u00e7\u00e3o da din\u00e2mica do Workshop<br \/>10h \u2013 Identifica\u00e7\u00e3o de Desafios na Seguran\u00e7a, Mobilidade e Sustentabilidade<br \/>10h30 \u2013 Sess\u00e3o de Idea\u00e7\u00e3o<br \/>11h30 \u2013 Desenvolvimento de Propostas<br \/>12h \u2013 Apresenta\u00e7\u00e3o das Propostas<br \/>13h \u2013 Feedback das Propostas<br \/>13h30 \u2013 Encerramento<\/p>\n<h4><span style=\"color: #008000\">Inscri\u00e7\u00f5es<\/span><\/h4>\n<p><span style=\"color: #008000\"><span style=\"color: #0000ff\"><a style=\"color: #0000ff\" href=\"https:\/\/www.sympla.com.br\/evento\/conectando-o-futuro-cidades-inteligentes-em-goias\/2553690?_gl=1*17ymy4b*_gcl_au*MTEzMjAzODI1OC4xNzE2ODMzNzIwLjgxMDAwODExOC4xNzIxMDcwMDE3LjE3MjEwNzAwMTc.*_ga*NTU1Mzk2NjkwLjE3MTY4MzM3MjA.*_ga_KXH10SQTZF*MTcyMTA2OTY5OS4yNS4xLjE3MjEwNzE3NDAuNjAuMC4xNjE4MDA5MjYw\">Clique Aqui<\/a><br \/><br \/><span style=\"color: #000000\">O primeiro dia do evento \u00e9 gratuito e aberto ao p\u00fablico. O segundo dia ser\u00e1 fechado para convidados.\u00a0<\/span><\/span><\/span><\/p>\n","protected":false},"excerpt":{"rendered":"<p>A Secretaria-Geral de Governo do Estado de Goi\u00e1s, por meio da Subsecretaria de Energia, Telecomunica\u00e7\u00f5es e Cidades Inteligentes convida gestores p\u00fablicos, especialistas e empresas do ramo da tecnologia, formuladores de pol\u00edticas, pesquisadores e acad\u00eamicos, bem como cidad\u00e3os interessados no desenvolvimento econ\u00f4mico sustent\u00e1vel das cidades, para o workshop \u201cConectando o Futuro: Cidades Inteligentes em Goi\u00e1s\u201d. O [&hellip;]<\/p>\n","protected":false},"author":245,"featured_media":19024,"parent":0,"menu_order":0,"comment_status":"closed","ping_status":"closed","template":"","meta":{"footnotes":"","_links_to":"","_links_to_target":""},"class_list":["post-15941","page","type-page","status-publish","has-post-thumbnail","hentry"],"rttpg_featured_image_url":{"full":["https:\/\/goias.gov.br\/governo\/wp-content\/uploads\/sites\/11\/2024\/07\/BANNER-SITE.png",1921,561,false],"landscape":["https:\/\/goias.gov.br\/governo\/wp-content\/uploads\/sites\/11\/2024\/07\/BANNER-SITE.png",1921,561,false],"portraits":["https:\/\/goias.gov.br\/governo\/wp-content\/uploads\/sites\/11\/2024\/07\/BANNER-SITE.png",1921,561,false],"thumbnail":["https:\/\/goias.gov.br\/governo\/wp-content\/uploads\/sites\/11\/2024\/07\/BANNER-SITE-150x150.png",150,150,true],"medium":["https:\/\/goias.gov.br\/governo\/wp-content\/uploads\/sites\/11\/2024\/07\/BANNER-SITE-300x88.png",300,88,true],"large":["https:\/\/goias.gov.br\/governo\/wp-content\/uploads\/sites\/11\/2024\/07\/BANNER-SITE-1024x299.png",1024,299,true],"1536x1536":["https:\/\/goias.gov.br\/governo\/wp-content\/uploads\/sites\/11\/2024\/07\/BANNER-SITE-1536x449.png",1536,449,true],"2048x2048":["https:\/\/goias.gov.br\/governo\/wp-content\/uploads\/sites\/11\/2024\/07\/BANNER-SITE.png",1921,561,false]},"rttpg_author":{"display_name":"gabriellabeltrao","author_link":"https:\/\/goias.gov.br\/governo\/author\/gabriellabeltrao\/"},"rttpg_comment":0,"rttpg_category":null,"rttpg_excerpt":"A Secretaria-Geral de Governo do Estado de Goi\u00e1s, por meio da Subsecretaria de Energia, Telecomunica\u00e7\u00f5es e Cidades Inteligentes convida gestores p\u00fablicos, especialistas e empresas do ramo da tecnologia, formuladores de pol\u00edticas, pesquisadores e acad\u00eamicos, bem como cidad\u00e3os interessados no desenvolvimento econ\u00f4mico sustent\u00e1vel das cidades, para o workshop \u201cConectando o Futuro: Cidades Inteligentes em Goi\u00e1s\u201d. O&hellip;","_links":{"self":[{"href":"https:\/\/goias.gov.br\/governo\/wp-json\/wp\/v2\/pages\/15941","targetHints":{"allow":["GET"]}}],"collection":[{"href":"https:\/\/goias.gov.br\/governo\/wp-json\/wp\/v2\/pages"}],"about":[{"href":"https:\/\/goias.gov.br\/governo\/wp-json\/wp\/v2\/types\/page"}],"author":[{"embeddable":true,"href":"https:\/\/goias.gov.br\/governo\/wp-json\/wp\/v2\/users\/245"}],"replies":[{"embeddable":true,"href":"https:\/\/goias.gov.br\/governo\/wp-json\/wp\/v2\/comments?post=15941"}],"version-history":[{"count":2,"href":"https:\/\/goias.gov.br\/governo\/wp-json\/wp\/v2\/pages\/15941\/revisions"}],"predecessor-version":[{"id":15969,"href":"https:\/\/goias.gov.br\/governo\/wp-json\/wp\/v2\/pages\/15941\/revisions\/15969"}],"wp:featuredmedia":[{"embeddable":true,"href":"https:\/\/goias.gov.br\/governo\/wp-json\/wp\/v2\/media\/19024"}],"wp:attachment":[{"href":"https:\/\/goias.gov.br\/governo\/wp-json\/wp\/v2\/media?parent=15941"}],"curies":[{"name":"wp","href":"https:\/\/api.w.org\/{rel}","templated":true}]}}