

{"id":135443,"date":"2026-03-12T16:28:51","date_gmt":"2026-03-12T19:28:51","guid":{"rendered":"https:\/\/goias.gov.br\/governo\/?page_id=135443"},"modified":"2026-03-12T16:28:51","modified_gmt":"2026-03-12T19:28:51","slug":"observatorio-estadual-de-cidades-inteligentes","status":"publish","type":"page","link":"https:\/\/goias.gov.br\/governo\/cidades-inteligentes\/observatorio-estadual-de-cidades-inteligentes\/","title":{"rendered":"Observat\u00f3rio Estadual de Cidades Inteligentes"},"content":{"rendered":"\n<p>O Observat\u00f3rio Estadual de Cidades Inteligentes de Goi\u00e1s \u00e9 uma iniciativa do Governo de Goi\u00e1s, por meio da Secretaria-Geral de Governo, voltada ao fortalecimento de um planejamento p\u00fablico orientado por dados nos munic\u00edpios goianos.\u2028<\/p>\n<p>Integrado \u00e0s a\u00e7\u00f5es do <a href=\"https:\/\/legisla.casacivil.go.gov.br\/api\/v2\/pesquisa\/legislacoes\/111135\/pdf\" target=\"_blank\" rel=\"noopener\">Programa Estadual de Cidades Inteligentes<\/a>, funciona como instrumento de apoio \u00e0 governan\u00e7a p\u00fablica, estruturando indicadores e diagn\u00f3sticos municipais baseados em dados que permitem acompanhar o desempenho das cidades em diferentes dimens\u00f5es do desenvolvimento urbano.<\/p>\n\n\n\n<h4><span style=\"color: #008000;\">Dados e indicadores para apoiar decis\u00f5es\u2028<\/span><\/h4>\n<p>A plataforma re\u00fane dados de bases oficiais, como o Instituto Brasileiro de Geografia e Estat\u00edstica (IBGE), o Sistema Nacional de Informa\u00e7\u00f5es sobre Saneamento (SNIS) e a Rela\u00e7\u00e3o Anual de Informa\u00e7\u00f5es Sociais (RAIS), al\u00e9m de informa\u00e7\u00f5es coletadas diretamente junto aos munic\u00edpios goianos. A sistematiza\u00e7\u00e3o desses dados permite analisar indicadores estrat\u00e9gicos e identificar o n\u00edvel de maturidade das cidades na agenda de cidades inteligentes.\u2028<\/p>\n<p>Os indicadores adotados s\u00e3o alinhados \u00e0s normas ABNT NBR ISO 37120, 37122 e 37123, que estabelecem par\u00e2metros internacionais para avalia\u00e7\u00e3o de servi\u00e7os urbanos, qualidade de vida e desempenho de cidades inteligentes. A ado\u00e7\u00e3o desses padr\u00f5es garante maior consist\u00eancia metodol\u00f3gica, padroniza\u00e7\u00e3o das informa\u00e7\u00f5es e comparabilidade entre os munic\u00edpios.\u2028<\/p>\n<h4><span style=\"color: #008000;\">Implanta\u00e7\u00e3o do Observat\u00f3rio\u2028<\/span><\/h4>\n<p>O observat\u00f3rio est\u00e1 em fase de implanta\u00e7\u00e3o, com a estrutura\u00e7\u00e3o da base de dados, consolida\u00e7\u00e3o dos indicadores e desenvolvimento dos pain\u00e9is de visualiza\u00e7\u00e3o e an\u00e1lise.\u2028<\/p>\n<p>A previs\u00e3o \u00e9 que a plataforma seja disponibilizada <strong>a partir de julho de 2026<\/strong>, inicialmente para gestores estaduais e municipais. Tamb\u00e9m ser\u00e1 disponibilizado um perfil p\u00fablico voltado ao cidad\u00e3o, ampliando o acesso a informa\u00e7\u00f5es sobre o desenvolvimento dos munic\u00edpios goianos e fortalecendo a transpar\u00eancia.<\/p>\n","protected":false},"excerpt":{"rendered":"<p>O Observat\u00f3rio Estadual de Cidades Inteligentes de Goi\u00e1s \u00e9 uma iniciativa do Governo de Goi\u00e1s, por meio da Secretaria-Geral de Governo, voltada ao fortalecimento de um planejamento p\u00fablico orientado por dados nos munic\u00edpios goianos.\u2028 Integrado \u00e0s a\u00e7\u00f5es do Programa Estadual de Cidades Inteligentes, funciona como instrumento de apoio \u00e0 governan\u00e7a p\u00fablica, estruturando indicadores e diagn\u00f3sticos [&hellip;]<\/p>\n","protected":false},"author":245,"featured_media":0,"parent":67465,"menu_order":0,"comment_status":"closed","ping_status":"closed","template":"","meta":{"footnotes":"","_links_to":"","_links_to_target":""},"class_list":["post-135443","page","type-page","status-publish","hentry"],"rttpg_featured_image_url":null,"rttpg_author":{"display_name":"gabriellabeltrao","author_link":"https:\/\/goias.gov.br\/governo\/author\/gabriellabeltrao\/"},"rttpg_comment":0,"rttpg_category":null,"rttpg_excerpt":"O Observat\u00f3rio Estadual de Cidades Inteligentes de Goi\u00e1s \u00e9 uma iniciativa do Governo de Goi\u00e1s, por meio da Secretaria-Geral de Governo, voltada ao fortalecimento de um planejamento p\u00fablico orientado por dados nos munic\u00edpios goianos.\u2028 Integrado \u00e0s a\u00e7\u00f5es do Programa Estadual de Cidades Inteligentes, funciona como instrumento de apoio \u00e0 governan\u00e7a p\u00fablica, estruturando indicadores e diagn\u00f3sticos&hellip;","_links":{"self":[{"href":"https:\/\/goias.gov.br\/governo\/wp-json\/wp\/v2\/pages\/135443","targetHints":{"allow":["GET"]}}],"collection":[{"href":"https:\/\/goias.gov.br\/governo\/wp-json\/wp\/v2\/pages"}],"about":[{"href":"https:\/\/goias.gov.br\/governo\/wp-json\/wp\/v2\/types\/page"}],"author":[{"embeddable":true,"href":"https:\/\/goias.gov.br\/governo\/wp-json\/wp\/v2\/users\/245"}],"replies":[{"embeddable":true,"href":"https:\/\/goias.gov.br\/governo\/wp-json\/wp\/v2\/comments?post=135443"}],"version-history":[{"count":1,"href":"https:\/\/goias.gov.br\/governo\/wp-json\/wp\/v2\/pages\/135443\/revisions"}],"predecessor-version":[{"id":135495,"href":"https:\/\/goias.gov.br\/governo\/wp-json\/wp\/v2\/pages\/135443\/revisions\/135495"}],"up":[{"embeddable":true,"href":"https:\/\/goias.gov.br\/governo\/wp-json\/wp\/v2\/pages\/67465"}],"wp:attachment":[{"href":"https:\/\/goias.gov.br\/governo\/wp-json\/wp\/v2\/media?parent=135443"}],"curies":[{"name":"wp","href":"https:\/\/api.w.org\/{rel}","templated":true}]}}