

{"id":120954,"date":"2026-01-16T14:28:27","date_gmt":"2026-01-16T17:28:27","guid":{"rendered":"https:\/\/goias.gov.br\/governo\/?page_id=120954"},"modified":"2026-01-16T14:37:56","modified_gmt":"2026-01-16T17:37:56","slug":"monitoramento-da-producao-de-biometano","status":"publish","type":"page","link":"https:\/\/goias.gov.br\/governo\/energia\/monitoramento-da-producao-de-biometano\/","title":{"rendered":"Monitoramento da Produ\u00e7\u00e3o de Biometano"},"content":{"rendered":"\n<p>Alinhado aos objetivos do Programa Goi\u00e1s Mais Energia Rural, que busca incentivar a produ\u00e7\u00e3o de biocombust\u00edveis e fomentar novos neg\u00f3cios no meio agropecu\u00e1rio, o Governo de Goi\u00e1s acompanha de forma cont\u00ednua a evolu\u00e7\u00e3o do mercado de biometano no estado. A tabela a seguir apresenta o panorama atual dos projetos em opera\u00e7\u00e3o e em fase de autoriza\u00e7\u00e3o, com informa\u00e7\u00f5es sobre a capacidade de produ\u00e7\u00e3o instalada e a capacidade prevista nos munic\u00edpios goianos.<\/p>\n\n\n\n<p>Os dados s\u00e3o do <a href=\"https:\/\/app.powerbi.com\/view?r=eyJrIjoiZDRlNTQzY2MtMDdkZS00ODNlLTlmMTItYTUzNGUxMWNjMGZhIiwidCI6IjQ0OTlmNGZmLTI0YTYtNGI0Mi1iN2VmLTEyNGFmY2FkYzkxMyJ9\">Painel Din\u00e2mico Autoriza\u00e7\u00f5es de Biocombust\u00edveis da Ag\u00eancia Nacional do Petr\u00f3leo, G\u00e1s Natural e Biocombust\u00edveis (ANP)<\/a>.<\/p>\n\n\n\n<table class=\"planilhaview display\" style=\"width:100%\"><thead><tr><th>MONITORAMENTO DO BIOMETANO EM GOI\u00c1S<\/th><th><\/th><th><\/th><th><\/th><th><\/th><th><\/th><th><\/th><th><\/th><th><\/th><th><\/th><th><\/th><th><\/th><th><\/th><th><\/th><\/tr><tr><th><input type=\"text\" placeholder=\"Filtrar MONITORAMENTO DO BIOMETANO EM GOI\u00c1S\"><\/th><th><input type=\"text\" placeholder=\"Filtrar \"><\/th><th><input type=\"text\" placeholder=\"Filtrar \"><\/th><th><input type=\"text\" placeholder=\"Filtrar \"><\/th><th><input type=\"text\" placeholder=\"Filtrar \"><\/th><th><input type=\"text\" placeholder=\"Filtrar \"><\/th><th><input type=\"text\" placeholder=\"Filtrar \"><\/th><th><input type=\"text\" placeholder=\"Filtrar \"><\/th><th><input type=\"text\" placeholder=\"Filtrar \"><\/th><th><input type=\"text\" placeholder=\"Filtrar \"><\/th><th><input type=\"text\" placeholder=\"Filtrar \"><\/th><th><input type=\"text\" placeholder=\"Filtrar \"><\/th><th><input type=\"text\" placeholder=\"Filtrar \"><\/th><th><input type=\"text\" placeholder=\"Filtrar \"><\/th><\/tr><\/thead><tbody><tr><td style=\"color: #000000; background-color: #FFFFFF;font-weight: bold;\">MUNIC\u00cdPIO<\/td><td style=\"color: #000000; background-color: #FFFFFF;font-weight: bold;\">MAT\u00c9RIA-PRIMA<\/td><td style=\"color: #000000; background-color: #FFFFFF;font-weight: bold;\">CAPACIDADE DE PRODU\u00c7\u00c3O (Nm\u00b3\/dia)<\/td><td style=\"color: #000000; background-color: #FFFFFF;font-weight: bold;\">QUANTIDADE DE PROJETOS<\/td><td style=\"color: #000000; background-color: #FFFFFF;font-weight: bold;\">STATUS<\/td><td style=\"color: #000000; background-color: #FFFFFF;font-weight: bold;\">PREVIS\u00c3O DE CONCLUS\u00c3O DA OBRA<\/td><td style=\"color: #000000; background-color: #FFFFFF;\"><\/td><td style=\"color: #000000; background-color: #FFFFFF;\"><\/td><td style=\"color: #000000; background-color: #FFFFFF;\"><\/td><td style=\"color: #000000; background-color: #FFFFFF;\"><\/td><td style=\"color: #000000; background-color: #FFFFFF;\"><\/td><td style=\"color: #000000; background-color: #FFFFFF;\"><\/td><td style=\"color: #000000; background-color: #FFFFFF;\"><\/td><td style=\"color: #000000; background-color: #FFFFFF;\"><\/td><\/tr><tr><td style=\"color: #000000; background-color: #FFFFFF;\">Ed\u00e9ia<\/td><td style=\"color: #000000; background-color: #FFFFFF;\">Vinha\u00e7a<\/td><td style=\"color: #000000; background-color: #FFFFFF;\">  17.300 <\/td><td style=\"color: #000000; background-color: #FFFFFF;\">  1 <\/td><td style=\"color: #000000; background-color: #FFFFFF;\">Em autoriza\u00e7\u00e3o da ANP<\/td><td style=\"color: #000000; background-color: #FFFFFF;\">01\/03\/2026<\/td><td style=\"color: #000000; background-color: #FFFFFF;\"><\/td><td style=\"color: #000000; background-color: #FFFFFF;\"><\/td><td style=\"color: #000000; background-color: #FFFFFF;\"><\/td><td style=\"color: #000000; background-color: #FFFFFF;\"><\/td><td style=\"color: #000000; background-color: #FFFFFF;\"><\/td><td style=\"color: #000000; background-color: #FFFFFF;\"><\/td><td style=\"color: #000000; background-color: #FFFFFF;\"><\/td><td style=\"color: #000000; background-color: #FFFFFF;\"><\/td><\/tr><tr><td style=\"color: #000000; background-color: #FFFFFF;\">Rio Verde<\/td><td style=\"color: #000000; background-color: #FFFFFF;\">Res\u00edduos org\u00e2nicos<\/td><td style=\"color: #000000; background-color: #FFFFFF;\">  4.320 <\/td><td style=\"color: #000000; background-color: #FFFFFF;\">  1 <\/td><td style=\"color: #000000; background-color: #FFFFFF;\">Em autoriza\u00e7\u00e3o da ANP<\/td><td style=\"color: #000000; background-color: #FFFFFF;\">Conclu\u00edda<\/td><td style=\"color: #000000; background-color: #FFFFFF;\"><\/td><td style=\"color: #000000; background-color: #FFFFFF;\"><\/td><td style=\"color: #000000; background-color: #FFFFFF;\"><\/td><td style=\"color: #000000; background-color: #FFFFFF;\"><\/td><td style=\"color: #000000; background-color: #FFFFFF;\"><\/td><td style=\"color: #000000; background-color: #FFFFFF;\"><\/td><td style=\"color: #000000; background-color: #FFFFFF;\"><\/td><td style=\"color: #000000; background-color: #FFFFFF;\"><\/td><\/tr><tr><td style=\"color: #000000; background-color: #FFFFFF;\">Guap\u00f3<\/td><td style=\"color: #000000; background-color: #FFFFFF;\">Res\u00edduos industriais aliment\u00edcios e frigor\u00edficos<\/td><td style=\"color: #000000; background-color: #FFFFFF;\">  29.900 <\/td><td style=\"color: #000000; background-color: #FFFFFF;\">  1 <\/td><td style=\"color: #000000; background-color: #FFFFFF;\">Em autoriza\u00e7\u00e3o da ANP<\/td><td style=\"color: #000000; background-color: #FFFFFF;\">01\/10\/2027<\/td><td style=\"color: #000000; background-color: #FFFFFF;\"><\/td><td style=\"color: #000000; background-color: #FFFFFF;\"><\/td><td style=\"color: #000000; background-color: #FFFFFF;\"><\/td><td style=\"color: #000000; background-color: #FFFFFF;\"><\/td><td style=\"color: #000000; background-color: #FFFFFF;\"><\/td><td style=\"color: #000000; background-color: #FFFFFF;\"><\/td><td style=\"color: #000000; background-color: #FFFFFF;\"><\/td><td style=\"color: #000000; background-color: #FFFFFF;\"><\/td><\/tr><tr><td style=\"color: #000000; background-color: #FFFFFF;font-weight: bold;\">TOTAL<\/td><td style=\"color: #000000; background-color: #FFFFFF;font-weight: bold;\"><\/td><td style=\"color: #000000; background-color: #FFFFFF;font-weight: bold;\">  51.520 <\/td><td style=\"color: #548135; background-color: #FFFFFF;font-weight: bold;\"><\/td><td style=\"color: #548135; background-color: #FFFFFF;font-weight: bold;\"><\/td><td style=\"color: #44546A; background-color: #FFFFFF;font-weight: bold;\"><\/td><td style=\"color: #000000; background-color: #FFFFFF;\"><\/td><td style=\"color: #000000; background-color: #FFFFFF;\"><\/td><td style=\"color: #000000; background-color: #FFFFFF;\"><\/td><td style=\"color: #000000; background-color: #FFFFFF;\"><\/td><td style=\"color: #000000; background-color: #FFFFFF;\"><\/td><td style=\"color: #000000; background-color: #FFFFFF;\"><\/td><td style=\"color: #000000; background-color: #FFFFFF;\"><\/td><td style=\"color: #000000; background-color: #FFFFFF;\"><\/td><\/tr><\/tbody><\/table><div class=\"wp-block-file\"><a href=\"https:\/\/goias.gov.br\/governo\/wp-content\/uploads\/sites\/11\/2026\/01\/Monitoramento-do-Biometano-em-Goias.xlsx\">Monitoramento-do-Biometano-em-Goias.xlsx&nbsp; <span class=\"wp-block-file__button wp-element-button\">Baixar<\/span><\/a><\/div>\n","protected":false},"excerpt":{"rendered":"<p>Alinhado aos objetivos do Programa Goi\u00e1s Mais Energia Rural, que busca incentivar a produ\u00e7\u00e3o de biocombust\u00edveis e fomentar novos neg\u00f3cios no meio agropecu\u00e1rio, o Governo de Goi\u00e1s acompanha de forma cont\u00ednua a evolu\u00e7\u00e3o do mercado de biometano no estado. A tabela a seguir apresenta o panorama atual dos projetos em opera\u00e7\u00e3o e em fase de [&hellip;]<\/p>\n","protected":false},"author":245,"featured_media":0,"parent":60288,"menu_order":0,"comment_status":"closed","ping_status":"closed","template":"","meta":{"footnotes":"","_links_to":"","_links_to_target":""},"class_list":["post-120954","page","type-page","status-publish","hentry"],"rttpg_featured_image_url":null,"rttpg_author":{"display_name":"gabriellabeltrao","author_link":"https:\/\/goias.gov.br\/governo\/author\/gabriellabeltrao\/"},"rttpg_comment":0,"rttpg_category":null,"rttpg_excerpt":"Alinhado aos objetivos do Programa Goi\u00e1s Mais Energia Rural, que busca incentivar a produ\u00e7\u00e3o de biocombust\u00edveis e fomentar novos neg\u00f3cios no meio agropecu\u00e1rio, o Governo de Goi\u00e1s acompanha de forma cont\u00ednua a evolu\u00e7\u00e3o do mercado de biometano no estado. A tabela a seguir apresenta o panorama atual dos projetos em opera\u00e7\u00e3o e em fase de&hellip;","_links":{"self":[{"href":"https:\/\/goias.gov.br\/governo\/wp-json\/wp\/v2\/pages\/120954","targetHints":{"allow":["GET"]}}],"collection":[{"href":"https:\/\/goias.gov.br\/governo\/wp-json\/wp\/v2\/pages"}],"about":[{"href":"https:\/\/goias.gov.br\/governo\/wp-json\/wp\/v2\/types\/page"}],"author":[{"embeddable":true,"href":"https:\/\/goias.gov.br\/governo\/wp-json\/wp\/v2\/users\/245"}],"replies":[{"embeddable":true,"href":"https:\/\/goias.gov.br\/governo\/wp-json\/wp\/v2\/comments?post=120954"}],"version-history":[{"count":2,"href":"https:\/\/goias.gov.br\/governo\/wp-json\/wp\/v2\/pages\/120954\/revisions"}],"predecessor-version":[{"id":121027,"href":"https:\/\/goias.gov.br\/governo\/wp-json\/wp\/v2\/pages\/120954\/revisions\/121027"}],"up":[{"embeddable":true,"href":"https:\/\/goias.gov.br\/governo\/wp-json\/wp\/v2\/pages\/60288"}],"wp:attachment":[{"href":"https:\/\/goias.gov.br\/governo\/wp-json\/wp\/v2\/media?parent=120954"}],"curies":[{"name":"wp","href":"https:\/\/api.w.org\/{rel}","templated":true}]}}