

{"id":115924,"date":"2026-01-09T15:24:08","date_gmt":"2026-01-09T18:24:08","guid":{"rendered":"https:\/\/goias.gov.br\/governo\/?page_id=115924"},"modified":"2026-03-12T15:32:41","modified_gmt":"2026-03-12T18:32:41","slug":"navego","status":"publish","type":"page","link":"https:\/\/goias.gov.br\/governo\/telecomunicacoes\/navego\/","title":{"rendered":"NaveGO"},"content":{"rendered":"\n<figure class=\"wp-block-image size-large\"><img fetchpriority=\"high\" decoding=\"async\" width=\"1024\" height=\"577\" src=\"https:\/\/goias.gov.br\/governo\/wp-content\/uploads\/sites\/11\/2026\/01\/NAVEGOc-1-1024x577.png\" alt=\"\" class=\"wp-image-116754\" srcset=\"https:\/\/goias.gov.br\/governo\/wp-content\/uploads\/sites\/11\/2026\/01\/NAVEGOc-1-1024x577.png 1024w, https:\/\/goias.gov.br\/governo\/wp-content\/uploads\/sites\/11\/2026\/01\/NAVEGOc-1-300x169.png 300w, https:\/\/goias.gov.br\/governo\/wp-content\/uploads\/sites\/11\/2026\/01\/NAVEGOc-1-768x432.png 768w, https:\/\/goias.gov.br\/governo\/wp-content\/uploads\/sites\/11\/2026\/01\/NAVEGOc-1-1536x865.png 1536w, https:\/\/goias.gov.br\/governo\/wp-content\/uploads\/sites\/11\/2026\/01\/NAVEGOc-1.png 1920w\" sizes=\"(max-width: 1024px) 100vw, 1024px\" \/><\/figure>\n\n\n\n<p>O Governo de Goi\u00e1s, por meio da Secretaria-Geral de Governo (SGG), avan\u00e7a na implanta\u00e7\u00e3o do NaveGO, iniciativa que amplia o acesso \u00e0 internet gratuita em locais de interesse tur\u00edstico em diferentes regi\u00f5es do estado.<\/p>\n<p>A proposta \u00e9 fortalecer a inclus\u00e3o digital, apoiar o desenvolvimento do turismo e melhorar a experi\u00eancia de visitantes e moradores nos principais atrativos tur\u00edsticos goianos. Com a disponibiliza\u00e7\u00e3o de conex\u00e3o p\u00fablica \u00e0 internet, turistas poder\u00e3o acessar informa\u00e7\u00f5es sobre os destinos, compartilhar experi\u00eancias em tempo real e planejar melhor seus deslocamentos, enquanto moradores passam a contar com mais uma alternativa de conectividade em espa\u00e7os p\u00fablicos.<\/p>\n<h4><span style=\"color: #008000;\">Implanta\u00e7\u00e3o da rede<\/span><\/h4>\n<p>Atualmente, 40 pontos de acesso Wi-Fi j\u00e1 foram instalados e est\u00e3o em fase de testes operacionais antes da ativa\u00e7\u00e3o definitiva do servi\u00e7o ao p\u00fablico. Os equipamentos est\u00e3o distribu\u00eddos em locais de grande relev\u00e2ncia tur\u00edstica, como:<\/p>\n<ul>\n<li>Comunidade Kalunga (Cavalcante);<\/li>\n<li>Pra\u00e7a Principal (Colinas do Sul);<\/li>\n<li>Povoado S\u00e3o Jo\u00e3o e Orla do Lago (S\u00e3o Domingos);<\/li>\n<li>Posse D\u2019Abadia (Abadi\u00e2nia);<\/li>\n<li>Lagol\u00e2ndia \u2013 Casa de Santa Dica (Piren\u00f3polis);<\/li>\n<li>Olhos D\u2019\u00c1gua (Alex\u00e2nia);<\/li>\n<li>Pra\u00e7a Central e Girassol (Cocalzinho de Goi\u00e1s);<\/li>\n<li>Povoado S\u00e3o Benedito (Itabera\u00ed);<\/li>\n<li>Orla do Lago dos Tigres (Brit\u00e2nia);<\/li>\n<li>Centros de Apoio ao Turista \u2013 CAT (Cavalcante, Alto Para\u00edso de Goi\u00e1s, S\u00e3o Jo\u00e3o da Alian\u00e7a e Aruan\u00e3);<\/li>\n<li>Pra\u00e7as Centrais (Cavalcante, Itaguari e Mamba\u00ed);<\/li>\n<li>Povoado do Muqu\u00e9m (Niquel\u00e2ndia);<\/li>\n<li>Praia Quarto Crescente (Aragar\u00e7as).<\/li>\n<\/ul>\n\n\n\n<h4><span style=\"color: #008000;\">Acesso \u00e0 rede<\/span><\/h4>\n\n\n\n<p>O acesso ser\u00e1 realizado por meio de um portal de autentica\u00e7\u00e3o, que aparece automaticamente quando o usu\u00e1rio se conecta ao Wi-Fi dispon\u00edvel nos pontos tur\u00edsticos. Ap\u00f3s um cadastro simples, o visitante poder\u00e1 navegar na internet. <\/p>\n\n\n\n<p>O portal tamb\u00e9m reunir\u00e1 orienta\u00e7\u00f5es sobre o destino, servi\u00e7os dispon\u00edveis e atra\u00e7\u00f5es locais, facilitando o acesso a informa\u00e7\u00f5es \u00fateis para quem visita a regi\u00e3o.<\/p>\n","protected":false},"excerpt":{"rendered":"<p>O Governo de Goi\u00e1s, por meio da Secretaria-Geral de Governo (SGG), avan\u00e7a na implanta\u00e7\u00e3o do NaveGO, iniciativa que amplia o acesso \u00e0 internet gratuita em locais de interesse tur\u00edstico em diferentes regi\u00f5es do estado. A proposta \u00e9 fortalecer a inclus\u00e3o digital, apoiar o desenvolvimento do turismo e melhorar a experi\u00eancia de visitantes e moradores nos [&hellip;]<\/p>\n","protected":false},"author":245,"featured_media":0,"parent":60689,"menu_order":0,"comment_status":"closed","ping_status":"closed","template":"","meta":{"footnotes":"","_links_to":"","_links_to_target":""},"class_list":["post-115924","page","type-page","status-publish","hentry"],"rttpg_featured_image_url":null,"rttpg_author":{"display_name":"gabriellabeltrao","author_link":"https:\/\/goias.gov.br\/governo\/author\/gabriellabeltrao\/"},"rttpg_comment":0,"rttpg_category":null,"rttpg_excerpt":"O Governo de Goi\u00e1s, por meio da Secretaria-Geral de Governo (SGG), avan\u00e7a na implanta\u00e7\u00e3o do NaveGO, iniciativa que amplia o acesso \u00e0 internet gratuita em locais de interesse tur\u00edstico em diferentes regi\u00f5es do estado. A proposta \u00e9 fortalecer a inclus\u00e3o digital, apoiar o desenvolvimento do turismo e melhorar a experi\u00eancia de visitantes e moradores nos&hellip;","_links":{"self":[{"href":"https:\/\/goias.gov.br\/governo\/wp-json\/wp\/v2\/pages\/115924","targetHints":{"allow":["GET"]}}],"collection":[{"href":"https:\/\/goias.gov.br\/governo\/wp-json\/wp\/v2\/pages"}],"about":[{"href":"https:\/\/goias.gov.br\/governo\/wp-json\/wp\/v2\/types\/page"}],"author":[{"embeddable":true,"href":"https:\/\/goias.gov.br\/governo\/wp-json\/wp\/v2\/users\/245"}],"replies":[{"embeddable":true,"href":"https:\/\/goias.gov.br\/governo\/wp-json\/wp\/v2\/comments?post=115924"}],"version-history":[{"count":3,"href":"https:\/\/goias.gov.br\/governo\/wp-json\/wp\/v2\/pages\/115924\/revisions"}],"predecessor-version":[{"id":135263,"href":"https:\/\/goias.gov.br\/governo\/wp-json\/wp\/v2\/pages\/115924\/revisions\/135263"}],"up":[{"embeddable":true,"href":"https:\/\/goias.gov.br\/governo\/wp-json\/wp\/v2\/pages\/60689"}],"wp:attachment":[{"href":"https:\/\/goias.gov.br\/governo\/wp-json\/wp\/v2\/media?parent=115924"}],"curies":[{"name":"wp","href":"https:\/\/api.w.org\/{rel}","templated":true}]}}