

{"id":115243,"date":"2026-01-07T10:23:11","date_gmt":"2026-01-07T13:23:11","guid":{"rendered":"https:\/\/goias.gov.br\/governo\/?page_id=115243"},"modified":"2026-02-23T10:35:03","modified_gmt":"2026-02-23T13:35:03","slug":"primeira-fase","status":"publish","type":"page","link":"https:\/\/goias.gov.br\/governo\/goias-mais-digital\/primeira-fase\/","title":{"rendered":"Primeira Fase"},"content":{"rendered":"\n<ul>\n<li><a href=\"https:\/\/goias.gov.br\/governo\/wp-content\/uploads\/sites\/11\/2025\/04\/Publicacao-do-Chamamento-publico-dos-municipios-Diario-Oficial.pdf\">EDITAL DE CHAMAMENTO P\u00daBLICO N\u00ba 2\/2025\/SGG<\/a>\u2028<\/li>\n<li><a href=\"https:\/\/goias.gov.br\/governo\/wp-content\/uploads\/sites\/11\/2025\/04\/EDITAL_DE_PRORROGACAO_DO_CHAMAMENTO_PUBLICO_N___02_2025_SGG_GO.pdf\">EDITAL DE PRORROGA\u00c7\u00c3O DO CHAMAMENTO P\u00daBLICO N\u00ba 02\/2025-SGG\/GO<\/a>\u2028<\/li>\n<li><a href=\"https:\/\/goias.gov.br\/governo\/wp-content\/uploads\/sites\/11\/2025\/05\/RESULTADO-PRELIMINAR-DO-EDITAL-DE-CHAMAMENTO-PUBLICO-N-002.pdf\">RESULTADO PRELIMINAR<\/a>\u2028<\/li>\n<li><a href=\"https:\/\/goias.gov.br\/governo\/wp-content\/uploads\/sites\/11\/2025\/06\/Publicacao-Resultado-final-Diario-oficial.pdf\">RESULTADO DO EDITAL DE CHAMAMENTO P\u00daBLICO N\u00ba 002\/2025\/SGG<\/a>\u2028<\/li>\n<li><a href=\"https:\/\/goias.gov.br\/governo\/wp-content\/uploads\/sites\/11\/2025\/06\/RESULTADO-FINAL-DO-GOIAS-MAIS-DIGITAL.xlsx\">PLANILHA \u2013 RESULTADO DO EDITAL DE CHAMAMENTO P\u00daBLICO N\u00ba 002\/2025\/SGG<\/a>\u2028<\/li>\n<li><a href=\"https:\/\/goias.gov.br\/governo\/wp-content\/uploads\/sites\/11\/2025\/08\/Diario_oficial_Goias-Digital_Selecao-das-Operadoras.pdf\">PUBLICA\u00c7\u00c3O DI\u00c1RIO OFICIAL \u2013 AVISO DE CHAMAMENTO P\u00daBLICO N\u00ba 01\/2025-SGG<\/a>\u2028<\/li>\n<li><a href=\"https:\/\/goias.gov.br\/governo\/wp-content\/uploads\/sites\/11\/2025\/08\/Edital-de-Chamamento-Publico-Goias-Digital.pdf\">EDITAL DE CHAMAMENTO P\u00daBLICO N\u00ba 01\/2025-SGG<\/a>\u2028<\/li>\n<li><a href=\"https:\/\/goias.gov.br\/governo\/wp-content\/uploads\/sites\/11\/2025\/09\/TERMO-DE-REFERENCIA-TR-GOIAS-MAIS-DIGITAL.pdf\">TERMO DE REFER\u00caNCIA<\/a>\u2028<\/li>\n<li><a href=\"https:\/\/goias.gov.br\/governo\/wp-content\/uploads\/sites\/11\/2025\/09\/ESTUDO-TECNICO-PRELIMINAR-ETP-GOIAS-MAIS-DIGITAL.pdf\">ESTUDO T\u00c9CNICO PRELIMINAR (ETP)<\/a>\u2028<\/li>\n<li><a href=\"https:\/\/goias.gov.br\/governo\/wp-content\/uploads\/sites\/11\/2025\/09\/ANEXO-II-MINUTA-DO-TERMO-DE-COMPROMISSO-GOIAS-MAIS-DIGITAL.pdf\">MINUTA DO TERMO DE COMPROMISSO<\/a>\u2028<\/li>\n<li><a href=\"https:\/\/goias.gov.br\/governo\/wp-content\/uploads\/sites\/11\/2025\/10\/Aviso-de-Republicacao-30.09.25.pdf\" target=\"_blank\" rel=\"noreferrer noopener\">AVISO DE REPUBLICA\u00c7\u00c3O DO CHAMAMENTO P\u00daBLICO N\u00ba 01\/2025 &#8211; SGG<\/a>\u2028<\/li>\n<li><a href=\"https:\/\/goias.gov.br\/governo\/wp-content\/uploads\/sites\/11\/2025\/10\/Aviso-de-Adiamento-07.10.25.pdf\" target=\"_blank\" rel=\"noreferrer noopener\">AVISO DE ADIAMENTO DO CHAMAMENTO P\u00daBLICO N\u00ba 01\/2025 &#8211; SGG<\/a><\/li>\n<li><a href=\"https:\/\/goias.gov.br\/governo\/wp-content\/uploads\/sites\/11\/2025\/10\/Aviso-de-Republicacao-10.10.25.pdf\" target=\"_blank\" rel=\"noreferrer noopener\">AVISO DE REPUBLICA\u00c7\u00c3O DO CHAMAMENTO P\u00daBLICO N\u00ba 01\/2025 &#8211; SGG<\/a><\/li>\n<li><a href=\"https:\/\/goias.gov.br\/governo\/wp-content\/uploads\/sites\/11\/2025\/10\/Aviso-de-Adiamento-17.10.25.pdf\" target=\"_blank\" rel=\"noreferrer noopener\">AVISO DE ADIAMENTO DO CHAMAMENTO P\u00daBLICO N\u00ba 01\/2025 &#8211; SGG<\/a><\/li>\n<li><a href=\"https:\/\/goias.gov.br\/governo\/wp-content\/uploads\/sites\/11\/2026\/02\/Diario_oficial_Goias-Digital_Selecao-das-Operadoras_RESULTADO-FINAL.pdf\" target=\"_blank\" rel=\"noopener\">TERMO DE HOMOLOGA\u00c7\u00c3O DO CHAMAMENTO P\u00daBLICO N\u00ba 01\/2025 &#8211; SGG<\/a><\/li>\n<\/ul>\n\n\n\n<p><\/p>\n","protected":false},"excerpt":{"rendered":"<p>EDITAL DE CHAMAMENTO P\u00daBLICO N\u00ba 2\/2025\/SGG\u2028 EDITAL DE PRORROGA\u00c7\u00c3O DO CHAMAMENTO P\u00daBLICO N\u00ba 02\/2025-SGG\/GO\u2028 RESULTADO PRELIMINAR\u2028 RESULTADO DO EDITAL DE CHAMAMENTO P\u00daBLICO N\u00ba 002\/2025\/SGG\u2028 PLANILHA \u2013 RESULTADO DO EDITAL DE CHAMAMENTO P\u00daBLICO N\u00ba 002\/2025\/SGG\u2028 PUBLICA\u00c7\u00c3O DI\u00c1RIO OFICIAL \u2013 AVISO DE CHAMAMENTO P\u00daBLICO N\u00ba 01\/2025-SGG\u2028 EDITAL DE CHAMAMENTO P\u00daBLICO N\u00ba 01\/2025-SGG\u2028 TERMO DE REFER\u00caNCIA\u2028 ESTUDO T\u00c9CNICO [&hellip;]<\/p>\n","protected":false},"author":245,"featured_media":0,"parent":47745,"menu_order":0,"comment_status":"closed","ping_status":"closed","template":"","meta":{"footnotes":"","_links_to":"","_links_to_target":""},"class_list":["post-115243","page","type-page","status-publish","hentry"],"rttpg_featured_image_url":null,"rttpg_author":{"display_name":"gabriellabeltrao","author_link":"https:\/\/goias.gov.br\/governo\/author\/gabriellabeltrao\/"},"rttpg_comment":0,"rttpg_category":null,"rttpg_excerpt":"EDITAL DE CHAMAMENTO P\u00daBLICO N\u00ba 2\/2025\/SGG\u2028 EDITAL DE PRORROGA\u00c7\u00c3O DO CHAMAMENTO P\u00daBLICO N\u00ba 02\/2025-SGG\/GO\u2028 RESULTADO PRELIMINAR\u2028 RESULTADO DO EDITAL DE CHAMAMENTO P\u00daBLICO N\u00ba 002\/2025\/SGG\u2028 PLANILHA \u2013 RESULTADO DO EDITAL DE CHAMAMENTO P\u00daBLICO N\u00ba 002\/2025\/SGG\u2028 PUBLICA\u00c7\u00c3O DI\u00c1RIO OFICIAL \u2013 AVISO DE CHAMAMENTO P\u00daBLICO N\u00ba 01\/2025-SGG\u2028 EDITAL DE CHAMAMENTO P\u00daBLICO N\u00ba 01\/2025-SGG\u2028 TERMO DE REFER\u00caNCIA\u2028 ESTUDO T\u00c9CNICO&hellip;","_links":{"self":[{"href":"https:\/\/goias.gov.br\/governo\/wp-json\/wp\/v2\/pages\/115243","targetHints":{"allow":["GET"]}}],"collection":[{"href":"https:\/\/goias.gov.br\/governo\/wp-json\/wp\/v2\/pages"}],"about":[{"href":"https:\/\/goias.gov.br\/governo\/wp-json\/wp\/v2\/types\/page"}],"author":[{"embeddable":true,"href":"https:\/\/goias.gov.br\/governo\/wp-json\/wp\/v2\/users\/245"}],"replies":[{"embeddable":true,"href":"https:\/\/goias.gov.br\/governo\/wp-json\/wp\/v2\/comments?post=115243"}],"version-history":[{"count":2,"href":"https:\/\/goias.gov.br\/governo\/wp-json\/wp\/v2\/pages\/115243\/revisions"}],"predecessor-version":[{"id":129239,"href":"https:\/\/goias.gov.br\/governo\/wp-json\/wp\/v2\/pages\/115243\/revisions\/129239"}],"up":[{"embeddable":true,"href":"https:\/\/goias.gov.br\/governo\/wp-json\/wp\/v2\/pages\/47745"}],"wp:attachment":[{"href":"https:\/\/goias.gov.br\/governo\/wp-json\/wp\/v2\/media?parent=115243"}],"curies":[{"name":"wp","href":"https:\/\/api.w.org\/{rel}","templated":true}]}}