

{"id":112252,"date":"2025-12-11T14:14:34","date_gmt":"2025-12-11T17:14:34","guid":{"rendered":"https:\/\/goias.gov.br\/governo\/?page_id=112252"},"modified":"2026-01-21T16:40:16","modified_gmt":"2026-01-21T19:40:16","slug":"workshop-demanda-de-energia-e-vale-do-araguaia","status":"publish","type":"page","link":"https:\/\/goias.gov.br\/governo\/energia\/workshop-demanda-de-energia-e-vale-do-araguaia\/","title":{"rendered":"Workshop Demanda de Energia e Vale do Araguaia"},"content":{"rendered":"\t\t<div data-elementor-type=\"wp-page\" data-elementor-id=\"112252\" class=\"elementor elementor-112252\">\n\t\t\t\t<div class=\"elementor-element elementor-element-d9e8893 e-flex e-con-boxed e-con e-parent\" data-id=\"d9e8893\" data-element_type=\"container\" data-e-type=\"container\">\n\t\t\t\t\t<div class=\"e-con-inner\">\n\t\t\t\t<div class=\"elementor-element elementor-element-8cbbd29 elementor-widget elementor-widget-image\" data-id=\"8cbbd29\" data-element_type=\"widget\" data-e-type=\"widget\" data-widget_type=\"image.default\">\n\t\t\t\t<div class=\"elementor-widget-container\">\n\t\t\t\t\t\t\t\t\t\t\t\t\t\t\t<img fetchpriority=\"high\" decoding=\"async\" width=\"1024\" height=\"576\" src=\"https:\/\/goias.gov.br\/governo\/wp-content\/uploads\/sites\/11\/2025\/12\/WhatsApp-Image-2025-12-11-at-11.34.41-1024x576.jpeg\" class=\"attachment-large size-large wp-image-112568\" alt=\"\" srcset=\"https:\/\/goias.gov.br\/governo\/wp-content\/uploads\/sites\/11\/2025\/12\/WhatsApp-Image-2025-12-11-at-11.34.41-1024x576.jpeg 1024w, https:\/\/goias.gov.br\/governo\/wp-content\/uploads\/sites\/11\/2025\/12\/WhatsApp-Image-2025-12-11-at-11.34.41-300x169.jpeg 300w, https:\/\/goias.gov.br\/governo\/wp-content\/uploads\/sites\/11\/2025\/12\/WhatsApp-Image-2025-12-11-at-11.34.41-768x432.jpeg 768w, https:\/\/goias.gov.br\/governo\/wp-content\/uploads\/sites\/11\/2025\/12\/WhatsApp-Image-2025-12-11-at-11.34.41-1536x864.jpeg 1536w, https:\/\/goias.gov.br\/governo\/wp-content\/uploads\/sites\/11\/2025\/12\/WhatsApp-Image-2025-12-11-at-11.34.41.jpeg 1600w\" sizes=\"(max-width: 1024px) 100vw, 1024px\" \/>\t\t\t\t\t\t\t\t\t\t\t\t\t\t\t<\/div>\n\t\t\t\t<\/div>\n\t\t\t\t<div class=\"elementor-element elementor-element-db050b1 elementor-widget elementor-widget-text-editor\" data-id=\"db050b1\" data-element_type=\"widget\" data-e-type=\"widget\" data-widget_type=\"text-editor.default\">\n\t\t\t\t<div class=\"elementor-widget-container\">\n\t\t\t\t\t\t\t\t\t<p>A Secretaria-Geral de Governo, por meio da Subsecretaria de Energia, Telecomunica\u00e7\u00f5es e Cidades Inteligentes, realizou o workshop Demanda de Energia e Vale do Araguaia no dia 9 de dezembro de 2025, no Audit\u00f3rio Mauro Borges. O encontro apresentou os principais resultados da primeira fase do Mapeamento Estadual de Demanda de Energia, al\u00e9m do dossi\u00ea t\u00e9cnico elaborado sobre o Vale do Araguaia, que re\u00fane informa\u00e7\u00f5es estrat\u00e9gicas sobre o potencial de expans\u00e3o econ\u00f4mica e as necessidades energ\u00e9ticas da regi\u00e3o.<\/p><p><!-- \/wp:paragraph --> <!-- wp:paragraph --><\/p><p>A programa\u00e7\u00e3o tamb\u00e9m abordou o uso dos incentivos fiscais destinados a novas conex\u00f5es el\u00e9tricas, oferecendo esclarecimentos sobre as condi\u00e7\u00f5es de aplica\u00e7\u00e3o do benef\u00edcio, os crit\u00e9rios de elegibilidade e os procedimentos para solicita\u00e7\u00e3o.<\/p><p><!-- \/wp:paragraph --> <!-- wp:paragraph --><\/p><p>O workshop possibilitou o di\u00e1logo entre governo, concession\u00e1rias e representantes do setor produtivo, com o objetivo de apoiar decis\u00f5es de investimento, orientar pol\u00edticas p\u00fablicas e fortalecer o desenvolvimento regional a partir de uma vis\u00e3o integrada da infraestrutura energ\u00e9tica.<\/p><p><!-- \/wp:paragraph --><\/p>\t\t\t\t\t\t\t\t<\/div>\n\t\t\t\t<\/div>\n\t\t\t\t<div class=\"elementor-element elementor-element-25de60e elementor-widget elementor-widget-heading\" data-id=\"25de60e\" data-element_type=\"widget\" data-e-type=\"widget\" data-widget_type=\"heading.default\">\n\t\t\t\t<div class=\"elementor-widget-container\">\n\t\t\t\t\t<h4 class=\"elementor-heading-title elementor-size-default\">Materiais<\/h4>\t\t\t\t<\/div>\n\t\t\t\t<\/div>\n\t\t\t\t<div class=\"elementor-element elementor-element-76e7971 elementor-widget elementor-widget-text-editor\" data-id=\"76e7971\" data-element_type=\"widget\" data-e-type=\"widget\" data-widget_type=\"text-editor.default\">\n\t\t\t\t<div class=\"elementor-widget-container\">\n\t\t\t\t\t\t\t\t\t<ul><li><a href=\"https:\/\/goias.gov.br\/governo\/wp-content\/uploads\/sites\/11\/2025\/12\/APRESENTACAO-WORKSHOP-DEMANDA-DE-ENERGIA-E-VALE-DO-ARAGUAIA-2.pdf\" target=\"_blank\" rel=\"noopener\">Apresenta\u00e7\u00e3o \u2013 Workshop Demanda de Energia e Vale do Araguaia<\/a><\/li><\/ul>\t\t\t\t\t\t\t\t<\/div>\n\t\t\t\t<\/div>\n\t\t\t\t\t<\/div>\n\t\t\t\t<\/div>\n\t\t\t\t<\/div>\n\t\t","protected":false},"excerpt":{"rendered":"<p>A Secretaria-Geral de Governo, por meio da Subsecretaria de Energia, Telecomunica\u00e7\u00f5es e Cidades Inteligentes, realizou o workshop Demanda de Energia e Vale do Araguaia no dia 9 de dezembro de 2025, no Audit\u00f3rio Mauro Borges. O encontro apresentou os principais resultados da primeira fase do Mapeamento Estadual de Demanda de Energia, al\u00e9m do dossi\u00ea t\u00e9cnico [&hellip;]<\/p>\n","protected":false},"author":245,"featured_media":0,"parent":60288,"menu_order":0,"comment_status":"closed","ping_status":"closed","template":"","meta":{"footnotes":"","_links_to":"","_links_to_target":""},"class_list":["post-112252","page","type-page","status-publish","hentry"],"rttpg_featured_image_url":null,"rttpg_author":{"display_name":"gabriellabeltrao","author_link":"https:\/\/goias.gov.br\/governo\/author\/gabriellabeltrao\/"},"rttpg_comment":0,"rttpg_category":null,"rttpg_excerpt":"A Secretaria-Geral de Governo, por meio da Subsecretaria de Energia, Telecomunica\u00e7\u00f5es e Cidades Inteligentes, realizou o workshop Demanda de Energia e Vale do Araguaia no dia 9 de dezembro de 2025, no Audit\u00f3rio Mauro Borges. O encontro apresentou os principais resultados da primeira fase do Mapeamento Estadual de Demanda de Energia, al\u00e9m do dossi\u00ea t\u00e9cnico&hellip;","_links":{"self":[{"href":"https:\/\/goias.gov.br\/governo\/wp-json\/wp\/v2\/pages\/112252","targetHints":{"allow":["GET"]}}],"collection":[{"href":"https:\/\/goias.gov.br\/governo\/wp-json\/wp\/v2\/pages"}],"about":[{"href":"https:\/\/goias.gov.br\/governo\/wp-json\/wp\/v2\/types\/page"}],"author":[{"embeddable":true,"href":"https:\/\/goias.gov.br\/governo\/wp-json\/wp\/v2\/users\/245"}],"replies":[{"embeddable":true,"href":"https:\/\/goias.gov.br\/governo\/wp-json\/wp\/v2\/comments?post=112252"}],"version-history":[{"count":2,"href":"https:\/\/goias.gov.br\/governo\/wp-json\/wp\/v2\/pages\/112252\/revisions"}],"predecessor-version":[{"id":123636,"href":"https:\/\/goias.gov.br\/governo\/wp-json\/wp\/v2\/pages\/112252\/revisions\/123636"}],"up":[{"embeddable":true,"href":"https:\/\/goias.gov.br\/governo\/wp-json\/wp\/v2\/pages\/60288"}],"wp:attachment":[{"href":"https:\/\/goias.gov.br\/governo\/wp-json\/wp\/v2\/media?parent=112252"}],"curies":[{"name":"wp","href":"https:\/\/api.w.org\/{rel}","templated":true}]}}