

{"id":100681,"date":"2025-08-28T16:59:25","date_gmt":"2025-08-28T19:59:25","guid":{"rendered":"https:\/\/goias.gov.br\/governo\/?page_id=100681"},"modified":"2025-09-09T18:54:08","modified_gmt":"2025-09-09T21:54:08","slug":"1-seminario-estadual-de-governanca-e-gestao-de-projetos","status":"publish","type":"page","link":"https:\/\/goias.gov.br\/governo\/1-seminario-estadual-de-governanca-e-gestao-de-projetos\/","title":{"rendered":"1\u00ba Semin\u00e1rio Estadual de Governan\u00e7a e Gest\u00e3o de Projetos"},"content":{"rendered":"\n<p>O Governo de Goi\u00e1s, por meio dos Escrit\u00f3rios de Projetos (PMO), da Subsecretaria de Governan\u00e7a da Secretaria-Geral de Governo (SGG), realiza o 1\u00ba Semin\u00e1rio Estadual de Governan\u00e7a e Gest\u00e3o de Projetos. A iniciativa prop\u00f5e uma agenda estrat\u00e9gica para a moderniza\u00e7\u00e3o do setor p\u00fablico, reunindo gestores e especialistas em torno de temas como governan\u00e7a, gest\u00e3o de projetos, capta\u00e7\u00e3o de recursos, parcerias estrat\u00e9gicas, boas pr\u00e1ticas de governo e ferramentas de intelig\u00eancia para gest\u00e3o. O foco \u00e9 fortalecer a atua\u00e7\u00e3o integrada entre os entes federativos, com mais efici\u00eancia, transpar\u00eancia e resultados concretos.<\/p>\n\n\n\n<p><strong><span style=\"color: #008000\">O que?<\/span><\/strong> 1\u00b0 Semin\u00e1rio Estadual de Governan\u00e7a e Gest\u00e3o de Projetos\u2028<br \/><strong><span style=\"color: #008000\">Quando? <\/span><\/strong>10 e 11 de setembro de 2025\u2028<br \/><strong><span style=\"color: #008000\">Onde?<\/span><\/strong> Centro de Conven\u00e7\u00f5es Oscar Niemeyer \u2013 Goi\u00e2nia (GO)<\/p>\n\n\n\n<div class=\"wp-block-buttons is-layout-flex wp-block-buttons-is-layout-flex\">\n<div class=\"wp-block-button\"><a class=\"wp-block-button__link has-background wp-element-button\" href=\"https:\/\/redeparcerias.sistema.gov.br\/evento_inscricao\/89\" style=\"background-color:#12a530\">CLIQUE AQUI E SE INSCREVA<\/a><\/div>\n<\/div>\n\n\n\n<hr class=\"wp-block-separator has-alpha-channel-opacity\" \/>\n\n\n\n<figure class=\"wp-block-pullquote\"><blockquote><p>PROGRAMA\u00c7\u00c3O<\/p><cite>Quarta-feira, 10 de setembro de 2025<\/cite><\/blockquote><\/figure>\n\n\n\n<p><strong>MANH\u00c3 (9h00)<\/strong><\/p>\n\n\n\n<figure class=\"wp-block-table\"><table class=\"has-fixed-layout\"><tbody><tr><td><strong><strong>Local: Galeria DJ Oliveira (Subsolo)<\/strong><\/strong><\/td><\/tr><tr><td><strong>PALESTRAS<\/strong><br><br><strong>\u2013\u00a0<\/strong>Credenciamento\/Abertura<br><strong>\u2013\u00a0<\/strong>Governan\u00e7a, GP no Estado de Goi\u00e1s &#8211; Marsal Melo\/SGG<br><strong>\u2013\u00a0<\/strong>O Estado mais seguro \u2013 Renato Brum<br><strong>\u2013\u00a0<\/strong>Inova\u00e7\u00e3o na articula\u00e7\u00e3o entre projetos e oportunidades de Capta\u00e7\u00e3o de Recursos &#8211; Edir Lopes e Leonardo Queiroz <\/td><\/tr><\/tbody><\/table><\/figure>\n\n\n\n<p><strong>TARDE (14h00)<\/strong><\/p>\n\n\n\n<figure class=\"wp-block-table\"><table class=\"has-fixed-layout\"><tbody><tr><td><strong>Local: Galeria DJ Oliveira (Subsolo)<\/strong><\/td><\/tr><tr><td><strong>PALESTRAS<\/strong><br><br><strong>\u2013\u00a0<\/strong>PMO Setorial da SEAD: Estrutura, Pr\u00e1ticas e Resultados \u2013 Priscila Tenuta Meira<br><strong>\u2013\u00a0<\/strong>Comunica\u00e7\u00e3o que Constr\u00f3i Pontes: Da Inten\u00e7\u00e3o \u00e0 Influ\u00eancia \u2013 R\u00f4mulo C\u00e9sar Barbosa Marques<br><strong>\u2013\u00a0<\/strong>Gerenciamento de projetos: a arte de fazer acontecer \u2013 Anderson Sales<br><strong>\u2013\u00a0<\/strong>Projetos 5.0: O novo perfil do gerente de projetos com IA \u2013 Ricardo Vilaverde<\/td><\/tr><\/tbody><\/table><\/figure>\n\n\n\n<figure class=\"wp-block-pullquote\"><blockquote><p>PROGRAMA\u00c7\u00c3O<\/p><cite>Quinta-feira, 11 de setembro de 2025<\/cite><\/blockquote><\/figure>\n\n\n\n<p><strong>MANH\u00c3 (9h00)<\/strong><\/p>\n\n\n\n<figure class=\"wp-block-table\"><table class=\"has-fixed-layout\"><tbody><tr><td><strong>Local: Audit\u00f3rio Paulo Bertran (3\u00ba Piso)<\/strong><\/td><\/tr><tr><td><strong>PALESTRAS<\/strong><br><br><strong>\u2013<\/strong> Credenciamento<br><strong>\u2013\u00a0<\/strong>Governan\u00e7a que resolve: Do \u201centregou?\u201d ao \u201cfez diferen\u00e7a?\u201d no Governo de Goi\u00e1s \u2013 Danielle Gomes<br><strong>\u2013\u00a0<\/strong>Gest\u00e3o de Projetos no Governo do Esp\u00edrito Santo: Modelo de Gest\u00e3o \u201cRealiza+\u201d uma Governan\u00e7a com Foco na Gest\u00e3o Orientada para Resultados \u2013 Ana L\u00facia Pansini<br><strong>\u2013\u00a0<\/strong>PMO: Lideran\u00e7a Sist\u00eamica na Era da Transforma\u00e7\u00e3o Digital \u2013 Cl\u00e1udio Boros<br><strong>\u2013\u00a0<\/strong>Tend\u00eancias e ideias para evoluir o seu modelo de gest\u00e3o \u2013 Dairton Bassi<br><strong>\u2013\u00a0<\/strong>A ess\u00eancia humana da inova\u00e7\u00e3o &#8211; Claudia Martinelli Wehbe<\/td><\/tr><\/tbody><\/table><\/figure>\n\n\n\n<p><strong>TARDE (14h00)<\/strong><\/p>\n\n\n\n<figure class=\"wp-block-table\"><table class=\"has-fixed-layout\"><tbody><tr><td><strong>Local: Audit\u00f3rio Paulo Bertran (3\u00ba Piso)<\/strong><\/td><\/tr><tr><td><strong>PALESTRAS<\/strong><br><br><strong>\u2013\u00a0<\/strong>PMO de Classe Mundial: Conectando Portf\u00f3lio, Cultura e Execu\u00e7\u00e3o &#8211; Jo\u00e3o Victor Sales da N\u00f3brega Representante do PMO Baterias Moura<br><strong>\u2013\u00a0<\/strong>PMOs feitos para durar: A trajet\u00f3ria de 21 anos do PMO do Banco Central do Brasil \u2013 Carolina Boros<br><strong>\u2013\u00a0<\/strong>PDe PMO para VMO no Governo de Goi\u00e1s &#8211; A jornada para gera\u00e7\u00e3o de Valor dos Escrit\u00f3rios de Projetos do Governo de Goi\u00e1s &#8211; Marsal Melo e Leonardo Queiroz<br><strong>\u2013\u00a0<\/strong>Entre desafios e entregas: minha experi\u00eancia com PMOs no governo \u2013 Margareth Carneiro<br><strong>\u2013\u00a0<\/strong>Gest\u00e3o integrada de Projetos e processos com uso da IA \u2013 Prof. Nivaldo Pereira de Morais Junior<\/td><\/tr><\/tbody><\/table><\/figure>\n\n\n\n<hr class=\"wp-block-separator has-alpha-channel-opacity\" \/>\n\n\n\n<div class=\"wp-block-media-text is-stacked-on-mobile\" style=\"grid-template-columns:35% auto\"><figure class=\"wp-block-media-text__media\"><a href=\"https:\/\/rede-parcerias.sistema.gov.br\/evento_inscricao\/86\"><img fetchpriority=\"high\" decoding=\"async\" width=\"1024\" height=\"1024\" src=\"https:\/\/goias.gov.br\/governo\/wp-content\/uploads\/sites\/11\/2025\/08\/Forum_Regional_da_Rede_de_Parcerias-_atualizado-1-1024x1024.jpg\" alt=\"\" class=\"wp-image-100684 size-full\" srcset=\"https:\/\/goias.gov.br\/governo\/wp-content\/uploads\/sites\/11\/2025\/08\/Forum_Regional_da_Rede_de_Parcerias-_atualizado-1-1024x1024.jpg 1024w, https:\/\/goias.gov.br\/governo\/wp-content\/uploads\/sites\/11\/2025\/08\/Forum_Regional_da_Rede_de_Parcerias-_atualizado-1-300x300.jpg 300w, https:\/\/goias.gov.br\/governo\/wp-content\/uploads\/sites\/11\/2025\/08\/Forum_Regional_da_Rede_de_Parcerias-_atualizado-1-150x150.jpg 150w, https:\/\/goias.gov.br\/governo\/wp-content\/uploads\/sites\/11\/2025\/08\/Forum_Regional_da_Rede_de_Parcerias-_atualizado-1-768x768.jpg 768w, https:\/\/goias.gov.br\/governo\/wp-content\/uploads\/sites\/11\/2025\/08\/Forum_Regional_da_Rede_de_Parcerias-_atualizado-1.jpg 1350w\" sizes=\"(max-width: 1024px) 100vw, 1024px\" \/><\/a><\/figure><div class=\"wp-block-media-text__content\">\n<p>A programa\u00e7\u00e3o ser\u00e1 integrada ao 35\u00ba F\u00f3rum Regional de Fortalecimento da Rede de Parcerias \u2013 Etapa Goi\u00e1s, reunindo representantes das esferas federal, estadual e municipal.<br><\/p>\n\n\n\n<p>Confira a programa\u00e7\u00e3o e <a href=\"https:\/\/rede-parcerias.sistema.gov.br\/evento_inscricao\/86\">inscreva-se pelo link.<\/a><\/p>\n<\/div><\/div>\n\n\n\n<p><\/p>\n","protected":false},"excerpt":{"rendered":"<p>O Governo de Goi\u00e1s, por meio dos Escrit\u00f3rios de Projetos (PMO), da Subsecretaria de Governan\u00e7a da Secretaria-Geral de Governo (SGG), realiza o 1\u00ba Semin\u00e1rio Estadual de Governan\u00e7a e Gest\u00e3o de Projetos. A iniciativa prop\u00f5e uma agenda estrat\u00e9gica para a moderniza\u00e7\u00e3o do setor p\u00fablico, reunindo gestores e especialistas em torno de temas como governan\u00e7a, gest\u00e3o de [&hellip;]<\/p>\n","protected":false},"author":64,"featured_media":100988,"parent":0,"menu_order":0,"comment_status":"closed","ping_status":"closed","template":"","meta":{"footnotes":"","_links_to":"","_links_to_target":""},"class_list":["post-100681","page","type-page","status-publish","has-post-thumbnail","hentry"],"rttpg_featured_image_url":{"full":["https:\/\/goias.gov.br\/governo\/wp-content\/uploads\/sites\/11\/2025\/08\/1_Banner_-_Arte_para_site_-_Seminario_1200x350.png",1200,350,false],"landscape":["https:\/\/goias.gov.br\/governo\/wp-content\/uploads\/sites\/11\/2025\/08\/1_Banner_-_Arte_para_site_-_Seminario_1200x350.png",1200,350,false],"portraits":["https:\/\/goias.gov.br\/governo\/wp-content\/uploads\/sites\/11\/2025\/08\/1_Banner_-_Arte_para_site_-_Seminario_1200x350.png",1200,350,false],"thumbnail":["https:\/\/goias.gov.br\/governo\/wp-content\/uploads\/sites\/11\/2025\/08\/1_Banner_-_Arte_para_site_-_Seminario_1200x350-150x150.png",150,150,true],"medium":["https:\/\/goias.gov.br\/governo\/wp-content\/uploads\/sites\/11\/2025\/08\/1_Banner_-_Arte_para_site_-_Seminario_1200x350-300x88.png",300,88,true],"large":["https:\/\/goias.gov.br\/governo\/wp-content\/uploads\/sites\/11\/2025\/08\/1_Banner_-_Arte_para_site_-_Seminario_1200x350-1024x299.png",1024,299,true],"1536x1536":["https:\/\/goias.gov.br\/governo\/wp-content\/uploads\/sites\/11\/2025\/08\/1_Banner_-_Arte_para_site_-_Seminario_1200x350.png",1200,350,false],"2048x2048":["https:\/\/goias.gov.br\/governo\/wp-content\/uploads\/sites\/11\/2025\/08\/1_Banner_-_Arte_para_site_-_Seminario_1200x350.png",1200,350,false]},"rttpg_author":{"display_name":"marianabrandao","author_link":"https:\/\/goias.gov.br\/governo\/author\/marianabrandao\/"},"rttpg_comment":0,"rttpg_category":null,"rttpg_excerpt":"O Governo de Goi\u00e1s, por meio dos Escrit\u00f3rios de Projetos (PMO), da Subsecretaria de Governan\u00e7a da Secretaria-Geral de Governo (SGG), realiza o 1\u00ba Semin\u00e1rio Estadual de Governan\u00e7a e Gest\u00e3o de Projetos. A iniciativa prop\u00f5e uma agenda estrat\u00e9gica para a moderniza\u00e7\u00e3o do setor p\u00fablico, reunindo gestores e especialistas em torno de temas como governan\u00e7a, gest\u00e3o de&hellip;","_links":{"self":[{"href":"https:\/\/goias.gov.br\/governo\/wp-json\/wp\/v2\/pages\/100681","targetHints":{"allow":["GET"]}}],"collection":[{"href":"https:\/\/goias.gov.br\/governo\/wp-json\/wp\/v2\/pages"}],"about":[{"href":"https:\/\/goias.gov.br\/governo\/wp-json\/wp\/v2\/types\/page"}],"author":[{"embeddable":true,"href":"https:\/\/goias.gov.br\/governo\/wp-json\/wp\/v2\/users\/64"}],"replies":[{"embeddable":true,"href":"https:\/\/goias.gov.br\/governo\/wp-json\/wp\/v2\/comments?post=100681"}],"version-history":[{"count":2,"href":"https:\/\/goias.gov.br\/governo\/wp-json\/wp\/v2\/pages\/100681\/revisions"}],"predecessor-version":[{"id":103456,"href":"https:\/\/goias.gov.br\/governo\/wp-json\/wp\/v2\/pages\/100681\/revisions\/103456"}],"wp:featuredmedia":[{"embeddable":true,"href":"https:\/\/goias.gov.br\/governo\/wp-json\/wp\/v2\/media\/100988"}],"wp:attachment":[{"href":"https:\/\/goias.gov.br\/governo\/wp-json\/wp\/v2\/media?parent=100681"}],"curies":[{"name":"wp","href":"https:\/\/api.w.org\/{rel}","templated":true}]}}