

{"id":771,"date":"2024-06-07T14:01:11","date_gmt":"2024-06-07T14:01:11","guid":{"rendered":"https:\/\/siteshom.goias.gov.br\/goiastelecom\/relatorio-de-acompanhamento-de-programas-projetos-e-acoes\/"},"modified":"2024-07-24T17:41:20","modified_gmt":"2024-07-24T20:41:20","slug":"relatorio-de-acompanhamento-de-programas-projetos-e-acoes","status":"publish","type":"page","link":"https:\/\/goias.gov.br\/goiastelecom\/relatorio-de-acompanhamento-de-programas-projetos-e-acoes\/","title":{"rendered":"Relat\u00f3rio de Acompanhamento de Programas, Projetos e A\u00e7\u00f5es"},"content":{"rendered":"<p><a href=\"\">Relat\u00f3rio de Acompanhamento de Programas, Projetos e A\u00e7\u00f5es<\/a><\/p>\n","protected":false},"excerpt":{"rendered":"<p>Relat\u00f3rio de Acompanhamento de Programas, Projetos e A\u00e7\u00f5es<\/p>\n","protected":false},"author":1422,"featured_media":0,"parent":0,"menu_order":0,"comment_status":"closed","ping_status":"open","template":"","meta":{"footnotes":""},"class_list":["post-771","page","type-page","status-publish","hentry"],"rttpg_featured_image_url":null,"rttpg_author":{"display_name":"","author_link":"https:\/\/goias.gov.br\/goiastelecom\/author\/"},"rttpg_comment":0,"rttpg_category":null,"rttpg_excerpt":"Relat\u00f3rio de Acompanhamento de Programas, Projetos e A\u00e7\u00f5es","_links":{"self":[{"href":"https:\/\/goias.gov.br\/goiastelecom\/wp-json\/wp\/v2\/pages\/771","targetHints":{"allow":["GET"]}}],"collection":[{"href":"https:\/\/goias.gov.br\/goiastelecom\/wp-json\/wp\/v2\/pages"}],"about":[{"href":"https:\/\/goias.gov.br\/goiastelecom\/wp-json\/wp\/v2\/types\/page"}],"author":[{"embeddable":true,"href":"https:\/\/goias.gov.br\/goiastelecom\/wp-json\/wp\/v2\/users\/1422"}],"replies":[{"embeddable":true,"href":"https:\/\/goias.gov.br\/goiastelecom\/wp-json\/wp\/v2\/comments?post=771"}],"version-history":[{"count":1,"href":"https:\/\/goias.gov.br\/goiastelecom\/wp-json\/wp\/v2\/pages\/771\/revisions"}],"predecessor-version":[{"id":200467,"href":"https:\/\/goias.gov.br\/goiastelecom\/wp-json\/wp\/v2\/pages\/771\/revisions\/200467"}],"wp:attachment":[{"href":"https:\/\/goias.gov.br\/goiastelecom\/wp-json\/wp\/v2\/media?parent=771"}],"curies":[{"name":"wp","href":"https:\/\/api.w.org\/{rel}","templated":true}]}}