

{"id":770,"date":"2024-06-07T14:03:36","date_gmt":"2024-06-07T14:03:36","guid":{"rendered":"https:\/\/siteshom.goias.gov.br\/goiastelecom\/parecer-do-conselho-fiscal\/"},"modified":"2025-05-21T15:53:08","modified_gmt":"2025-05-21T18:53:08","slug":"parecer-do-conselho-fiscal","status":"publish","type":"page","link":"https:\/\/goias.gov.br\/goiastelecom\/parecer-do-conselho-fiscal\/","title":{"rendered":"Parecer do Conselho Fiscal"},"content":{"rendered":"\n<p>Clique nos bot\u00f5es para visualizar as informa\u00e7\u00f5es:<\/p>\n\n\n\n<div class=\"wp-block-buttons is-horizontal is-layout-flex wp-block-buttons-is-layout-flex\">\n<div class=\"wp-block-button has-custom-font-size bg-success has-small-font-size\"><a class=\"wp-block-button__link wp-element-button\" href=\"https:\/\/goias.gov.br\/goiastelecom\/wp-content\/uploads\/sites\/60\/2025\/05\/Parecer_C.F_Exercicio_2024_2_assinado.pdf\" target=\"_blank\" rel=\"noreferrer noopener\">2024<\/a><\/div>\n\n\n\n<div class=\"wp-block-button has-custom-font-size bg-success has-small-font-size\"><a class=\"wp-block-button__link wp-element-button\" href=\"https:\/\/goias.gov.br\/wp-content\/uploads\/sites\/60\/arquivos\/acesso_informacao\/Parecer%20do%20Conselho%20Fiscal\/2023\/Parecer_2023.pdf\" target=\"_blank\" rel=\"noreferrer noopener\">2023<\/a><\/div>\n\n\n\n<div class=\"wp-block-button has-custom-font-size bg-success has-small-font-size\"><a class=\"wp-block-button__link wp-element-button\" href=\"https:\/\/goias.gov.br\/wp-content\/uploads\/sites\/60\/arquivos\/acesso_informacao\/Parecer%20do%20Conselho%20Fiscal\/2022\/Parecer_2022.pdf\" target=\"_blank\" rel=\"noreferrer noopener\">2022<\/a><\/div>\n\n\n\n<div class=\"wp-block-button has-custom-font-size bg-success has-small-font-size\"><a class=\"wp-block-button__link wp-element-button\" href=\"https:\/\/goias.gov.br\/wp-content\/uploads\/sites\/60\/arquivos\/acesso_informacao\/Parecer%20do%20Conselho%20Fiscal\/2021\/Parecer_2021.pdf\" target=\"_blank\" rel=\"noreferrer noopener\">2021<\/a><\/div>\n\n\n\n<div class=\"wp-block-button has-custom-font-size bg-success has-small-font-size\"><a class=\"wp-block-button__link wp-element-button\" href=\"https:\/\/goias.gov.br\/wp-content\/uploads\/sites\/60\/arquivos\/acesso_informacao\/Parecer%20do%20Conselho%20Fiscal\/2020\/Parecer_CF_Exerc%C3%ADcio_2020_09_08.21.pdf\" target=\"_blank\" rel=\"noreferrer noopener\">2020<\/a><\/div>\n\n\n\n<div class=\"wp-block-button has-custom-font-size bg-success has-small-font-size\"><a class=\"wp-block-button__link wp-element-button\" href=\"https:\/\/goias.gov.br\/wp-content\/uploads\/sites\/60\/arquivos\/acesso_informacao\/Parecer%20do%20Conselho%20Fiscal\/2017\/Parecer_CF_Exerc%C3%ADcio_2017_19_03.18.pdf\" target=\"_blank\" rel=\"noreferrer noopener\">2017<\/a><\/div>\n\n\n\n<div class=\"wp-block-button has-custom-font-size bg-success has-small-font-size\"><a class=\"wp-block-button__link wp-element-button\" href=\"https:\/\/goias.gov.br\/wp-content\/uploads\/sites\/60\/arquivos\/acesso_informacao\/Parecer%20do%20Conselho%20Fiscal\/2016\/Parecer_CF_Exerc%C3%ADcio_2016_22_03.17.pdf\" target=\"_blank\" rel=\"noreferrer noopener\">2016<\/a><\/div>\n\n\n\n<div class=\"wp-block-button has-custom-font-size bg-success has-small-font-size\"><a class=\"wp-block-button__link wp-element-button\" href=\"https:\/\/goias.gov.br\/wp-content\/uploads\/sites\/60\/arquivos\/acesso_informacao\/Parecer%20do%20Conselho%20Fiscal\/2015\/Parecer_CF_Exerc%C3%ADcio_2015_22_03.16.pdf\" target=\"_blank\" rel=\"noreferrer noopener\">2015<\/a><\/div>\n\n\n\n<div class=\"wp-block-button has-custom-font-size bg-success has-small-font-size\"><a class=\"wp-block-button__link wp-element-button\" href=\"https:\/\/goias.gov.br\/wp-content\/uploads\/sites\/60\/arquivos\/acesso_informacao\/Parecer%20do%20Conselho%20Fiscal\/2014\/Parecer_CF_Exerc%C3%ADcio_2014_29_04.15.pdf\" target=\"_blank\" rel=\"noreferrer noopener\">2014<\/a><\/div>\n\n\n\n<div class=\"wp-block-button has-custom-font-size bg-success has-small-font-size\"><a class=\"wp-block-button__link wp-element-button\" href=\"https:\/\/goias.gov.br\/wp-content\/uploads\/sites\/60\/arquivos\/acesso_informacao\/Parecer%20do%20Conselho%20Fiscal\/2013\/Parecer_CF_Exerc%C3%ADcio_2013_14_05.14.pdf\" target=\"_blank\" rel=\"noreferrer noopener\">2013<\/a><\/div>\n\n\n\n<div class=\"wp-block-button has-custom-font-size bg-success has-small-font-size\"><a class=\"wp-block-button__link wp-element-button\" href=\"https:\/\/goias.gov.br\/wp-content\/uploads\/sites\/60\/arquivos\/acesso_informacao\/Parecer%20do%20Conselho%20Fiscal\/2012\/Parecer_CF_Exerc%C3%ADcio_2012_03_06.13.pdf\" target=\"_blank\" rel=\"noreferrer noopener\">2012<\/a><\/div>\n\n\n\n<div class=\"wp-block-button has-custom-font-size bg-success has-small-font-size\"><a class=\"wp-block-button__link wp-element-button\" href=\"https:\/\/goias.gov.br\/wp-content\/uploads\/sites\/60\/arquivos\/acesso_informacao\/Parecer%20do%20Conselho%20Fiscal\/2011\/Parecer_CF_Exerc%C3%ADcio_2011_14_06.12.pdf\" target=\"_blank\" rel=\"noreferrer noopener\">2011<\/a><\/div>\n\n\n\n<div class=\"wp-block-button has-custom-font-size bg-success has-small-font-size\"><a class=\"wp-block-button__link wp-element-button\" href=\"https:\/\/goias.gov.br\/wp-content\/uploads\/sites\/60\/arquivos\/acesso_informacao\/Parecer%20do%20Conselho%20Fiscal\/2010\/Parecer_CF_Exerc%C3%ADcio_2010_27_01.12.pdf\" target=\"_blank\" rel=\"noreferrer noopener\">2010<\/a><\/div>\n<\/div>\n\n\n\n<p><\/p>\n","protected":false},"excerpt":{"rendered":"<p>Clique nos bot\u00f5es para visualizar as informa\u00e7\u00f5es:<\/p>\n","protected":false},"author":1422,"featured_media":0,"parent":0,"menu_order":0,"comment_status":"closed","ping_status":"open","template":"","meta":{"footnotes":""},"class_list":["post-770","page","type-page","status-publish","hentry"],"rttpg_featured_image_url":null,"rttpg_author":{"display_name":"","author_link":"https:\/\/goias.gov.br\/goiastelecom\/author\/"},"rttpg_comment":0,"rttpg_category":null,"rttpg_excerpt":"Clique nos bot\u00f5es para visualizar as informa\u00e7\u00f5es:","_links":{"self":[{"href":"https:\/\/goias.gov.br\/goiastelecom\/wp-json\/wp\/v2\/pages\/770","targetHints":{"allow":["GET"]}}],"collection":[{"href":"https:\/\/goias.gov.br\/goiastelecom\/wp-json\/wp\/v2\/pages"}],"about":[{"href":"https:\/\/goias.gov.br\/goiastelecom\/wp-json\/wp\/v2\/types\/page"}],"author":[{"embeddable":true,"href":"https:\/\/goias.gov.br\/goiastelecom\/wp-json\/wp\/v2\/users\/1422"}],"replies":[{"embeddable":true,"href":"https:\/\/goias.gov.br\/goiastelecom\/wp-json\/wp\/v2\/comments?post=770"}],"version-history":[{"count":2,"href":"https:\/\/goias.gov.br\/goiastelecom\/wp-json\/wp\/v2\/pages\/770\/revisions"}],"predecessor-version":[{"id":210896,"href":"https:\/\/goias.gov.br\/goiastelecom\/wp-json\/wp\/v2\/pages\/770\/revisions\/210896"}],"wp:attachment":[{"href":"https:\/\/goias.gov.br\/goiastelecom\/wp-json\/wp\/v2\/media?parent=770"}],"curies":[{"name":"wp","href":"https:\/\/api.w.org\/{rel}","templated":true}]}}