

{"id":767,"date":"2024-06-07T14:01:25","date_gmt":"2024-06-07T14:01:25","guid":{"rendered":"https:\/\/siteshom.goias.gov.br\/goiastelecom\/plano-de-negocios\/"},"modified":"2025-07-07T14:03:26","modified_gmt":"2025-07-07T17:03:26","slug":"plano-de-negocios","status":"publish","type":"page","link":"https:\/\/goias.gov.br\/goiastelecom\/plano-de-negocios\/","title":{"rendered":"Plano de Neg\u00f3cios"},"content":{"rendered":"\n<p>Clique nos bot\u00f5es para visualizar as informa\u00e7\u00f5es:<\/p>\n\n\n\n<div class=\"wp-block-buttons is-layout-flex wp-block-buttons-is-layout-flex\">\n<div class=\"wp-block-button bg-success\"><a class=\"wp-block-button__link has-small-font-size has-custom-font-size wp-element-button\" href=\"https:\/\/goias.gov.br\/goiastelecom\/wp-content\/uploads\/sites\/60\/2025\/05\/Planejamento-Estrategico-2025-VF.pdf\" target=\"_blank\" rel=\"noreferrer noopener\">2025<\/a><\/div>\n\n\n\n<div class=\"wp-block-button bg-success\"><a class=\"wp-block-button__link has-small-font-size has-custom-font-size wp-element-button\" href=\"https:\/\/goias.gov.br\/wp-content\/uploads\/sites\/60\/arquivos\/acesso_informacao\/Plano%20de%20Negocios\/2024\/Planejamento_Estrat%C3%A9gico_2024_VF.pdf\" target=\"_blank\" rel=\"noreferrer noopener\">2024<\/a><\/div>\n\n\n\n<div class=\"wp-block-button bg-success\"><a class=\"wp-block-button__link has-small-font-size has-custom-font-size wp-element-button\" href=\"https:\/\/goias.gov.br\/wp-content\/uploads\/sites\/60\/arquivos\/acesso_informacao\/Plano%20de%20Negocios\/2023\/Planejamento_Estrat%C3%A9gico_2023_4.pdf\" target=\"_blank\" rel=\"noreferrer noopener\">2023<\/a><\/div>\n\n\n\n<div class=\"wp-block-button bg-success\"><a class=\"wp-block-button__link has-small-font-size has-custom-font-size wp-element-button\" href=\"https:\/\/goias.gov.br\/wp-content\/uploads\/sites\/60\/arquivos\/acesso_informacao\/Plano%20de%20Negocios\/2022\/Planejamento_Estrat%C3%A9gico_2022_SI.pdf\" target=\"_blank\" rel=\"noreferrer noopener\">2022<\/a><\/div>\n<\/div>\n","protected":false},"excerpt":{"rendered":"<p>Clique nos bot\u00f5es para visualizar as informa\u00e7\u00f5es:<\/p>\n","protected":false},"author":1422,"featured_media":0,"parent":0,"menu_order":0,"comment_status":"closed","ping_status":"open","template":"","meta":{"footnotes":""},"class_list":["post-767","page","type-page","status-publish","hentry"],"rttpg_featured_image_url":null,"rttpg_author":{"display_name":"","author_link":"https:\/\/goias.gov.br\/goiastelecom\/author\/"},"rttpg_comment":0,"rttpg_category":null,"rttpg_excerpt":"Clique nos bot\u00f5es para visualizar as informa\u00e7\u00f5es:","_links":{"self":[{"href":"https:\/\/goias.gov.br\/goiastelecom\/wp-json\/wp\/v2\/pages\/767","targetHints":{"allow":["GET"]}}],"collection":[{"href":"https:\/\/goias.gov.br\/goiastelecom\/wp-json\/wp\/v2\/pages"}],"about":[{"href":"https:\/\/goias.gov.br\/goiastelecom\/wp-json\/wp\/v2\/types\/page"}],"author":[{"embeddable":true,"href":"https:\/\/goias.gov.br\/goiastelecom\/wp-json\/wp\/v2\/users\/1422"}],"replies":[{"embeddable":true,"href":"https:\/\/goias.gov.br\/goiastelecom\/wp-json\/wp\/v2\/comments?post=767"}],"version-history":[{"count":2,"href":"https:\/\/goias.gov.br\/goiastelecom\/wp-json\/wp\/v2\/pages\/767\/revisions"}],"predecessor-version":[{"id":211291,"href":"https:\/\/goias.gov.br\/goiastelecom\/wp-json\/wp\/v2\/pages\/767\/revisions\/211291"}],"wp:attachment":[{"href":"https:\/\/goias.gov.br\/goiastelecom\/wp-json\/wp\/v2\/media?parent=767"}],"curies":[{"name":"wp","href":"https:\/\/api.w.org\/{rel}","templated":true}]}}