

{"id":766,"date":"2024-06-06T19:36:50","date_gmt":"2024-06-06T19:36:50","guid":{"rendered":"https:\/\/siteshom.goias.gov.br\/goiastelecom\/contratos-para-exploracao-da-atividade-economica\/"},"modified":"2024-07-24T17:41:19","modified_gmt":"2024-07-24T20:41:19","slug":"contratos-para-exploracao-da-atividade-economica","status":"publish","type":"page","link":"https:\/\/goias.gov.br\/goiastelecom\/contratos-para-exploracao-da-atividade-economica\/","title":{"rendered":"Contratos para Explora\u00e7\u00e3o da Atividade Econ\u00f4mica"},"content":{"rendered":"<p><a href=\"https:\/\/gotec.vercel.app\/contracts\/exploration-contracts\">Contratos para Explora\u00e7\u00e3o da Atividade Econ\u00f4mica<\/a><\/p>\n","protected":false},"excerpt":{"rendered":"<p>Contratos para Explora\u00e7\u00e3o da Atividade Econ\u00f4mica<\/p>\n","protected":false},"author":1422,"featured_media":0,"parent":0,"menu_order":0,"comment_status":"closed","ping_status":"open","template":"","meta":{"footnotes":""},"class_list":["post-766","page","type-page","status-publish","hentry"],"rttpg_featured_image_url":null,"rttpg_author":{"display_name":"","author_link":"https:\/\/goias.gov.br\/goiastelecom\/author\/"},"rttpg_comment":0,"rttpg_category":null,"rttpg_excerpt":"Contratos para Explora\u00e7\u00e3o da Atividade Econ\u00f4mica","_links":{"self":[{"href":"https:\/\/goias.gov.br\/goiastelecom\/wp-json\/wp\/v2\/pages\/766","targetHints":{"allow":["GET"]}}],"collection":[{"href":"https:\/\/goias.gov.br\/goiastelecom\/wp-json\/wp\/v2\/pages"}],"about":[{"href":"https:\/\/goias.gov.br\/goiastelecom\/wp-json\/wp\/v2\/types\/page"}],"author":[{"embeddable":true,"href":"https:\/\/goias.gov.br\/goiastelecom\/wp-json\/wp\/v2\/users\/1422"}],"replies":[{"embeddable":true,"href":"https:\/\/goias.gov.br\/goiastelecom\/wp-json\/wp\/v2\/comments?post=766"}],"version-history":[{"count":1,"href":"https:\/\/goias.gov.br\/goiastelecom\/wp-json\/wp\/v2\/pages\/766\/revisions"}],"predecessor-version":[{"id":200444,"href":"https:\/\/goias.gov.br\/goiastelecom\/wp-json\/wp\/v2\/pages\/766\/revisions\/200444"}],"wp:attachment":[{"href":"https:\/\/goias.gov.br\/goiastelecom\/wp-json\/wp\/v2\/media?parent=766"}],"curies":[{"name":"wp","href":"https:\/\/api.w.org\/{rel}","templated":true}]}}