

{"id":66,"date":"2023-01-11T15:00:48","date_gmt":"2023-01-11T18:00:48","guid":{"rendered":"http:\/\/localhost\/multisites\/modelo\/?page_id=49"},"modified":"2026-03-30T14:41:10","modified_gmt":"2026-03-30T17:41:10","slug":"homepage","status":"publish","type":"page","link":"https:\/\/goias.gov.br\/goiastelecom\/","title":{"rendered":"Homepage"},"content":{"rendered":"\t\t<div data-elementor-type=\"wp-page\" data-elementor-id=\"66\" class=\"elementor elementor-66\">\n\t\t\t\t<div class=\"elementor-element elementor-element-75ee1c6 e-con-full e-flex e-con e-parent\" data-id=\"75ee1c6\" data-element_type=\"container\" data-e-type=\"container\">\n\t\t<div class=\"elementor-element elementor-element-1a6a8c0 e-flex e-con-boxed e-con e-child\" data-id=\"1a6a8c0\" data-element_type=\"container\" data-e-type=\"container\">\n\t\t\t\t\t<div class=\"e-con-inner\">\n\t\t\t\t<div class=\"elementor-element elementor-element-42b15e5 elementor-widget elementor-widget-text-editor\" data-id=\"42b15e5\" data-element_type=\"widget\" data-e-type=\"widget\" data-widget_type=\"text-editor.default\">\n\t\t\t\t\t\t\t\t\t<h2>1 GIGA<\/h2><p>Com 100% de banda garantida, nossa solu\u00e7\u00e3o de internet dedicada escal\u00e1vel de alta capacidade com conex\u00e3o sim\u00e9trica.<\/p>\t\t\t\t\t\t\t\t<\/div>\n\t\t\t\t<div class=\"elementor-element elementor-element-c821132 elementor-widget elementor-widget-text-editor\" data-id=\"c821132\" data-element_type=\"widget\" data-e-type=\"widget\" data-widget_type=\"text-editor.default\">\n\t\t\t\t\t\t\t\t\t<h2>QUALIDADE<\/h2><p>Conex\u00f5es privadas, seguras e com alta velocidade, bem como disponibilidade constante.<\/p>\t\t\t\t\t\t\t\t<\/div>\n\t\t\t\t\t<\/div>\n\t\t\t\t<\/div>\n\t\t<div class=\"elementor-element elementor-element-f30c7ef e-flex e-con-boxed e-con e-child\" data-id=\"f30c7ef\" data-element_type=\"container\" data-e-type=\"container\">\n\t\t\t\t\t<div class=\"e-con-inner\">\n\t\t\t\t<div class=\"elementor-element elementor-element-026e7a7 elementor-widget elementor-widget-image\" data-id=\"026e7a7\" data-element_type=\"widget\" data-e-type=\"widget\" data-widget_type=\"image.default\">\n\t\t\t\t\t\t\t\t\t\t\t\t\t\t\t<img decoding=\"async\" src=\"https:\/\/goias.gov.br\/goiastelecom\/wp-content\/uploads\/sites\/60\/2024\/10\/wifi-2.png\" title=\"\" alt=\"\" loading=\"lazy\" \/>\t\t\t\t\t\t\t\t\t\t\t\t\t\t\t<\/div>\n\t\t\t\t\t<\/div>\n\t\t\t\t<\/div>\n\t\t<div class=\"elementor-element elementor-element-3165038 e-flex e-con-boxed e-con e-child\" data-id=\"3165038\" data-element_type=\"container\" data-e-type=\"container\">\n\t\t\t\t\t<div class=\"e-con-inner\">\n\t\t\t\t<div class=\"elementor-element elementor-element-879b6b6 elementor-widget elementor-widget-text-editor\" data-id=\"879b6b6\" data-element_type=\"widget\" data-e-type=\"widget\" data-widget_type=\"text-editor.default\">\n\t\t\t\t\t\t\t\t\t<h2>SATISFA\u00c7\u00c3O<\/h2><p>Suporte exclusivo, atendimento personalizado, para aquelas empresas que optam pelo IP dedicado.<\/p>\t\t\t\t\t\t\t\t<\/div>\n\t\t\t\t<div class=\"elementor-element elementor-element-7093c78 elementor-widget elementor-widget-text-editor\" data-id=\"7093c78\" data-element_type=\"widget\" data-e-type=\"widget\" data-widget_type=\"text-editor.default\">\n\t\t\t\t\t\t\t\t\t<h2>MUNIC\u00cdPIOS<\/h2><p>Nossa rede est\u00e1 presente em 17 munic\u00edpios, chegando a mais 60 em parcerias implementadas.<\/p>\t\t\t\t\t\t\t\t<\/div>\n\t\t\t\t\t<\/div>\n\t\t\t\t<\/div>\n\t\t\t\t<\/div>\n\t\t<div class=\"elementor-element elementor-element-ef266b1 e-flex e-con-boxed e-con e-parent\" data-id=\"ef266b1\" data-element_type=\"container\" data-e-type=\"container\">\n\t\t\t\t\t<div class=\"e-con-inner\">\n\t\t\t\t\t<\/div>\n\t\t\t\t<\/div>\n\t\t\t\t<\/div>\n\t\t","protected":false},"excerpt":{"rendered":"<p>1 GIGA Com 100% de banda garantida, nossa solu\u00e7\u00e3o de internet dedicada escal\u00e1vel de alta capacidade com conex\u00e3o sim\u00e9trica. QUALIDADE Conex\u00f5es privadas, seguras e com alta velocidade, bem como disponibilidade constante. SATISFA\u00c7\u00c3O Suporte exclusivo, atendimento personalizado, para aquelas empresas que optam pelo IP dedicado. MUNIC\u00cdPIOS Nossa rede est\u00e1 presente em 17 munic\u00edpios, chegando a mais [&hellip;]<\/p>\n","protected":false},"author":1,"featured_media":0,"parent":0,"menu_order":0,"comment_status":"closed","ping_status":"closed","template":"elementor_header_footer","meta":{"footnotes":""},"class_list":["post-66","page","type-page","status-publish","hentry"],"rttpg_featured_image_url":null,"rttpg_author":{"display_name":"wagner.viana","author_link":"https:\/\/goias.gov.br\/goiastelecom\/author\/wagner-viana\/"},"rttpg_comment":0,"rttpg_category":null,"rttpg_excerpt":"1 GIGA Com 100% de banda garantida, nossa solu\u00e7\u00e3o de internet dedicada escal\u00e1vel de alta capacidade com conex\u00e3o sim\u00e9trica. QUALIDADE Conex\u00f5es privadas, seguras e com alta velocidade, bem como disponibilidade constante. SATISFA\u00c7\u00c3O Suporte exclusivo, atendimento personalizado, para aquelas empresas que optam pelo IP dedicado. MUNIC\u00cdPIOS Nossa rede est\u00e1 presente em 17 munic\u00edpios, chegando a mais&hellip;","_links":{"self":[{"href":"https:\/\/goias.gov.br\/goiastelecom\/wp-json\/wp\/v2\/pages\/66","targetHints":{"allow":["GET"]}}],"collection":[{"href":"https:\/\/goias.gov.br\/goiastelecom\/wp-json\/wp\/v2\/pages"}],"about":[{"href":"https:\/\/goias.gov.br\/goiastelecom\/wp-json\/wp\/v2\/types\/page"}],"author":[{"embeddable":true,"href":"https:\/\/goias.gov.br\/goiastelecom\/wp-json\/wp\/v2\/users\/1"}],"replies":[{"embeddable":true,"href":"https:\/\/goias.gov.br\/goiastelecom\/wp-json\/wp\/v2\/comments?post=66"}],"version-history":[{"count":2,"href":"https:\/\/goias.gov.br\/goiastelecom\/wp-json\/wp\/v2\/pages\/66\/revisions"}],"predecessor-version":[{"id":213541,"href":"https:\/\/goias.gov.br\/goiastelecom\/wp-json\/wp\/v2\/pages\/66\/revisions\/213541"}],"wp:attachment":[{"href":"https:\/\/goias.gov.br\/goiastelecom\/wp-json\/wp\/v2\/media?parent=66"}],"curies":[{"name":"wp","href":"https:\/\/api.w.org\/{rel}","templated":true}]}}