

{"id":65,"date":"2023-01-11T15:00:11","date_gmt":"2023-01-11T18:00:11","guid":{"rendered":"http:\/\/localhost\/multisites\/modelo\/?page_id=47"},"modified":"2024-07-25T21:48:36","modified_gmt":"2024-07-26T00:48:36","slug":"mapa-do-site","status":"publish","type":"page","link":"https:\/\/goias.gov.br\/goiastelecom\/mapa-do-site\/","title":{"rendered":"Mapa do site"},"content":{"rendered":"<div id=\"custom-sitemap\" class=\"sitemap-container\"><div class='sitemap-group'><h3>A<\/h3><ul><li><a href='https:\/\/goias.gov.br\/goiastelecom\/a-secretaria\/' target='_blank'>A EMPRESA<\/a><\/li><li><a href='https:\/\/goias.gov.br\/goiastelecom\/acesso-a-informacao\/' target='_blank'>ACESSO \u00c0 INFORMA\u00c7\u00c3O<\/a><\/li><li><a href='https:\/\/portal.al.go.leg.br\/' target='_blank'>ASSEMBLEIA LEGISLATIVA DO ESTADO DE GOI\u00c1S<\/a><\/li><li><a href='https:\/\/atendimento.sistemas.go.gov.br\/' target='_blank'>ABERTUDA DE CHAMADOS (SAG)<\/a><\/li><li><a href='https:\/\/goias.gov.br\/goiastelecom\/agenda-de-autoridades\/' target='_blank'>AGENDA DE AUTORIDADES<\/a><\/li><li><a href='https:\/\/goias.gov.br\/goiastelecom\/aviso-aos-acionistas\/' target='_blank'>AVISO AOS ACIONISTAS<\/a><\/li><li><a href='https:\/\/gotec.vercel.app\/convenants' target='_blank'>ACORDOS SEM TRANSFER\u00caNCIA DE RECURSOS<\/a><\/li><li><a href='https:\/\/goias.gov.br\/goiastelecom\/autoridade-de-monitoramento-da-aplicacao-de-lai\/' target='_blank'>AUTORIDADES DE MONITORAMENTO DA APLICA\u00c7\u00c3O DA LAI<\/a><\/li><li><a href='https:\/\/gotec.vercel.app\/governance\/public-hearings' target='_blank'>AUDI\u00caNCIAS P\u00daBLICAS<\/a><\/li><\/ul><\/div><div class='sitemap-group'><h3>B<\/h3><ul><li><a href='https:\/\/gotec.vercel.app\/properties\/movable-assets' target='_blank'>BENS M\u00d3VEIS<\/a><\/li><li><a href='https:\/\/gotec.vercel.app\/properties\/real-estate' target='_blank'>BENS IM\u00d3VEIS<\/a><\/li><li><a href='https:\/\/goias.gov.br\/economia\/prestacao-de-contas-de-governo\/' target='_blank'>BALAN\u00c7O GERAL DO ESTADO<\/a><\/li><\/ul><\/div><div class='sitemap-group'><h3>C<\/h3><ul><li><a href='https:\/\/goias.gov.br\/goiastelecom\/cargos-ocupantes\/' target='_blank'>CARGOS E SEUS OCUPANTES<\/a><\/li><li><a href='https:\/\/goias.gov.br\/goiastelecom\/wp-content\/uploads\/sites\/60\/2025\/05\/Carta_de_Servico.25-JL-20.05.25.pdf' target='_blank'>CARTA DE SERVI\u00c7OS<\/a><\/li><li><a href='https:\/\/goias.gov.br\/goiastelecom\/clientes\/' target='_blank'>CLIENTES<\/a><\/li><li><a href='https:\/\/goias.gov.br\/controladoria' target='_blank'>CONTROLADORIA-GERAL DO ESTADO DE GOI\u00c1S<\/a><\/li><li><a href='https:\/\/goias.gov.br\/governo\/cadastro-de-autoridade\/' target='_blank'>CADASTRO DE AUTORIDADES<\/a><\/li><li><a href='https:\/\/www.go.gov.br\/spr\/sead\/consultar-contracheque' target='_blank'>CONSULTAR CONTRACHEQUE<\/a><\/li><li><a href='https:\/\/goias.gov.br\/goiastelecom\/competencias\/' target='_blank'>COMPET\u00caNCIAS<\/a><\/li><li><a href='https:\/\/goias.gov.br\/goiastelecom\/comite-de-auditoria-estatutario\/' target='_blank'>COMIT\u00ca DE AUDITORIA ESTATU\u00c1RIO<\/a><\/li><li><a href='https:\/\/goias.gov.br\/goiastelecom\/comite-de-elegibilidade\/' target='_blank'>COMIT\u00ca DE ELEGIBILIDADE<\/a><\/li><li><a href='https:\/\/gotec.vercel.app\/convenants\/received-agreements' target='_blank'>CONV\u00caNIOS RECEBIDOS<\/a><\/li><li><a href='https:\/\/gotec.vercel.app\/convenants\/granted-agreements' target='_blank'>CONV\u00caNIOS CONCEDIDOS<\/a><\/li><li><a href='https:\/\/gotec.vercel.app\/convenants\/exploration-agreements' target='_blank'>CONV\u00caNIOS PARA EXPLORA\u00c7\u00c3O DE ATIVIDADE ECON\u00d4MICA<\/a><\/li><li><a href='https:\/\/gotec.vercel.app\/human-resources\/public-tenders' target='_blank'>CONCURSOS P\u00daBLICOS E SELE\u00c7\u00d5ES<\/a><\/li><li><a href='https:\/\/gotec.vercel.app\/contracts' target='_blank'>CONTRATOS<\/a><\/li><li><a href='https:\/\/gotec.vercel.app\/contracts\/emergency-contracts' target='_blank'>CONTRATOS EMERGENCIAIS<\/a><\/li><li><a href='https:\/\/gotec.vercel.app\/contracts\/exploration-contracts' target='_blank'>CONTRATOS PARA EXPLORA\u00c7\u00c3O DA ATIVIDADE ECON\u00d4MICA<\/a><\/li><li><a href='https:\/\/gotec.vercel.app\/contracts\/real-estate-leases' target='_blank'>CONTRATOS DE LOCA\u00c7\u00c3O DE IM\u00d3VEIS<\/a><\/li><li><a href='https:\/\/goias.gov.br\/goiastelecom\/classificacao-info-sigilosa\/' target='_blank'>CLASSIFICA\u00c7\u00c3O DAS INFORMA\u00c7\u00d5ES SIGILOSAS<\/a><\/li><li><a href='https:\/\/goias.gov.br\/goiastelecom\/carta-anual-de-governanca\/' target='_blank'>CARTA ANUAL DE GOVERNAN\u00c7A<\/a><\/li><li><a href='https:\/\/goias.gov.br\/goiastelecom\/codigo-de-conduta-e-integridade\/' target='_blank'>C\u00d3DIGO DE CONDUTA E INTEGRIDADE<\/a><\/li><li><a href='https:\/\/gotec.vercel.app\/governance\/public-consultations' target='_blank'>CONSULTAS P\u00daBLICAS<\/a><\/li><\/ul><\/div><div class='sitemap-group'><h3>D<\/h3><ul><li><a href='http:\/\/diariooficial.abc.go.gov.br\/' target='_blank'>DI\u00c1RIO OFICIAL DO ESTADO<\/a><\/li><li><a href='https:\/\/dadosabertos.go.gov.br\/' target='_blank'>DADOS ABERTOS GOI\u00c1S<\/a><\/li><li><a href='https:\/\/gotec.vercel.app\/revenues\/donations' target='_blank'>DOA\u00c7\u00d5ES<\/a><\/li><li><a href='https:\/\/app.powerbi.com\/view?r=eyJrIjoiNDc4YmQyNzktMjJkZC00NTEzLTk1ZWMtZTA0MzRiNTE2NzY0IiwidCI6IjY3ZmQ0MzFjLWIyYWQtNDg2Ny04MWJjLWQ3NTYyMjBiNTZkNCJ9' target='_blank'>D\u00cdVIDA ATIVA<\/a><\/li><li><a href='https:\/\/goias.gov.br\/goiastelecom\/despesas\/' target='_blank'>DESPESAS<\/a><\/li><li><a href='https:\/\/transparencia.go.gov.br\/execucao-orcamentaria\/' target='_blank'>DESPESAS - EXECU\u00c7\u00c3O OR\u00c7AMENT\u00c1RIA<\/a><\/li><li><a href='https:\/\/gotec.vercel.app\/human-resources\/daily-allowances' target='_blank'>DI\u00c1RIAS<\/a><\/li><li><a href='https:\/\/goias.gov.br\/goiastelecom\/demonstracoes-financeiras\/' target='_blank'>DEMONSTRA\u00c7\u00d5ES FINANCEIRAS<\/a><\/li><li><a href='https:\/\/dadosabertos.go.gov.br\/dataset\/?organization=goias-telecom' target='_blank'>DADOS ABERTOS<\/a><\/li><\/ul><\/div><div class='sitemap-group'><h3>E<\/h3><ul><li><a href='https:\/\/goias.gov.br\/escoladegoverno\/' target='_blank'>ESCOLA DE GOVERNO<\/a><\/li><li><a href='https:\/\/www.go.gov.br\/servicos-digitais\/cge\/nova-ouvidoria\/%20%20nova-manifestacao?orgao=21' target='_blank'>E-SIC \u2013 SERVI\u00c7O ELETR\u00d4NICO DE INFORMA\u00c7\u00c3O AO CIDAD\u00c3O<\/a><\/li><li><a href='https:\/\/goias.gov.br\/goiastelecom\/estrutura-organizacional\/' target='_blank'>ESTRUTURA ORGANIZACIONAL<\/a><\/li><li><a href='https:\/\/goias.gov.br\/goiastelecom\/fale-conosco\/' target='_blank'>ENDERE\u00c7OS, TELEFONES, E-MAILS E HOR\u00c1RIOS DE ATENDIMENTO<\/a><\/li><li><a href='https:\/\/www.go.gov.br\/servicos-digitais\/cge\/nova-ouvidoria\/nova-manifestacao?orgao=21' target='_blank'>E-SIC ELETR\u00d4NICO<\/a><\/li><li><a href='https:\/\/goias.gov.br\/goiastelecom\/encarregado-pelo-tratamento-dos-dados-pessoais\/' target='_blank'>ENCARREGADOS PELO TRATAMENTO DE DADOS PESSOAIS<\/a><\/li><li><a href='https:\/\/www.go.gov.br\/' target='_blank'>EXPRESSO GOI\u00c1S<\/a><\/li><\/ul><\/div><div class='sitemap-group'><h3>F<\/h3><ul><li><a href='https:\/\/goias.gov.br\/goiastelecom\/fale-conosco\/' target='_blank'>FALE CONOSCO<\/a><\/li><li><a href='https:\/\/gotec.vercel.app\/human-resources\/payroll' target='_blank'>FOLHA DE PAGAMENTO<\/a><\/li><li><a href='https:\/\/goias.gov.br\/goiastelecom\/categoria\/noticias\/' target='_blank'>FATOS RELEVANTES<\/a><\/li><\/ul><\/div><div class='sitemap-group'><h3>G<\/h3><ul><li><a href='http:\/\/www.goias.gov.br\/' target='_blank'>GOVERNO DE GOI\u00c1S<\/a><\/li><li><a href='https:\/\/transparencia.go.gov.br\/' target='_blank'>GOI\u00c1S TRANSPAR\u00caNCIA<\/a><\/li><li><a href='https:\/\/goias.gov.br\/goiastelecom\/gastos-publicidade\/' target='_blank'>GASTOS COM PUBLICIDADE E PROPAGANDA<\/a><\/li><li><a href='https:\/\/gotec.vercel.app\/expenses\/sponsorship-costs' target='_blank'>GASTOS COM PATROC\u00cdNIO<\/a><\/li><\/ul><\/div><div class='sitemap-group'><h3>I<\/h3><ul><li><a href='https:\/\/goias.gov.br\/goiastelecom\/' target='_blank'>IN\u00cdCIO<\/a><\/li><li><a href='https:\/\/www.transparencia.go.gov.br\/wp-content\/uploads\/sites\/2\/painel\/lai.php?painel=pda&orgao=goiastelecom' target='_blank'>INVENT\u00c1RIO DE DADOS<\/a><\/li><\/ul><\/div><div class='sitemap-group'><h3>J<\/h3><ul><li><a href='https:\/\/goias.gov.br\/goiastelecom\/julgamento-das-contas-pelo-tce-go\/' target='_blank'>JULGAMENTO DAS CONTAS PELO TCE-GO<\/a><\/li><\/ul><\/div><div class='sitemap-group'><h3>L<\/h3><ul><li><a href='https:\/\/goias.gov.br\/goiastelecom\/lgpd\/' target='_blank'>LGPD<\/a><\/li><li><a href='https:\/\/gotec.vercel.app\/applicable-laws' target='_blank'>LEGISLA\u00c7\u00c3O APLIC\u00c1VEL<\/a><\/li><li><a href='https:\/\/gotec.vercel.app\/human-resources\/interns' target='_blank'>LISTA DE ESTAGI\u00c1RIOS<\/a><\/li><li><a href='https:\/\/gotec.vercel.app\/biddings' target='_blank'>LICITA\u00c7\u00d5ES<\/a><\/li><li><a href='https:\/\/gotec.vercel.app\/biddings\/sanctioned-biddings' target='_blank'>LICITANTES SANCIONADOS ADMINISTRATIVAMENTE<\/a><\/li><li><a href='https:\/\/transparencia.go.gov.br\/orcamento-e-planejamento-pecas\/' target='_blank'>LDO E LOA<\/a><\/li><li><a href='https:\/\/legisla.casacivil.go.gov.br\/pesquisa_legislacao\/90142\/lei-18025' target='_blank'>LEI DE ACESSO \u00c0 INFORMA\u00c7\u00c3O ESTADUAL<\/a><\/li><li><a href='https:\/\/transparencia.go.gov.br\/governo-digital\/' target='_blank'>LEI DO GOVERNO DIGITAL<\/a><\/li><\/ul><\/div><div class='sitemap-group'><h3>M<\/h3><ul><li><a href='https:\/\/www.mpgo.mp.br\/portal\/' target='_blank'>MINIST\u00c9RIO P\u00daBLICO DO ESTADO DE GOI\u00c1S<\/a><\/li><li><a href='https:\/\/goias.gov.br\/goiastelecom\/wp-content\/uploads\/sites\/60\/2025\/05\/missao-valores-2025.jpg' target='_blank'>MISS\u00c3O, PRINC\u00cdPIOS E VALORES<\/a><\/li><li><a href='https:\/\/goias.gov.br\/goiastelecom\/monitoramento-de-programas-projetos-acoes-e-atividades\/' target='_blank'>MONITORAMENTO DE PROGRAMAS, PROJETOS, A\u00c7\u00d5ES E ATIVIDADES<\/a><\/li><\/ul><\/div><div class='sitemap-group'><h3>O<\/h3><ul><li><a href='https:\/\/goias.gov.br\/goiastelecom\/fale-conosco\/' target='_blank'>OUVIDORIA SETORIAL<\/a><\/li><li><a href='https:\/\/www.transparencia.go.gov.br\/wp-content\/uploads\/sites\/2\/painel\/lai.php?painel=ordem_cronologica_despesas&orgao=goiastelecom' target='_blank'>ORDEM CRONOL\u00d3GICA DE PAGAMENTOS<\/a><\/li><li><a href='https:\/\/gotec.vercel.app\/contracts\/constructions' target='_blank'>OBRAS<\/a><\/li><li><a href='https:\/\/gotec.vercel.app\/contracts\/suspended-constructions' target='_blank'>OBRAS PARALISADAS<\/a><\/li><li><a href='https:\/\/goias.gov.br\/goiastelecom\/fale-conosco\/' target='_blank'>OUVIDORIA - ATENDIMENTO PRESENCIAL<\/a><\/li><\/ul><\/div><div class='sitemap-group'><h3>P<\/h3><ul><li><a href='https:\/\/goias.gov.br\/procuradoria\/' target='_blank'>PROCURADORIA-GERAL DO ESTADO DE GOI\u00c1S<\/a><\/li><li><a href='https:\/\/app.powerbi.com\/view?r=eyJrIjoiYzBiOTRmYjYtM2NmOC00OGVhLWFmZmUtMWQxNmVlMmU2NzE5IiwidCI6IjY3ZmQ0MzFjLWIyYWQtNDg2Ny04MWJjLWQ3NTYyMjBiNTZkNCJ9&pageName=ReportSection7765beba28765a9ded12' target='_blank'>PAINEL DAS ESTATAIS<\/a><\/li><li><a href='https:\/\/goias.gov.br\/goiastelecom\/wp-content\/uploads\/sites\/60\/2025\/01\/Perguntas_e_Respostas_da_GT_2025.pdf' target='_blank'>PERGUNTAS E RESPOSTAS FREQUENTES<\/a><\/li><li><a href='https:\/\/goias.gov.br\/wp-content\/uploads\/sites\/60\/arquivos\/acesso_informacao\/Politica%20de%20Remunera%C3%A7ao\/1.Declara%C3%A7%C3%A3o_%20Pol%C3%ADtica%20de%20Remunera%C3%A7%C3%A3o%20.pdf' target='_blank'>POL\u00cdTICA DE REMUNERA\u00c7\u00c3O<\/a><\/li><li><a href='https:\/\/gotec.vercel.app\/contracts\/partnership-osc' target='_blank'>PARCERIAS COM OSCS<\/a><\/li><li><a href='https:\/\/goias.gov.br\/goiastelecom\/parecer-do-conselho-fiscal\/' target='_blank'>PARECER DO CONSELHO FISCAL<\/a><\/li><li><a href='https:\/\/goias.gov.br\/goiastelecom\/plano-estrategico-institucional\/' target='_blank'>PLANO ESTRAT\u00c9GICO INSTITUCIONAL<\/a><\/li><li><a href='https:\/\/goias.gov.br\/goiastelecom\/plano-de-negocios\/' target='_blank'>PLANO DE NEG\u00d3CIOS<\/a><\/li><li><a href='https:\/\/ppa.go.gov.br\/' target='_blank'>PPA<\/a><\/li><li><a href='https:\/\/www.planalto.gov.br\/ccivil_03\/_ato2015-2018\/2018\/lei\/l13709.htm' target='_blank'>POL\u00cdTICA DE PRIVACIDADE E PROTE\u00c7\u00c3O DA DADOS<\/a><\/li><li><a href='https:\/\/app.powerbi.com\/view?r=eyJrIjoiNmRhN2MzZmYtMWZkMi00ODdmLWJhNGQtYTJkODcwNDJlMTU4IiwidCI6IjY3ZmQ0MzFjLWIyYWQtNDg2Ny04MWJjLWQ3NTYyMjBiNTZkNCJ9' target='_blank'>PESQUISA DE SATISFA\u00c7\u00c3O<\/a><\/li><li><a href='https:\/\/goias.gov.br\/goiastelecom\/politica-de-divulgacao-de-informacoes\/' target='_blank'>POL\u00cdTICA DE DIVULGA\u00c7\u00c3O DE INFORMA\u00c7\u00d5ES<\/a><\/li><li><a href='https:\/\/goias.gov.br\/goiastelecom\/politica-de-distribuicao-de-dividendos\/' target='_blank'>POL\u00cdTICA DE DISTRIBUI\u00c7\u00c3O DE DIVIDENDOS<\/a><\/li><li><a href='https:\/\/goias.gov.br\/goiastelecom\/politica-de-transacoes-com-partes-relacionadas\/' target='_blank'>POL\u00cdTICA DE TRANSA\u00c7\u00d5ES COM PARTES RELACIONADAS<\/a><\/li><li><a href='https:\/\/goias.gov.br\/goiastelecom\/projetos-de-participacao-social\/' target='_blank'>PROJETOS DE PARTICIPA\u00c7\u00c3O SOCIAL<\/a><\/li><li><a href='https:\/\/goias.gov.br\/goiastelecom\/projetos-de-inovacao-no-servico-publico\/' target='_blank'>PROJETOS DE INOVA\u00c7\u00c3O NO SERVI\u00c7O P\u00daBLICO<\/a><\/li><li><a href='https:\/\/goias.gov.br\/goiastelecom\/politica-de-gestao-de-riscos\/' target='_blank'>POL\u00cdTICA DE GEST\u00c3O DE RISCOS<\/a><\/li><\/ul><\/div><div class='sitemap-group'><h3>Q<\/h3><ul><li><a href='https:\/\/goias.gov.br\/goiastelecom\/sobre-a-empresa\/' target='_blank'>QUEM SOMOS<\/a><\/li><\/ul><\/div><div class='sitemap-group'><h3>R<\/h3><ul><li><a href='https:\/\/goias.gov.br\/goiastelecom\/receitas\/' target='_blank'>RECEITA PREVIS\u00c3O E REALIZA\u00c7\u00c3O<\/a><\/li><li><a href='https:\/\/gotec.vercel.app\/human-resources\/outsourced-workers' target='_blank'>RELA\u00c7\u00c3O DE TERCEIRIZADOS<\/a><\/li><li><a href='https:\/\/goias.gov.br\/goiastelecom\/regulamento-interno-de-licitacoes-e-contratos\/' target='_blank'>REGULAMENTO INTERNO DE LICITA\u00c7\u00d5ES E CONTRATOS<\/a><\/li><li><a href='https:\/\/gotec.vercel.app\/contracts\/contract-supervisors' target='_blank'>RELA\u00c7\u00c3O DOS FISCAIS DOS CONTRATOS<\/a><\/li><li><a href='https:\/\/goias.gov.br\/goiastelecom\/relatorio-de-gestao-ou-atividades\/' target='_blank'>RELAT\u00d3RIO DA ADMINISTRA\u00c7\u00c3O<\/a><\/li><li><a href='https:\/\/goias.gov.br\/goiastelecom\/relatorio-de-auditoria-independente\/' target='_blank'>RELAT\u00d3RIO DE AUDITORIA INDEPENDENTE<\/a><\/li><li><a href='https:\/\/goias.gov.br\/goiastelecom\/relatorio-integrado-ou-de-sustentabilidade\/' target='_blank'>RELAT\u00d3RIO INTEGRADO OU DE SUSTENTABILIDADE<\/a><\/li><li><a href='https:\/\/transparencia.go.gov.br\/rreo-e-rgf\/' target='_blank'>RELAT\u00d3RIO DE GEST\u00c3O FISCAL - RGF<\/a><\/li><li><a href='https:\/\/transparencia.go.gov.br\/rreo-e-rgf\/' target='_blank'>RELAT\u00d3RIO RESUMIDO DA EXECU\u00c7\u00c3O OR\u00c7AMENT\u00c1RIA - RREO<\/a><\/li><li><a href='https:\/\/goias.gov.br\/goiastelecom\/relatorios-de-pedidos-de-acesso-a-informacao\/' target='_blank'>RELAT\u00d3RIOS DE PEDIDOS DE ACESSO \u00c0 INFORMA\u00c7\u00c3O<\/a><\/li><li><a href='https:\/\/goias.gov.br\/goiastelecom\/relatorio-de-gestao-de-ouvidoria\/' target='_blank'>RELAT\u00d3RIO DE GEST\u00c3O DE OUVIDORIA<\/a><\/li><\/ul><\/div><div class='sitemap-group'><h3>S<\/h3><ul><li><a href='https:\/\/www.go.gov.br\/unidadesvaptvupt' target='_blank'>SIC \u2013 SERVI\u00c7O DE INFORMA\u00c7\u00c3O AO CIDAD\u00c3O<\/a><\/li><li><a href='https:\/\/vaptvupt.go.gov.br\/unidades' target='_blank'>SIC F\u00cdSICO - UNIDADES DO VAPT VUPT<\/a><\/li><\/ul><\/div><div class='sitemap-group'><h3>T<\/h3><ul><li><a href='https:\/\/www.tjgo.jus.br\/' target='_blank'>TRIBUNAL DE JUSTI\u00c7A DO ESTADO DE GOI\u00c1S<\/a><\/li><li><a href='https:\/\/gotec.vercel.app\/human-resources\/pay-scale' target='_blank'>TABELA REMUNERAT\u00d3RIA<\/a><\/li><\/ul><\/div><\/div>\n","protected":false},"excerpt":{"rendered":"","protected":false},"author":1,"featured_media":0,"parent":0,"menu_order":0,"comment_status":"closed","ping_status":"closed","template":"","meta":{"footnotes":""},"class_list":["post-65","page","type-page","status-publish","hentry"],"rttpg_featured_image_url":null,"rttpg_author":{"display_name":"wagner.viana","author_link":"https:\/\/goias.gov.br\/goiastelecom\/author\/wagner-viana\/"},"rttpg_comment":0,"rttpg_category":null,"rttpg_excerpt":null,"_links":{"self":[{"href":"https:\/\/goias.gov.br\/goiastelecom\/wp-json\/wp\/v2\/pages\/65","targetHints":{"allow":["GET"]}}],"collection":[{"href":"https:\/\/goias.gov.br\/goiastelecom\/wp-json\/wp\/v2\/pages"}],"about":[{"href":"https:\/\/goias.gov.br\/goiastelecom\/wp-json\/wp\/v2\/types\/page"}],"author":[{"embeddable":true,"href":"https:\/\/goias.gov.br\/goiastelecom\/wp-json\/wp\/v2\/users\/1"}],"replies":[{"embeddable":true,"href":"https:\/\/goias.gov.br\/goiastelecom\/wp-json\/wp\/v2\/comments?post=65"}],"version-history":[{"count":2,"href":"https:\/\/goias.gov.br\/goiastelecom\/wp-json\/wp\/v2\/pages\/65\/revisions"}],"predecessor-version":[{"id":200564,"href":"https:\/\/goias.gov.br\/goiastelecom\/wp-json\/wp\/v2\/pages\/65\/revisions\/200564"}],"wp:attachment":[{"href":"https:\/\/goias.gov.br\/goiastelecom\/wp-json\/wp\/v2\/media?parent=65"}],"curies":[{"name":"wp","href":"https:\/\/api.w.org\/{rel}","templated":true}]}}