

{"id":52,"date":"2024-07-23T15:03:54","date_gmt":"2024-07-23T18:03:54","guid":{"rendered":"http:\/\/localhost\/wordpress\/goiastelecom\/?page_id=52"},"modified":"2024-09-12T14:53:22","modified_gmt":"2024-09-12T17:53:22","slug":"sobre-a-empresa","status":"publish","type":"page","link":"https:\/\/goias.gov.br\/goiastelecom\/sobre-a-empresa\/","title":{"rendered":"Sobre a Empresa"},"content":{"rendered":"\n<figure class=\"wp-block-gallery has-nested-images columns-default is-cropped wp-block-gallery-2 is-layout-flex wp-block-gallery-is-layout-flex\"><div class=\"wp-block-image is-style-default\">\n<figure class=\"aligncenter size-large\"><img fetchpriority=\"high\" decoding=\"async\" width=\"720\" height=\"96\" data-id=\"206365\" src=\"https:\/\/goias.gov.br\/goiastelecom\/wp-content\/uploads\/sites\/60\/2024\/09\/new-logo.png\" alt=\"\" class=\"wp-image-206365\" srcset=\"https:\/\/goias.gov.br\/goiastelecom\/wp-content\/uploads\/sites\/60\/2024\/09\/new-logo.png 720w, https:\/\/goias.gov.br\/goiastelecom\/wp-content\/uploads\/sites\/60\/2024\/09\/new-logo-300x40.png 300w\" sizes=\"(max-width: 720px) 100vw, 720px\" \/><\/figure>\n<\/div><\/figure>\n\n\n<p style=\"text-align: justify;\">A <strong>GOI\u00c1S TELECOM<\/strong> \u00e9 uma empresa de sociedade de economia mista estadual subsidi\u00e1ria de capital autorizado (\u201cSociedade\u201d), criada como Celg Telecom, em 18\/04\/2008, atrav\u00e9s da lei n\u00ba 16.237\/2008, alterada pela Lei n\u00ba 22.003, de 13 de junho de 2023, CNPJ: 10.268.439\/0001-53, apta a explorar os servi\u00e7os no mercado de tecnologia da informa\u00e7\u00e3o e comunica\u00e7\u00e3o, tendo todas as licen\u00e7as e outorgas na ANATEL de SCM \u2013 LICEN\u00c7A DE SERVI\u00c7O DE COMUNICA\u00c7\u00c3O E MULTIM\u00cdDIA.<\/p>\n<p style=\"text-align: justify;\">O <em>Setor de Atividade<\/em> para o qual est\u00e1 constitu\u00edda \u00e9 a <strong>Presta\u00e7\u00e3o de Servi\u00e7os<\/strong>.<\/p>\n<p style=\"text-align: justify;\">O Regime Tribut\u00e1rio em que a <strong>GOI\u00c1S TELECOM<\/strong> est\u00e1 enquadrada \u00e9 o <strong>Lucro Presumido<\/strong>.<\/p>\n\n\n<p><\/p>\n","protected":false},"excerpt":{"rendered":"<p>A GOI\u00c1S TELECOM \u00e9 uma empresa de sociedade de economia mista estadual subsidi\u00e1ria de capital autorizado (\u201cSociedade\u201d), criada como Celg Telecom, em 18\/04\/2008, atrav\u00e9s da lei n\u00ba 16.237\/2008, alterada pela Lei n\u00ba 22.003, de 13 de junho de 2023, CNPJ: 10.268.439\/0001-53, apta a explorar os servi\u00e7os no mercado de tecnologia da informa\u00e7\u00e3o e comunica\u00e7\u00e3o, tendo [&hellip;]<\/p>\n","protected":false},"author":1422,"featured_media":0,"parent":0,"menu_order":0,"comment_status":"closed","ping_status":"closed","template":"","meta":{"footnotes":""},"class_list":["post-52","page","type-page","status-publish","hentry"],"rttpg_featured_image_url":null,"rttpg_author":{"display_name":"","author_link":"https:\/\/goias.gov.br\/goiastelecom\/author\/"},"rttpg_comment":0,"rttpg_category":null,"rttpg_excerpt":"A GOI\u00c1S TELECOM \u00e9 uma empresa de sociedade de economia mista estadual subsidi\u00e1ria de capital autorizado (\u201cSociedade\u201d), criada como Celg Telecom, em 18\/04\/2008, atrav\u00e9s da lei n\u00ba 16.237\/2008, alterada pela Lei n\u00ba 22.003, de 13 de junho de 2023, CNPJ: 10.268.439\/0001-53, apta a explorar os servi\u00e7os no mercado de tecnologia da informa\u00e7\u00e3o e comunica\u00e7\u00e3o, tendo&hellip;","_links":{"self":[{"href":"https:\/\/goias.gov.br\/goiastelecom\/wp-json\/wp\/v2\/pages\/52","targetHints":{"allow":["GET"]}}],"collection":[{"href":"https:\/\/goias.gov.br\/goiastelecom\/wp-json\/wp\/v2\/pages"}],"about":[{"href":"https:\/\/goias.gov.br\/goiastelecom\/wp-json\/wp\/v2\/types\/page"}],"author":[{"embeddable":true,"href":"https:\/\/goias.gov.br\/goiastelecom\/wp-json\/wp\/v2\/users\/1422"}],"replies":[{"embeddable":true,"href":"https:\/\/goias.gov.br\/goiastelecom\/wp-json\/wp\/v2\/comments?post=52"}],"version-history":[{"count":2,"href":"https:\/\/goias.gov.br\/goiastelecom\/wp-json\/wp\/v2\/pages\/52\/revisions"}],"predecessor-version":[{"id":206387,"href":"https:\/\/goias.gov.br\/goiastelecom\/wp-json\/wp\/v2\/pages\/52\/revisions\/206387"}],"wp:attachment":[{"href":"https:\/\/goias.gov.br\/goiastelecom\/wp-json\/wp\/v2\/media?parent=52"}],"curies":[{"name":"wp","href":"https:\/\/api.w.org\/{rel}","templated":true}]}}