

{"id":43,"date":"2023-01-11T14:57:11","date_gmt":"2023-01-11T17:57:11","guid":{"rendered":"http:\/\/localhost\/multisites\/modelo\/?page_id=43"},"modified":"2025-11-18T17:18:14","modified_gmt":"2025-11-18T20:18:14","slug":"fale-conosco","status":"publish","type":"page","link":"https:\/\/goias.gov.br\/goiastelecom\/fale-conosco\/","title":{"rendered":"Fale conosco"},"content":{"rendered":"\t\t<div data-elementor-type=\"wp-page\" data-elementor-id=\"43\" class=\"elementor elementor-43\">\n\t\t\t\t<div class=\"elementor-element elementor-element-c49ae24 e-con-full e-flex e-con e-parent\" data-id=\"c49ae24\" data-element_type=\"container\" data-e-type=\"container\">\n\t\t<div class=\"elementor-element elementor-element-ac0049e e-con-full e-flex e-con e-child\" data-id=\"ac0049e\" data-element_type=\"container\" data-e-type=\"container\">\n\t\t\t\t<div class=\"elementor-element elementor-element-488d644 elementor-widget elementor-widget-shortcode\" data-id=\"488d644\" data-element_type=\"widget\" data-e-type=\"widget\" data-widget_type=\"shortcode.default\">\n\t\t\t\t\t\t\t<div class=\"elementor-shortcode\">\n<div class=\"wpcf7 no-js\" id=\"wpcf7-f200110-o1\" lang=\"pt-BR\" dir=\"ltr\" data-wpcf7-id=\"200110\">\n<div class=\"screen-reader-response\"><p role=\"status\" aria-live=\"polite\" aria-atomic=\"true\"><\/p> <ul><\/ul><\/div>\n<form action=\"\/goiastelecom\/wp-json\/wp\/v2\/pages\/43#wpcf7-f200110-o1\" method=\"post\" class=\"wpcf7-form init\" aria-label=\"Formul\u00e1rios de contato\" novalidate=\"novalidate\" data-status=\"init\">\n<fieldset class=\"hidden-fields-container\"><input type=\"hidden\" name=\"_wpcf7\" value=\"200110\" \/><input type=\"hidden\" name=\"_wpcf7_version\" value=\"6.1.5\" \/><input type=\"hidden\" name=\"_wpcf7_locale\" value=\"pt_BR\" \/><input type=\"hidden\" name=\"_wpcf7_unit_tag\" value=\"wpcf7-f200110-o1\" \/><input type=\"hidden\" name=\"_wpcf7_container_post\" value=\"0\" \/><input type=\"hidden\" name=\"_wpcf7_posted_data_hash\" value=\"\" \/>\n<\/fieldset>\n<p><label> Nome*<br \/>\n<span class=\"wpcf7-form-control-wrap\" data-name=\"your-name\"><input size=\"40\" maxlength=\"400\" class=\"wpcf7-form-control wpcf7-text wpcf7-validates-as-required\" autocomplete=\"name\" aria-required=\"true\" aria-invalid=\"false\" value=\"\" type=\"text\" name=\"your-name\" \/><\/span> <\/label>\n<\/p>\n<p><label> E-mail*<br \/>\n<span class=\"wpcf7-form-control-wrap\" data-name=\"your-email\"><input size=\"40\" maxlength=\"400\" class=\"wpcf7-form-control wpcf7-email wpcf7-validates-as-required wpcf7-text wpcf7-validates-as-email\" autocomplete=\"email\" aria-required=\"true\" aria-invalid=\"false\" value=\"\" type=\"email\" name=\"your-email\" \/><\/span> <\/label>\n<\/p>\n<p><label> Assunto*<br \/>\n<span class=\"wpcf7-form-control-wrap\" data-name=\"your-subject\"><input size=\"40\" maxlength=\"400\" class=\"wpcf7-form-control wpcf7-text wpcf7-validates-as-required\" aria-required=\"true\" aria-invalid=\"false\" value=\"\" type=\"text\" name=\"your-subject\" \/><\/span> <\/label>\n<\/p>\n<p><label> Mensagem*<br \/>\n<span class=\"wpcf7-form-control-wrap\" data-name=\"your-message\"><textarea cols=\"40\" rows=\"10\" maxlength=\"2000\" class=\"wpcf7-form-control wpcf7-textarea wpcf7-validates-as-required\" aria-required=\"true\" aria-invalid=\"false\" name=\"your-message\"><\/textarea><\/span> <\/label>\n<\/p>\n<p><input class=\"wpcf7-form-control wpcf7-submit has-spinner\" type=\"submit\" value=\"Enviar\" \/>\n<\/p><div class=\"wpcf7-response-output\" aria-hidden=\"true\"><\/div>\n<\/form>\n<\/div>\n<\/div>\n\t\t\t\t\t\t<\/div>\n\t\t\t\t<\/div>\n\t\t<div class=\"elementor-element elementor-element-8ff998d e-con-full e-flex e-con e-child\" data-id=\"8ff998d\" data-element_type=\"container\" data-e-type=\"container\">\n\t\t\t\t<div class=\"elementor-element elementor-element-71b6936 elementor-widget elementor-widget-shortcode\" data-id=\"71b6936\" data-element_type=\"widget\" data-e-type=\"widget\" data-widget_type=\"shortcode.default\">\n\t\t\t\t\t\t\t<div class=\"elementor-shortcode\"><div data-post-id=\"200619\" class=\"insert-page insert-page-200619 \">\n<p><\/p>\n\n\n\n<h4><span style=\"color: #008000;\">Endere\u00e7o<\/span><\/h4>\n\n    <p>Avenida Professor Alfredo de Castro &#8211; Parque Acalanto<br \/>Goi\u00e2nia, Goi\u00e1s &#8211; 74860-220<br \/>Segunda \u00e0 Sexta &#8211; 08:00 \u00e0s 17:00<\/p>\n\n    <p>\n    <iframe src=\"https:\/\/www.google.com\/maps\/embed?pb=!1m14!1m8!1m3!1d7641.862693229762!2d-49.22418!3d-16.730277!3m2!1i1024!2i768!4f13.1!3m3!1m2!1s0x935ef142518fffff%3A0x5f41695f9ed9b2c9!2sGoi%C3%A1s%20Telecom!5e0!3m2!1spt-BR!2sbr!4v1722001796948!5m2!1spt-BR!2sbr\" width=\"600\" height=\"450\" style=\"border:0;\" allowfullscreen=\"\" loading=\"lazy\" referrerpolicy=\"no-referrer-when-downgrade\"><\/iframe>\n    <\/p>\n<\/div><\/div>\n\t\t\t\t\t\t<\/div>\n\t\t\t\t<\/div>\n\t\t\t\t<\/div>\n\t\t<div class=\"elementor-element elementor-element-9ebf041 e-flex e-con-boxed e-con e-parent\" data-id=\"9ebf041\" data-element_type=\"container\" data-e-type=\"container\">\n\t\t\t\t\t<div class=\"e-con-inner\">\n\t\t\t\t<div class=\"elementor-element elementor-element-d3caf78 elementor-widget elementor-widget-heading\" data-id=\"d3caf78\" data-element_type=\"widget\" data-e-type=\"widget\" data-widget_type=\"heading.default\">\n\t\t\t\t\t<h3 class=\"elementor-heading-title elementor-size-default\">Ouvidoria<\/h3>\t\t\t\t<\/div>\n\t\t\t\t<div class=\"elementor-element elementor-element-f87fb56 elementor-widget__width-auto elementor-widget elementor-widget-text-editor\" data-id=\"f87fb56\" data-element_type=\"widget\" data-e-type=\"widget\" data-widget_type=\"text-editor.default\">\n\t\t\t\t\t\t\t\t\t<table class=\"table table-striped\" style=\"width: 163.974%; height: 96px;\"><thead><tr style=\"height: 48px;\"><th style=\"width: 8.16792%; height: 48px;\" scope=\"col\">\u00c1rea<\/th><th style=\"width: 7.29694%; height: 48px;\" scope=\"col\">Telefone<\/th><th style=\"width: 1.74216%; height: 48px;\" scope=\"col\">Email<\/th><th style=\"width: 10.8334%; height: 48px;\">Ouvidoria Adjunta<\/th><th style=\"width: 16.7564%; height: 48px;\">Unidade SEI<\/th><\/tr><\/thead><tbody><tr style=\"height: 48px;\"><td style=\"width: 8.16792%; height: 48px;\">Ouvidoria Adjunta<\/td><td style=\"width: 7.29694%; height: 48px;\">(62)\u00a09\u00a09674-8670<\/td><td style=\"width: 1.74216%; height: 48px;\">ouvidoria@goiastelecom.go.gov.br<\/td><td style=\"width: 10.8334%; height: 48px;\">J\u00e9ssica L. Guimar\u00e3es<\/td><td style=\"width: 16.7564%; height: 48px;\">22060<\/td><\/tr><\/tbody><\/table>\t\t\t\t\t\t\t\t<\/div>\n\t\t\t\t\t<\/div>\n\t\t\t\t<\/div>\n\t\t<div class=\"elementor-element elementor-element-b163d70 e-flex e-con-boxed e-con e-parent\" data-id=\"b163d70\" data-element_type=\"container\" data-e-type=\"container\">\n\t\t\t\t\t<div class=\"e-con-inner\">\n\t\t\t\t<div class=\"elementor-element elementor-element-05528ef elementor-widget elementor-widget-heading\" data-id=\"05528ef\" data-element_type=\"widget\" data-e-type=\"widget\" data-widget_type=\"heading.default\">\n\t\t\t\t\t<h3 class=\"elementor-heading-title elementor-size-default\">Contato Geral (para todas as \u00e1reas)<\/h3>\t\t\t\t<\/div>\n\t\t\t\t<div class=\"elementor-element elementor-element-5f2375d elementor-widget__width-auto elementor-widget elementor-widget-text-editor\" data-id=\"5f2375d\" data-element_type=\"widget\" data-e-type=\"widget\" data-widget_type=\"text-editor.default\">\n\t\t\t\t\t\t\t\t\t<table class=\"table table-striped\" style=\"width: 188%;\"><thead><tr><th style=\"width: 17.4014%;\" scope=\"col\">\u00c1rea<\/th><th style=\"width: 17.4014%;\" scope=\"col\">Telefone<\/th><th style=\"width: 45.0116%;\" scope=\"col\">Email<\/th><th style=\"width: 17.1694%;\" scope=\"col\">Unidade SEI<\/th><\/tr><\/thead><tbody><tr><td style=\"width: 17.4014%;\">Secretaria Geral<\/td><td style=\"width: 17.4014%;\">(62) 9 9963-4178<\/td><td style=\"width: 45.0116%;\">gt@goiastelecom.go.gov.br<\/td><td style=\"width: 17.1694%;\">12488<\/td><\/tr><\/tbody><\/table><p>\u00a0<\/p>\t\t\t\t\t\t\t\t<\/div>\n\t\t\t\t\t<\/div>\n\t\t\t\t<\/div>\n\t\t<div class=\"elementor-element elementor-element-b014c71 e-flex e-con-boxed e-con e-parent\" data-id=\"b014c71\" data-element_type=\"container\" data-e-type=\"container\">\n\t\t\t\t\t<div class=\"e-con-inner\">\n\t\t\t\t<div class=\"elementor-element elementor-element-6228576 elementor-widget elementor-widget-heading\" data-id=\"6228576\" data-element_type=\"widget\" data-e-type=\"widget\" data-widget_type=\"heading.default\">\n\t\t\t\t\t<h3 class=\"elementor-heading-title elementor-size-default\">Unidades B\u00e1sicas e Descentralizadas<\/h3>\t\t\t\t<\/div>\n\t\t\t\t<div class=\"elementor-element elementor-element-0953b9b elementor-widget__width-auto elementor-widget elementor-widget-text-editor\" data-id=\"0953b9b\" data-element_type=\"widget\" data-e-type=\"widget\" data-widget_type=\"text-editor.default\">\n\t\t\t\t\t\t\t\t\t<table class=\"table table-striped\"><thead><tr><th scope=\"col\">\u00c1rea<\/th><th scope=\"col\">Telefone<\/th><th scope=\"col\">Email<\/th><th scope=\"col\">Unidade SEI<\/th><\/tr><\/thead><tbody><tr><th scope=\"row\">Diretor Presidente<\/th><td style=\"width: 17.4014%;\">(62) 9 9963-4178<\/td><td>presidencia@goiastelecom.go.gov.br<\/td><td>12488 &#8211; 12484<\/td><\/tr><tr><th scope=\"row\">Diretor de Gest\u00e3o, Finan\u00e7as e Rela\u00e7\u00e3o com Investidores<\/th><td>(62) 9 9963-4178<\/td><td>diretoriafinanceira@goiastelecom.go.gov.br<\/td><td>12488 &#8211; 12485<\/td><\/tr><tr><th scope=\"row\">Diretor Comercial e de Opera\u00e7\u00f5es<\/th><td>(62) 9 9963-4178<\/td><td>diretoriadeoperacoes@goiastelecom.go.gov.br<\/td><td>12488 &#8211; 12485<\/td><\/tr><tr><th scope=\"row\">Recursos Humanos<\/th><td>(62) 9 9963-4178<\/td><td>rh@goiastelecom.go.gov.br<\/td><td>22215<\/td><\/tr><tr><th scope=\"row\">Financeiro<\/th><td>(62) 9 9963-4178<\/td><td>financeiro@goiastelecom.go.gov.br<\/td><td>12487<\/td><\/tr><tr><th scope=\"row\">Contabilidade<\/th><td>(62) 9 9963-4178<\/td><td>contabilidade@goiastelecom.go.gov.br<\/td><td>22216<\/td><\/tr><tr><th scope=\"row\">Administra\u00e7\u00e3o e Suprimentos<\/th><td>(62) 9 9977-0983<\/td><td>suprimentos@goiastelecom.go.gov.br<\/td><td>22217<\/td><\/tr><tr><th scope=\"row\">Engenharia<\/th><td>(62) 9 9963-4178<\/td><td>engenharia@goiastelecom.go.gov.br<\/td><td><div>22218<\/div><\/td><\/tr><tr><th scope=\"row\">TI<\/th><td>(62)\u00a09\u00a09452-5662<\/td><td>ti@goiastelecom.go.gov.br<\/td><td>22221<\/td><\/tr><tr><th scope=\"row\">Comercial<\/th><td>(62) 9 9833-2256<\/td><td>comercial@goiastelecom.go.gov.br<\/td><td>22220<\/td><\/tr><tr><th scope=\"row\">PMO<\/th><td>(62) 9 9963-4178<\/td><td>pmo@goiastelecom.go.gov.br<\/td><td>22213<\/td><\/tr><tr><th scope=\"row\">Escrit\u00f3rio de Compliance e Transpar\u00eancia<\/th><td>(62) 9 9963-4178<\/td><td>compliance@goiastelecom.go.gov.br<br \/>transparencia@goiastelecom.go.gov.br<\/td><td>Compliance: 22720 &#8211; Transpar\u00eancia: 22719<\/td><\/tr><tr><th>Jur\u00eddico<\/th><td>(62) 9 9963-4178<\/td><td>juridico.goiastelecom@goiastelecom.go.gov.br<\/td><td>12490<\/td><\/tr><\/tbody><\/table><p>\u00a0<\/p>\t\t\t\t\t\t\t\t<\/div>\n\t\t\t\t\t<\/div>\n\t\t\t\t<\/div>\n\t\t\t\t<\/div>\n\t\t","protected":false},"excerpt":{"rendered":"<p>Ouvidoria \u00c1rea Telefone Email Ouvidoria Adjunta Unidade SEI Ouvidoria Adjunta (62)\u00a09\u00a09674-8670 ouvidoria@goiastelecom.go.gov.br J\u00e9ssica L. Guimar\u00e3es 22060 Contato Geral (para todas as \u00e1reas) \u00c1rea Telefone Email Unidade SEI Secretaria Geral (62) 9 9963-4178 gt@goiastelecom.go.gov.br 12488 \u00a0 Unidades B\u00e1sicas e Descentralizadas \u00c1rea Telefone Email Unidade SEI Diretor Presidente (62) 9 9963-4178 presidencia@goiastelecom.go.gov.br 12488 &#8211; 12484 Diretor de [&hellip;]<\/p>\n","protected":false},"author":1,"featured_media":0,"parent":0,"menu_order":0,"comment_status":"closed","ping_status":"closed","template":"","meta":{"footnotes":""},"class_list":["post-43","page","type-page","status-publish","hentry"],"rttpg_featured_image_url":null,"rttpg_author":{"display_name":"wagner.viana","author_link":"https:\/\/goias.gov.br\/goiastelecom\/author\/wagner-viana\/"},"rttpg_comment":0,"rttpg_category":"","rttpg_excerpt":"Ouvidoria \u00c1rea Telefone Email Ouvidoria Adjunta Unidade SEI Ouvidoria Adjunta (62)\u00a09\u00a09674-8670 ouvidoria@goiastelecom.go.gov.br J\u00e9ssica L. Guimar\u00e3es 22060 Contato Geral (para todas as \u00e1reas) \u00c1rea Telefone Email Unidade SEI Secretaria Geral (62) 9 9963-4178 gt@goiastelecom.go.gov.br 12488 \u00a0 Unidades B\u00e1sicas e Descentralizadas \u00c1rea Telefone Email Unidade SEI Diretor Presidente (62) 9 9963-4178 presidencia@goiastelecom.go.gov.br 12488 &#8211; 12484 Diretor de&hellip;","_links":{"self":[{"href":"https:\/\/goias.gov.br\/goiastelecom\/wp-json\/wp\/v2\/pages\/43","targetHints":{"allow":["GET"]}}],"collection":[{"href":"https:\/\/goias.gov.br\/goiastelecom\/wp-json\/wp\/v2\/pages"}],"about":[{"href":"https:\/\/goias.gov.br\/goiastelecom\/wp-json\/wp\/v2\/types\/page"}],"author":[{"embeddable":true,"href":"https:\/\/goias.gov.br\/goiastelecom\/wp-json\/wp\/v2\/users\/1"}],"replies":[{"embeddable":true,"href":"https:\/\/goias.gov.br\/goiastelecom\/wp-json\/wp\/v2\/comments?post=43"}],"version-history":[{"count":2,"href":"https:\/\/goias.gov.br\/goiastelecom\/wp-json\/wp\/v2\/pages\/43\/revisions"}],"predecessor-version":[{"id":212938,"href":"https:\/\/goias.gov.br\/goiastelecom\/wp-json\/wp\/v2\/pages\/43\/revisions\/212938"}],"wp:attachment":[{"href":"https:\/\/goias.gov.br\/goiastelecom\/wp-json\/wp\/v2\/media?parent=43"}],"curies":[{"name":"wp","href":"https:\/\/api.w.org\/{rel}","templated":true}]}}