

{"id":41,"date":"2023-01-11T14:54:07","date_gmt":"2023-01-11T17:54:07","guid":{"rendered":"http:\/\/localhost\/multisites\/modelo\/?page_id=41"},"modified":"2025-11-18T16:59:06","modified_gmt":"2025-11-18T19:59:06","slug":"a-secretaria","status":"publish","type":"page","link":"https:\/\/goias.gov.br\/goiastelecom\/a-secretaria\/","title":{"rendered":"A Empresa"},"content":{"rendered":"\t\t<div data-elementor-type=\"wp-page\" data-elementor-id=\"41\" class=\"elementor elementor-41\">\n\t\t\t\t<div class=\"elementor-element elementor-element-ef4b464 e-con-full e-flex e-con e-parent\" data-id=\"ef4b464\" data-element_type=\"container\" data-e-type=\"container\">\n\t\t\t\t<div class=\"elementor-element elementor-element-7701334 elementor-widget elementor-widget-shortcode\" data-id=\"7701334\" data-element_type=\"widget\" data-e-type=\"widget\" data-widget_type=\"shortcode.default\">\n\t\t\t\t\t\t\t<div class=\"elementor-shortcode\"><div data-post-id=\"52\" class=\"insert-page insert-page-52 \"><h1 class='insert-page-title'>Sobre a Empresa<\/h1>\n<figure class=\"wp-block-gallery has-nested-images columns-default is-cropped wp-block-gallery-2 is-layout-flex wp-block-gallery-is-layout-flex\"><div class=\"wp-block-image is-style-default\">\n<figure class=\"aligncenter size-large\"><img fetchpriority=\"high\" fetchpriority=\"high\" decoding=\"async\" width=\"720\" height=\"96\" data-id=\"206365\" src=\"https:\/\/goias.gov.br\/goiastelecom\/wp-content\/uploads\/sites\/60\/2024\/09\/new-logo.png\" alt=\"\" class=\"wp-image-206365\" srcset=\"https:\/\/goias.gov.br\/goiastelecom\/wp-content\/uploads\/sites\/60\/2024\/09\/new-logo.png 720w, https:\/\/goias.gov.br\/goiastelecom\/wp-content\/uploads\/sites\/60\/2024\/09\/new-logo-300x40.png 300w\" sizes=\"(max-width: 720px) 100vw, 720px\" \/><\/figure>\n<\/div><\/figure>\n\n\n<p style=\"text-align: justify;\">A <strong>GOI\u00c1S TELECOM<\/strong> \u00e9 uma empresa de sociedade de economia mista estadual subsidi\u00e1ria de capital autorizado (\u201cSociedade\u201d), criada como Celg Telecom, em 18\/04\/2008, atrav\u00e9s da lei n\u00ba 16.237\/2008, alterada pela Lei n\u00ba 22.003, de 13 de junho de 2023, CNPJ: 10.268.439\/0001-53, apta a explorar os servi\u00e7os no mercado de tecnologia da informa\u00e7\u00e3o e comunica\u00e7\u00e3o, tendo todas as licen\u00e7as e outorgas na ANATEL de SCM \u2013 LICEN\u00c7A DE SERVI\u00c7O DE COMUNICA\u00c7\u00c3O E MULTIM\u00cdDIA.<\/p>\n<p style=\"text-align: justify;\">O <em>Setor de Atividade<\/em> para o qual est\u00e1 constitu\u00edda \u00e9 a <strong>Presta\u00e7\u00e3o de Servi\u00e7os<\/strong>.<\/p>\n<p style=\"text-align: justify;\">O Regime Tribut\u00e1rio em que a <strong>GOI\u00c1S TELECOM<\/strong> est\u00e1 enquadrada \u00e9 o <strong>Lucro Presumido<\/strong>.<\/p>\n\n\n<p><\/p>\n<ul class='post-meta'>\n<li><span class='post-meta-key'>rank_math_og_content_image:<\/span> a:2:{s:5:\"check\";s:32:\"e92bd588ba5d55c39b815289032e46af\";s:6:\"images\";a:1:{i:0;i:206365;}}<\/li>\n<\/ul>\n<\/div><\/div>\n\t\t\t\t\t\t<\/div>\n\t\t\t\t<\/div>\n\t\t<div class=\"elementor-element elementor-element-dacc349 e-con-full e-flex e-con e-parent\" data-id=\"dacc349\" data-element_type=\"container\" data-e-type=\"container\">\n\t\t<div class=\"elementor-element elementor-element-26edd63 e-con-full e-flex e-con e-child\" data-id=\"26edd63\" data-element_type=\"container\" data-e-type=\"container\">\n\t\t\t\t<div class=\"elementor-element elementor-element-5a757b4 elementor-widget elementor-widget-shortcode\" data-id=\"5a757b4\" data-element_type=\"widget\" data-e-type=\"widget\" data-widget_type=\"shortcode.default\">\n\t\t\t\t\t\t\t<div class=\"elementor-shortcode\"><div data-post-id=\"200619\" class=\"insert-page insert-page-200619 \"><h1 class='insert-page-title'>Canais de Atendimento<\/h1>\n<p><\/p>\n\n\n\n<h4><span style=\"color: #008000;\">Endere\u00e7o<\/span><\/h4>\n\n    <p>Avenida Professor Alfredo de Castro &#8211; Parque Acalanto<br \/>Goi\u00e2nia, Goi\u00e1s &#8211; 74860-220<br \/>Segunda \u00e0 Sexta &#8211; 08:00 \u00e0s 17:00<\/p>\n\n    <p>\n    <iframe src=\"https:\/\/www.google.com\/maps\/embed?pb=!1m14!1m8!1m3!1d7641.862693229762!2d-49.22418!3d-16.730277!3m2!1i1024!2i768!4f13.1!3m3!1m2!1s0x935ef142518fffff%3A0x5f41695f9ed9b2c9!2sGoi%C3%A1s%20Telecom!5e0!3m2!1spt-BR!2sbr!4v1722001796948!5m2!1spt-BR!2sbr\" width=\"600\" height=\"450\" style=\"border:0;\" allowfullscreen=\"\" loading=\"lazy\" referrerpolicy=\"no-referrer-when-downgrade\"><\/iframe>\n    <\/p>\n<ul class='post-meta'>\n<li><span class='post-meta-key'>rank_math_primary_category:<\/span> 2<\/li>\n<li><span class='post-meta-key'>rank_math_seo_score:<\/span> 8<\/li>\n<li><span class='post-meta-key'>tpg-post-view-count:<\/span> 366<\/li>\n<\/ul>\n<\/div><\/div>\n\t\t\t\t\t\t<\/div>\n\t\t\t\t<\/div>\n\t\t<div class=\"elementor-element elementor-element-8013c9f e-con-full e-flex e-con e-child\" data-id=\"8013c9f\" data-element_type=\"container\" data-e-type=\"container\">\n\t\t\t\t<div class=\"elementor-element elementor-element-dbd7f20 elementor-widget elementor-widget-shortcode\" data-id=\"dbd7f20\" data-element_type=\"widget\" data-e-type=\"widget\" data-widget_type=\"shortcode.default\">\n\t\t\t\t\t\t\t<div class=\"elementor-shortcode\"><div data-post-id=\"211751\" class=\"insert-page insert-page-211751 \"><h1 class='insert-page-title'>Estrutura Organizacional<\/h1>\n<p>Clique nos bot\u00f5es para visualizar as informa\u00e7\u00f5es:<\/p>\n\n\n\n<p><em><strong>Fonte:<\/strong><\/em><\/p>\n\n\n\n<div class=\"wp-block-buttons is-layout-flex wp-block-buttons-is-layout-flex\">\n<div class=\"wp-block-button\"><a class=\"wp-block-button__link has-small-font-size has-custom-font-size wp-element-button\" href=\"https:\/\/goias.gov.br\/goiastelecom\/wp-content\/uploads\/sites\/60\/2025\/07\/ESTATUTO-SOCIAL-REFORMADO-2025-12.06.25-ASSINADO.pdf\" target=\"_blank\" rel=\"noreferrer noopener\">Estatuto Social da Empresa<\/a><\/div>\n\n\n\n<div class=\"wp-block-button\"><a class=\"wp-block-button__link has-small-font-size has-custom-font-size wp-element-button\" href=\"https:\/\/gotec.vercel.app\/human-resources\/pay-scale\" target=\"_blank\" rel=\"noreferrer noopener\">Remunera\u00e7\u00e3o de Administra\u00e7\u00e3o<\/a><\/div>\n<\/div>\n\n\n\n<div style=\"height:100px\" aria-hidden=\"true\" class=\"wp-block-spacer\"><\/div>\n\n\n\n<figure class=\"wp-block-image size-large\"><img decoding=\"async\" width=\"1024\" height=\"576\" src=\"https:\/\/goias.gov.br\/goiastelecom\/wp-content\/uploads\/sites\/60\/2025\/07\/ESTRUTURA-ORGANIZACIONAL-03.07.25_page-0001-1024x576.jpg\" alt=\"\" class=\"wp-image-211315\" srcset=\"https:\/\/goias.gov.br\/goiastelecom\/wp-content\/uploads\/sites\/60\/2025\/07\/ESTRUTURA-ORGANIZACIONAL-03.07.25_page-0001-1024x576.jpg 1024w, https:\/\/goias.gov.br\/goiastelecom\/wp-content\/uploads\/sites\/60\/2025\/07\/ESTRUTURA-ORGANIZACIONAL-03.07.25_page-0001-300x169.jpg 300w, https:\/\/goias.gov.br\/goiastelecom\/wp-content\/uploads\/sites\/60\/2025\/07\/ESTRUTURA-ORGANIZACIONAL-03.07.25_page-0001-768x432.jpg 768w, https:\/\/goias.gov.br\/goiastelecom\/wp-content\/uploads\/sites\/60\/2025\/07\/ESTRUTURA-ORGANIZACIONAL-03.07.25_page-0001-1536x864.jpg 1536w, https:\/\/goias.gov.br\/goiastelecom\/wp-content\/uploads\/sites\/60\/2025\/07\/ESTRUTURA-ORGANIZACIONAL-03.07.25_page-0001.jpg 2000w\" sizes=\"(max-width: 1024px) 100vw, 1024px\" \/><\/figure>\n<ul class='post-meta'>\n<li><span class='post-meta-key'>tpg-post-view-count:<\/span> 302<\/li>\n<\/ul>\n<\/div><\/div>\n\t\t\t\t\t\t<\/div>\n\t\t\t\t<\/div>\n\t\t\t\t<\/div>\n\t\t\t\t<\/div>\n\t\t","protected":false},"excerpt":{"rendered":"","protected":false},"author":1,"featured_media":0,"parent":0,"menu_order":0,"comment_status":"closed","ping_status":"closed","template":"","meta":{"footnotes":""},"class_list":["post-41","page","type-page","status-publish","hentry"],"rttpg_featured_image_url":null,"rttpg_author":{"display_name":"wagner.viana","author_link":"https:\/\/goias.gov.br\/goiastelecom\/author\/wagner-viana\/"},"rttpg_comment":0,"rttpg_category":"","rttpg_excerpt":null,"_links":{"self":[{"href":"https:\/\/goias.gov.br\/goiastelecom\/wp-json\/wp\/v2\/pages\/41","targetHints":{"allow":["GET"]}}],"collection":[{"href":"https:\/\/goias.gov.br\/goiastelecom\/wp-json\/wp\/v2\/pages"}],"about":[{"href":"https:\/\/goias.gov.br\/goiastelecom\/wp-json\/wp\/v2\/types\/page"}],"author":[{"embeddable":true,"href":"https:\/\/goias.gov.br\/goiastelecom\/wp-json\/wp\/v2\/users\/1"}],"replies":[{"embeddable":true,"href":"https:\/\/goias.gov.br\/goiastelecom\/wp-json\/wp\/v2\/comments?post=41"}],"version-history":[{"count":2,"href":"https:\/\/goias.gov.br\/goiastelecom\/wp-json\/wp\/v2\/pages\/41\/revisions"}],"predecessor-version":[{"id":212910,"href":"https:\/\/goias.gov.br\/goiastelecom\/wp-json\/wp\/v2\/pages\/41\/revisions\/212910"}],"wp:attachment":[{"href":"https:\/\/goias.gov.br\/goiastelecom\/wp-json\/wp\/v2\/media?parent=41"}],"curies":[{"name":"wp","href":"https:\/\/api.w.org\/{rel}","templated":true}]}}