

{"id":34,"date":"2023-09-28T12:59:52","date_gmt":"2023-09-28T15:59:52","guid":{"rendered":"https:\/\/siteshom.goias.gov.br\/goiastelecom\/classificacao-info-sigilosa\/"},"modified":"2024-09-05T11:47:00","modified_gmt":"2024-09-05T14:47:00","slug":"classificacao-info-sigilosa","status":"publish","type":"page","link":"https:\/\/goias.gov.br\/goiastelecom\/classificacao-info-sigilosa\/","title":{"rendered":"Classifica\u00e7\u00e3o das Informa\u00e7\u00f5es Sigilosas"},"content":{"rendered":"<p>Clique nos bot\u00f5es para visualizar as informa\u00e7\u00f5es:<\/p>\n\n\n<div class=\"wp-block-buttons is-vertical is-layout-flex wp-container-core-buttons-is-layout-8cf370e7 wp-block-buttons-is-layout-flex\">\n<div class=\"wp-block-button has-custom-font-size bg-success has-small-font-size\"><a class=\"wp-block-button__link wp-element-button\" href=\"https:\/\/goias.gov.br\/goiastelecom\/wp-content\/uploads\/sites\/60\/2024\/09\/CRIACAO-DA-COMISSAO-PERMANENTE-DE-AVALIACAO-DE-DOCUMENTOS-SIGILOSOS-CAPDS.pdf\" target=\"_blank\" rel=\"noreferrer noopener\">Classifica\u00e7\u00e3o das Informa\u00e7\u00f5es Sigilosas- Comiss\u00e3o Permanente de Avalia\u00e7\u00e3o de Documentos Sigilosos<\/a><\/div>\n\n\n\n<div class=\"wp-block-button has-custom-font-size bg-success has-small-font-size\"><a class=\"wp-block-button__link wp-element-button\" href=\"https:\/\/goias.gov.br\/goiastelecom\/classificacao-das-informacoes-sigilosas-rol-das-informacoes-desclassificadas\/\" target=\"_blank\" rel=\"noreferrer noopener\">Classifica\u00e7\u00e3o das Informa\u00e7\u00f5es Sigilosas- Rol das Informa\u00e7\u00f5es Desclassificadas<\/a><\/div>\n\n\n\n<div class=\"wp-block-button has-custom-font-size bg-success has-small-font-size\"><a class=\"wp-block-button__link wp-element-button\" href=\"https:\/\/goias.gov.br\/goiastelecom\/classificacao-das-informacoes-sigilosas-rol-de-documentos-classificados\/\" target=\"_blank\" rel=\"noreferrer noopener\">Classifica\u00e7\u00e3o das informa\u00e7\u00f5es sigilosas &#8211; Rol de Documentos Classificados<\/a><\/div>\n<\/div>\n\n\n\n<p><\/p>\n","protected":false},"excerpt":{"rendered":"<p>Clique nos bot\u00f5es para visualizar as informa\u00e7\u00f5es:<\/p>\n","protected":false},"author":1422,"featured_media":0,"parent":0,"menu_order":0,"comment_status":"closed","ping_status":"open","template":"","meta":{"footnotes":""},"class_list":["post-34","page","type-page","status-publish","hentry"],"rttpg_featured_image_url":null,"rttpg_author":{"display_name":"","author_link":"https:\/\/goias.gov.br\/goiastelecom\/author\/"},"rttpg_comment":0,"rttpg_category":null,"rttpg_excerpt":"Clique nos bot\u00f5es para visualizar as informa\u00e7\u00f5es:","_links":{"self":[{"href":"https:\/\/goias.gov.br\/goiastelecom\/wp-json\/wp\/v2\/pages\/34","targetHints":{"allow":["GET"]}}],"collection":[{"href":"https:\/\/goias.gov.br\/goiastelecom\/wp-json\/wp\/v2\/pages"}],"about":[{"href":"https:\/\/goias.gov.br\/goiastelecom\/wp-json\/wp\/v2\/types\/page"}],"author":[{"embeddable":true,"href":"https:\/\/goias.gov.br\/goiastelecom\/wp-json\/wp\/v2\/users\/1422"}],"replies":[{"embeddable":true,"href":"https:\/\/goias.gov.br\/goiastelecom\/wp-json\/wp\/v2\/comments?post=34"}],"version-history":[{"count":1,"href":"https:\/\/goias.gov.br\/goiastelecom\/wp-json\/wp\/v2\/pages\/34\/revisions"}],"predecessor-version":[{"id":205048,"href":"https:\/\/goias.gov.br\/goiastelecom\/wp-json\/wp\/v2\/pages\/34\/revisions\/205048"}],"wp:attachment":[{"href":"https:\/\/goias.gov.br\/goiastelecom\/wp-json\/wp\/v2\/media?parent=34"}],"curies":[{"name":"wp","href":"https:\/\/api.w.org\/{rel}","templated":true}]}}