

{"id":30,"date":"2023-02-06T19:34:13","date_gmt":"2023-02-06T22:34:13","guid":{"rendered":"https:\/\/siteshom.goias.gov.br\/goiastelecom\/lgpd\/"},"modified":"2025-07-22T18:51:25","modified_gmt":"2025-07-22T21:51:25","slug":"lgpd","status":"publish","type":"page","link":"https:\/\/goias.gov.br\/goiastelecom\/lgpd\/","title":{"rendered":"Encarregado pelo Tratamento dos Dados Pessoais"},"content":{"rendered":"<p align=\"justify\">O Encarregado \u00e9 a pessoa indicada pelo controlador e operador para atuar como canal de comunica\u00e7\u00e3o entre o controlador, os titulares dos dados e a Autoridade Nacional de Prote\u00e7\u00e3o de Dados (ANPD) (<a href=\"http:\/\/www.planalto.gov.br\/ccivil_03\/_ato2015-2018\/2018\/lei\/l13709.htm\"><u>art. 5\u00ba, VIII, Lei n\u00ba 13.709\/2018 &#8211; LGPD<\/u><\/a>).<\/p>\n<p><span style=\"font-size: 20px;\"><span style=\"color: #2f4f4f;\"><strong><u>Encarregado pelo Tratamento de Dados Pessoais da Goi\u00e1s Telecom<\/u><\/strong><\/span><\/span><\/p>\n<p><strong>Nome: <\/strong>J\u00e9ssica Lomazzi Guimar\u00e3es<\/p>\n<p><strong>Telefone:<\/strong> +55\u00a0(62) 9 9963-4178<\/p>\n<p><strong>Endere\u00e7o<\/strong>: Avenida SC-01 N\u00ba 299 \u2013 Parque Santa Cruz \u2013 Goi\u00e2nia, Goi\u00e1s.<\/p>\n<p><strong>Hor\u00e1rio de Atendimento: <\/strong>08h30 \u00e0s 11h30 e 13h30 \u00e0s 17h00.<\/p>\n<p><strong>E-mail:\u00a0<\/strong><a href=\"http:\/\/jessica.guimar%C3%A3es@goiastelecom.go.gov.br\/\">jessica.guimaraes@goiastelecom.go.gov.br<\/a><\/p>\n<p><strong>Portaria: <\/strong><a href=\"https:\/\/goias.gov.br\/goiastelecom\/wp-content\/uploads\/sites\/60\/2025\/07\/Portaria_n_032.2023-gt-atualizado.pdf\" target=\"_blank\" rel=\"noopener\">032\/2023<\/a><\/p>\n<p><strong>Previs\u00e3o Legal:<\/strong>\u00a0Artigo 41, \u00a71\u00ba, LGPD \u201cA identidade e as informa\u00e7\u00f5es de contato do encarregado dever\u00e3o ser divulgadas publicamente, de forma clara e objetiva, preferencialmente no s\u00edtio eletr\u00f4nico do controlador.\u201d<\/p>\n<p align=\"justify\"><span style=\"font-size: 20px;\"><span style=\"color: #2f4f4f;\"><u><strong>Atribui\u00e7\u00f5es<\/strong><\/u><\/span><\/span><\/p>\n<p align=\"justify\">Artigo 41, \u00a72\u00ba, LGPD:<\/p>\n<ul>\n<li>aceitar reclama\u00e7\u00f5es e comunica\u00e7\u00f5es dos titulares, prestar esclarecimentos e adotar provid\u00eancias;<\/li>\n<li>receber comunica\u00e7\u00f5es da autoridade nacional e adotar provid\u00eancias;<\/li>\n<li>orientar os funcion\u00e1rios e os contratados da entidade a respeito das pr\u00e1ticas a serem tomadas em rela\u00e7\u00e3o \u00e0 prote\u00e7\u00e3o de dados pessoais; e<\/li>\n<li>executar as demais atribui\u00e7\u00f5es determinadas pelo controlador ou estabelecidas em normas complementares.<\/li>\n<\/ul>\n","protected":false},"excerpt":{"rendered":"<p>O Encarregado \u00e9 a pessoa indicada pelo controlador e operador para atuar como canal de comunica\u00e7\u00e3o entre o controlador, os titulares dos dados e a Autoridade Nacional de Prote\u00e7\u00e3o de Dados (ANPD) (art. 5\u00ba, VIII, Lei n\u00ba 13.709\/2018 &#8211; LGPD). Encarregado pelo Tratamento de Dados Pessoais da Goi\u00e1s Telecom Nome: J\u00e9ssica Lomazzi Guimar\u00e3es Telefone: +55\u00a0(62) [&hellip;]<\/p>\n","protected":false},"author":1422,"featured_media":0,"parent":0,"menu_order":0,"comment_status":"closed","ping_status":"open","template":"","meta":{"footnotes":""},"class_list":["post-30","page","type-page","status-publish","hentry"],"rttpg_featured_image_url":null,"rttpg_author":{"display_name":"","author_link":"https:\/\/goias.gov.br\/goiastelecom\/author\/"},"rttpg_comment":0,"rttpg_category":null,"rttpg_excerpt":"O Encarregado \u00e9 a pessoa indicada pelo controlador e operador para atuar como canal de comunica\u00e7\u00e3o entre o controlador, os titulares dos dados e a Autoridade Nacional de Prote\u00e7\u00e3o de Dados (ANPD) (art. 5\u00ba, VIII, Lei n\u00ba 13.709\/2018 &#8211; LGPD). Encarregado pelo Tratamento de Dados Pessoais da Goi\u00e1s Telecom Nome: J\u00e9ssica Lomazzi Guimar\u00e3es Telefone: +55\u00a0(62)&hellip;","_links":{"self":[{"href":"https:\/\/goias.gov.br\/goiastelecom\/wp-json\/wp\/v2\/pages\/30","targetHints":{"allow":["GET"]}}],"collection":[{"href":"https:\/\/goias.gov.br\/goiastelecom\/wp-json\/wp\/v2\/pages"}],"about":[{"href":"https:\/\/goias.gov.br\/goiastelecom\/wp-json\/wp\/v2\/types\/page"}],"author":[{"embeddable":true,"href":"https:\/\/goias.gov.br\/goiastelecom\/wp-json\/wp\/v2\/users\/1422"}],"replies":[{"embeddable":true,"href":"https:\/\/goias.gov.br\/goiastelecom\/wp-json\/wp\/v2\/comments?post=30"}],"version-history":[{"count":2,"href":"https:\/\/goias.gov.br\/goiastelecom\/wp-json\/wp\/v2\/pages\/30\/revisions"}],"predecessor-version":[{"id":211959,"href":"https:\/\/goias.gov.br\/goiastelecom\/wp-json\/wp\/v2\/pages\/30\/revisions\/211959"}],"wp:attachment":[{"href":"https:\/\/goias.gov.br\/goiastelecom\/wp-json\/wp\/v2\/media?parent=30"}],"curies":[{"name":"wp","href":"https:\/\/api.w.org\/{rel}","templated":true}]}}