

{"id":212059,"date":"2025-08-03T12:32:13","date_gmt":"2025-08-03T15:32:13","guid":{"rendered":"https:\/\/goias.gov.br\/goiastelecom\/?page_id=212059"},"modified":"2025-08-03T12:32:13","modified_gmt":"2025-08-03T15:32:13","slug":"politica-de-gestao-de-riscos","status":"publish","type":"page","link":"https:\/\/goias.gov.br\/goiastelecom\/politica-de-gestao-de-riscos\/","title":{"rendered":"Pol\u00edtica de Gest\u00e3o de Riscos"},"content":{"rendered":"\n<p>Clique para visualizar as informa\u00e7\u00f5es:<\/p>\n\n\n\n<p><strong>2024 &#8211; <\/strong><a href=\"https:\/\/goias.gov.br\/goiastelecom\/wp-content\/uploads\/sites\/60\/2024\/09\/politica-de-gestao-de-riscos-atual.-2024.pdf\" target=\"_blank\" rel=\"noreferrer noopener\">Regulamento Interno de Licita\u00e7\u00f5es, Contratos e Conv\u00eanios<\/a><\/p>\n\n\n\n<p><strong>2023 &#8211; <\/strong><a href=\"https:\/\/goias.gov.br\/goiastelecom\/wp-content\/uploads\/sites\/60\/2025\/08\/Portaria_n__031.2023_GT-2.pdf\" target=\"_blank\" rel=\"noreferrer noopener\"><s>Regulamento Interno de Licita\u00e7\u00f5es, Contratos e Conv\u00eanios<\/s><\/a> (REVOGADA pela Portaria n\u00ba 087\/2024)<\/p>\n\n\n\n<p><\/p>\n","protected":false},"excerpt":{"rendered":"<p>Clique para visualizar as informa\u00e7\u00f5es: 2024 &#8211; Regulamento Interno de Licita\u00e7\u00f5es, Contratos e Conv\u00eanios 2023 &#8211; Regulamento Interno de Licita\u00e7\u00f5es, Contratos e Conv\u00eanios (REVOGADA pela Portaria n\u00ba 087\/2024)<\/p>\n","protected":false},"author":595,"featured_media":0,"parent":0,"menu_order":0,"comment_status":"closed","ping_status":"closed","template":"","meta":{"footnotes":""},"class_list":["post-212059","page","type-page","status-publish","hentry"],"rttpg_featured_image_url":null,"rttpg_author":{"display_name":"isabellarsouza","author_link":"https:\/\/goias.gov.br\/goiastelecom\/author\/isabellarsouza\/"},"rttpg_comment":0,"rttpg_category":null,"rttpg_excerpt":"Clique para visualizar as informa\u00e7\u00f5es: 2024 &#8211; Regulamento Interno de Licita\u00e7\u00f5es, Contratos e Conv\u00eanios 2023 &#8211; Regulamento Interno de Licita\u00e7\u00f5es, Contratos e Conv\u00eanios (REVOGADA pela Portaria n\u00ba 087\/2024)","_links":{"self":[{"href":"https:\/\/goias.gov.br\/goiastelecom\/wp-json\/wp\/v2\/pages\/212059","targetHints":{"allow":["GET"]}}],"collection":[{"href":"https:\/\/goias.gov.br\/goiastelecom\/wp-json\/wp\/v2\/pages"}],"about":[{"href":"https:\/\/goias.gov.br\/goiastelecom\/wp-json\/wp\/v2\/types\/page"}],"author":[{"embeddable":true,"href":"https:\/\/goias.gov.br\/goiastelecom\/wp-json\/wp\/v2\/users\/595"}],"replies":[{"embeddable":true,"href":"https:\/\/goias.gov.br\/goiastelecom\/wp-json\/wp\/v2\/comments?post=212059"}],"version-history":[{"count":2,"href":"https:\/\/goias.gov.br\/goiastelecom\/wp-json\/wp\/v2\/pages\/212059\/revisions"}],"predecessor-version":[{"id":212061,"href":"https:\/\/goias.gov.br\/goiastelecom\/wp-json\/wp\/v2\/pages\/212059\/revisions\/212061"}],"wp:attachment":[{"href":"https:\/\/goias.gov.br\/goiastelecom\/wp-json\/wp\/v2\/media?parent=212059"}],"curies":[{"name":"wp","href":"https:\/\/api.w.org\/{rel}","templated":true}]}}