

{"id":211906,"date":"2025-07-22T16:47:35","date_gmt":"2025-07-22T19:47:35","guid":{"rendered":"https:\/\/goias.gov.br\/goiastelecom\/?page_id=211906"},"modified":"2025-08-18T14:37:36","modified_gmt":"2025-08-18T17:37:36","slug":"despesas","status":"publish","type":"page","link":"https:\/\/goias.gov.br\/goiastelecom\/despesas\/","title":{"rendered":"Despesas"},"content":{"rendered":"<p><span style=\"font-size: 20px;\"><a href=\"https:\/\/www.transparencia.go.gov.br\/wp-content\/uploads\/sites\/2\/painel\/lai.php?painel=gastos_governamentais&amp;orgao=goiastelecom\" target=\"_blank\" rel=\"noopener\">Gastos Governamentais<\/a><\/span><\/p>\n<p><a href=\"https:\/\/www.transparencia.go.gov.br\/wp-content\/uploads\/sites\/2\/painel\/lai.php?painel=empenhos&amp;orgao=goiastelecom\" target=\"_blank\" rel=\"noopener\"><span style=\"font-size: 20px;\">Empenhos e Pagamentos<\/span><\/a><\/p>\n<p><a href=\"https:\/\/www.transparencia.go.gov.br\/wp-content\/uploads\/sites\/2\/painel\/lai.php?painel=execucao_orcamentaria_visao_geral&amp;orgao=goiastelecom\" target=\"_blank\" rel=\"noopener\"><span style=\"font-size: 20px;\">Execu\u00e7\u00e3o e Classifica\u00e7\u00e3o Or\u00e7ament\u00e1ria<\/span><\/a><\/p>\n<p><span style=\"font-size: 20px;\"><a href=\"https:\/\/gotec.vercel.app\/expenses\/updated-expenses\" target=\"_blank\" rel=\"noopener\">Despesas e Aquisi\u00e7\u00e3o de Bens<\/a><\/span><\/p>\n","protected":false},"excerpt":{"rendered":"<p>Gastos Governamentais Empenhos e Pagamentos Execu\u00e7\u00e3o e Classifica\u00e7\u00e3o Or\u00e7ament\u00e1ria Despesas e Aquisi\u00e7\u00e3o de Bens<\/p>\n","protected":false},"author":595,"featured_media":0,"parent":0,"menu_order":0,"comment_status":"closed","ping_status":"closed","template":"","meta":{"footnotes":""},"class_list":["post-211906","page","type-page","status-publish","hentry"],"rttpg_featured_image_url":null,"rttpg_author":{"display_name":"isabellarsouza","author_link":"https:\/\/goias.gov.br\/goiastelecom\/author\/isabellarsouza\/"},"rttpg_comment":0,"rttpg_category":null,"rttpg_excerpt":"Gastos Governamentais Empenhos e Pagamentos Execu\u00e7\u00e3o e Classifica\u00e7\u00e3o Or\u00e7ament\u00e1ria Despesas e Aquisi\u00e7\u00e3o de Bens","_links":{"self":[{"href":"https:\/\/goias.gov.br\/goiastelecom\/wp-json\/wp\/v2\/pages\/211906","targetHints":{"allow":["GET"]}}],"collection":[{"href":"https:\/\/goias.gov.br\/goiastelecom\/wp-json\/wp\/v2\/pages"}],"about":[{"href":"https:\/\/goias.gov.br\/goiastelecom\/wp-json\/wp\/v2\/types\/page"}],"author":[{"embeddable":true,"href":"https:\/\/goias.gov.br\/goiastelecom\/wp-json\/wp\/v2\/users\/595"}],"replies":[{"embeddable":true,"href":"https:\/\/goias.gov.br\/goiastelecom\/wp-json\/wp\/v2\/comments?post=211906"}],"version-history":[{"count":2,"href":"https:\/\/goias.gov.br\/goiastelecom\/wp-json\/wp\/v2\/pages\/211906\/revisions"}],"predecessor-version":[{"id":212274,"href":"https:\/\/goias.gov.br\/goiastelecom\/wp-json\/wp\/v2\/pages\/211906\/revisions\/212274"}],"wp:attachment":[{"href":"https:\/\/goias.gov.br\/goiastelecom\/wp-json\/wp\/v2\/media?parent=211906"}],"curies":[{"name":"wp","href":"https:\/\/api.w.org\/{rel}","templated":true}]}}