

{"id":211575,"date":"2025-07-11T00:01:53","date_gmt":"2025-07-11T03:01:53","guid":{"rendered":"https:\/\/goias.gov.br\/goiastelecom\/?page_id=211575"},"modified":"2025-07-11T00:03:21","modified_gmt":"2025-07-11T03:03:21","slug":"relatorios-de-pedidos-de-acesso-a-informacao","status":"publish","type":"page","link":"https:\/\/goias.gov.br\/goiastelecom\/relatorios-de-pedidos-de-acesso-a-informacao\/","title":{"rendered":"Relat\u00f3rios de Pedidos de Acesso \u00e0 Informa\u00e7\u00e3o"},"content":{"rendered":"\n<p>Clique nos bot\u00f5es para visualizar as informa\u00e7\u00f5es:<\/p>\n\n\n\n<div class=\"wp-block-buttons is-layout-flex wp-block-buttons-is-layout-flex\">\n<div class=\"wp-block-button\"><a class=\"wp-block-button__link has-small-font-size has-custom-font-size wp-element-button\" href=\"https:\/\/www.ouvidoriageral.go.gov.br\/#\/relatorio-estatistica?tipo=7&amp;orgao=21\" target=\"_blank\" rel=\"noreferrer noopener\">Relat\u00f3rios de Pedidos de Acesso \u00e0 Informa\u00e7\u00e3o<\/a><\/div>\n<\/div>\n\n\n\n<hr class=\"wp-block-separator has-alpha-channel-opacity\"\/>\n\n\n\n<p style=\"text-align: justify;\"><strong>Notas:<\/strong> O Sistema de Ouvidoria\/e-SIC do Estado de Goi\u00e1s exige dos cidad\u00e3os apenas o preenchimento da solicita\u00e7\u00e3o de acesso \u00e0 informa\u00e7\u00e3o e do e-mail para comunica\u00e7\u00e3o posterior, sendo que os demais campos s\u00e3o de livre preenchimento. Assim, considerando que a GOIASTELECOM realiza poucos atendimentos ou nenhum, pode ser que os campos de dados gen\u00e9ricos estejam vazios, pois o usu\u00e1rios nem sempre\u00a0preenchem.<\/p>\n","protected":false},"excerpt":{"rendered":"<p>Clique nos bot\u00f5es para visualizar as informa\u00e7\u00f5es: Notas: O Sistema de Ouvidoria\/e-SIC do Estado de Goi\u00e1s exige dos cidad\u00e3os apenas o preenchimento da solicita\u00e7\u00e3o de acesso \u00e0 informa\u00e7\u00e3o e do e-mail para comunica\u00e7\u00e3o posterior, sendo que os demais campos s\u00e3o de livre preenchimento. Assim, considerando que a GOIASTELECOM realiza poucos atendimentos ou nenhum, pode ser [&hellip;]<\/p>\n","protected":false},"author":595,"featured_media":0,"parent":0,"menu_order":0,"comment_status":"closed","ping_status":"closed","template":"","meta":{"footnotes":""},"class_list":["post-211575","page","type-page","status-publish","hentry"],"rttpg_featured_image_url":null,"rttpg_author":{"display_name":"isabellarsouza","author_link":"https:\/\/goias.gov.br\/goiastelecom\/author\/isabellarsouza\/"},"rttpg_comment":0,"rttpg_category":null,"rttpg_excerpt":"Clique nos bot\u00f5es para visualizar as informa\u00e7\u00f5es: Notas: O Sistema de Ouvidoria\/e-SIC do Estado de Goi\u00e1s exige dos cidad\u00e3os apenas o preenchimento da solicita\u00e7\u00e3o de acesso \u00e0 informa\u00e7\u00e3o e do e-mail para comunica\u00e7\u00e3o posterior, sendo que os demais campos s\u00e3o de livre preenchimento. Assim, considerando que a GOIASTELECOM realiza poucos atendimentos ou nenhum, pode ser&hellip;","_links":{"self":[{"href":"https:\/\/goias.gov.br\/goiastelecom\/wp-json\/wp\/v2\/pages\/211575","targetHints":{"allow":["GET"]}}],"collection":[{"href":"https:\/\/goias.gov.br\/goiastelecom\/wp-json\/wp\/v2\/pages"}],"about":[{"href":"https:\/\/goias.gov.br\/goiastelecom\/wp-json\/wp\/v2\/types\/page"}],"author":[{"embeddable":true,"href":"https:\/\/goias.gov.br\/goiastelecom\/wp-json\/wp\/v2\/users\/595"}],"replies":[{"embeddable":true,"href":"https:\/\/goias.gov.br\/goiastelecom\/wp-json\/wp\/v2\/comments?post=211575"}],"version-history":[{"count":2,"href":"https:\/\/goias.gov.br\/goiastelecom\/wp-json\/wp\/v2\/pages\/211575\/revisions"}],"predecessor-version":[{"id":211584,"href":"https:\/\/goias.gov.br\/goiastelecom\/wp-json\/wp\/v2\/pages\/211575\/revisions\/211584"}],"wp:attachment":[{"href":"https:\/\/goias.gov.br\/goiastelecom\/wp-json\/wp\/v2\/media?parent=211575"}],"curies":[{"name":"wp","href":"https:\/\/api.w.org\/{rel}","templated":true}]}}