

{"id":210498,"date":"2025-05-13T19:51:12","date_gmt":"2025-05-13T22:51:12","guid":{"rendered":"https:\/\/goias.gov.br\/goiastelecom\/?page_id=210498"},"modified":"2025-09-11T12:28:34","modified_gmt":"2025-09-11T15:28:34","slug":"regulamento-interno-de-licitacoes-e-contratos","status":"publish","type":"page","link":"https:\/\/goias.gov.br\/goiastelecom\/regulamento-interno-de-licitacoes-e-contratos\/","title":{"rendered":"Regulamento Interno de Licita\u00e7\u00f5es e Contratos"},"content":{"rendered":"\n<p>Clique para visualizar as informa\u00e7\u00f5es:<\/p>\n\n\n\n<p><strong>2025 <\/strong>&#8211; <a href=\"https:\/\/goias.gov.br\/goiastelecom\/wp-content\/uploads\/sites\/60\/2025\/09\/REGULAMENTO-INTERNO-LICITACAO_GT-1.pdf\" target=\"_blank\" rel=\"noreferrer noopener\">Regulamento Interno de Licita\u00e7\u00f5es, Contratos e Conv\u00eanios<\/a><\/p>\n\n\n\n<p><strong>2024 <\/strong>&#8211; <a href=\"https:\/\/goias.gov.br\/goiastelecom\/wp-content\/uploads\/sites\/60\/2025\/02\/Regulamento-de-Licitacoes-2024-_-V12-publicacao.pdf\" target=\"_blank\" rel=\"noreferrer noopener\"><s>Regulamento Interno de Licita\u00e7\u00f5es, Contratos e Conv\u00eanios<\/s><\/a> (REVOGADO pelo RILCC 2025)<\/p>\n\n\n\n<p><strong>2023 <\/strong>&#8211; <s> <a href=\"http:\/\/189.51.37.26\/arquivos\/acesso_informacao\/Geral\/Normas%20Internas\/Regulamento%20de%20Licita%C3%A7%C3%B5es%202023.pdf\" target=\"_blank\" rel=\"noreferrer noopener\">Regulamento Interno de Licita\u00e7\u00f5es, Contratos e Conv\u00eanios<\/a><\/s> (REVOGADO pelo RILCC 2024)<\/p>\n\n\n\n<p><strong>2021 <\/strong>&#8211;  <a href=\"http:\/\/189.51.37.26\/arquivos\/acesso_informacao\/Geral\/Normas%20Internas\/Regulamento%20de%20Licita%C3%A7%C3%B5es%202021.pdf\" target=\"_blank\" rel=\"noreferrer noopener\"><s>Regulamento Interno de Licita\u00e7\u00f5es, Contratos e Conv\u00eanios<\/s><\/a> (REVOGADO pelo RILCC 2023)<\/p>\n\n\n\n<p><\/p>\n","protected":false},"excerpt":{"rendered":"<p>Clique para visualizar as informa\u00e7\u00f5es: 2025 &#8211; Regulamento Interno de Licita\u00e7\u00f5es, Contratos e Conv\u00eanios 2024 &#8211; Regulamento Interno de Licita\u00e7\u00f5es, Contratos e Conv\u00eanios (REVOGADO pelo RILCC 2025) 2023 &#8211; Regulamento Interno de Licita\u00e7\u00f5es, Contratos e Conv\u00eanios (REVOGADO pelo RILCC 2024) 2021 &#8211; Regulamento Interno de Licita\u00e7\u00f5es, Contratos e Conv\u00eanios (REVOGADO pelo RILCC 2023)<\/p>\n","protected":false},"author":595,"featured_media":0,"parent":0,"menu_order":0,"comment_status":"closed","ping_status":"closed","template":"","meta":{"footnotes":""},"class_list":["post-210498","page","type-page","status-publish","hentry"],"rttpg_featured_image_url":null,"rttpg_author":{"display_name":"isabellarsouza","author_link":"https:\/\/goias.gov.br\/goiastelecom\/author\/isabellarsouza\/"},"rttpg_comment":0,"rttpg_category":null,"rttpg_excerpt":"Clique para visualizar as informa\u00e7\u00f5es: 2025 &#8211; Regulamento Interno de Licita\u00e7\u00f5es, Contratos e Conv\u00eanios 2024 &#8211; Regulamento Interno de Licita\u00e7\u00f5es, Contratos e Conv\u00eanios (REVOGADO pelo RILCC 2025) 2023 &#8211; Regulamento Interno de Licita\u00e7\u00f5es, Contratos e Conv\u00eanios (REVOGADO pelo RILCC 2024) 2021 &#8211; Regulamento Interno de Licita\u00e7\u00f5es, Contratos e Conv\u00eanios (REVOGADO pelo RILCC 2023)","_links":{"self":[{"href":"https:\/\/goias.gov.br\/goiastelecom\/wp-json\/wp\/v2\/pages\/210498","targetHints":{"allow":["GET"]}}],"collection":[{"href":"https:\/\/goias.gov.br\/goiastelecom\/wp-json\/wp\/v2\/pages"}],"about":[{"href":"https:\/\/goias.gov.br\/goiastelecom\/wp-json\/wp\/v2\/types\/page"}],"author":[{"embeddable":true,"href":"https:\/\/goias.gov.br\/goiastelecom\/wp-json\/wp\/v2\/users\/595"}],"replies":[{"embeddable":true,"href":"https:\/\/goias.gov.br\/goiastelecom\/wp-json\/wp\/v2\/comments?post=210498"}],"version-history":[{"count":2,"href":"https:\/\/goias.gov.br\/goiastelecom\/wp-json\/wp\/v2\/pages\/210498\/revisions"}],"predecessor-version":[{"id":212387,"href":"https:\/\/goias.gov.br\/goiastelecom\/wp-json\/wp\/v2\/pages\/210498\/revisions\/212387"}],"wp:attachment":[{"href":"https:\/\/goias.gov.br\/goiastelecom\/wp-json\/wp\/v2\/media?parent=210498"}],"curies":[{"name":"wp","href":"https:\/\/api.w.org\/{rel}","templated":true}]}}