

{"id":209208,"date":"2025-02-19T15:29:07","date_gmt":"2025-02-19T18:29:07","guid":{"rendered":"https:\/\/goias.gov.br\/goiastelecom\/?page_id=209208"},"modified":"2025-02-20T12:44:23","modified_gmt":"2025-02-20T15:44:23","slug":"autoridade-de-monitoramento-da-aplicacao-de-lai","status":"publish","type":"page","link":"https:\/\/goias.gov.br\/goiastelecom\/autoridade-de-monitoramento-da-aplicacao-de-lai\/","title":{"rendered":"Autoridade de Monitoramento da Aplica\u00e7\u00e3o de LAI"},"content":{"rendered":"\n<p>Autoridade Respons\u00e1vel pelo monitoramento de pedidos de Acesso \u00e0 Informa\u00e7\u00e3o na Goi\u00e1s Telecomunica\u00e7\u00f5es S.A.- GOIASTELECOM<\/p>\n\n\n\n<p><strong>Nome: <\/strong>J\u00e9ssica Lomazzi Guimar\u00e3es<\/p>\n\n\n\n<p><strong>Telefone:<\/strong> (62) 9&nbsp;9977-0983<\/p>\n\n\n\n<p><strong>Endere\u00e7o<\/strong>: Avenida SC-01 N\u00ba 299 &#8211; Parque Santa Cruz &#8211; Goi\u00e2nia, Goi\u00e1s.<\/p>\n\n\n\n<p><strong>Hor\u00e1rio de Atendimento: <\/strong>08h30 \u00e0s 11h30 e 13h30 \u00e0s 17h00.<\/p>\n\n\n\n<p><strong>E-mail: <\/strong><a href=\"http:\/\/jessica.guimar\u00e3es@goiastelecom.go.gov.br\">jessica.guimaraes@goiastelecom.go.gov.br<\/a><\/p>\n\n\n\n<p><strong>Portaria de Designa\u00e7\u00e3o e Estabelecimento de Atribui\u00e7\u00f5es: <\/strong><a href=\"https:\/\/189.51.37.26\/arquivos\/acesso_informacao\/Autoridade%20de%20monitoramento\/Portaria_n_029.2023-gt.pdf\" target=\"_blank\" rel=\"noreferrer noopener\">029\/2023<\/a><\/p>\n\n\n\n<p><strong>Portaria de Nomea\u00e7\u00e3o: <\/strong><a href=\"https:\/\/189.51.37.26\/arquivos\/acesso_informacao\/Autoridade%20de%20monitoramento\/Portaria_n_030.2023-gt%20(1).pdf\" target=\"_blank\" rel=\"noreferrer noopener\">030\/2023<\/a><\/p>\n\n\n<p><span style=\"font-size: 11px;\">\u00daltima Atualiza\u00e7\u00e3o: 05\/02\/2025.<\/span><\/p>\n\n\n<p><\/p>\n","protected":false},"excerpt":{"rendered":"<p>Autoridade Respons\u00e1vel pelo monitoramento de pedidos de Acesso \u00e0 Informa\u00e7\u00e3o na Goi\u00e1s Telecomunica\u00e7\u00f5es S.A.- GOIASTELECOM Nome: J\u00e9ssica Lomazzi Guimar\u00e3es Telefone: (62) 9&nbsp;9977-0983 Endere\u00e7o: Avenida SC-01 N\u00ba 299 &#8211; Parque Santa Cruz &#8211; Goi\u00e2nia, Goi\u00e1s. Hor\u00e1rio de Atendimento: 08h30 \u00e0s 11h30 e 13h30 \u00e0s 17h00. E-mail: jessica.guimaraes@goiastelecom.go.gov.br Portaria de Designa\u00e7\u00e3o e Estabelecimento de Atribui\u00e7\u00f5es: 029\/2023 Portaria [&hellip;]<\/p>\n","protected":false},"author":595,"featured_media":0,"parent":0,"menu_order":0,"comment_status":"closed","ping_status":"closed","template":"","meta":{"footnotes":""},"class_list":["post-209208","page","type-page","status-publish","hentry"],"rttpg_featured_image_url":null,"rttpg_author":{"display_name":"isabellarsouza","author_link":"https:\/\/goias.gov.br\/goiastelecom\/author\/isabellarsouza\/"},"rttpg_comment":0,"rttpg_category":null,"rttpg_excerpt":"Autoridade Respons\u00e1vel pelo monitoramento de pedidos de Acesso \u00e0 Informa\u00e7\u00e3o na Goi\u00e1s Telecomunica\u00e7\u00f5es S.A.- GOIASTELECOM Nome: J\u00e9ssica Lomazzi Guimar\u00e3es Telefone: (62) 9&nbsp;9977-0983 Endere\u00e7o: Avenida SC-01 N\u00ba 299 &#8211; Parque Santa Cruz &#8211; Goi\u00e2nia, Goi\u00e1s. Hor\u00e1rio de Atendimento: 08h30 \u00e0s 11h30 e 13h30 \u00e0s 17h00. E-mail: jessica.guimaraes@goiastelecom.go.gov.br Portaria de Designa\u00e7\u00e3o e Estabelecimento de Atribui\u00e7\u00f5es: 029\/2023 Portaria&hellip;","_links":{"self":[{"href":"https:\/\/goias.gov.br\/goiastelecom\/wp-json\/wp\/v2\/pages\/209208","targetHints":{"allow":["GET"]}}],"collection":[{"href":"https:\/\/goias.gov.br\/goiastelecom\/wp-json\/wp\/v2\/pages"}],"about":[{"href":"https:\/\/goias.gov.br\/goiastelecom\/wp-json\/wp\/v2\/types\/page"}],"author":[{"embeddable":true,"href":"https:\/\/goias.gov.br\/goiastelecom\/wp-json\/wp\/v2\/users\/595"}],"replies":[{"embeddable":true,"href":"https:\/\/goias.gov.br\/goiastelecom\/wp-json\/wp\/v2\/comments?post=209208"}],"version-history":[{"count":2,"href":"https:\/\/goias.gov.br\/goiastelecom\/wp-json\/wp\/v2\/pages\/209208\/revisions"}],"predecessor-version":[{"id":209287,"href":"https:\/\/goias.gov.br\/goiastelecom\/wp-json\/wp\/v2\/pages\/209208\/revisions\/209287"}],"wp:attachment":[{"href":"https:\/\/goias.gov.br\/goiastelecom\/wp-json\/wp\/v2\/media?parent=209208"}],"curies":[{"name":"wp","href":"https:\/\/api.w.org\/{rel}","templated":true}]}}