

{"id":204630,"date":"2024-08-29T18:38:39","date_gmt":"2024-08-29T21:38:39","guid":{"rendered":"https:\/\/siteshom.goias.gov.br\/goiastelecom\/?page_id=204630"},"modified":"2025-10-10T10:48:04","modified_gmt":"2025-10-10T13:48:04","slug":"monitoramento-de-programas-projetos-acoes-e-atividades","status":"publish","type":"page","link":"https:\/\/goias.gov.br\/goiastelecom\/monitoramento-de-programas-projetos-acoes-e-atividades\/","title":{"rendered":"Monitoramento de Programas, Projetos, A\u00e7\u00f5es e Atividades"},"content":{"rendered":"\n<p>Clique nos bot\u00f5es para visualizar as informa\u00e7\u00f5es.<\/p>\n\n\n\n<div class=\"wp-block-buttons is-layout-flex wp-block-buttons-is-layout-flex\">\n<div class=\"wp-block-button\"><a class=\"wp-block-button__link has-small-font-size has-custom-font-size wp-element-button\" href=\"https:\/\/goias.gov.br\/goiastelecom\/wp-content\/uploads\/sites\/60\/2025\/10\/RELATORIO_ANUAL_MONITORAMENTO_2024_assinado.pdf\" target=\"_blank\" rel=\"noreferrer noopener\">2024<\/a><\/div>\n\n\n\n<div class=\"wp-block-button\"><a class=\"wp-block-button__link has-small-font-size has-custom-font-size wp-element-button\" href=\"https:\/\/goias.gov.br\/goiastelecom\/wp-content\/uploads\/sites\/60\/2024\/09\/RELATORIO_ANUAL_PMO_2023_ASSINAD.pdf\" target=\"_blank\" rel=\"noreferrer noopener\">2023<\/a><\/div>\n<\/div>\n\n\n\n<p><\/p>\n","protected":false},"excerpt":{"rendered":"<p>Clique nos bot\u00f5es para visualizar as informa\u00e7\u00f5es.<\/p>\n","protected":false},"author":1428,"featured_media":0,"parent":0,"menu_order":0,"comment_status":"closed","ping_status":"closed","template":"","meta":{"footnotes":""},"class_list":["post-204630","page","type-page","status-publish","hentry"],"rttpg_featured_image_url":null,"rttpg_author":{"display_name":"","author_link":"https:\/\/goias.gov.br\/goiastelecom\/author\/"},"rttpg_comment":0,"rttpg_category":null,"rttpg_excerpt":"Clique nos bot\u00f5es para visualizar as informa\u00e7\u00f5es.","_links":{"self":[{"href":"https:\/\/goias.gov.br\/goiastelecom\/wp-json\/wp\/v2\/pages\/204630","targetHints":{"allow":["GET"]}}],"collection":[{"href":"https:\/\/goias.gov.br\/goiastelecom\/wp-json\/wp\/v2\/pages"}],"about":[{"href":"https:\/\/goias.gov.br\/goiastelecom\/wp-json\/wp\/v2\/types\/page"}],"author":[{"embeddable":true,"href":"https:\/\/goias.gov.br\/goiastelecom\/wp-json\/wp\/v2\/users\/1428"}],"replies":[{"embeddable":true,"href":"https:\/\/goias.gov.br\/goiastelecom\/wp-json\/wp\/v2\/comments?post=204630"}],"version-history":[{"count":2,"href":"https:\/\/goias.gov.br\/goiastelecom\/wp-json\/wp\/v2\/pages\/204630\/revisions"}],"predecessor-version":[{"id":212660,"href":"https:\/\/goias.gov.br\/goiastelecom\/wp-json\/wp\/v2\/pages\/204630\/revisions\/212660"}],"wp:attachment":[{"href":"https:\/\/goias.gov.br\/goiastelecom\/wp-json\/wp\/v2\/media?parent=204630"}],"curies":[{"name":"wp","href":"https:\/\/api.w.org\/{rel}","templated":true}]}}