

{"id":200622,"date":"2024-07-26T10:00:32","date_gmt":"2024-07-26T13:00:32","guid":{"rendered":"https:\/\/siteshom.goias.gov.br\/goiastelecom\/?page_id=200622"},"modified":"2025-11-18T17:31:10","modified_gmt":"2025-11-18T20:31:10","slug":"classificacao-das-informacoes-sigilosas-rol-de-documentos-classificados","status":"publish","type":"page","link":"https:\/\/goias.gov.br\/goiastelecom\/classificacao-das-informacoes-sigilosas-rol-de-documentos-classificados\/","title":{"rendered":"Classifica\u00e7\u00e3o das Informa\u00e7\u00f5es Sigilosas &#8211; Rol de Documentos Classificados"},"content":{"rendered":"\t\t<div data-elementor-type=\"wp-page\" data-elementor-id=\"200622\" class=\"elementor elementor-200622\">\n\t\t\t\t<div class=\"elementor-element elementor-element-f059323 e-flex e-con-boxed e-con e-parent\" data-id=\"f059323\" data-element_type=\"container\" data-e-type=\"container\">\n\t\t\t\t\t<div class=\"e-con-inner\">\n\t\t<div class=\"elementor-element elementor-element-68a70ac e-con-full e-flex e-con e-child\" data-id=\"68a70ac\" data-element_type=\"container\" data-e-type=\"container\">\n\t\t\t\t<div class=\"elementor-element elementor-element-55c1999 elementor-button-info elementor-widget elementor-widget-button\" data-id=\"55c1999\" data-element_type=\"widget\" data-e-type=\"widget\" data-widget_type=\"button.default\">\n\t\t\t\t\t\t\t\t\t\t<a class=\"elementor-button elementor-button-link elementor-size-sm\" href=\"#\">\n\t\t\t\t\t\t<span class=\"elementor-button-content-wrapper\">\n\t\t\t\t\t\t\t\t\t<span class=\"elementor-button-text\">2025<\/span>\n\t\t\t\t\t<\/span>\n\t\t\t\t\t<\/a>\n\t\t\t\t\t\t\t\t<\/div>\n\t\t\t\t<div class=\"elementor-element elementor-element-e86c7c3 elementor-widget elementor-widget-text-editor\" data-id=\"e86c7c3\" data-element_type=\"widget\" data-e-type=\"widget\" data-widget_type=\"text-editor.default\">\n\t\t\t\t\t\t\t\t\t<h5 class=\"wppb-blocknumber-title\">Rol de Documentos Classificados<\/h5><p>No ano de 2025 nenhuma informa\u00e7\u00e3o foi classificada com um grau de sigilo.<\/p>\t\t\t\t\t\t\t\t<\/div>\n\t\t\t\t<\/div>\n\t\t<div class=\"elementor-element elementor-element-3cc029d e-con-full e-flex e-con e-child\" data-id=\"3cc029d\" data-element_type=\"container\" data-e-type=\"container\">\n\t\t\t\t<div class=\"elementor-element elementor-element-4ef3f13 elementor-button-info elementor-widget elementor-widget-button\" data-id=\"4ef3f13\" data-element_type=\"widget\" data-e-type=\"widget\" data-widget_type=\"button.default\">\n\t\t\t\t\t\t\t\t\t\t<a class=\"elementor-button elementor-button-link elementor-size-sm\" href=\"#\">\n\t\t\t\t\t\t<span class=\"elementor-button-content-wrapper\">\n\t\t\t\t\t\t\t\t\t<span class=\"elementor-button-text\">2024<\/span>\n\t\t\t\t\t<\/span>\n\t\t\t\t\t<\/a>\n\t\t\t\t\t\t\t\t<\/div>\n\t\t\t\t<div class=\"elementor-element elementor-element-6ff7be3 elementor-widget elementor-widget-text-editor\" data-id=\"6ff7be3\" data-element_type=\"widget\" data-e-type=\"widget\" data-widget_type=\"text-editor.default\">\n\t\t\t\t\t\t\t\t\t<h5 class=\"wppb-blocknumber-title\">Rol de Documentos Classificados<\/h5><p>No ano de 2024 nenhuma informa\u00e7\u00e3o foi classificada com um grau de sigilo.<\/p>\t\t\t\t\t\t\t\t<\/div>\n\t\t\t\t<\/div>\n\t\t\t\t\t<\/div>\n\t\t\t\t<\/div>\n\t\t<div class=\"elementor-element elementor-element-7c6f24d e-flex e-con-boxed e-con e-parent\" data-id=\"7c6f24d\" data-element_type=\"container\" data-e-type=\"container\">\n\t\t\t\t\t<div class=\"e-con-inner\">\n\t\t<div class=\"elementor-element elementor-element-4fd77a9 e-con-full e-flex e-con e-child\" data-id=\"4fd77a9\" data-element_type=\"container\" data-e-type=\"container\">\n\t\t\t\t<div class=\"elementor-element elementor-element-18ec465 elementor-button-info elementor-widget elementor-widget-button\" data-id=\"18ec465\" data-element_type=\"widget\" data-e-type=\"widget\" data-widget_type=\"button.default\">\n\t\t\t\t\t\t\t\t\t\t<a class=\"elementor-button elementor-button-link elementor-size-sm\" href=\"#\">\n\t\t\t\t\t\t<span class=\"elementor-button-content-wrapper\">\n\t\t\t\t\t\t\t\t\t<span class=\"elementor-button-text\">2023<\/span>\n\t\t\t\t\t<\/span>\n\t\t\t\t\t<\/a>\n\t\t\t\t\t\t\t\t<\/div>\n\t\t\t\t<div class=\"elementor-element elementor-element-539a880 elementor-widget elementor-widget-text-editor\" data-id=\"539a880\" data-element_type=\"widget\" data-e-type=\"widget\" data-widget_type=\"text-editor.default\">\n\t\t\t\t\t\t\t\t\t<h5 class=\"wppb-blocknumber-title\">Rol de Documentos Classificados<\/h5><p>No ano de 2023 nenhuma informa\u00e7\u00e3o foi classificada com um grau de sigilo.<\/p>\t\t\t\t\t\t\t\t<\/div>\n\t\t\t\t<\/div>\n\t\t<div class=\"elementor-element elementor-element-7e15d86 e-con-full e-flex e-con e-child\" data-id=\"7e15d86\" data-element_type=\"container\" data-e-type=\"container\">\n\t\t\t\t<div class=\"elementor-element elementor-element-e19bff9 elementor-button-info elementor-widget elementor-widget-button\" data-id=\"e19bff9\" data-element_type=\"widget\" data-e-type=\"widget\" data-widget_type=\"button.default\">\n\t\t\t\t\t\t\t\t\t\t<a class=\"elementor-button elementor-button-link elementor-size-sm\" href=\"#\">\n\t\t\t\t\t\t<span class=\"elementor-button-content-wrapper\">\n\t\t\t\t\t\t\t\t\t<span class=\"elementor-button-text\">2022<\/span>\n\t\t\t\t\t<\/span>\n\t\t\t\t\t<\/a>\n\t\t\t\t\t\t\t\t<\/div>\n\t\t\t\t<div class=\"elementor-element elementor-element-8bf59e2 elementor-widget elementor-widget-text-editor\" data-id=\"8bf59e2\" data-element_type=\"widget\" data-e-type=\"widget\" data-widget_type=\"text-editor.default\">\n\t\t\t\t\t\t\t\t\t<h5 class=\"wppb-blocknumber-title\">Rol de Documentos Classificados<\/h5><p>No ano de 2022 nenhuma informa\u00e7\u00e3o foi classificada com um grau de sigilo.<\/p>\t\t\t\t\t\t\t\t<\/div>\n\t\t\t\t<\/div>\n\t\t\t\t\t<\/div>\n\t\t\t\t<\/div>\n\t\t<div class=\"elementor-element elementor-element-c13aa16 e-flex e-con-boxed e-con e-parent\" data-id=\"c13aa16\" data-element_type=\"container\" data-e-type=\"container\">\n\t\t\t\t\t<div class=\"e-con-inner\">\n\t\t<div class=\"elementor-element elementor-element-cd5d07e e-con-full e-flex e-con e-child\" data-id=\"cd5d07e\" data-element_type=\"container\" data-e-type=\"container\">\n\t\t\t\t<div class=\"elementor-element elementor-element-da029fa elementor-button-info elementor-widget elementor-widget-button\" data-id=\"da029fa\" data-element_type=\"widget\" data-e-type=\"widget\" data-widget_type=\"button.default\">\n\t\t\t\t\t\t\t\t\t\t<a class=\"elementor-button elementor-button-link elementor-size-sm\" href=\"#\">\n\t\t\t\t\t\t<span class=\"elementor-button-content-wrapper\">\n\t\t\t\t\t\t\t\t\t<span class=\"elementor-button-text\">2021<\/span>\n\t\t\t\t\t<\/span>\n\t\t\t\t\t<\/a>\n\t\t\t\t\t\t\t\t<\/div>\n\t\t\t\t<div class=\"elementor-element elementor-element-b87db35 elementor-widget elementor-widget-text-editor\" data-id=\"b87db35\" data-element_type=\"widget\" data-e-type=\"widget\" data-widget_type=\"text-editor.default\">\n\t\t\t\t\t\t\t\t\t<h5 class=\"wppb-blocknumber-title\">Rol de Documentos Classificados<\/h5><p>No ano de 2021 nenhuma informa\u00e7\u00e3o foi classificada com um grau de sigilo.<\/p>\t\t\t\t\t\t\t\t<\/div>\n\t\t\t\t<\/div>\n\t\t<div class=\"elementor-element elementor-element-14da4ce e-con-full e-flex e-con e-child\" data-id=\"14da4ce\" data-element_type=\"container\" data-e-type=\"container\">\n\t\t\t\t<\/div>\n\t\t\t\t\t<\/div>\n\t\t\t\t<\/div>\n\t\t\t\t<\/div>\n\t\t","protected":false},"excerpt":{"rendered":"<p>2025 Rol de Documentos Classificados No ano de 2025 nenhuma informa\u00e7\u00e3o foi classificada com um grau de sigilo. 2024 Rol de Documentos Classificados No ano de 2024 nenhuma informa\u00e7\u00e3o foi classificada com um grau de sigilo. 2023 Rol de Documentos Classificados No ano de 2023 nenhuma informa\u00e7\u00e3o foi classificada com um grau de sigilo. 2022 [&hellip;]<\/p>\n","protected":false},"author":1,"featured_media":0,"parent":0,"menu_order":0,"comment_status":"closed","ping_status":"closed","template":"","meta":{"footnotes":""},"class_list":["post-200622","page","type-page","status-publish","hentry"],"rttpg_featured_image_url":null,"rttpg_author":{"display_name":"wagner.viana","author_link":"https:\/\/goias.gov.br\/goiastelecom\/author\/wagner-viana\/"},"rttpg_comment":0,"rttpg_category":null,"rttpg_excerpt":"2025 Rol de Documentos Classificados No ano de 2025 nenhuma informa\u00e7\u00e3o foi classificada com um grau de sigilo. 2024 Rol de Documentos Classificados No ano de 2024 nenhuma informa\u00e7\u00e3o foi classificada com um grau de sigilo. 2023 Rol de Documentos Classificados No ano de 2023 nenhuma informa\u00e7\u00e3o foi classificada com um grau de sigilo. 2022&hellip;","_links":{"self":[{"href":"https:\/\/goias.gov.br\/goiastelecom\/wp-json\/wp\/v2\/pages\/200622","targetHints":{"allow":["GET"]}}],"collection":[{"href":"https:\/\/goias.gov.br\/goiastelecom\/wp-json\/wp\/v2\/pages"}],"about":[{"href":"https:\/\/goias.gov.br\/goiastelecom\/wp-json\/wp\/v2\/types\/page"}],"author":[{"embeddable":true,"href":"https:\/\/goias.gov.br\/goiastelecom\/wp-json\/wp\/v2\/users\/1"}],"replies":[{"embeddable":true,"href":"https:\/\/goias.gov.br\/goiastelecom\/wp-json\/wp\/v2\/comments?post=200622"}],"version-history":[{"count":2,"href":"https:\/\/goias.gov.br\/goiastelecom\/wp-json\/wp\/v2\/pages\/200622\/revisions"}],"predecessor-version":[{"id":212957,"href":"https:\/\/goias.gov.br\/goiastelecom\/wp-json\/wp\/v2\/pages\/200622\/revisions\/212957"}],"wp:attachment":[{"href":"https:\/\/goias.gov.br\/goiastelecom\/wp-json\/wp\/v2\/media?parent=200622"}],"curies":[{"name":"wp","href":"https:\/\/api.w.org\/{rel}","templated":true}]}}