

{"id":200593,"date":"2024-07-25T23:09:26","date_gmt":"2024-07-26T02:09:26","guid":{"rendered":"https:\/\/siteshom.goias.gov.br\/goiastelecom\/?page_id=200593"},"modified":"2024-08-28T17:39:08","modified_gmt":"2024-08-28T20:39:08","slug":"codigo-de-conduta-e-integridade","status":"publish","type":"page","link":"https:\/\/goias.gov.br\/goiastelecom\/codigo-de-conduta-e-integridade\/","title":{"rendered":"C\u00f3digo de Conduta e Integridade"},"content":{"rendered":"\n<p>Clique nos bot\u00f5es para visualizar as informa\u00e7\u00f5es:<\/p>\n\n\n\n<div class=\"wp-block-buttons is-layout-flex wp-block-buttons-is-layout-flex\">\n<div class=\"wp-block-button has-custom-font-size bg-success has-small-font-size\"><a class=\"wp-block-button__link wp-element-button\" href=\"https:\/\/goias.gov.br\/wp-content\/uploads\/sites\/60\/arquivos\/acesso_informacao\/C%C3%B3digo%20de%20Conduta%20e%20Integridade\/2023-2025\/site_C%C3%B3digo_de_Conduta_GT.23_v3%20(1).pdf\" target=\"_blank\" rel=\"noreferrer noopener\">2025 &#8211; 2023<\/a><\/div>\n\n\n\n<div class=\"wp-block-button has-custom-font-size bg-success has-small-font-size\"><a class=\"wp-block-button__link wp-element-button\" href=\"https:\/\/goias.gov.br\/wp-content\/uploads\/sites\/60\/arquivos\/acesso_informacao\/C%C3%B3digo%20de%20Conduta%20e%20Integridade\/2021-2022\/C%C3%B3digo_de_Conduta_GT_2021_2022_s.pdf\" target=\"_blank\" rel=\"noreferrer noopener\">2022 &#8211; 2021<\/a><\/div>\n<\/div>\n","protected":false},"excerpt":{"rendered":"<p>Clique nos bot\u00f5es para visualizar as informa\u00e7\u00f5es:<\/p>\n","protected":false},"author":1422,"featured_media":0,"parent":0,"menu_order":0,"comment_status":"closed","ping_status":"closed","template":"","meta":{"footnotes":""},"class_list":["post-200593","page","type-page","status-publish","hentry"],"rttpg_featured_image_url":null,"rttpg_author":{"display_name":"","author_link":"https:\/\/goias.gov.br\/goiastelecom\/author\/"},"rttpg_comment":0,"rttpg_category":null,"rttpg_excerpt":"Clique nos bot\u00f5es para visualizar as informa\u00e7\u00f5es:","_links":{"self":[{"href":"https:\/\/goias.gov.br\/goiastelecom\/wp-json\/wp\/v2\/pages\/200593","targetHints":{"allow":["GET"]}}],"collection":[{"href":"https:\/\/goias.gov.br\/goiastelecom\/wp-json\/wp\/v2\/pages"}],"about":[{"href":"https:\/\/goias.gov.br\/goiastelecom\/wp-json\/wp\/v2\/types\/page"}],"author":[{"embeddable":true,"href":"https:\/\/goias.gov.br\/goiastelecom\/wp-json\/wp\/v2\/users\/1422"}],"replies":[{"embeddable":true,"href":"https:\/\/goias.gov.br\/goiastelecom\/wp-json\/wp\/v2\/comments?post=200593"}],"version-history":[{"count":2,"href":"https:\/\/goias.gov.br\/goiastelecom\/wp-json\/wp\/v2\/pages\/200593\/revisions"}],"predecessor-version":[{"id":203199,"href":"https:\/\/goias.gov.br\/goiastelecom\/wp-json\/wp\/v2\/pages\/200593\/revisions\/203199"}],"wp:attachment":[{"href":"https:\/\/goias.gov.br\/goiastelecom\/wp-json\/wp\/v2\/media?parent=200593"}],"curies":[{"name":"wp","href":"https:\/\/api.w.org\/{rel}","templated":true}]}}