

{"id":200591,"date":"2024-07-25T23:08:24","date_gmt":"2024-07-26T02:08:24","guid":{"rendered":"https:\/\/siteshom.goias.gov.br\/goiastelecom\/?page_id=200591"},"modified":"2025-07-22T19:03:20","modified_gmt":"2025-07-22T22:03:20","slug":"politica-de-transacoes-com-partes-relacionadas","status":"publish","type":"page","link":"https:\/\/goias.gov.br\/goiastelecom\/politica-de-transacoes-com-partes-relacionadas\/","title":{"rendered":"Pol\u00edtica de Transa\u00e7\u00f5es com Partes Relacionadas"},"content":{"rendered":"\n<p>Clique nos bot\u00f5es para visualizar as informa\u00e7\u00f5es:<\/p>\n\n\n\n<div class=\"wp-block-buttons is-layout-flex wp-block-buttons-is-layout-flex\">\n<div class=\"wp-block-button bg-success\"><a class=\"wp-block-button__link has-small-font-size has-custom-font-size wp-element-button\" href=\"https:\/\/goias.gov.br\/wp-content\/uploads\/sites\/60\/arquivos\/acesso_informacao\/Pol%C3%ADtica%20de%20transa%C3%A7%C3%B5es%20com%20partes%20relacionadas\/2024\/POL%C3%8DTICA_DE_TRANSA%C3%87%C3%95ES_2024_SITE.pdf\" target=\"_blank\" rel=\"noreferrer noopener\">2025 &#8211; 2024<\/a><\/div>\n\n\n\n<div class=\"wp-block-button bg-success\"><a class=\"wp-block-button__link has-small-font-size has-custom-font-size wp-element-button\" href=\"https:\/\/goias.gov.br\/wp-content\/uploads\/sites\/60\/arquivos\/acesso_informacao\/Pol%C3%ADtica%20de%20transa%C3%A7%C3%B5es%20com%20partes%20relacionadas\/2023\/site_POL%C3%8DTICA_DE_TRANSA%C3%87%C3%95ES_2023.v3%20(1).pdf\" target=\"_blank\" rel=\"noreferrer noopener\">2023<\/a><\/div>\n\n\n\n<div class=\"wp-block-button bg-success\"><a class=\"wp-block-button__link has-small-font-size has-custom-font-size wp-element-button\" href=\"https:\/\/goias.gov.br\/wp-content\/uploads\/sites\/60\/arquivos\/acesso_informacao\/Pol%C3%ADtica%20de%20transa%C3%A7%C3%B5es%20com%20partes%20relacionadas\/2021\/POL%C3%8DTICA_DE_TRANSA%C3%87%C3%95ES_2021.pdf\" target=\"_blank\" rel=\"noreferrer noopener\">2021<\/a><\/div>\n\n\n\n<div class=\"wp-block-button bg-success\"><a class=\"wp-block-button__link has-small-font-size has-custom-font-size wp-element-button\" href=\"https:\/\/goias.gov.br\/wp-content\/uploads\/sites\/60\/arquivos\/acesso_informacao\/Pol%C3%ADtica%20de%20transa%C3%A7%C3%B5es%20com%20partes%20relacionadas\/2018%20-%202020\/GT-Declara%C3%A7%C3%A3o%20da%20fase%20pr%C3%A9-operacional%202018,%202019%20e%202020.pdf\" target=\"_blank\" rel=\"noreferrer noopener\">2020 &#8211; 2018<\/a><\/div>\n<\/div>\n","protected":false},"excerpt":{"rendered":"<p>Clique nos bot\u00f5es para visualizar as informa\u00e7\u00f5es:<\/p>\n","protected":false},"author":1422,"featured_media":0,"parent":0,"menu_order":0,"comment_status":"closed","ping_status":"closed","template":"","meta":{"footnotes":""},"class_list":["post-200591","page","type-page","status-publish","hentry"],"rttpg_featured_image_url":null,"rttpg_author":{"display_name":"","author_link":"https:\/\/goias.gov.br\/goiastelecom\/author\/"},"rttpg_comment":0,"rttpg_category":null,"rttpg_excerpt":"Clique nos bot\u00f5es para visualizar as informa\u00e7\u00f5es:","_links":{"self":[{"href":"https:\/\/goias.gov.br\/goiastelecom\/wp-json\/wp\/v2\/pages\/200591","targetHints":{"allow":["GET"]}}],"collection":[{"href":"https:\/\/goias.gov.br\/goiastelecom\/wp-json\/wp\/v2\/pages"}],"about":[{"href":"https:\/\/goias.gov.br\/goiastelecom\/wp-json\/wp\/v2\/types\/page"}],"author":[{"embeddable":true,"href":"https:\/\/goias.gov.br\/goiastelecom\/wp-json\/wp\/v2\/users\/1422"}],"replies":[{"embeddable":true,"href":"https:\/\/goias.gov.br\/goiastelecom\/wp-json\/wp\/v2\/comments?post=200591"}],"version-history":[{"count":2,"href":"https:\/\/goias.gov.br\/goiastelecom\/wp-json\/wp\/v2\/pages\/200591\/revisions"}],"predecessor-version":[{"id":211976,"href":"https:\/\/goias.gov.br\/goiastelecom\/wp-json\/wp\/v2\/pages\/200591\/revisions\/211976"}],"wp:attachment":[{"href":"https:\/\/goias.gov.br\/goiastelecom\/wp-json\/wp\/v2\/media?parent=200591"}],"curies":[{"name":"wp","href":"https:\/\/api.w.org\/{rel}","templated":true}]}}