

{"id":200588,"date":"2024-07-25T23:06:52","date_gmt":"2024-07-26T02:06:52","guid":{"rendered":"https:\/\/siteshom.goias.gov.br\/goiastelecom\/?page_id=200588"},"modified":"2025-07-22T19:03:08","modified_gmt":"2025-07-22T22:03:08","slug":"politica-de-distribuicao-de-dividendos","status":"publish","type":"page","link":"https:\/\/goias.gov.br\/goiastelecom\/politica-de-distribuicao-de-dividendos\/","title":{"rendered":"Pol\u00edtica de Distribui\u00e7\u00e3o de Dividendos"},"content":{"rendered":"\n<p>Clique nos bot\u00f5es para visualizar as informa\u00e7\u00f5es:<\/p>\n\n\n\n<div class=\"wp-block-buttons is-layout-flex wp-block-buttons-is-layout-flex\">\n<div class=\"wp-block-button bg-success\"><a class=\"wp-block-button__link has-small-font-size has-custom-font-size wp-element-button\" href=\"https:\/\/goias.gov.br\/wp-content\/uploads\/sites\/60\/arquivos\/acesso_informacao\/Pol%C3%ADtica%20de%20distribui%C3%A7%C3%A3o%20de%20dividendos\/2024\/POLITICA_DISTRIBUI%C3%87%C3%83O_DE_DIVIDEN.pdf\" target=\"_blank\" rel=\"noreferrer noopener\">2025 &#8211; 2024<\/a><\/div>\n\n\n\n<div class=\"wp-block-button bg-success\"><a class=\"wp-block-button__link has-small-font-size has-custom-font-size wp-element-button\" href=\"https:\/\/goias.gov.br\/wp-content\/uploads\/sites\/60\/arquivos\/acesso_informacao\/Pol%C3%ADtica%20de%20distribui%C3%A7%C3%A3o%20de%20dividendos\/2023\/POLITICA_DISTRIBUI%C3%87%C3%83O_DE_DIVIDEN.v3%20(1)%20(1)%20(1).pdf\" target=\"_blank\" rel=\"noreferrer noopener\">2023<\/a><\/div>\n\n\n\n<div class=\"wp-block-button bg-success\"><a class=\"wp-block-button__link has-small-font-size has-custom-font-size wp-element-button\" href=\"https:\/\/goias.gov.br\/wp-content\/uploads\/sites\/60\/arquivos\/acesso_informacao\/Pol%C3%ADtica%20de%20distribui%C3%A7%C3%A3o%20de%20dividendos\/2021-2022\/POLITICA_DISTRIBUI%C3%87%C3%83O%20DE_DIVIDENDOS_GT_2021.pdf\" target=\"_blank\" rel=\"noreferrer noopener\">2022 &#8211; 2021<\/a><\/div>\n\n\n\n<div class=\"wp-block-button bg-success\"><a class=\"wp-block-button__link has-small-font-size has-custom-font-size wp-element-button\" href=\"https:\/\/goias.gov.br\/wp-content\/uploads\/sites\/60\/arquivos\/acesso_informacao\/Pol%C3%ADtica%20de%20distribui%C3%A7%C3%A3o%20de%20dividendos\/2018%20-%202020\/GT-Declara%C3%A7%C3%A3o%20da%20fase%20pr%C3%A9-operacional%202018,%202019%20e%202020.pdf\" target=\"_blank\" rel=\"noreferrer noopener\">2020 &#8211; 2018<\/a><\/div>\n<\/div>\n","protected":false},"excerpt":{"rendered":"<p>Clique nos bot\u00f5es para visualizar as informa\u00e7\u00f5es:<\/p>\n","protected":false},"author":1422,"featured_media":0,"parent":0,"menu_order":0,"comment_status":"closed","ping_status":"closed","template":"","meta":{"footnotes":""},"class_list":["post-200588","page","type-page","status-publish","hentry"],"rttpg_featured_image_url":null,"rttpg_author":{"display_name":"","author_link":"https:\/\/goias.gov.br\/goiastelecom\/author\/"},"rttpg_comment":0,"rttpg_category":null,"rttpg_excerpt":"Clique nos bot\u00f5es para visualizar as informa\u00e7\u00f5es:","_links":{"self":[{"href":"https:\/\/goias.gov.br\/goiastelecom\/wp-json\/wp\/v2\/pages\/200588","targetHints":{"allow":["GET"]}}],"collection":[{"href":"https:\/\/goias.gov.br\/goiastelecom\/wp-json\/wp\/v2\/pages"}],"about":[{"href":"https:\/\/goias.gov.br\/goiastelecom\/wp-json\/wp\/v2\/types\/page"}],"author":[{"embeddable":true,"href":"https:\/\/goias.gov.br\/goiastelecom\/wp-json\/wp\/v2\/users\/1422"}],"replies":[{"embeddable":true,"href":"https:\/\/goias.gov.br\/goiastelecom\/wp-json\/wp\/v2\/comments?post=200588"}],"version-history":[{"count":2,"href":"https:\/\/goias.gov.br\/goiastelecom\/wp-json\/wp\/v2\/pages\/200588\/revisions"}],"predecessor-version":[{"id":211973,"href":"https:\/\/goias.gov.br\/goiastelecom\/wp-json\/wp\/v2\/pages\/200588\/revisions\/211973"}],"wp:attachment":[{"href":"https:\/\/goias.gov.br\/goiastelecom\/wp-json\/wp\/v2\/media?parent=200588"}],"curies":[{"name":"wp","href":"https:\/\/api.w.org\/{rel}","templated":true}]}}