

{"id":200574,"date":"2024-07-25T22:42:31","date_gmt":"2024-07-26T01:42:31","guid":{"rendered":"https:\/\/siteshom.goias.gov.br\/goiastelecom\/?page_id=200574"},"modified":"2025-07-07T13:56:20","modified_gmt":"2025-07-07T16:56:20","slug":"julgamento-das-contas-pelo-tce-go","status":"publish","type":"page","link":"https:\/\/goias.gov.br\/goiastelecom\/julgamento-das-contas-pelo-tce-go\/","title":{"rendered":"Julgamento das Contas pelo TCE-GO"},"content":{"rendered":"\n<p>Clique nos bot\u00f5es para visualizar as informa\u00e7\u00f5es:<\/p>\n\n\n\n<div class=\"wp-block-buttons is-layout-flex wp-block-buttons-is-layout-flex\">\n<div class=\"wp-block-button bg-success\"><a class=\"wp-block-button__link has-small-font-size has-custom-font-size wp-element-button\" href=\"https:\/\/goias.gov.br\/goiastelecom\/wp-content\/uploads\/sites\/60\/2025\/05\/DECISAO-TCE-2023.pdf\" target=\"_blank\" rel=\"noreferrer noopener\">2023<\/a><\/div>\n\n\n\n<div class=\"wp-block-button bg-success\"><a class=\"wp-block-button__link has-small-font-size has-custom-font-size wp-element-button\" href=\"https:\/\/goias.gov.br\/goiastelecom\/wp-content\/uploads\/sites\/60\/2025\/05\/DECISAO-TCE-2022.pdf\" target=\"_blank\" rel=\"noreferrer noopener\">2022<\/a><\/div>\n\n\n\n<div class=\"wp-block-button bg-success\"><a class=\"wp-block-button__link has-small-font-size has-custom-font-size wp-element-button\" href=\"https:\/\/goias.gov.br\/wp-content\/uploads\/sites\/60\/arquivos\/acesso_informacao\/julgamentos%20TCE\/2021\/acordao_2021.pdf\" target=\"_blank\" rel=\"noreferrer noopener\">2021<\/a><\/div>\n\n\n\n<div class=\"wp-block-button bg-success\"><a class=\"wp-block-button__link has-small-font-size has-custom-font-size wp-element-button\" href=\"https:\/\/goias.gov.br\/wp-content\/uploads\/sites\/60\/arquivos\/acesso_informacao\/julgamentos%20TCE\/2020\/Acordao_2020.pdf\" target=\"_blank\" rel=\"noreferrer noopener\">2020<\/a><\/div>\n<\/div>\n\n\n\n<hr class=\"wp-block-separator has-alpha-channel-opacity\"\/>\n\n\n\n<p style=\"text-align: justify;\"><strong>Notas<\/strong>: A Goi\u00e1s Telecomunica\u00e7\u00f5es S.A. \u2013 GOIASTELECOM, DECLARA que as contas do ano de 2024 ainda est\u00e3o sob a an\u00e1lise do Tribunal de Contas do Estado &#8211; TCE, n\u00e3o havendo ainda o resultado das aprecia\u00e7\u00f5es e\/ou julgamento definitivo\u00a0desta.<\/p>\n","protected":false},"excerpt":{"rendered":"<p>Clique nos bot\u00f5es para visualizar as informa\u00e7\u00f5es: Notas: A Goi\u00e1s Telecomunica\u00e7\u00f5es S.A. \u2013 GOIASTELECOM, DECLARA que as contas do ano de 2024 ainda est\u00e3o sob a an\u00e1lise do Tribunal de Contas do Estado &#8211; TCE, n\u00e3o havendo ainda o resultado das aprecia\u00e7\u00f5es e\/ou julgamento definitivo\u00a0desta.<\/p>\n","protected":false},"author":1422,"featured_media":0,"parent":0,"menu_order":0,"comment_status":"closed","ping_status":"closed","template":"","meta":{"footnotes":""},"class_list":["post-200574","page","type-page","status-publish","hentry"],"rttpg_featured_image_url":null,"rttpg_author":{"display_name":"","author_link":"https:\/\/goias.gov.br\/goiastelecom\/author\/"},"rttpg_comment":0,"rttpg_category":null,"rttpg_excerpt":"Clique nos bot\u00f5es para visualizar as informa\u00e7\u00f5es: Notas: A Goi\u00e1s Telecomunica\u00e7\u00f5es S.A. \u2013 GOIASTELECOM, DECLARA que as contas do ano de 2024 ainda est\u00e3o sob a an\u00e1lise do Tribunal de Contas do Estado &#8211; TCE, n\u00e3o havendo ainda o resultado das aprecia\u00e7\u00f5es e\/ou julgamento definitivo\u00a0desta.","_links":{"self":[{"href":"https:\/\/goias.gov.br\/goiastelecom\/wp-json\/wp\/v2\/pages\/200574","targetHints":{"allow":["GET"]}}],"collection":[{"href":"https:\/\/goias.gov.br\/goiastelecom\/wp-json\/wp\/v2\/pages"}],"about":[{"href":"https:\/\/goias.gov.br\/goiastelecom\/wp-json\/wp\/v2\/types\/page"}],"author":[{"embeddable":true,"href":"https:\/\/goias.gov.br\/goiastelecom\/wp-json\/wp\/v2\/users\/1422"}],"replies":[{"embeddable":true,"href":"https:\/\/goias.gov.br\/goiastelecom\/wp-json\/wp\/v2\/comments?post=200574"}],"version-history":[{"count":2,"href":"https:\/\/goias.gov.br\/goiastelecom\/wp-json\/wp\/v2\/pages\/200574\/revisions"}],"predecessor-version":[{"id":211281,"href":"https:\/\/goias.gov.br\/goiastelecom\/wp-json\/wp\/v2\/pages\/200574\/revisions\/211281"}],"wp:attachment":[{"href":"https:\/\/goias.gov.br\/goiastelecom\/wp-json\/wp\/v2\/media?parent=200574"}],"curies":[{"name":"wp","href":"https:\/\/api.w.org\/{rel}","templated":true}]}}