

{"id":200572,"date":"2024-07-25T22:40:22","date_gmt":"2024-07-26T01:40:22","guid":{"rendered":"https:\/\/siteshom.goias.gov.br\/goiastelecom\/?page_id=200572"},"modified":"2025-09-11T12:31:06","modified_gmt":"2025-09-11T15:31:06","slug":"relatorio-de-gestao-ou-atividades","status":"publish","type":"page","link":"https:\/\/goias.gov.br\/goiastelecom\/relatorio-de-gestao-ou-atividades\/","title":{"rendered":"Relat\u00f3rio da Administra\u00e7\u00e3o"},"content":{"rendered":"\n<p>Clique nos bot\u00f5es para visualizar as informa\u00e7\u00f5es:<\/p>\n\n\n\n<div class=\"wp-block-buttons is-layout-flex wp-block-buttons-is-layout-flex\">\n<div class=\"wp-block-button bg-success\"><a class=\"wp-block-button__link has-small-font-size has-custom-font-size wp-element-button\" href=\"https:\/\/goias.gov.br\/goiastelecom\/wp-content\/uploads\/sites\/60\/2025\/09\/RELATORIO-DE-ADMINISTRACAO_2024.ass_.pdf\" target=\"_blank\" rel=\"noreferrer noopener\">2024<\/a><\/div>\n\n\n\n<div class=\"wp-block-button bg-success\"><a class=\"wp-block-button__link has-small-font-size has-custom-font-size wp-element-button\" href=\"https:\/\/goias.gov.br\/wp-content\/uploads\/sites\/60\/arquivos\/acesso_informacao\/Relatorio%20de%20Gest%C3%A3o%20ou%20Atividades\/2023\/Relat%C3%B3rio%20Anual%20de%20Administra%C3%A7%C3%A3o%202022-2023.pdf\" target=\"_blank\" rel=\"noreferrer noopener\">2023<\/a><\/div>\n\n\n\n<div class=\"wp-block-button bg-success\"><a class=\"wp-block-button__link has-small-font-size has-custom-font-size wp-element-button\" href=\"https:\/\/goias.gov.br\/wp-content\/uploads\/sites\/60\/arquivos\/acesso_informacao\/Relatorio%20de%20Gest%C3%A3o%20ou%20Atividades\/2022\/Relat%C3%B3rio%20Anual%20de%20Administra%C3%A7%C3%A3o%202021-2022.pdf\" target=\"_blank\" rel=\"noreferrer noopener\">2022<\/a><\/div>\n\n\n\n<div class=\"wp-block-button bg-success\"><a class=\"wp-block-button__link has-small-font-size has-custom-font-size wp-element-button\" href=\"https:\/\/goias.gov.br\/wp-content\/uploads\/sites\/60\/arquivos\/acesso_informacao\/Relatorio%20de%20Gest%C3%A3o%20ou%20Atividades\/2021\/RELAT%C3%93RIO_DE_ADM_SITE_2020.pdf\" target=\"_blank\" rel=\"noreferrer noopener\">2021<\/a><\/div>\n\n\n\n<div class=\"wp-block-button bg-success\"><a class=\"wp-block-button__link has-small-font-size has-custom-font-size wp-element-button\" href=\"https:\/\/goias.gov.br\/wp-content\/uploads\/sites\/60\/arquivos\/acesso_informacao\/Relatorio%20de%20Gest%C3%A3o%20ou%20Atividades\/2020\/Relat%C3%B3rio%20Anual%20de%20Administra%C3%A7%C3%A3o%202019.pdf\" target=\"_blank\" rel=\"noreferrer noopener\">2020<\/a><\/div>\n<\/div>\n\n\n\n<p><\/p>\n","protected":false},"excerpt":{"rendered":"<p>Clique nos bot\u00f5es para visualizar as informa\u00e7\u00f5es:<\/p>\n","protected":false},"author":1422,"featured_media":0,"parent":0,"menu_order":0,"comment_status":"closed","ping_status":"closed","template":"","meta":{"footnotes":""},"class_list":["post-200572","page","type-page","status-publish","hentry"],"rttpg_featured_image_url":null,"rttpg_author":{"display_name":"","author_link":"https:\/\/goias.gov.br\/goiastelecom\/author\/"},"rttpg_comment":0,"rttpg_category":null,"rttpg_excerpt":"Clique nos bot\u00f5es para visualizar as informa\u00e7\u00f5es:","_links":{"self":[{"href":"https:\/\/goias.gov.br\/goiastelecom\/wp-json\/wp\/v2\/pages\/200572","targetHints":{"allow":["GET"]}}],"collection":[{"href":"https:\/\/goias.gov.br\/goiastelecom\/wp-json\/wp\/v2\/pages"}],"about":[{"href":"https:\/\/goias.gov.br\/goiastelecom\/wp-json\/wp\/v2\/types\/page"}],"author":[{"embeddable":true,"href":"https:\/\/goias.gov.br\/goiastelecom\/wp-json\/wp\/v2\/users\/1422"}],"replies":[{"embeddable":true,"href":"https:\/\/goias.gov.br\/goiastelecom\/wp-json\/wp\/v2\/comments?post=200572"}],"version-history":[{"count":2,"href":"https:\/\/goias.gov.br\/goiastelecom\/wp-json\/wp\/v2\/pages\/200572\/revisions"}],"predecessor-version":[{"id":212392,"href":"https:\/\/goias.gov.br\/goiastelecom\/wp-json\/wp\/v2\/pages\/200572\/revisions\/212392"}],"wp:attachment":[{"href":"https:\/\/goias.gov.br\/goiastelecom\/wp-json\/wp\/v2\/media?parent=200572"}],"curies":[{"name":"wp","href":"https:\/\/api.w.org\/{rel}","templated":true}]}}