

{"id":200562,"date":"2024-07-25T18:08:39","date_gmt":"2024-07-25T21:08:39","guid":{"rendered":"https:\/\/siteshom.goias.gov.br\/goiastelecom\/agenda-de-autoridades\/"},"modified":"2026-04-08T16:28:25","modified_gmt":"2026-04-08T19:28:25","slug":"agenda-de-autoridades","status":"publish","type":"page","link":"https:\/\/goias.gov.br\/goiastelecom\/agenda-de-autoridades\/","title":{"rendered":"Agenda de Autoridades"},"content":{"rendered":"<p><strong style='margin-block-end: -1.8rem'><a href='https:\/\/goias.gov.br\/goiastelecom\/diretor-presidente\/'>Diretor-Presidente<\/a><\/strong><br \/>Leonardo Lopes Saad<\/p>\n<p><strong style='margin-block-end: -1.8rem'><a href='https:\/\/goias.gov.br\/goiastelecom\/diretor-de-gestao-financas-e-relacao-com-investidores\/'>Diretor de Gest\u00e3o, Finan\u00e7as e Rela\u00e7\u00e3o com Investidores<\/a><\/strong><br \/>Sandro Gomes Batista<\/p>\n<p><strong style='margin-block-end: -1.8rem'><a href='https:\/\/goias.gov.br\/goiastelecom\/diretor-comercial-e-de-operacoes\/'>Diretor Comercial e de Opera\u00e7\u00f5es<\/a><\/strong><br \/>Otaviano Vianna Neto<\/p>\n","protected":false},"excerpt":{"rendered":"<p>Diretor-PresidenteLeonardo Lopes Saad Diretor de Gest\u00e3o, Finan\u00e7as e Rela\u00e7\u00e3o com InvestidoresSandro Gomes Batista Diretor Comercial e de Opera\u00e7\u00f5esOtaviano Vianna Neto<\/p>\n","protected":false},"author":1,"featured_media":0,"parent":0,"menu_order":0,"comment_status":"closed","ping_status":"closed","template":"","meta":{"footnotes":""},"class_list":["post-200562","page","type-page","status-publish","hentry"],"rttpg_featured_image_url":null,"rttpg_author":{"display_name":"wagner.viana","author_link":"https:\/\/goias.gov.br\/goiastelecom\/author\/wagner-viana\/"},"rttpg_comment":0,"rttpg_category":null,"rttpg_excerpt":"Diretor-PresidenteLeonardo Lopes Saad Diretor de Gest\u00e3o, Finan\u00e7as e Rela\u00e7\u00e3o com InvestidoresSandro Gomes Batista Diretor Comercial e de Opera\u00e7\u00f5esOtaviano Vianna Neto","_links":{"self":[{"href":"https:\/\/goias.gov.br\/goiastelecom\/wp-json\/wp\/v2\/pages\/200562","targetHints":{"allow":["GET"]}}],"collection":[{"href":"https:\/\/goias.gov.br\/goiastelecom\/wp-json\/wp\/v2\/pages"}],"about":[{"href":"https:\/\/goias.gov.br\/goiastelecom\/wp-json\/wp\/v2\/types\/page"}],"author":[{"embeddable":true,"href":"https:\/\/goias.gov.br\/goiastelecom\/wp-json\/wp\/v2\/users\/1"}],"replies":[{"embeddable":true,"href":"https:\/\/goias.gov.br\/goiastelecom\/wp-json\/wp\/v2\/comments?post=200562"}],"version-history":[{"count":2,"href":"https:\/\/goias.gov.br\/goiastelecom\/wp-json\/wp\/v2\/pages\/200562\/revisions"}],"predecessor-version":[{"id":213616,"href":"https:\/\/goias.gov.br\/goiastelecom\/wp-json\/wp\/v2\/pages\/200562\/revisions\/213616"}],"wp:attachment":[{"href":"https:\/\/goias.gov.br\/goiastelecom\/wp-json\/wp\/v2\/media?parent=200562"}],"curies":[{"name":"wp","href":"https:\/\/api.w.org\/{rel}","templated":true}]}}